{"id":15052,"date":"2022-10-15T18:55:49","date_gmt":"2022-10-15T16:55:49","guid":{"rendered":"https:\/\/rellmanfoods.com\/informativa-sulla-privacy\/"},"modified":"2023-01-15T21:30:13","modified_gmt":"2023-01-15T20:30:13","slug":"informativa-sulla-privacy","status":"publish","type":"page","link":"https:\/\/rellmanfoods.com\/it\/informativa-sulla-privacy\/","title":{"rendered":"Informativa sulla privacy"},"content":{"rendered":"\n<p>I dati personali forniti attraverso questo sito web saranno trattati da RELLMAN FOODS S.A. (di seguito, RELLMAN FOODS), titolare dello stesso, i cui dati di contatto sono i seguenti:<\/p>\n\n<p>&#8211; Indirizzo: Viale Principe Carlo 4, 1410, Waterloo (Belgio)<\/p>\n\n<p>&#8211; Telefono: +32 2 503 58 98<\/p>\n\n<p>&#8211; Email: info@rellmanfoods.com<\/p>\n\n<p>A seconda del modulo utilizzato o dello scopo per cui ci comunicate l&#8217;invio dei vostri dati, possiamo utilizzarli per i seguenti scopi:<\/p>\n\n<p>1. Invio di comunicazioni commerciali (Newsletter) da parte di RELLMAN FOODS, anche attraverso mezzi elettronici. Attraverso queste comunicazioni, gli utenti saranno informati sui diversi prodotti, offerte, lotterie, promozioni, concorsi ed eventi offerti da RELLMAN FOODS.<\/p>\n\n<p>2. Registrate la vostra registrazione sul web.<\/p>\n\n<p>3. Risolvere quesiti, richieste o qualsiasi tipo di richiesta avanzata dall&#8217;utente attraverso uno qualsiasi dei moduli di contatto messi a disposizione dell&#8217;utente sul sito web di RELLMAN FOODS.<\/p>\n\n<p>Nei casi indicati, i dati saranno trattati sulla base del consenso della persona che li fornisce. Tale consenso pu\u00f2 essere revocato in qualsiasi momento, anche se ci\u00f2 non pregiudica la legittimit\u00e0 dei trattamenti effettuati in precedenza. Il conferimento dei dati \u00e8 facoltativo, anche se, in caso di mancato conferimento, essi non potranno essere trattati per le finalit\u00e0 indicate. I dati saranno conservati per il tempo necessario a rispondere alla vostra richiesta, domanda, interrogazione, registrazione e considerarla definitivamente chiusa. Successivamente, saranno conservati come cronologia delle comunicazioni, a meno che l&#8217;utente non ne richieda la cancellazione, all&#8217;indirizzo e-mail sopra indicato. Nel caso in cui i dati vengano elaborati per l&#8217;invio di comunicazioni commerciali, questi potranno essere conservati a tempo indeterminato, a meno che l&#8217;utente non si opponga.<\/p>\n\n<p>L&#8217;Utente accetta espressamente il trattamento e l&#8217;inclusione dei dati raccolti durante la navigazione nel Portale, o forniti attraverso la compilazione di qualsiasi modulo, nonch\u00e9 di quelli derivanti dal rapporto commerciale, come sopra indicato. Durante il processo di raccolta dei dati, e in ogni punto del Portale in cui tali dati sono richiesti, l&#8217;Utente sar\u00e0 informato, attraverso un collegamento ipertestuale o mediante l&#8217;inserimento di apposite menzioni nel modulo stesso, della natura obbligatoria o meno della raccolta dei dati.<\/p>\n\n<p>Nel caso in cui ci siano stati forniti dati di terzi, \u00e8 responsabilit\u00e0 di chi lo fa informarli di tutto quanto stabilito nella presente clausola e di aver ottenuto il loro preventivo consenso.<\/p>\n\n<p>Se diventate nostri amici o follower sui social network, tratteremo i vostri dati per tenervi informati sulle nostre attivit\u00e0 e promozioni attraverso tali canali. Questi dati saranno trattati sulla base del vostro consenso e saranno conservati finch\u00e9 rimarrete nostri amici o follower; potrete revocare il vostro consenso in qualsiasi momento, anche se ci\u00f2 non pregiudicher\u00e0 la legalit\u00e0 del trattamento effettuato in precedenza. Il conferimento dei dati a tale scopo \u00e8 volontario, anche se, in caso di mancato conferimento, non sar\u00e0 possibile essere amici o follower nei social network di cui disponiamo.<\/p>\n\n<p>RELLMAN FOODS garantisce agli utenti, in qualsiasi momento, l&#8217;esercizio dei diritti di accesso, rettifica, cancellazione, opposizione, limitazione e portabilit\u00e0 dei dati personali forniti, nei termini previsti dal RGPD e dal LOPDGDD. Gli utenti del web possono esercitare tali diritti inviando una richiesta esplicita, con una copia del proprio documento d&#8217;identit\u00e0, a uno dei seguenti indirizzi:<\/p>\n\n<p>&#8211; Email: info@rellmanfoods.com<\/p>\n\n<p>&#8211; Posta: RELLMAN FOODS S.A. &#8211; Avenue Prince Charles 4, 1410, Waterloo (Belgio)<\/p>\n\n<p>Di fronte a qualsiasi violazione dei vostri diritti, soprattutto se non avete ottenuto soddisfazione nel loro esercizio, potete presentare un reclamo all&#8217;Agenzia spagnola per la protezione dei dati (dati di contatto accessibili all&#8217;indirizzo www.agpd.es), o a un&#8217;altra autorit\u00e0 di controllo competente. . \u00c8 inoltre possibile ottenere maggiori informazioni sui propri diritti contattando queste organizzazioni.<\/p>\n\n<p>RELLMAN FOODS si impegna a utilizzare i dati personali forniti in conformit\u00e0 alle finalit\u00e0 indicate nella presente Politica di protezione dei dati, rispettandone la riservatezza, nonch\u00e9 ad adempiere all&#8217;obbligo di conservazione e ad adattare tutte le misure per evitare alterazioni, perdite, trattamenti o accessi non autorizzati.<\/p>\n\n<p>La responsabilit\u00e0 dell&#8217;Utente sulla veridicit\u00e0 dei dati inseriti \u00e8 esclusiva, pertanto, nel caso in cui abbia fornito dati falsi o inesatti, RELLMAN FOODS si riserva il diritto di vietare l&#8217;accesso al Portale, fatte salve le azioni legali che riterr\u00e0 opportune a difesa dei propri interessi. RELLMAN FOODS non ha inoltre l&#8217;obbligo di verificare, e non verifica, l&#8217;identit\u00e0 degli Utenti, n\u00e9 la veridicit\u00e0, la validit\u00e0, l&#8217;esaustivit\u00e0 e\/o l&#8217;autenticit\u00e0 dei dati che essi forniscono su se stessi, o su altri Utenti. L&#8217;Utente ha pertanto l&#8217;onere di comunicare a RELLMAN FOODS ogni variazione che intervenga nei dati precedentemente forniti e garantisce ed \u00e8 l&#8217;unico responsabile della loro veridicit\u00e0.<\/p>\n","protected":false},"excerpt":{"rendered":"<p>I dati personali forniti attraverso questo sito web saranno trattati da RELLMAN FOODS S.A. (di seguito, RELLMAN FOODS), titolare dello stesso, i cui dati di contatto sono i seguenti: &#8211; Indirizzo: Viale Principe Carlo 4, 1410, Waterloo (Belgio) &#8211; Telefono: +32 2 503 58 98 &#8211; Email: info@rellmanfoods.com A seconda del modulo utilizzato o dello scopo per cui ci comunicate l&#8217;invio dei vostri dati, possiamo utilizzarli per i seguenti scopi: 1. Invio di comunicazioni commerciali (Newsletter) da parte di RELLMAN FOODS, anche attraverso mezzi elettronici. Attraverso queste comunicazioni, gli utenti saranno informati sui diversi prodotti, offerte, lotterie, promozioni, concorsi ed eventi offerti da RELLMAN FOODS. 2. Registrate la vostra registrazione sul web. 3. Risolvere quesiti, richieste o qualsiasi tipo di richiesta avanzata dall&#8217;utente attraverso uno qualsiasi dei moduli di contatto messi a disposizione dell&#8217;utente sul sito web di RELLMAN FOODS. [&hellip;]<\/p>\n","protected":false},"author":1,"featured_media":0,"parent":0,"menu_order":0,"comment_status":"closed","ping_status":"closed","template":"","meta":{"footnotes":""},"class_list":["post-15052","page","type-page","status-publish","hentry"],"yoast_head":"<!-- This site is optimized with the Yoast SEO plugin v26.9 - https:\/\/yoast.com\/product\/yoast-seo-wordpress\/ -->\n<title>Informativa sulla privacy - Rellman Foods<\/title>\n<meta name=\"robots\" content=\"noindex, nofollow\" \/>\n<meta property=\"og:locale\" content=\"it_IT\" \/>\n<meta property=\"og:type\" content=\"article\" \/>\n<meta property=\"og:title\" content=\"Informativa sulla privacy - Rellman Foods\" \/>\n<meta property=\"og:description\" content=\"I dati personali forniti attraverso questo sito web saranno trattati da RELLMAN FOODS S.A. (di seguito, RELLMAN FOODS), titolare dello stesso, i cui dati di contatto sono i seguenti: &#8211; Indirizzo: Viale Principe Carlo 4, 1410, Waterloo (Belgio) &#8211; Telefono: +32 2 503 58 98 &#8211; Email: info@rellmanfoods.com A seconda del modulo utilizzato o dello scopo per cui ci comunicate l&#8217;invio dei vostri dati, possiamo utilizzarli per i seguenti scopi: 1. Invio di comunicazioni commerciali (Newsletter) da parte di RELLMAN FOODS, anche attraverso mezzi elettronici. Attraverso queste comunicazioni, gli utenti saranno informati sui diversi prodotti, offerte, lotterie, promozioni, concorsi ed eventi offerti da RELLMAN FOODS. 2. Registrate la vostra registrazione sul web. 3. Risolvere quesiti, richieste o qualsiasi tipo di richiesta avanzata dall&#8217;utente attraverso uno qualsiasi dei moduli di contatto messi a disposizione dell&#8217;utente sul sito web di RELLMAN FOODS. [&hellip;]\" \/>\n<meta property=\"og:url\" content=\"https:\/\/rellmanfoods.com\/it\/informativa-sulla-privacy\/\" \/>\n<meta property=\"og:site_name\" content=\"Rellman Foods\" \/>\n<meta property=\"article:publisher\" content=\"https:\/\/www.facebook.com\/rellmanfoods\" \/>\n<meta property=\"article:modified_time\" content=\"2023-01-15T20:30:13+00:00\" \/>\n<meta property=\"og:image\" content=\"https:\/\/rellmanfoods.com\/wp-content\/uploads\/2022\/05\/rellman-foods-logo-full-color-vertical@2x.png\" \/>\n\t<meta property=\"og:image:width\" content=\"1024\" \/>\n\t<meta property=\"og:image:height\" content=\"452\" \/>\n\t<meta property=\"og:image:type\" content=\"image\/png\" \/>\n<meta name=\"twitter:card\" content=\"summary_large_image\" \/>\n<meta name=\"twitter:label1\" content=\"Tempo di lettura stimato\" \/>\n\t<meta name=\"twitter:data1\" content=\"4 minuti\" \/>\n<script type=\"application\/ld+json\" class=\"yoast-schema-graph\">{\"@context\":\"https:\/\/schema.org\",\"@graph\":[{\"@type\":\"WebPage\",\"@id\":\"https:\/\/rellmanfoods.com\/it\/informativa-sulla-privacy\/\",\"url\":\"https:\/\/rellmanfoods.com\/it\/informativa-sulla-privacy\/\",\"name\":\"Informativa sulla privacy - Rellman Foods\",\"isPartOf\":{\"@id\":\"https:\/\/rellmanfoods.com\/it\/#website\"},\"datePublished\":\"2022-10-15T16:55:49+00:00\",\"dateModified\":\"2023-01-15T20:30:13+00:00\",\"breadcrumb\":{\"@id\":\"https:\/\/rellmanfoods.com\/it\/informativa-sulla-privacy\/#breadcrumb\"},\"inLanguage\":\"it-IT\",\"potentialAction\":[{\"@type\":\"ReadAction\",\"target\":[\"https:\/\/rellmanfoods.com\/it\/informativa-sulla-privacy\/\"]}]},{\"@type\":\"BreadcrumbList\",\"@id\":\"https:\/\/rellmanfoods.com\/it\/informativa-sulla-privacy\/#breadcrumb\",\"itemListElement\":[{\"@type\":\"ListItem\",\"position\":1,\"name\":\"Portada\",\"item\":\"https:\/\/rellmanfoods.com\/it\/home\/\"},{\"@type\":\"ListItem\",\"position\":2,\"name\":\"Informativa sulla privacy\"}]},{\"@type\":\"WebSite\",\"@id\":\"https:\/\/rellmanfoods.com\/it\/#website\",\"url\":\"https:\/\/rellmanfoods.com\/it\/\",\"name\":\"Rellman Foods\",\"description\":\"We select the best beef for you.\",\"publisher\":{\"@id\":\"https:\/\/rellmanfoods.com\/it\/#organization\"},\"potentialAction\":[{\"@type\":\"SearchAction\",\"target\":{\"@type\":\"EntryPoint\",\"urlTemplate\":\"https:\/\/rellmanfoods.com\/it\/?s={search_term_string}\"},\"query-input\":{\"@type\":\"PropertyValueSpecification\",\"valueRequired\":true,\"valueName\":\"search_term_string\"}}],\"inLanguage\":\"it-IT\"},{\"@type\":\"Organization\",\"@id\":\"https:\/\/rellmanfoods.com\/it\/#organization\",\"name\":\"Rellman Foods\",\"url\":\"https:\/\/rellmanfoods.com\/it\/\",\"logo\":{\"@type\":\"ImageObject\",\"inLanguage\":\"it-IT\",\"@id\":\"https:\/\/rellmanfoods.com\/it\/#\/schema\/logo\/image\/\",\"url\":\"https:\/\/i0.wp.com\/rellmanfoods.com\/wp-content\/uploads\/2022\/05\/rellman-foods-logo-full-color-vertical@2x.png?fit=1024%2C452&ssl=1\",\"contentUrl\":\"https:\/\/i0.wp.com\/rellmanfoods.com\/wp-content\/uploads\/2022\/05\/rellman-foods-logo-full-color-vertical@2x.png?fit=1024%2C452&ssl=1\",\"width\":1024,\"height\":452,\"caption\":\"Rellman Foods\"},\"image\":{\"@id\":\"https:\/\/rellmanfoods.com\/it\/#\/schema\/logo\/image\/\"},\"sameAs\":[\"https:\/\/www.facebook.com\/rellmanfoods\",\"https:\/\/www.instagram.com\/rellmanfoods\",\"https:\/\/www.linkedin.com\/company\/rellman-foods-sa\"]}]}<\/script>\n<!-- \/ Yoast SEO plugin. -->","yoast_head_json":{"title":"Informativa sulla privacy - Rellman Foods","robots":{"index":"noindex","follow":"nofollow"},"og_locale":"it_IT","og_type":"article","og_title":"Informativa sulla privacy - Rellman Foods","og_description":"I dati personali forniti attraverso questo sito web saranno trattati da RELLMAN FOODS S.A. (di seguito, RELLMAN FOODS), titolare dello stesso, i cui dati di contatto sono i seguenti: &#8211; Indirizzo: Viale Principe Carlo 4, 1410, Waterloo (Belgio) &#8211; Telefono: +32 2 503 58 98 &#8211; Email: info@rellmanfoods.com A seconda del modulo utilizzato o dello scopo per cui ci comunicate l&#8217;invio dei vostri dati, possiamo utilizzarli per i seguenti scopi: 1. Invio di comunicazioni commerciali (Newsletter) da parte di RELLMAN FOODS, anche attraverso mezzi elettronici. Attraverso queste comunicazioni, gli utenti saranno informati sui diversi prodotti, offerte, lotterie, promozioni, concorsi ed eventi offerti da RELLMAN FOODS. 2. Registrate la vostra registrazione sul web. 3. Risolvere quesiti, richieste o qualsiasi tipo di richiesta avanzata dall&#8217;utente attraverso uno qualsiasi dei moduli di contatto messi a disposizione dell&#8217;utente sul sito web di RELLMAN FOODS. [&hellip;]","og_url":"https:\/\/rellmanfoods.com\/it\/informativa-sulla-privacy\/","og_site_name":"Rellman Foods","article_publisher":"https:\/\/www.facebook.com\/rellmanfoods","article_modified_time":"2023-01-15T20:30:13+00:00","og_image":[{"width":1024,"height":452,"url":"https:\/\/rellmanfoods.com\/wp-content\/uploads\/2022\/05\/rellman-foods-logo-full-color-vertical@2x.png","type":"image\/png"}],"twitter_card":"summary_large_image","twitter_misc":{"Tempo di lettura stimato":"4 minuti"},"schema":{"@context":"https:\/\/schema.org","@graph":[{"@type":"WebPage","@id":"https:\/\/rellmanfoods.com\/it\/informativa-sulla-privacy\/","url":"https:\/\/rellmanfoods.com\/it\/informativa-sulla-privacy\/","name":"Informativa sulla privacy - Rellman Foods","isPartOf":{"@id":"https:\/\/rellmanfoods.com\/it\/#website"},"datePublished":"2022-10-15T16:55:49+00:00","dateModified":"2023-01-15T20:30:13+00:00","breadcrumb":{"@id":"https:\/\/rellmanfoods.com\/it\/informativa-sulla-privacy\/#breadcrumb"},"inLanguage":"it-IT","potentialAction":[{"@type":"ReadAction","target":["https:\/\/rellmanfoods.com\/it\/informativa-sulla-privacy\/"]}]},{"@type":"BreadcrumbList","@id":"https:\/\/rellmanfoods.com\/it\/informativa-sulla-privacy\/#breadcrumb","itemListElement":[{"@type":"ListItem","position":1,"name":"Portada","item":"https:\/\/rellmanfoods.com\/it\/home\/"},{"@type":"ListItem","position":2,"name":"Informativa sulla privacy"}]},{"@type":"WebSite","@id":"https:\/\/rellmanfoods.com\/it\/#website","url":"https:\/\/rellmanfoods.com\/it\/","name":"Rellman Foods","description":"We select the best beef for you.","publisher":{"@id":"https:\/\/rellmanfoods.com\/it\/#organization"},"potentialAction":[{"@type":"SearchAction","target":{"@type":"EntryPoint","urlTemplate":"https:\/\/rellmanfoods.com\/it\/?s={search_term_string}"},"query-input":{"@type":"PropertyValueSpecification","valueRequired":true,"valueName":"search_term_string"}}],"inLanguage":"it-IT"},{"@type":"Organization","@id":"https:\/\/rellmanfoods.com\/it\/#organization","name":"Rellman Foods","url":"https:\/\/rellmanfoods.com\/it\/","logo":{"@type":"ImageObject","inLanguage":"it-IT","@id":"https:\/\/rellmanfoods.com\/it\/#\/schema\/logo\/image\/","url":"https:\/\/i0.wp.com\/rellmanfoods.com\/wp-content\/uploads\/2022\/05\/rellman-foods-logo-full-color-vertical@2x.png?fit=1024%2C452&ssl=1","contentUrl":"https:\/\/i0.wp.com\/rellmanfoods.com\/wp-content\/uploads\/2022\/05\/rellman-foods-logo-full-color-vertical@2x.png?fit=1024%2C452&ssl=1","width":1024,"height":452,"caption":"Rellman Foods"},"image":{"@id":"https:\/\/rellmanfoods.com\/it\/#\/schema\/logo\/image\/"},"sameAs":["https:\/\/www.facebook.com\/rellmanfoods","https:\/\/www.instagram.com\/rellmanfoods","https:\/\/www.linkedin.com\/company\/rellman-foods-sa"]}]}},"_links":{"self":[{"href":"https:\/\/rellmanfoods.com\/it\/wp-json\/wp\/v2\/pages\/15052","targetHints":{"allow":["GET"]}}],"collection":[{"href":"https:\/\/rellmanfoods.com\/it\/wp-json\/wp\/v2\/pages"}],"about":[{"href":"https:\/\/rellmanfoods.com\/it\/wp-json\/wp\/v2\/types\/page"}],"author":[{"embeddable":true,"href":"https:\/\/rellmanfoods.com\/it\/wp-json\/wp\/v2\/users\/1"}],"replies":[{"embeddable":true,"href":"https:\/\/rellmanfoods.com\/it\/wp-json\/wp\/v2\/comments?post=15052"}],"version-history":[{"count":1,"href":"https:\/\/rellmanfoods.com\/it\/wp-json\/wp\/v2\/pages\/15052\/revisions"}],"predecessor-version":[{"id":15053,"href":"https:\/\/rellmanfoods.com\/it\/wp-json\/wp\/v2\/pages\/15052\/revisions\/15053"}],"wp:attachment":[{"href":"https:\/\/rellmanfoods.com\/it\/wp-json\/wp\/v2\/media?parent=15052"}],"curies":[{"name":"wp","href":"https:\/\/api.w.org\/{rel}","templated":true}]}}