{"id":15046,"date":"2022-11-16T15:34:25","date_gmt":"2022-11-16T14:34:25","guid":{"rendered":"https:\/\/rellmanfoods.com\/avviso-legale\/"},"modified":"2023-01-15T21:28:30","modified_gmt":"2023-01-15T20:28:30","slug":"avviso-legale","status":"publish","type":"page","link":"https:\/\/rellmanfoods.com\/it\/avviso-legale\/","title":{"rendered":"Avviso legale"},"content":{"rendered":"\n<p>1.- Questo sito web \u00e8 di propriet\u00e0 di RELLMAN FOODS S.A. (di seguito, RELLMAN FOODS).<\/p>\n\n<p>&#8211; Numero di partita IVA: BE 0446.737.260<\/p>\n\n<p>&#8211; Sede legale: Avenue Prince Charles 4, 1410, Waterloo (Belgio)<\/p>\n\n<p>&#8211; Contatto:<\/p>\n\n<ul class=\"wp-block-list\">\n<li>Indirizzo e-mail: info@rellmanfoods.com<\/li>\n\n\n\n<li>Telefono: +32 2 503 58 98<\/li>\n<\/ul>\n\n<p>2.- L&#8217;uso di questa pagina Web attribuisce la condizione di Utente a chiunque lo faccia e implica l&#8217;accettazione di tutte le condizioni incluse in questo Avviso Legale. L&#8217;Utente \u00e8 tenuto a leggere le presenti condizioni ogni volta che accede al Sito, in quanto potrebbero essere modificate in futuro. Alcuni aspetti di questo sito web, a causa della loro specialit\u00e0, possono essere soggetti a condizioni o regole particolari che possono sostituire, completare o modificare il presente Avviso legale, pertanto devono essere accettati anche dall&#8217;Utente che li utilizza o vi accede.<\/p>\n\n<p>3.- Tutti i contenuti di questo sito web (testi, fotografie, grafici, immagini, tecnologia, software, link, contenuti audiovisivi o sonori, design grafico, codice sorgente, ecc.), cos\u00ec come i marchi e gli altri segni distintivi sono di propriet\u00e0 di RELLMAN FOODS o di terzi, e l&#8217;Utente non acquisisce alcun diritto su di essi con il semplice utilizzo di questo sito web.<\/p>\n\n<p>L&#8217;Utente deve astenersi da: a) riprodurre, copiare, distribuire, mettere a disposizione di terzi, comunicare pubblicamente, trasformare o modificare il contenuto di questo Sito, salvo nei casi previsti dalla legge o espressamente autorizzati da RELLMAN FOODS o dal titolare di tali diritti; b) riprodurre o copiare per uso privato il software, le immagini, i video o le banche dati presenti su questo sito web, nonch\u00e9 comunicarli pubblicamente o metterli a disposizione di terzi quando ci\u00f2 comporti la loro riproduzione; c) estrarre o riutilizzare i contenuti di questo sito web.<\/p>\n\n<p>4.- L&#8217;Utente che voglia introdurre collegamenti a questo Sito Web dalle proprie pagine Web sar\u00e0 tenuto a rispettare le seguenti condizioni: a) il link rimanda solo alla pagina iniziale, senza poterla riprodurre in alcun modo; b) Non si possono creare cornici o strutture di alcun tipo che circondino la Web o che permettano di visualizzarla attraverso diversi indirizzi Internet o insieme a contenuti esterni a questa Web, in modo tale da produrre, o da poter produrre, errore o confusione negli Utenti sull&#8217;origine del servizio o del suo contenuto, da implicare un atto di comparazione o imitazione sleale, da sfruttare la reputazione, il marchio e il prestigio di RELLMAN FOODS o da realizzare in qualsiasi altro modo vietato dalla legge; c) dalla pagina che crea il link non pu\u00f2 essere fatto alcun tipo di dichiarazione falsa o inesatta su RELLMAN FOODS o sulla qualit\u00e0 dei suoi prodotti e servizi; d) Il mittente non pu\u00f2 utilizzare il marchio o qualsiasi altro segno distintivo di RELLMAN FOODS all&#8217;interno del proprio sito web, salvo nei casi autorizzati dalla legge o espressamente consentiti da RELLMAN FOODS; e) la pagina che stabilisce il link deve rispettare la normativa vigente e non pu\u00f2 avere o linkare contenuti illegali, dannosi, contrari alla morale e ai buoni costumi, che producano o possano produrre la falsa idea che RELLMAN FOODS approvi o sostenga le idee, le dichiarazioni o le azioni del mittente o che siano inappropriati in relazione all&#8217;attivit\u00e0 svolta da RELLMAN FOODS, tenendo conto dei contenuti e del tema generale della pagina Web in cui viene stabilito il link.<\/p>\n\n<p>5.- RELLMAN FOODS non \u00e8 responsabile della verifica dell&#8217;assenza di programmi nocivi o di altri elementi informatici dannosi su questo sito web. Spetta all&#8217;Utente, in ogni caso, disporre di strumenti adeguati per l&#8217;individuazione e la disinfezione di questi elementi. Di conseguenza, RELLMAN FOODS non \u00e8 responsabile di eventuali danni causati alle apparecchiature informatiche durante l&#8217;accesso a questo sito web. Allo stesso modo, RELLMAN FOODS non sar\u00e0 responsabile dei danni causati agli Utenti quando tali danni hanno origine in guasti o disconnessioni nelle reti di telecomunicazione che interrompono il servizio di questo sito web.<\/p>\n\n<p>6.- Il presente Sito web pu\u00f2 contenere link che consentono all&#8217;Utente di accedere ad altre pagine Internet. In questi casi, RELLMAN FOODS sar\u00e0 responsabile dei contenuti e dei servizi forniti attraverso i link solo nel momento in cui verr\u00e0 a conoscenza della loro illegalit\u00e0 e non li avr\u00e0 diligentemente disattivati. Se un Utente ritiene che vi sia un link con contenuti illeciti o inappropriati, pu\u00f2 segnalarlo a RELLMAN FOODS, senza che ci\u00f2 implichi che quest&#8217;ultima sia obbligata a rimuovere il link corrispondente. RELLMAN FOODS non conosce sempre il contenuto e i servizi dei link e pertanto non \u00e8 responsabile dei danni derivanti dalla loro mancanza di qualit\u00e0, obsolescenza, indisponibilit\u00e0, errore, inutilit\u00e0 o illegalit\u00e0 e non \u00e8 responsabile delle dichiarazioni fatte o del contenuto o dei servizi forniti attraverso di essi, a meno che non siate direttamente responsabili della fornitura di tali servizi.<\/p>\n\n<p>7.- L&#8217;Utente si impegna a fare un uso corretto di questo Sito Web in conformit\u00e0 con la Legge, con il presente Avviso Legale e con le altre condizioni, regolamenti e istruzioni eventualmente applicabili. L&#8217;Utente risponder\u00e0 a RELLMAN FOODS e a terzi per i danni che potrebbero essere causati dalla violazione di questi obblighi.<\/p>\n\n<p>8.- Il presente Avviso legale \u00e8 interamente disciplinato dalla legge belga. Per la risoluzione di qualsiasi conflitto relativo all&#8217;interpretazione o all&#8217;applicazione del presente Avviso legale, l&#8217;Utente si sottopone espressamente alla giurisdizione dei tribunali di Bruxelles (Belgio).<\/p>\n","protected":false},"excerpt":{"rendered":"<p>1.- Questo sito web \u00e8 di propriet\u00e0 di RELLMAN FOODS S.A. (di seguito, RELLMAN FOODS). &#8211; Numero di partita IVA: BE 0446.737.260 &#8211; Sede legale: Avenue Prince Charles 4, 1410, Waterloo (Belgio) &#8211; Contatto: 2.- L&#8217;uso di questa pagina Web attribuisce la condizione di Utente a chiunque lo faccia e implica l&#8217;accettazione di tutte le condizioni incluse in questo Avviso Legale. L&#8217;Utente \u00e8 tenuto a leggere le presenti condizioni ogni volta che accede al Sito, in quanto potrebbero essere modificate in futuro. Alcuni aspetti di questo sito web, a causa della loro specialit\u00e0, possono essere soggetti a condizioni o regole particolari che possono sostituire, completare o modificare il presente Avviso legale, pertanto devono essere accettati anche dall&#8217;Utente che li utilizza o vi accede. 3.- Tutti i contenuti di questo sito web (testi, fotografie, grafici, immagini, tecnologia, software, link, contenuti audiovisivi [&hellip;]<\/p>\n","protected":false},"author":1,"featured_media":0,"parent":0,"menu_order":0,"comment_status":"closed","ping_status":"closed","template":"","meta":{"footnotes":""},"class_list":["post-15046","page","type-page","status-publish","hentry"],"yoast_head":"<!-- This site is optimized with the Yoast SEO plugin v26.9 - https:\/\/yoast.com\/product\/yoast-seo-wordpress\/ -->\n<title>Avviso legale - Rellman Foods<\/title>\n<meta name=\"robots\" content=\"noindex, nofollow\" \/>\n<meta property=\"og:locale\" content=\"it_IT\" \/>\n<meta property=\"og:type\" content=\"article\" \/>\n<meta property=\"og:title\" content=\"Avviso legale - Rellman Foods\" \/>\n<meta property=\"og:description\" content=\"1.- Questo sito web \u00e8 di propriet\u00e0 di RELLMAN FOODS S.A. (di seguito, RELLMAN FOODS). &#8211; Numero di partita IVA: BE 0446.737.260 &#8211; Sede legale: Avenue Prince Charles 4, 1410, Waterloo (Belgio) &#8211; Contatto: 2.- L&#8217;uso di questa pagina Web attribuisce la condizione di Utente a chiunque lo faccia e implica l&#8217;accettazione di tutte le condizioni incluse in questo Avviso Legale. L&#8217;Utente \u00e8 tenuto a leggere le presenti condizioni ogni volta che accede al Sito, in quanto potrebbero essere modificate in futuro. Alcuni aspetti di questo sito web, a causa della loro specialit\u00e0, possono essere soggetti a condizioni o regole particolari che possono sostituire, completare o modificare il presente Avviso legale, pertanto devono essere accettati anche dall&#8217;Utente che li utilizza o vi accede. 3.- Tutti i contenuti di questo sito web (testi, fotografie, grafici, immagini, tecnologia, software, link, contenuti audiovisivi [&hellip;]\" \/>\n<meta property=\"og:url\" content=\"https:\/\/rellmanfoods.com\/it\/avviso-legale\/\" \/>\n<meta property=\"og:site_name\" content=\"Rellman Foods\" \/>\n<meta property=\"article:publisher\" content=\"https:\/\/www.facebook.com\/rellmanfoods\" \/>\n<meta property=\"article:modified_time\" content=\"2023-01-15T20:28:30+00:00\" \/>\n<meta property=\"og:image\" content=\"https:\/\/rellmanfoods.com\/wp-content\/uploads\/2022\/05\/rellman-foods-logo-full-color-vertical@2x.png\" \/>\n\t<meta property=\"og:image:width\" content=\"1024\" \/>\n\t<meta property=\"og:image:height\" content=\"452\" \/>\n\t<meta property=\"og:image:type\" content=\"image\/png\" \/>\n<meta name=\"twitter:card\" content=\"summary_large_image\" \/>\n<meta name=\"twitter:label1\" content=\"Tempo di lettura stimato\" \/>\n\t<meta name=\"twitter:data1\" content=\"4 minuti\" \/>\n<script type=\"application\/ld+json\" class=\"yoast-schema-graph\">{\"@context\":\"https:\/\/schema.org\",\"@graph\":[{\"@type\":\"WebPage\",\"@id\":\"https:\/\/rellmanfoods.com\/it\/avviso-legale\/\",\"url\":\"https:\/\/rellmanfoods.com\/it\/avviso-legale\/\",\"name\":\"Avviso legale - Rellman Foods\",\"isPartOf\":{\"@id\":\"https:\/\/rellmanfoods.com\/it\/#website\"},\"datePublished\":\"2022-11-16T14:34:25+00:00\",\"dateModified\":\"2023-01-15T20:28:30+00:00\",\"breadcrumb\":{\"@id\":\"https:\/\/rellmanfoods.com\/it\/avviso-legale\/#breadcrumb\"},\"inLanguage\":\"it-IT\",\"potentialAction\":[{\"@type\":\"ReadAction\",\"target\":[\"https:\/\/rellmanfoods.com\/it\/avviso-legale\/\"]}]},{\"@type\":\"BreadcrumbList\",\"@id\":\"https:\/\/rellmanfoods.com\/it\/avviso-legale\/#breadcrumb\",\"itemListElement\":[{\"@type\":\"ListItem\",\"position\":1,\"name\":\"Portada\",\"item\":\"https:\/\/rellmanfoods.com\/it\/home\/\"},{\"@type\":\"ListItem\",\"position\":2,\"name\":\"Avviso legale\"}]},{\"@type\":\"WebSite\",\"@id\":\"https:\/\/rellmanfoods.com\/it\/#website\",\"url\":\"https:\/\/rellmanfoods.com\/it\/\",\"name\":\"Rellman Foods\",\"description\":\"We select the best beef for you.\",\"publisher\":{\"@id\":\"https:\/\/rellmanfoods.com\/it\/#organization\"},\"potentialAction\":[{\"@type\":\"SearchAction\",\"target\":{\"@type\":\"EntryPoint\",\"urlTemplate\":\"https:\/\/rellmanfoods.com\/it\/?s={search_term_string}\"},\"query-input\":{\"@type\":\"PropertyValueSpecification\",\"valueRequired\":true,\"valueName\":\"search_term_string\"}}],\"inLanguage\":\"it-IT\"},{\"@type\":\"Organization\",\"@id\":\"https:\/\/rellmanfoods.com\/it\/#organization\",\"name\":\"Rellman Foods\",\"url\":\"https:\/\/rellmanfoods.com\/it\/\",\"logo\":{\"@type\":\"ImageObject\",\"inLanguage\":\"it-IT\",\"@id\":\"https:\/\/rellmanfoods.com\/it\/#\/schema\/logo\/image\/\",\"url\":\"https:\/\/i0.wp.com\/rellmanfoods.com\/wp-content\/uploads\/2022\/05\/rellman-foods-logo-full-color-vertical@2x.png?fit=1024%2C452&ssl=1\",\"contentUrl\":\"https:\/\/i0.wp.com\/rellmanfoods.com\/wp-content\/uploads\/2022\/05\/rellman-foods-logo-full-color-vertical@2x.png?fit=1024%2C452&ssl=1\",\"width\":1024,\"height\":452,\"caption\":\"Rellman Foods\"},\"image\":{\"@id\":\"https:\/\/rellmanfoods.com\/it\/#\/schema\/logo\/image\/\"},\"sameAs\":[\"https:\/\/www.facebook.com\/rellmanfoods\",\"https:\/\/www.instagram.com\/rellmanfoods\",\"https:\/\/www.linkedin.com\/company\/rellman-foods-sa\"]}]}<\/script>\n<!-- \/ Yoast SEO plugin. -->","yoast_head_json":{"title":"Avviso legale - Rellman Foods","robots":{"index":"noindex","follow":"nofollow"},"og_locale":"it_IT","og_type":"article","og_title":"Avviso legale - Rellman Foods","og_description":"1.- Questo sito web \u00e8 di propriet\u00e0 di RELLMAN FOODS S.A. (di seguito, RELLMAN FOODS). &#8211; Numero di partita IVA: BE 0446.737.260 &#8211; Sede legale: Avenue Prince Charles 4, 1410, Waterloo (Belgio) &#8211; Contatto: 2.- L&#8217;uso di questa pagina Web attribuisce la condizione di Utente a chiunque lo faccia e implica l&#8217;accettazione di tutte le condizioni incluse in questo Avviso Legale. L&#8217;Utente \u00e8 tenuto a leggere le presenti condizioni ogni volta che accede al Sito, in quanto potrebbero essere modificate in futuro. Alcuni aspetti di questo sito web, a causa della loro specialit\u00e0, possono essere soggetti a condizioni o regole particolari che possono sostituire, completare o modificare il presente Avviso legale, pertanto devono essere accettati anche dall&#8217;Utente che li utilizza o vi accede. 3.- Tutti i contenuti di questo sito web (testi, fotografie, grafici, immagini, tecnologia, software, link, contenuti audiovisivi [&hellip;]","og_url":"https:\/\/rellmanfoods.com\/it\/avviso-legale\/","og_site_name":"Rellman Foods","article_publisher":"https:\/\/www.facebook.com\/rellmanfoods","article_modified_time":"2023-01-15T20:28:30+00:00","og_image":[{"width":1024,"height":452,"url":"https:\/\/rellmanfoods.com\/wp-content\/uploads\/2022\/05\/rellman-foods-logo-full-color-vertical@2x.png","type":"image\/png"}],"twitter_card":"summary_large_image","twitter_misc":{"Tempo di lettura stimato":"4 minuti"},"schema":{"@context":"https:\/\/schema.org","@graph":[{"@type":"WebPage","@id":"https:\/\/rellmanfoods.com\/it\/avviso-legale\/","url":"https:\/\/rellmanfoods.com\/it\/avviso-legale\/","name":"Avviso legale - Rellman Foods","isPartOf":{"@id":"https:\/\/rellmanfoods.com\/it\/#website"},"datePublished":"2022-11-16T14:34:25+00:00","dateModified":"2023-01-15T20:28:30+00:00","breadcrumb":{"@id":"https:\/\/rellmanfoods.com\/it\/avviso-legale\/#breadcrumb"},"inLanguage":"it-IT","potentialAction":[{"@type":"ReadAction","target":["https:\/\/rellmanfoods.com\/it\/avviso-legale\/"]}]},{"@type":"BreadcrumbList","@id":"https:\/\/rellmanfoods.com\/it\/avviso-legale\/#breadcrumb","itemListElement":[{"@type":"ListItem","position":1,"name":"Portada","item":"https:\/\/rellmanfoods.com\/it\/home\/"},{"@type":"ListItem","position":2,"name":"Avviso legale"}]},{"@type":"WebSite","@id":"https:\/\/rellmanfoods.com\/it\/#website","url":"https:\/\/rellmanfoods.com\/it\/","name":"Rellman Foods","description":"We select the best beef for you.","publisher":{"@id":"https:\/\/rellmanfoods.com\/it\/#organization"},"potentialAction":[{"@type":"SearchAction","target":{"@type":"EntryPoint","urlTemplate":"https:\/\/rellmanfoods.com\/it\/?s={search_term_string}"},"query-input":{"@type":"PropertyValueSpecification","valueRequired":true,"valueName":"search_term_string"}}],"inLanguage":"it-IT"},{"@type":"Organization","@id":"https:\/\/rellmanfoods.com\/it\/#organization","name":"Rellman Foods","url":"https:\/\/rellmanfoods.com\/it\/","logo":{"@type":"ImageObject","inLanguage":"it-IT","@id":"https:\/\/rellmanfoods.com\/it\/#\/schema\/logo\/image\/","url":"https:\/\/i0.wp.com\/rellmanfoods.com\/wp-content\/uploads\/2022\/05\/rellman-foods-logo-full-color-vertical@2x.png?fit=1024%2C452&ssl=1","contentUrl":"https:\/\/i0.wp.com\/rellmanfoods.com\/wp-content\/uploads\/2022\/05\/rellman-foods-logo-full-color-vertical@2x.png?fit=1024%2C452&ssl=1","width":1024,"height":452,"caption":"Rellman Foods"},"image":{"@id":"https:\/\/rellmanfoods.com\/it\/#\/schema\/logo\/image\/"},"sameAs":["https:\/\/www.facebook.com\/rellmanfoods","https:\/\/www.instagram.com\/rellmanfoods","https:\/\/www.linkedin.com\/company\/rellman-foods-sa"]}]}},"_links":{"self":[{"href":"https:\/\/rellmanfoods.com\/it\/wp-json\/wp\/v2\/pages\/15046","targetHints":{"allow":["GET"]}}],"collection":[{"href":"https:\/\/rellmanfoods.com\/it\/wp-json\/wp\/v2\/pages"}],"about":[{"href":"https:\/\/rellmanfoods.com\/it\/wp-json\/wp\/v2\/types\/page"}],"author":[{"embeddable":true,"href":"https:\/\/rellmanfoods.com\/it\/wp-json\/wp\/v2\/users\/1"}],"replies":[{"embeddable":true,"href":"https:\/\/rellmanfoods.com\/it\/wp-json\/wp\/v2\/comments?post=15046"}],"version-history":[{"count":1,"href":"https:\/\/rellmanfoods.com\/it\/wp-json\/wp\/v2\/pages\/15046\/revisions"}],"predecessor-version":[{"id":15047,"href":"https:\/\/rellmanfoods.com\/it\/wp-json\/wp\/v2\/pages\/15046\/revisions\/15047"}],"wp:attachment":[{"href":"https:\/\/rellmanfoods.com\/it\/wp-json\/wp\/v2\/media?parent=15046"}],"curies":[{"name":"wp","href":"https:\/\/api.w.org\/{rel}","templated":true}]}}