{"id":15040,"date":"2022-11-16T15:34:25","date_gmt":"2022-11-16T14:34:25","guid":{"rendered":"https:\/\/rellmanfoods.com\/informativa-sui-cookie\/"},"modified":"2023-01-15T21:26:17","modified_gmt":"2023-01-15T20:26:17","slug":"informativa-sui-cookie","status":"publish","type":"page","link":"https:\/\/rellmanfoods.com\/it\/informativa-sui-cookie\/","title":{"rendered":"Informativa sui cookie"},"content":{"rendered":"\n<p><strong>Che cos&#8217;\u00e8 un biscotto?<\/strong><\/p>\n\n<p>Un cookie \u00e8 un file che viene scaricato sul vostro computer quando accedete a determinate pagine web. I cookie consentono a una pagina web, tra le altre cose, di memorizzare e recuperare informazioni sulle abitudini di navigazione di un utente o sulla sua apparecchiatura e, a seconda delle informazioni contenute e del modo in cui viene utilizzata l&#8217;apparecchiatura, possono essere utilizzati per riconoscerlo.<\/p>\n\n<p>Tuttavia, questi supporti ottengono solo informazioni relative al numero di pagine visitate, alla citt\u00e0 a cui \u00e8 assegnato l&#8217;indirizzo IP da cui si accede, al numero di nuovi utenti, alla frequenza e alla ricorrenza delle visite, all&#8217;ora della visita, al browser o all&#8217;operatore o al tipo di terminale da cui viene effettuata la visita. In nessun caso vengono acquisiti dati su nome, cognome, indirizzo postale o altri dati simili dell&#8217;utente che si \u00e8 collegato.<\/p>\n\n<p><strong>Quali tipi di cookie esistono?<\/strong><\/p>\n\n<p>I cookie possono essere propri o di terze parti. I propri sono quelli inviati all&#8217;apparecchiatura terminale dell&#8217;utente da un computer o da un dominio gestito dall&#8217;editore Web stesso, dal quale viene fornito il servizio richiesto dall&#8217;utente. I cookie di terze parti sono quelli inviati al terminale dell&#8217;utente da un computer o da un dominio non gestito dall&#8217;editore, ma da un&#8217;altra entit\u00e0 che elabora i dati ottenuti tramite i cookie.<\/p>\n\n<p>Inoltre, i cookie possono essere di sessione o persistenti. I primi sono un tipo di cookie progettato per raccogliere e memorizzare dati durante l&#8217;accesso dell&#8217;utente a una pagina web. I cookie persistenti sono un tipo di cookie che mantiene i dati memorizzati nel terminale e possono essere consultati ed elaborati per un periodo definito dal responsabile del cookie, che pu\u00f2 variare da pochi minuti a diversi anni.<\/p>\n\n<p><strong>Chi \u00e8 responsabile del trattamento dei cookie su questo sito web?<\/strong><\/p>\n\n<p>Il proprietario del sito web e il responsabile del trattamento dei cookie qui utilizzati, nonch\u00e9 i loro dati di contatto, sono accessibili nell&#8217;Avviso legale di questa pagina. Allo stesso modo, possono essere presenti cookie di terze parti diverse dal proprietario di questo sito web, come spiegato di seguito.<\/p>\n\n<p>Quali sono i cookie utilizzati da questo sito web e a cosa servono?<\/p>\n\n<p>Questo sito web utilizza i propri cookie, che hanno lo scopo di ricordare le preferenze dell&#8217;utente.<\/p>\n\n<p>Questo sito web utilizza i seguenti cookie di terze parti:<\/p>\n\n<ul class=\"wp-block-list\">\n<li>Cookie di analisi: Sono quelli che, opportunamente trattati da noi o da terzi, ci permettono di quantificare il numero di utenti e di esaminare la loro navigazione, potendo cos\u00ec misurare e analizzare statisticamente l&#8217;utilizzo fatto dagli utenti. A tal fine, la vostra navigazione sul nostro sito web viene analizzata al fine di migliorarne i contenuti e fornire un servizio migliore attraverso di esso.<\/li>\n\n\n\n<li>Cookie pubblicitari: Sono quelli che permettono di gestire nel modo pi\u00f9 efficiente possibile gli spazi pubblicitari che, se del caso, l&#8217;editore ha inserito in una pagina web, un&#8217;applicazione o una piattaforma da cui viene fornito il servizio richiesto, in base a criteri quali il contenuto modificato o la frequenza con cui vengono mostrati gli annunci.<\/li>\n<\/ul>\n\n<p>Le applicazioni utilizzate da queste terze parti sono le seguenti:<\/p>\n\n<p>&#8211; Per i cookie di analisi, Google Analytics, appartenente a Google (https:\/\/developers.google.com\/analytics\/devguides\/collection\/analyticsjs\/cookie-usage).<\/p>\n\n<p>&#8211; Per i cookie pubblicitari, Double Click, appartenente a Google (https:\/\/support.google.com\/adsense\/answer\/2839090?hl=es).<\/p>\n\n<p>Inoltre, tali societ\u00e0 possono utilizzare i dati raccolti per migliorare i propri servizi e per offrire servizi ad altre societ\u00e0. \u00c8 possibile fare clic sul link incluso in ogni caso per ottenere maggiori informazioni su queste applicazioni.<\/p>\n\n<p><strong>Per quanto tempo vengono conservati i cookie?<\/strong><\/p>\n\n<p>I cookie di analisi saranno conservati per un periodo massimo di 2 anni. I cookie pubblicitari, invece, scadono quando si chiude il browser.<\/p>\n\n<p>Qual \u00e8 la legittimit\u00e0 dell&#8217;uso dei cookie?<\/p>\n\n<p>Nel caso dei cookie tecnici, cio\u00e8 quelli indispensabili per navigare su questo sito web e ricevere il servizio offerto attraverso di esso, la base giuridica del loro utilizzo \u00e8 l&#8217;accordo attraverso il quale si decide di utilizzare questo sito web e di usufruire dei relativi servizi.<\/p>\n\n<p>La base giuridica per l&#8217;utilizzo degli altri cookie \u00e8 il consenso dell&#8217;utente, che viene richiesto al momento dell&#8217;accesso al sito e pu\u00f2 essere revocato in qualsiasi momento. La revoca di tale consenso non pregiudica la possibilit\u00e0 di navigare su questo sito web e di utilizzare i suoi servizi, ma il trattamento dei dati effettuato in precedenza non perder\u00e0 la sua legalit\u00e0 a causa della revoca del consenso.<\/p>\n\n<p>A quali destinatari saranno comunicati i cookie o potranno accedervi?<\/p>\n\n<p>In presenza di cookie di terze parti, come sopra indicato, tali terze parti possono accedere ai cookie e utilizzarli secondo le modalit\u00e0 sopra descritte.<\/p>\n\n<p><strong>Quali sono i vostri diritti in relazione all&#8217;uso dei cookie da parte di questo sito web?<\/strong><\/p>\n\n<p>Secondo la normativa vigente, chiunque ha il diritto di ottenere la conferma che sia o meno in corso un trattamento di dati personali che lo riguardano. Allo stesso modo, alle condizioni stabilite dalla legge, le persone interessate hanno il diritto di accedere ai propri dati, nonch\u00e9 di richiedere la rettifica dei dati inesatti o, se del caso, di richiederne la cancellazione quando, tra le altre ragioni, i dati non sono pi\u00f9 necessari. per gli scopi per cui sono stati raccolti. Nel caso dei cookie, tali diritti possono essere esercitati con le limitazioni derivanti dalla natura di tali file.<\/p>\n\n<p>Alle condizioni previste dal Regolamento generale sulla protezione dei dati, gli interessati possono richiedere la limitazione del trattamento dei loro dati o la loro portabilit\u00e0, nel qual caso li conserveremo solo per l&#8217;esercizio o la difesa dei diritti.<\/p>\n\n<p>In determinate circostanze e per motivi legati alla loro situazione particolare, gli interessati possono opporsi al trattamento dei loro dati. Se avete dato il consenso per uno scopo specifico, avete il diritto di ritirarlo in qualsiasi momento, senza pregiudicare la legittimit\u00e0 del trattamento basato sul consenso prima del suo ritiro. In questi casi, interromperemo il trattamento dei dati o, se del caso, smetteremo di farlo per quello specifico scopo, ad eccezione di motivi legittimi impellenti o dell&#8217;esercizio o della difesa di eventuali rivendicazioni.<\/p>\n\n<p>Di fronte a qualsiasi violazione dei vostri diritti, soprattutto se non avete ottenuto soddisfazione nel loro esercizio, potete presentare un reclamo all&#8217;Agenzia spagnola per la protezione dei dati (dati di contatto accessibili all&#8217;indirizzo www.aepd.es), o a un&#8217;altra autorit\u00e0 di controllo competente. . \u00c8 inoltre possibile ottenere maggiori informazioni sui propri diritti contattando queste organizzazioni.<\/p>\n\n<p>Come posso gestire i cookie?<\/p>\n\n<p>Potete consentire, bloccare o eliminare i cookie installati sul vostro computer attraverso il pulsante &#8220;OPZIONI COOKIE&#8221;, che appare quando accedete a questo sito web, e anche configurando le opzioni del vostro browser. Per informazioni su come farlo, in relazione ai browser pi\u00f9 comuni, consultare i seguenti link:<\/p>\n\n<ul class=\"wp-block-list\">\n<li>Esploratore: <a href=\"https:\/\/support.microsoft.com\/es-es\/help\/17442\/windows-internet-explorer-delete-manage-cookies\">https:\/\/support.microsoft.com\/es-es\/help\/17442\/windows-internet-explorer-delete-manage-cookies<\/a><\/li>\n\n\n\n<li>Firefox: <a href=\"https:\/\/support.mozilla.org\/es\/kb\/habilitar-y-deshabilitar-cookies-sitios-web-rastrear-preferencias\">https:\/\/support.mozilla.org\/es\/kb\/habilitar-y-deshabilitar-cookies-sitios-web-rastrear-preferencias<\/a><\/li>\n\n\n\n<li>Cromo: <a href=\"http:\/\/support.google.com\/chrome\/bin\/answer.py?hl=es&amp;answer=95647\">http:\/\/support.google.com\/chrome\/bin\/answer.py?hl=es&amp;answer=95647<\/a><\/li>\n\n\n\n<li>Safari: <a href=\"https:\/\/support.apple.com\/es-es\/guide\/safari\/sfri11471\/mac\">https:\/\/support.apple.com\/es-es\/guide\/safari\/sfri11471\/mac<\/a><\/li>\n<\/ul>\n","protected":false},"excerpt":{"rendered":"<p>Che cos&#8217;\u00e8 un biscotto? Un cookie \u00e8 un file che viene scaricato sul vostro computer quando accedete a determinate pagine web. I cookie consentono a una pagina web, tra le altre cose, di memorizzare e recuperare informazioni sulle abitudini di navigazione di un utente o sulla sua apparecchiatura e, a seconda delle informazioni contenute e del modo in cui viene utilizzata l&#8217;apparecchiatura, possono essere utilizzati per riconoscerlo. Tuttavia, questi supporti ottengono solo informazioni relative al numero di pagine visitate, alla citt\u00e0 a cui \u00e8 assegnato l&#8217;indirizzo IP da cui si accede, al numero di nuovi utenti, alla frequenza e alla ricorrenza delle visite, all&#8217;ora della visita, al browser o all&#8217;operatore o al tipo di terminale da cui viene effettuata la visita. In nessun caso vengono acquisiti dati su nome, cognome, indirizzo postale o altri dati simili dell&#8217;utente che si \u00e8 [&hellip;]<\/p>\n","protected":false},"author":1,"featured_media":0,"parent":0,"menu_order":0,"comment_status":"closed","ping_status":"closed","template":"","meta":{"footnotes":""},"class_list":["post-15040","page","type-page","status-publish","hentry"],"yoast_head":"<!-- This site is optimized with the Yoast SEO plugin v26.9 - https:\/\/yoast.com\/product\/yoast-seo-wordpress\/ -->\n<title>Informativa sui cookie - Rellman Foods<\/title>\n<meta name=\"robots\" content=\"noindex, nofollow\" \/>\n<meta property=\"og:locale\" content=\"it_IT\" \/>\n<meta property=\"og:type\" content=\"article\" \/>\n<meta property=\"og:title\" content=\"Informativa sui cookie - Rellman Foods\" \/>\n<meta property=\"og:description\" content=\"Che cos&#8217;\u00e8 un biscotto? Un cookie \u00e8 un file che viene scaricato sul vostro computer quando accedete a determinate pagine web. I cookie consentono a una pagina web, tra le altre cose, di memorizzare e recuperare informazioni sulle abitudini di navigazione di un utente o sulla sua apparecchiatura e, a seconda delle informazioni contenute e del modo in cui viene utilizzata l&#8217;apparecchiatura, possono essere utilizzati per riconoscerlo. Tuttavia, questi supporti ottengono solo informazioni relative al numero di pagine visitate, alla citt\u00e0 a cui \u00e8 assegnato l&#8217;indirizzo IP da cui si accede, al numero di nuovi utenti, alla frequenza e alla ricorrenza delle visite, all&#8217;ora della visita, al browser o all&#8217;operatore o al tipo di terminale da cui viene effettuata la visita. In nessun caso vengono acquisiti dati su nome, cognome, indirizzo postale o altri dati simili dell&#8217;utente che si \u00e8 [&hellip;]\" \/>\n<meta property=\"og:url\" content=\"https:\/\/rellmanfoods.com\/it\/informativa-sui-cookie\/\" \/>\n<meta property=\"og:site_name\" content=\"Rellman Foods\" \/>\n<meta property=\"article:publisher\" content=\"https:\/\/www.facebook.com\/rellmanfoods\" \/>\n<meta property=\"article:modified_time\" content=\"2023-01-15T20:26:17+00:00\" \/>\n<meta property=\"og:image\" content=\"https:\/\/rellmanfoods.com\/wp-content\/uploads\/2022\/05\/rellman-foods-logo-full-color-vertical@2x.png\" \/>\n\t<meta property=\"og:image:width\" content=\"1024\" \/>\n\t<meta property=\"og:image:height\" content=\"452\" \/>\n\t<meta property=\"og:image:type\" content=\"image\/png\" \/>\n<meta name=\"twitter:card\" content=\"summary_large_image\" \/>\n<meta name=\"twitter:label1\" content=\"Tempo di lettura stimato\" \/>\n\t<meta name=\"twitter:data1\" content=\"6 minuti\" \/>\n<script type=\"application\/ld+json\" class=\"yoast-schema-graph\">{\"@context\":\"https:\/\/schema.org\",\"@graph\":[{\"@type\":\"WebPage\",\"@id\":\"https:\/\/rellmanfoods.com\/it\/informativa-sui-cookie\/\",\"url\":\"https:\/\/rellmanfoods.com\/it\/informativa-sui-cookie\/\",\"name\":\"Informativa sui cookie - Rellman Foods\",\"isPartOf\":{\"@id\":\"https:\/\/rellmanfoods.com\/it\/#website\"},\"datePublished\":\"2022-11-16T14:34:25+00:00\",\"dateModified\":\"2023-01-15T20:26:17+00:00\",\"breadcrumb\":{\"@id\":\"https:\/\/rellmanfoods.com\/it\/informativa-sui-cookie\/#breadcrumb\"},\"inLanguage\":\"it-IT\",\"potentialAction\":[{\"@type\":\"ReadAction\",\"target\":[\"https:\/\/rellmanfoods.com\/it\/informativa-sui-cookie\/\"]}]},{\"@type\":\"BreadcrumbList\",\"@id\":\"https:\/\/rellmanfoods.com\/it\/informativa-sui-cookie\/#breadcrumb\",\"itemListElement\":[{\"@type\":\"ListItem\",\"position\":1,\"name\":\"Portada\",\"item\":\"https:\/\/rellmanfoods.com\/it\/home\/\"},{\"@type\":\"ListItem\",\"position\":2,\"name\":\"Informativa sui cookie\"}]},{\"@type\":\"WebSite\",\"@id\":\"https:\/\/rellmanfoods.com\/it\/#website\",\"url\":\"https:\/\/rellmanfoods.com\/it\/\",\"name\":\"Rellman Foods\",\"description\":\"We select the best beef for you.\",\"publisher\":{\"@id\":\"https:\/\/rellmanfoods.com\/it\/#organization\"},\"potentialAction\":[{\"@type\":\"SearchAction\",\"target\":{\"@type\":\"EntryPoint\",\"urlTemplate\":\"https:\/\/rellmanfoods.com\/it\/?s={search_term_string}\"},\"query-input\":{\"@type\":\"PropertyValueSpecification\",\"valueRequired\":true,\"valueName\":\"search_term_string\"}}],\"inLanguage\":\"it-IT\"},{\"@type\":\"Organization\",\"@id\":\"https:\/\/rellmanfoods.com\/it\/#organization\",\"name\":\"Rellman Foods\",\"url\":\"https:\/\/rellmanfoods.com\/it\/\",\"logo\":{\"@type\":\"ImageObject\",\"inLanguage\":\"it-IT\",\"@id\":\"https:\/\/rellmanfoods.com\/it\/#\/schema\/logo\/image\/\",\"url\":\"https:\/\/i0.wp.com\/rellmanfoods.com\/wp-content\/uploads\/2022\/05\/rellman-foods-logo-full-color-vertical@2x.png?fit=1024%2C452&ssl=1\",\"contentUrl\":\"https:\/\/i0.wp.com\/rellmanfoods.com\/wp-content\/uploads\/2022\/05\/rellman-foods-logo-full-color-vertical@2x.png?fit=1024%2C452&ssl=1\",\"width\":1024,\"height\":452,\"caption\":\"Rellman Foods\"},\"image\":{\"@id\":\"https:\/\/rellmanfoods.com\/it\/#\/schema\/logo\/image\/\"},\"sameAs\":[\"https:\/\/www.facebook.com\/rellmanfoods\",\"https:\/\/www.instagram.com\/rellmanfoods\",\"https:\/\/www.linkedin.com\/company\/rellman-foods-sa\"]}]}<\/script>\n<!-- \/ Yoast SEO plugin. -->","yoast_head_json":{"title":"Informativa sui cookie - Rellman Foods","robots":{"index":"noindex","follow":"nofollow"},"og_locale":"it_IT","og_type":"article","og_title":"Informativa sui cookie - Rellman Foods","og_description":"Che cos&#8217;\u00e8 un biscotto? Un cookie \u00e8 un file che viene scaricato sul vostro computer quando accedete a determinate pagine web. I cookie consentono a una pagina web, tra le altre cose, di memorizzare e recuperare informazioni sulle abitudini di navigazione di un utente o sulla sua apparecchiatura e, a seconda delle informazioni contenute e del modo in cui viene utilizzata l&#8217;apparecchiatura, possono essere utilizzati per riconoscerlo. Tuttavia, questi supporti ottengono solo informazioni relative al numero di pagine visitate, alla citt\u00e0 a cui \u00e8 assegnato l&#8217;indirizzo IP da cui si accede, al numero di nuovi utenti, alla frequenza e alla ricorrenza delle visite, all&#8217;ora della visita, al browser o all&#8217;operatore o al tipo di terminale da cui viene effettuata la visita. In nessun caso vengono acquisiti dati su nome, cognome, indirizzo postale o altri dati simili dell&#8217;utente che si \u00e8 [&hellip;]","og_url":"https:\/\/rellmanfoods.com\/it\/informativa-sui-cookie\/","og_site_name":"Rellman Foods","article_publisher":"https:\/\/www.facebook.com\/rellmanfoods","article_modified_time":"2023-01-15T20:26:17+00:00","og_image":[{"width":1024,"height":452,"url":"https:\/\/rellmanfoods.com\/wp-content\/uploads\/2022\/05\/rellman-foods-logo-full-color-vertical@2x.png","type":"image\/png"}],"twitter_card":"summary_large_image","twitter_misc":{"Tempo di lettura stimato":"6 minuti"},"schema":{"@context":"https:\/\/schema.org","@graph":[{"@type":"WebPage","@id":"https:\/\/rellmanfoods.com\/it\/informativa-sui-cookie\/","url":"https:\/\/rellmanfoods.com\/it\/informativa-sui-cookie\/","name":"Informativa sui cookie - Rellman Foods","isPartOf":{"@id":"https:\/\/rellmanfoods.com\/it\/#website"},"datePublished":"2022-11-16T14:34:25+00:00","dateModified":"2023-01-15T20:26:17+00:00","breadcrumb":{"@id":"https:\/\/rellmanfoods.com\/it\/informativa-sui-cookie\/#breadcrumb"},"inLanguage":"it-IT","potentialAction":[{"@type":"ReadAction","target":["https:\/\/rellmanfoods.com\/it\/informativa-sui-cookie\/"]}]},{"@type":"BreadcrumbList","@id":"https:\/\/rellmanfoods.com\/it\/informativa-sui-cookie\/#breadcrumb","itemListElement":[{"@type":"ListItem","position":1,"name":"Portada","item":"https:\/\/rellmanfoods.com\/it\/home\/"},{"@type":"ListItem","position":2,"name":"Informativa sui cookie"}]},{"@type":"WebSite","@id":"https:\/\/rellmanfoods.com\/it\/#website","url":"https:\/\/rellmanfoods.com\/it\/","name":"Rellman Foods","description":"We select the best beef for you.","publisher":{"@id":"https:\/\/rellmanfoods.com\/it\/#organization"},"potentialAction":[{"@type":"SearchAction","target":{"@type":"EntryPoint","urlTemplate":"https:\/\/rellmanfoods.com\/it\/?s={search_term_string}"},"query-input":{"@type":"PropertyValueSpecification","valueRequired":true,"valueName":"search_term_string"}}],"inLanguage":"it-IT"},{"@type":"Organization","@id":"https:\/\/rellmanfoods.com\/it\/#organization","name":"Rellman Foods","url":"https:\/\/rellmanfoods.com\/it\/","logo":{"@type":"ImageObject","inLanguage":"it-IT","@id":"https:\/\/rellmanfoods.com\/it\/#\/schema\/logo\/image\/","url":"https:\/\/i0.wp.com\/rellmanfoods.com\/wp-content\/uploads\/2022\/05\/rellman-foods-logo-full-color-vertical@2x.png?fit=1024%2C452&ssl=1","contentUrl":"https:\/\/i0.wp.com\/rellmanfoods.com\/wp-content\/uploads\/2022\/05\/rellman-foods-logo-full-color-vertical@2x.png?fit=1024%2C452&ssl=1","width":1024,"height":452,"caption":"Rellman Foods"},"image":{"@id":"https:\/\/rellmanfoods.com\/it\/#\/schema\/logo\/image\/"},"sameAs":["https:\/\/www.facebook.com\/rellmanfoods","https:\/\/www.instagram.com\/rellmanfoods","https:\/\/www.linkedin.com\/company\/rellman-foods-sa"]}]}},"_links":{"self":[{"href":"https:\/\/rellmanfoods.com\/it\/wp-json\/wp\/v2\/pages\/15040","targetHints":{"allow":["GET"]}}],"collection":[{"href":"https:\/\/rellmanfoods.com\/it\/wp-json\/wp\/v2\/pages"}],"about":[{"href":"https:\/\/rellmanfoods.com\/it\/wp-json\/wp\/v2\/types\/page"}],"author":[{"embeddable":true,"href":"https:\/\/rellmanfoods.com\/it\/wp-json\/wp\/v2\/users\/1"}],"replies":[{"embeddable":true,"href":"https:\/\/rellmanfoods.com\/it\/wp-json\/wp\/v2\/comments?post=15040"}],"version-history":[{"count":1,"href":"https:\/\/rellmanfoods.com\/it\/wp-json\/wp\/v2\/pages\/15040\/revisions"}],"predecessor-version":[{"id":15041,"href":"https:\/\/rellmanfoods.com\/it\/wp-json\/wp\/v2\/pages\/15040\/revisions\/15041"}],"wp:attachment":[{"href":"https:\/\/rellmanfoods.com\/it\/wp-json\/wp\/v2\/media?parent=15040"}],"curies":[{"name":"wp","href":"https:\/\/api.w.org\/{rel}","templated":true}]}}