{"id":14891,"date":"2022-11-16T15:34:24","date_gmt":"2022-11-16T14:34:24","guid":{"rendered":"https:\/\/rellmanfoods.com\/marchi\/"},"modified":"2024-11-15T13:06:53","modified_gmt":"2024-11-15T12:06:53","slug":"marche-di-manzo","status":"publish","type":"page","link":"https:\/\/rellmanfoods.com\/it\/marche-di-manzo\/","title":{"rendered":"Marchi"},"content":{"rendered":"<div class=\"wpb-content-wrapper\"><p>[vc_row][vc_column]<div class=\"es-resp\">\t<div class=\"visible-xl\" style=\"height: 76px;\"><\/div>\t<div class=\"hidden-xl hidden-md hidden-sm hidden-ms hidden-xs\" style=\"height: 76px;\"><\/div>\t<div class=\"visible-md\" style=\"height: 76px;\"><\/div>\t<div class=\"visible-sm \" style=\"height: 76px;\"><\/div>\t<div class=\"visible-ms\" style=\"height: 76px;\"><\/div>\t<div class=\"visible-xs\" style=\"height: 76px;\"><\/div><\/div>[\/vc_column][\/vc_row][vc_row full_width=&#8221;stretch_row_content&#8221; gap=&#8221;5&#8243; equal_height=&#8221;yes&#8221;][vc_column width=&#8221;1\/4&#8243;][vc_hoverbox image=&#8221;17369&#8243; primary_title=&#8221;&#8221; hover_title=&#8221;Ceibo Beef&#8221; hover_title_font_container=&#8221;font_size:24px|color:%2369a816&#8243; hover_title_google_fonts=&#8221;font_family:Montserrat%3Aregular%2C700|font_style:400%20regular%3A400%3Anormal&#8221; hover_btn_title=&#8221;Per saperne di pi\u00f9&#8221; hover_btn_style=&#8221;custom&#8221; hover_btn_custom_background=&#8221;#69a816&#8243; hover_btn_custom_text=&#8221;#ffffff&#8221; use_custom_fonts_hover_title=&#8221;true&#8221; hover_add_button=&#8221;true&#8221; hover_btn_link=&#8221;url:https%3A%2F%2Frellmanfoods.com%2Fceibo-beef%2F|title:Marchi|&#8221;]La filosofia di Ceibo Beef \u00e8 soddisfare le esigenze dei clienti. Per questo motivo selezionano la loro carne da allevatori che dedicano gran parte del loro tempo e del loro impegno a migliorare le razze Angus e Hereford, attraverso una genetica e un&#8217;alimentazione eccellenti.<\/p>\n<p>I sui prodotti sono caratterizzati dalla palatabilit\u00e0, succosit\u00e0 e sapore.[\/vc_hoverbox][\/vc_column][vc_column width=&#8221;1\/4&#8243;][vc_hoverbox image=&#8221;15948&#8243; primary_title=&#8221;&#8221; hover_title=&#8221;Rosedale Ruby&#8221; hover_title_font_container=&#8221;font_size:24px|color:%2369a816&#8243; hover_title_google_fonts=&#8221;font_family:Montserrat%3Aregular%2C700|font_style:400%20regular%3A400%3Anormal&#8221; hover_btn_title=&#8221;Per saperne di pi\u00f9&#8221; hover_btn_style=&#8221;custom&#8221; hover_btn_custom_background=&#8221;#69a816&#8243; hover_btn_custom_text=&#8221;#ffffff&#8221; use_custom_fonts_hover_title=&#8221;true&#8221; hover_add_button=&#8221;true&#8221; hover_btn_link=&#8221;url:https%3A%2F%2Frellmanfoods.com%2Fruby-rosedale%2F|title:Rosedale%20Ruby|&#8221;]Rosedale \u00e8 uno dei primi allevatori di Charolais.<\/p>\n<p>I suoi valori sono un&#8217;allevamento di qualit\u00e0 e un forte legame con gli altri membri dell&#8217;industria dell&#8217;allevamento. Il suo bestiame si \u00e8 evoluto nel tempo, e rappresenta moderni tori Charolais adatti alle condizioni odierne del mercato.[\/vc_hoverbox][\/vc_column][vc_column width=&#8221;1\/4&#8243;][vc_hoverbox image=&#8221;17377&#8243; primary_title=&#8221;&#8221; hover_title=&#8221;Soriano&#8221; hover_title_font_container=&#8221;font_size:24px|color:%2369a816&#8243; hover_title_google_fonts=&#8221;font_family:Montserrat%3Aregular%2C700|font_style:400%20regular%3A400%3Anormal&#8221; hover_btn_title=&#8221;Per saperne di pi\u00f9&#8221; hover_btn_style=&#8221;custom&#8221; hover_btn_custom_background=&#8221;#69a816&#8243; hover_btn_custom_text=&#8221;#ffffff&#8221; use_custom_fonts_hover_title=&#8221;true&#8221; hover_add_button=&#8221;true&#8221; hover_btn_link=&#8221;url:https%3A%2F%2Frellmanfoods.com%2Fsoriano-angus%2F|title:Soriano|&#8221;]Soriano \u00e8 l&#8217;impianto frigorifero dove i controlli di qualit\u00e0 e il benessere animale sono i pilastri su cui si basano la selezione e la produzione di tagli di carne bovina premium.<\/p>\n<p>Soriano \u00e8 garanzia di carne tenera, succosa e saporita, la preferita dai consumatori.[\/vc_hoverbox][\/vc_column][vc_column width=&#8221;1\/4&#8243;][vc_hoverbox image=&#8221;17383&#8243; primary_title=&#8221;&#8221; hover_title=&#8221;La M\u00e1xima&#8221; hover_title_font_container=&#8221;font_size:24px|color:%2369a816&#8243; hover_title_google_fonts=&#8221;font_family:Montserrat%3Aregular%2C700|font_style:400%20regular%3A400%3Anormal&#8221; hover_btn_title=&#8221;Per saperne di pi\u00f9&#8221; hover_btn_style=&#8221;custom&#8221; hover_btn_custom_background=&#8221;#69a816&#8243; hover_btn_custom_text=&#8221;#ffffff&#8221; use_custom_fonts_hover_title=&#8221;true&#8221; hover_add_button=&#8221;true&#8221; hover_btn_link=&#8221;url:https%3A%2F%2Frellmanfoods.com%2Fla-maxima%2F|title:La%20M%C3%A1xima|&#8221;]<\/p>\n<div class=\"elementor-element elementor-element-5f24a0c elementor-widget elementor-widget-text-editor\" data-id=\"5f24a0c\" data-element_type=\"widget\" data-widget_type=\"text-editor.default\">\n<div class=\"elementor-widget-container\">\n<p>L&#8217;origine genuina argentina di La M\u00e1xima e la sua esperienza nella selezione dei migliori bovini di campagna sono presenti in tutti i suoi tagli di carne.<\/p>\n<p>Assaggiate il sapore autentico e la tenerezza della migliore carne di manzo argentina: Selezione di manzo alimentato a erba, standard di qualit\u00e0 e buon rapporto qualit\u00e0\/prezzo.<\/p>\n<\/div>\n<\/div>\n<p>[\/vc_hoverbox][\/vc_column][\/vc_row][vc_row][vc_column]<div class=\"es-resp\">\t<div class=\"visible-xl\" style=\"height: 76px;\"><\/div>\t<div class=\"hidden-xl hidden-md hidden-sm hidden-ms hidden-xs\" style=\"height: 76px;\"><\/div>\t<div class=\"visible-md\" style=\"height: 76px;\"><\/div>\t<div class=\"visible-sm \" style=\"height: 76px;\"><\/div>\t<div class=\"visible-ms\" style=\"height: 76px;\"><\/div>\t<div class=\"visible-xs\" style=\"height: 76px;\"><\/div><\/div>[\/vc_column][\/vc_row][vc_row full_width=&#8221;stretch_row_content&#8221; gap=&#8221;2&#8243; disable_element=&#8221;yes&#8221;][vc_column width=&#8221;1\/4&#8243;][vc_hoverbox image=&#8221;15963&#8243; primary_title=&#8221;&#8221; hover_title=&#8221;Rioplatense&#8221; hover_title_font_container=&#8221;font_size:24px|color:%2369a816&#8243; hover_title_google_fonts=&#8221;font_family:Montserrat%3Aregular%2C700|font_style:400%20regular%3A400%3Anormal&#8221; hover_btn_title=&#8221;Per saperne di pi\u00f9&#8221; hover_btn_style=&#8221;custom&#8221; hover_btn_custom_background=&#8221;#69a816&#8243; hover_btn_custom_text=&#8221;#ffffff&#8221; use_custom_fonts_hover_title=&#8221;true&#8221; hover_add_button=&#8221;true&#8221; hover_btn_link=&#8221;url:https%3A%2F%2Frellmanfoods.com%2Frioplatense%2F|title:Rioplatense|&#8221;]Dal 1974, Rioplatense \u00e8 stata una delle pricipali aziende di lavorazione della carne bovina in Argentina.<\/p>\n<p>La qualit\u00e0 dei suoi prodotti \u00e8 garantita dalla selezione delle migliori razze Britanniche Argentine, Angus ed Hereford, e dalla sua posizione.[\/vc_hoverbox][\/vc_column][vc_column width=&#8221;1\/4&#8243;][vc_hoverbox image=&#8221;15968&#8243; primary_title=&#8221;&#8221; hover_title=&#8221;Urien Loza&#8221; hover_title_font_container=&#8221;font_size:24px|color:%2369a816&#8243; hover_title_google_fonts=&#8221;font_family:Montserrat%3Aregular%2C700|font_style:400%20regular%3A400%3Anormal&#8221; hover_btn_title=&#8221;Per saperne di pi\u00f9&#8221; hover_btn_style=&#8221;custom&#8221; hover_btn_custom_background=&#8221;#69a816&#8243; hover_btn_custom_text=&#8221;#ffffff&#8221; use_custom_fonts_hover_title=&#8221;true&#8221; hover_add_button=&#8221;true&#8221; hover_btn_link=&#8221;url:https%3A%2F%2Frellmanfoods.com%2Furien-loza%2F|title:Urien%20Loza|&#8221;]Con oltre 25 anni di storia, si impegna ad allevare e vendere la carne migliore.<\/p>\n<p>Il valore principale di Urien Loza \u00e8 il suo club di produttori. Selezionano la miglior carne delle regioni argentine per offrire la garanzia di un manzo ottimale.[\/vc_hoverbox][\/vc_column][vc_column width=&#8221;1\/4&#8243;][vc_hoverbox image=&#8221;17389&#8243; primary_title=&#8221;&#8221; primary_title_font_container=&#8221;color:%23ffffff&#8221; primary_title_google_fonts=&#8221;font_family:Montserrat%3Aregular%2C700|font_style:400%20regular%3A400%3Anormal&#8221; hover_title=&#8221;Las Moras&#8221; hover_title_font_container=&#8221;font_size:24px|color:%2369a816&#8243; hover_title_google_fonts=&#8221;font_family:Montserrat%3Aregular%2C700|font_style:400%20regular%3A400%3Anormal&#8221; hover_btn_title=&#8221;Per saperne di pi\u00f9&#8221; hover_btn_style=&#8221;custom&#8221; hover_btn_custom_background=&#8221;#69a816&#8243; hover_btn_custom_text=&#8221;#ffffff&#8221; use_custom_fonts_primary_title=&#8221;true&#8221; use_custom_fonts_hover_title=&#8221;true&#8221; hover_add_button=&#8221;true&#8221; hover_btn_link=&#8221;url:https%3A%2F%2Frellmanfoods.com%2Flas-moras%2F|title:Las%20Moras|&#8221;]La sua filosofia si basa su tradizione e passione, con lo scopo di offrire carne della miglior qualit\u00e0 in tutto il mondo.<\/p>\n<p>Las Moras \u00e8 un riferimento nell&#8217;industria della carne in Uruguay, una famiglia che ha fatto suo il proposito di creare un futuro migliore per tutti.[\/vc_hoverbox][\/vc_column][vc_column width=&#8221;1\/4&#8243;][vc_hoverbox image=&#8221;15978&#8243; primary_title=&#8221;&#8221; hover_title=&#8221;Ojo de Agua&#8221; hover_title_font_container=&#8221;font_size:24px|color:%2369a816&#8243; hover_title_google_fonts=&#8221;font_family:Montserrat%3Aregular%2C700|font_style:400%20regular%3A400%3Anormal&#8221; hover_btn_title=&#8221;Per saperne di pi\u00f9&#8221; hover_btn_style=&#8221;custom&#8221; hover_btn_custom_background=&#8221;#69a816&#8243; hover_btn_custom_text=&#8221;#ffffff&#8221; use_custom_fonts_hover_title=&#8221;true&#8221; hover_add_button=&#8221;true&#8221; hover_btn_link=&#8221;url:https%3A%2F%2Frellmanfoods.com%2Fojo-de-agua%2F|title:Ojo%20de%20Agua|&#8221;]I gaucho si occupano di 70.000 ettari di terra agricola sostenibile, dove oltre 10.000 capi di Angus ed Hereford possono pascolare liberamente.<\/p>\n<p>Producono carne con un&#8217;anima come risultato della loro gestione genetica, fase finale e gestione consapevole del bestiame.[\/vc_hoverbox][\/vc_column][\/vc_row][vc_row][vc_column]<div class=\"es-resp\">\t<div class=\"visible-xl\" style=\"height: 76px;\"><\/div>\t<div class=\"hidden-xl hidden-md hidden-sm hidden-ms hidden-xs\" style=\"height: 76px;\"><\/div>\t<div class=\"visible-md\" style=\"height: 76px;\"><\/div>\t<div class=\"visible-sm \" style=\"height: 76px;\"><\/div>\t<div class=\"visible-ms\" style=\"height: 76px;\"><\/div>\t<div class=\"visible-xs\" style=\"height: 76px;\"><\/div><\/div>[\/vc_column][\/vc_row]<\/p>\n<\/div>","protected":false},"excerpt":{"rendered":"<p>[vc_row][vc_column][\/vc_column][\/vc_row][vc_row full_width=&#8221;stretch_row_content&#8221; gap=&#8221;5&#8243; equal_height=&#8221;yes&#8221;][vc_column width=&#8221;1\/4&#8243;][vc_hoverbox image=&#8221;17369&#8243; primary_title=&#8221;&#8221; hover_title=&#8221;Ceibo Beef&#8221; hover_title_font_container=&#8221;font_size:24px|color:%2369a816&#8243; hover_title_google_fonts=&#8221;font_family:Montserrat%3Aregular%2C700|font_style:400%20regular%3A400%3Anormal&#8221; hover_btn_title=&#8221;Per saperne di pi\u00f9&#8221; hover_btn_style=&#8221;custom&#8221; hover_btn_custom_background=&#8221;#69a816&#8243; hover_btn_custom_text=&#8221;#ffffff&#8221; use_custom_fonts_hover_title=&#8221;true&#8221; hover_add_button=&#8221;true&#8221; hover_btn_link=&#8221;url:https%3A%2F%2Frellmanfoods.com%2Fceibo-beef%2F|title:Marchi|&#8221;]La filosofia di Ceibo Beef \u00e8 soddisfare le esigenze dei clienti. Per questo motivo selezionano la loro carne da allevatori che dedicano gran parte del loro tempo e del loro impegno a migliorare le razze Angus e Hereford, attraverso una genetica e un&#8217;alimentazione eccellenti. I sui prodotti sono caratterizzati dalla palatabilit\u00e0, succosit\u00e0 e sapore.[\/vc_hoverbox][\/vc_column][vc_column width=&#8221;1\/4&#8243;][vc_hoverbox image=&#8221;15948&#8243; primary_title=&#8221;&#8221; hover_title=&#8221;Rosedale Ruby&#8221; hover_title_font_container=&#8221;font_size:24px|color:%2369a816&#8243; hover_title_google_fonts=&#8221;font_family:Montserrat%3Aregular%2C700|font_style:400%20regular%3A400%3Anormal&#8221; hover_btn_title=&#8221;Per saperne di pi\u00f9&#8221; hover_btn_style=&#8221;custom&#8221; hover_btn_custom_background=&#8221;#69a816&#8243; hover_btn_custom_text=&#8221;#ffffff&#8221; use_custom_fonts_hover_title=&#8221;true&#8221; hover_add_button=&#8221;true&#8221; hover_btn_link=&#8221;url:https%3A%2F%2Frellmanfoods.com%2Fruby-rosedale%2F|title:Rosedale%20Ruby|&#8221;]Rosedale \u00e8 uno dei primi allevatori di Charolais. I suoi valori sono un&#8217;allevamento di qualit\u00e0 e un forte legame con gli altri membri dell&#8217;industria dell&#8217;allevamento. Il suo bestiame si \u00e8 evoluto nel tempo, e rappresenta moderni tori Charolais adatti alle condizioni odierne del mercato.[\/vc_hoverbox][\/vc_column][vc_column width=&#8221;1\/4&#8243;][vc_hoverbox image=&#8221;17377&#8243; primary_title=&#8221;&#8221; hover_title=&#8221;Soriano&#8221; hover_title_font_container=&#8221;font_size:24px|color:%2369a816&#8243; hover_title_google_fonts=&#8221;font_family:Montserrat%3Aregular%2C700|font_style:400%20regular%3A400%3Anormal&#8221; [&hellip;]<\/p>\n","protected":false},"author":1,"featured_media":0,"parent":0,"menu_order":0,"comment_status":"closed","ping_status":"closed","template":"","meta":{"footnotes":""},"class_list":["post-14891","page","type-page","status-publish","hentry"],"yoast_head":"<!-- This site is optimized with the Yoast SEO plugin v26.9 - https:\/\/yoast.com\/product\/yoast-seo-wordpress\/ -->\n<title>Manzo Marchi - Rellman Foods<\/title>\n<meta name=\"description\" content=\"Marchi di carne bovina per l&#039;Europa - Rellman Foods, importatore riconosciuto di carne bovina, vi propone i migliori marchi da tutto il mondo - Qualit\u00e0 garantita\" \/>\n<meta name=\"robots\" content=\"index, follow, max-snippet:-1, max-image-preview:large, max-video-preview:-1\" \/>\n<link rel=\"canonical\" href=\"https:\/\/rellmanfoods.com\/it\/marche-di-manzo\/\" \/>\n<meta property=\"og:locale\" content=\"it_IT\" \/>\n<meta property=\"og:type\" content=\"article\" \/>\n<meta property=\"og:title\" content=\"Manzo Marchi - Rellman Foods\" \/>\n<meta property=\"og:description\" content=\"Marchi di carne bovina per l&#039;Europa - Rellman Foods, importatore riconosciuto di carne bovina, vi propone i migliori marchi da tutto il mondo - Qualit\u00e0 garantita\" \/>\n<meta property=\"og:url\" content=\"https:\/\/rellmanfoods.com\/it\/marche-di-manzo\/\" \/>\n<meta property=\"og:site_name\" content=\"Rellman Foods\" \/>\n<meta property=\"article:publisher\" content=\"https:\/\/www.facebook.com\/rellmanfoods\" \/>\n<meta property=\"article:modified_time\" content=\"2024-11-15T12:06:53+00:00\" \/>\n<meta property=\"og:image\" content=\"https:\/\/rellmanfoods.com\/wp-content\/uploads\/2022\/05\/rellman-foods-logo-full-color-vertical@2x.png\" \/>\n\t<meta property=\"og:image:width\" content=\"1024\" \/>\n\t<meta property=\"og:image:height\" content=\"452\" \/>\n\t<meta property=\"og:image:type\" content=\"image\/png\" \/>\n<meta name=\"twitter:card\" content=\"summary_large_image\" \/>\n<meta name=\"twitter:label1\" content=\"Tempo di lettura stimato\" \/>\n\t<meta name=\"twitter:data1\" content=\"6 minuti\" \/>\n<script type=\"application\/ld+json\" class=\"yoast-schema-graph\">{\"@context\":\"https:\/\/schema.org\",\"@graph\":[{\"@type\":\"WebPage\",\"@id\":\"https:\/\/rellmanfoods.com\/it\/marche-di-manzo\/\",\"url\":\"https:\/\/rellmanfoods.com\/it\/marche-di-manzo\/\",\"name\":\"Manzo Marchi - Rellman Foods\",\"isPartOf\":{\"@id\":\"https:\/\/rellmanfoods.com\/it\/#website\"},\"datePublished\":\"2022-11-16T14:34:24+00:00\",\"dateModified\":\"2024-11-15T12:06:53+00:00\",\"description\":\"Marchi di carne bovina per l'Europa - Rellman Foods, importatore riconosciuto di carne bovina, vi propone i migliori marchi da tutto il mondo - Qualit\u00e0 garantita\",\"breadcrumb\":{\"@id\":\"https:\/\/rellmanfoods.com\/it\/marche-di-manzo\/#breadcrumb\"},\"inLanguage\":\"it-IT\",\"potentialAction\":[{\"@type\":\"ReadAction\",\"target\":[\"https:\/\/rellmanfoods.com\/it\/marche-di-manzo\/\"]}]},{\"@type\":\"BreadcrumbList\",\"@id\":\"https:\/\/rellmanfoods.com\/it\/marche-di-manzo\/#breadcrumb\",\"itemListElement\":[{\"@type\":\"ListItem\",\"position\":1,\"name\":\"Portada\",\"item\":\"https:\/\/rellmanfoods.com\/it\/home\/\"},{\"@type\":\"ListItem\",\"position\":2,\"name\":\"Marchi\"}]},{\"@type\":\"WebSite\",\"@id\":\"https:\/\/rellmanfoods.com\/it\/#website\",\"url\":\"https:\/\/rellmanfoods.com\/it\/\",\"name\":\"Rellman Foods\",\"description\":\"We select the best beef for you.\",\"publisher\":{\"@id\":\"https:\/\/rellmanfoods.com\/it\/#organization\"},\"potentialAction\":[{\"@type\":\"SearchAction\",\"target\":{\"@type\":\"EntryPoint\",\"urlTemplate\":\"https:\/\/rellmanfoods.com\/it\/?s={search_term_string}\"},\"query-input\":{\"@type\":\"PropertyValueSpecification\",\"valueRequired\":true,\"valueName\":\"search_term_string\"}}],\"inLanguage\":\"it-IT\"},{\"@type\":\"Organization\",\"@id\":\"https:\/\/rellmanfoods.com\/it\/#organization\",\"name\":\"Rellman Foods\",\"url\":\"https:\/\/rellmanfoods.com\/it\/\",\"logo\":{\"@type\":\"ImageObject\",\"inLanguage\":\"it-IT\",\"@id\":\"https:\/\/rellmanfoods.com\/it\/#\/schema\/logo\/image\/\",\"url\":\"https:\/\/i0.wp.com\/rellmanfoods.com\/wp-content\/uploads\/2022\/05\/rellman-foods-logo-full-color-vertical@2x.png?fit=1024%2C452&ssl=1\",\"contentUrl\":\"https:\/\/i0.wp.com\/rellmanfoods.com\/wp-content\/uploads\/2022\/05\/rellman-foods-logo-full-color-vertical@2x.png?fit=1024%2C452&ssl=1\",\"width\":1024,\"height\":452,\"caption\":\"Rellman Foods\"},\"image\":{\"@id\":\"https:\/\/rellmanfoods.com\/it\/#\/schema\/logo\/image\/\"},\"sameAs\":[\"https:\/\/www.facebook.com\/rellmanfoods\",\"https:\/\/www.instagram.com\/rellmanfoods\",\"https:\/\/www.linkedin.com\/company\/rellman-foods-sa\"]}]}<\/script>\n<!-- \/ Yoast SEO plugin. -->","yoast_head_json":{"title":"Manzo Marchi - Rellman Foods","description":"Marchi di carne bovina per l'Europa - Rellman Foods, importatore riconosciuto di carne bovina, vi propone i migliori marchi da tutto il mondo - Qualit\u00e0 garantita","robots":{"index":"index","follow":"follow","max-snippet":"max-snippet:-1","max-image-preview":"max-image-preview:large","max-video-preview":"max-video-preview:-1"},"canonical":"https:\/\/rellmanfoods.com\/it\/marche-di-manzo\/","og_locale":"it_IT","og_type":"article","og_title":"Manzo Marchi - Rellman Foods","og_description":"Marchi di carne bovina per l'Europa - Rellman Foods, importatore riconosciuto di carne bovina, vi propone i migliori marchi da tutto il mondo - Qualit\u00e0 garantita","og_url":"https:\/\/rellmanfoods.com\/it\/marche-di-manzo\/","og_site_name":"Rellman Foods","article_publisher":"https:\/\/www.facebook.com\/rellmanfoods","article_modified_time":"2024-11-15T12:06:53+00:00","og_image":[{"width":1024,"height":452,"url":"https:\/\/rellmanfoods.com\/wp-content\/uploads\/2022\/05\/rellman-foods-logo-full-color-vertical@2x.png","type":"image\/png"}],"twitter_card":"summary_large_image","twitter_misc":{"Tempo di lettura stimato":"6 minuti"},"schema":{"@context":"https:\/\/schema.org","@graph":[{"@type":"WebPage","@id":"https:\/\/rellmanfoods.com\/it\/marche-di-manzo\/","url":"https:\/\/rellmanfoods.com\/it\/marche-di-manzo\/","name":"Manzo Marchi - Rellman Foods","isPartOf":{"@id":"https:\/\/rellmanfoods.com\/it\/#website"},"datePublished":"2022-11-16T14:34:24+00:00","dateModified":"2024-11-15T12:06:53+00:00","description":"Marchi di carne bovina per l'Europa - Rellman Foods, importatore riconosciuto di carne bovina, vi propone i migliori marchi da tutto il mondo - Qualit\u00e0 garantita","breadcrumb":{"@id":"https:\/\/rellmanfoods.com\/it\/marche-di-manzo\/#breadcrumb"},"inLanguage":"it-IT","potentialAction":[{"@type":"ReadAction","target":["https:\/\/rellmanfoods.com\/it\/marche-di-manzo\/"]}]},{"@type":"BreadcrumbList","@id":"https:\/\/rellmanfoods.com\/it\/marche-di-manzo\/#breadcrumb","itemListElement":[{"@type":"ListItem","position":1,"name":"Portada","item":"https:\/\/rellmanfoods.com\/it\/home\/"},{"@type":"ListItem","position":2,"name":"Marchi"}]},{"@type":"WebSite","@id":"https:\/\/rellmanfoods.com\/it\/#website","url":"https:\/\/rellmanfoods.com\/it\/","name":"Rellman Foods","description":"We select the best beef for you.","publisher":{"@id":"https:\/\/rellmanfoods.com\/it\/#organization"},"potentialAction":[{"@type":"SearchAction","target":{"@type":"EntryPoint","urlTemplate":"https:\/\/rellmanfoods.com\/it\/?s={search_term_string}"},"query-input":{"@type":"PropertyValueSpecification","valueRequired":true,"valueName":"search_term_string"}}],"inLanguage":"it-IT"},{"@type":"Organization","@id":"https:\/\/rellmanfoods.com\/it\/#organization","name":"Rellman Foods","url":"https:\/\/rellmanfoods.com\/it\/","logo":{"@type":"ImageObject","inLanguage":"it-IT","@id":"https:\/\/rellmanfoods.com\/it\/#\/schema\/logo\/image\/","url":"https:\/\/i0.wp.com\/rellmanfoods.com\/wp-content\/uploads\/2022\/05\/rellman-foods-logo-full-color-vertical@2x.png?fit=1024%2C452&ssl=1","contentUrl":"https:\/\/i0.wp.com\/rellmanfoods.com\/wp-content\/uploads\/2022\/05\/rellman-foods-logo-full-color-vertical@2x.png?fit=1024%2C452&ssl=1","width":1024,"height":452,"caption":"Rellman Foods"},"image":{"@id":"https:\/\/rellmanfoods.com\/it\/#\/schema\/logo\/image\/"},"sameAs":["https:\/\/www.facebook.com\/rellmanfoods","https:\/\/www.instagram.com\/rellmanfoods","https:\/\/www.linkedin.com\/company\/rellman-foods-sa"]}]}},"_links":{"self":[{"href":"https:\/\/rellmanfoods.com\/it\/wp-json\/wp\/v2\/pages\/14891","targetHints":{"allow":["GET"]}}],"collection":[{"href":"https:\/\/rellmanfoods.com\/it\/wp-json\/wp\/v2\/pages"}],"about":[{"href":"https:\/\/rellmanfoods.com\/it\/wp-json\/wp\/v2\/types\/page"}],"author":[{"embeddable":true,"href":"https:\/\/rellmanfoods.com\/it\/wp-json\/wp\/v2\/users\/1"}],"replies":[{"embeddable":true,"href":"https:\/\/rellmanfoods.com\/it\/wp-json\/wp\/v2\/comments?post=14891"}],"version-history":[{"count":24,"href":"https:\/\/rellmanfoods.com\/it\/wp-json\/wp\/v2\/pages\/14891\/revisions"}],"predecessor-version":[{"id":17446,"href":"https:\/\/rellmanfoods.com\/it\/wp-json\/wp\/v2\/pages\/14891\/revisions\/17446"}],"wp:attachment":[{"href":"https:\/\/rellmanfoods.com\/it\/wp-json\/wp\/v2\/media?parent=14891"}],"curies":[{"name":"wp","href":"https:\/\/api.w.org\/{rel}","templated":true}]}}