{"id":15151,"date":"2021-08-03T14:45:18","date_gmt":"2021-08-03T12:45:18","guid":{"rendered":"https:\/\/rellmanfoods.com\/product\/rond-de-gite\/"},"modified":"2023-06-13T13:12:04","modified_gmt":"2023-06-13T11:12:04","slug":"rond-de-gite","status":"publish","type":"product","link":"https:\/\/rellmanfoods.com\/fr\/produit\/rond-de-gite\/","title":{"rendered":"Rond de Gite"},"content":{"rendered":"<div class=\"wpb-content-wrapper\"><p>[vc_row][vc_column][vc_tta_tabs section_title_tag=\u00a0\u00bbp\u00a0\u00bb style=\u00a0\u00bbmodern\u00a0\u00bb active_section=\u00a0\u00bb1&Prime;][vc_tta_section title=\u00a0\u00bbD\u00e9tails du produit\u00a0\u00bb tab_id=\u00a0\u00bb1659535319850-36285157-5961&Prime;]\u00a0<ul class=\"ltx-block-icon  has-descr  icons-count-8 align-center ltx-icon-color-main ltx-icon-size-default ltx-header-color-default ltx-icon-type-transparent ltx-bg-color-transparent layout-cols4 ltx-icon-top  row centered\"  id=\"like_sc_block_icon_642696574\"><li class=\" col-lg-3 col-md-4 col-sm-6 col-ms-6 col-xs-6\" ><div   class=\"in\"><span class=\"ltx-icon fas fa-globe-americas bg-transparent\"><\/span> <h6 class=\"header\"> Origines <\/h6> <div class=\"descr\">Argentine, Uruguay, Australie, Irlande et Pologne<\/div><\/div><\/li><li class=\" col-lg-3 col-md-4 col-sm-6 col-ms-6 col-xs-6\" ><div   class=\"in\"><span class=\"ltx-icon icon-temperature bg-transparent\"><\/span> <h6 class=\"header\"> Temp\u00e9ratures de stockage <\/h6> <div class=\"descr\">R\u00e9frig\u00e9r\u00e9 -1\u00ba\/+2\u00ba et congel\u00e9 -18\u00ba<\/div><\/div><\/li><li class=\" col-lg-3 col-md-4 col-sm-6 col-ms-6 col-xs-6\" ><div   class=\"in\"><span class=\"ltx-icon icon-cow bg-transparent\"><\/span> <h6 class=\"header\"> Esp\u00e8ce <\/h6> <div class=\"descr\">Bovin<\/div><\/div><\/li><li class=\" col-lg-3 col-md-4 col-sm-6 col-ms-6 col-xs-6\" ><div   class=\"in\"><span class=\"ltx-icon fas fa-certificate bg-transparent\"><\/span> <h6 class=\"header\"> Species <\/h6> <div class=\"descr\">High Quality Beef<\/div><\/div><\/li><li class=\" col-lg-3 col-md-4 col-sm-6 col-ms-6 col-xs-6\" ><div   class=\"in\"><span class=\"ltx-icon fas fa-redo bg-transparent\"><\/span> <h6 class=\"header\"> Dur\u00e9e de conservation <\/h6> <div class=\"descr\">Refrigerated 120 jours \/ Congel\u00e9 18 mois<\/div><\/div><\/li><li class=\" col-lg-3 col-md-4 col-sm-6 col-ms-6 col-xs-6\" ><div   class=\"in\"><span class=\"ltx-icon icon-certification bg-transparent\"><\/span> <h6 class=\"header\"> Race <\/h6> <div class=\"descr\">Angus \/ Hereford<\/div><\/div><\/li><li class=\" col-lg-3 col-md-4 col-sm-6 col-ms-6 col-xs-6\" ><div   class=\"in\"><span class=\"ltx-icon fas fa-balance-scale bg-transparent\"><\/span> <h6 class=\"header\"> Poids par pi\u00e8ce <\/h6> <div class=\"descr\">1,65 \u00e0 2,10 kg<\/div><\/div><\/li><li class=\" col-lg-3 col-md-4 col-sm-6 col-ms-6 col-xs-6\" ><div   class=\"in\"><span class=\"ltx-icon fas fa-arrows-alt-h bg-transparent\"><\/span> <h6 class=\"header\"> Calibre <\/h6> <div class=\"descr\">No calibre<\/div><\/div><\/li><\/ul>[\/vc_tta_section][vc_tta_section title=\u00a0\u00bbLocalisation anatomique\u00a0\u00bb tab_id=\u00a0\u00bb1659535293905-a8a3f4eb-9e43&Prime;][vc_column_text]<strong>Quartier arri\u00e8re.<\/strong><br \/>\nCette d\u00e9coupe est flanqu\u00e9e dans sa partie ant\u00e9rieure par la carcasse de la queue, dans sa partie inf\u00e9rieure par le muscle du talon, et dans sa partie ant\u00e9rieure par le rumpsteck.[\/vc_column_text][vc_empty_space][vc_single_image image=\u00a0\u00bb14148&Prime; img_size=\u00a0\u00bbmedium\u00a0\u00bb alignment=\u00a0\u00bbcenter\u00a0\u00bb inline=\u00a0\u00bbinline\u00a0\u00bb][\/vc_tta_section][\/vc_tta_tabs][\/vc_column][\/vc_row]<\/p>\n<\/div>","protected":false},"excerpt":{"rendered":"<h4 style=\"text-align: left; padding-left: 80px;\">Rond de Gite<\/h4>\n<p style=\"text-align: left; padding-left: 80px;\"><strong><span class=\"text-md\"><span class=\"color-main\">Peceto<br \/>\nSeemerolle<br \/>\nRedondo<br \/>\nEyeround<br \/>\nMagatello<br \/>\n<\/span><\/span><\/strong><\/p>\n","protected":false},"featured_media":16056,"template":"","meta":[],"product_brand":[],"product_cat":[488],"product_tag":[],"class_list":{"0":"post-15151","1":"product","2":"type-product","3":"status-publish","4":"has-post-thumbnail","6":"product_cat-quartier-arriere","9":"first","10":"instock","11":"shipping-taxable","12":"product-type-simple"},"yoast_head":"<!-- This site is optimized with the Yoast SEO plugin v26.9 - https:\/\/yoast.com\/product\/yoast-seo-wordpress\/ -->\n<title>Rond de Gite - Rellman Foods<\/title>\n<meta name=\"robots\" content=\"index, follow, max-snippet:-1, max-image-preview:large, max-video-preview:-1\" \/>\n<link rel=\"canonical\" href=\"https:\/\/rellmanfoods.com\/fr\/produit\/rond-de-gite\/\" \/>\n<meta property=\"og:locale\" content=\"fr_FR\" \/>\n<meta property=\"og:type\" content=\"article\" \/>\n<meta property=\"og:title\" content=\"Rond de Gite - Rellman Foods\" \/>\n<meta property=\"og:description\" content=\"Rond de Gite Peceto Seemerolle Redondo Eyeround Magatello\" \/>\n<meta property=\"og:url\" content=\"https:\/\/rellmanfoods.com\/fr\/produit\/rond-de-gite\/\" \/>\n<meta property=\"og:site_name\" content=\"Rellman Foods\" \/>\n<meta property=\"article:publisher\" content=\"https:\/\/www.facebook.com\/rellmanfoods\" \/>\n<meta property=\"article:modified_time\" content=\"2023-06-13T11:12:04+00:00\" \/>\n<meta property=\"og:image\" content=\"https:\/\/rellmanfoods.com\/wp-content\/uploads\/2023\/04\/Eyeround_Front_web_Fblanco-e1681387899964.jpg\" \/>\n\t<meta property=\"og:image:width\" content=\"1344\" \/>\n\t<meta property=\"og:image:height\" content=\"896\" \/>\n\t<meta property=\"og:image:type\" content=\"image\/jpeg\" \/>\n<meta name=\"twitter:card\" content=\"summary_large_image\" \/>\n<meta name=\"twitter:label1\" content=\"Dur\u00e9e de lecture estim\u00e9e\" \/>\n\t<meta name=\"twitter:data1\" content=\"1 minute\" \/>\n<script type=\"application\/ld+json\" class=\"yoast-schema-graph\">{\"@context\":\"https:\/\/schema.org\",\"@graph\":[{\"@type\":\"WebPage\",\"@id\":\"https:\/\/rellmanfoods.com\/fr\/produit\/rond-de-gite\/\",\"url\":\"https:\/\/rellmanfoods.com\/fr\/produit\/rond-de-gite\/\",\"name\":\"Rond de Gite - Rellman Foods\",\"isPartOf\":{\"@id\":\"https:\/\/rellmanfoods.com\/fr\/#website\"},\"primaryImageOfPage\":{\"@id\":\"https:\/\/rellmanfoods.com\/fr\/produit\/rond-de-gite\/#primaryimage\"},\"image\":{\"@id\":\"https:\/\/rellmanfoods.com\/fr\/produit\/rond-de-gite\/#primaryimage\"},\"thumbnailUrl\":\"https:\/\/rellmanfoods.com\/wp-content\/uploads\/2023\/04\/Eyeround_Front_web_Fblanco-e1681387899964.jpg\",\"datePublished\":\"2021-08-03T12:45:18+00:00\",\"dateModified\":\"2023-06-13T11:12:04+00:00\",\"breadcrumb\":{\"@id\":\"https:\/\/rellmanfoods.com\/fr\/produit\/rond-de-gite\/#breadcrumb\"},\"inLanguage\":\"fr-FR\",\"potentialAction\":[{\"@type\":\"ReadAction\",\"target\":[\"https:\/\/rellmanfoods.com\/fr\/produit\/rond-de-gite\/\"]}]},{\"@type\":\"ImageObject\",\"inLanguage\":\"fr-FR\",\"@id\":\"https:\/\/rellmanfoods.com\/fr\/produit\/rond-de-gite\/#primaryimage\",\"url\":\"https:\/\/rellmanfoods.com\/wp-content\/uploads\/2023\/04\/Eyeround_Front_web_Fblanco-e1681387899964.jpg\",\"contentUrl\":\"https:\/\/rellmanfoods.com\/wp-content\/uploads\/2023\/04\/Eyeround_Front_web_Fblanco-e1681387899964.jpg\",\"width\":1344,\"height\":896,\"caption\":\"Eyeround beef\"},{\"@type\":\"BreadcrumbList\",\"@id\":\"https:\/\/rellmanfoods.com\/fr\/produit\/rond-de-gite\/#breadcrumb\",\"itemListElement\":[{\"@type\":\"ListItem\",\"position\":1,\"name\":\"Portada\",\"item\":\"https:\/\/rellmanfoods.com\/fr\/accueil\/\"},{\"@type\":\"ListItem\",\"position\":2,\"name\":\"Produits\",\"item\":\"https:\/\/rellmanfoods.com\/fr\/shop\/\"},{\"@type\":\"ListItem\",\"position\":3,\"name\":\"Rond de Gite\"}]},{\"@type\":\"WebSite\",\"@id\":\"https:\/\/rellmanfoods.com\/fr\/#website\",\"url\":\"https:\/\/rellmanfoods.com\/fr\/\",\"name\":\"Rellman Foods\",\"description\":\"We select the best beef for you.\",\"publisher\":{\"@id\":\"https:\/\/rellmanfoods.com\/fr\/#organization\"},\"potentialAction\":[{\"@type\":\"SearchAction\",\"target\":{\"@type\":\"EntryPoint\",\"urlTemplate\":\"https:\/\/rellmanfoods.com\/fr\/?s={search_term_string}\"},\"query-input\":{\"@type\":\"PropertyValueSpecification\",\"valueRequired\":true,\"valueName\":\"search_term_string\"}}],\"inLanguage\":\"fr-FR\"},{\"@type\":\"Organization\",\"@id\":\"https:\/\/rellmanfoods.com\/fr\/#organization\",\"name\":\"Rellman Foods\",\"url\":\"https:\/\/rellmanfoods.com\/fr\/\",\"logo\":{\"@type\":\"ImageObject\",\"inLanguage\":\"fr-FR\",\"@id\":\"https:\/\/rellmanfoods.com\/fr\/#\/schema\/logo\/image\/\",\"url\":\"https:\/\/i0.wp.com\/rellmanfoods.com\/wp-content\/uploads\/2022\/05\/rellman-foods-logo-full-color-vertical@2x.png?fit=1024%2C452&ssl=1\",\"contentUrl\":\"https:\/\/i0.wp.com\/rellmanfoods.com\/wp-content\/uploads\/2022\/05\/rellman-foods-logo-full-color-vertical@2x.png?fit=1024%2C452&ssl=1\",\"width\":1024,\"height\":452,\"caption\":\"Rellman Foods\"},\"image\":{\"@id\":\"https:\/\/rellmanfoods.com\/fr\/#\/schema\/logo\/image\/\"},\"sameAs\":[\"https:\/\/www.facebook.com\/rellmanfoods\",\"https:\/\/www.instagram.com\/rellmanfoods\",\"https:\/\/www.linkedin.com\/company\/rellman-foods-sa\"]}]}<\/script>\n<!-- \/ Yoast SEO plugin. -->","yoast_head_json":{"title":"Rond de Gite - Rellman Foods","robots":{"index":"index","follow":"follow","max-snippet":"max-snippet:-1","max-image-preview":"max-image-preview:large","max-video-preview":"max-video-preview:-1"},"canonical":"https:\/\/rellmanfoods.com\/fr\/produit\/rond-de-gite\/","og_locale":"fr_FR","og_type":"article","og_title":"Rond de Gite - Rellman Foods","og_description":"Rond de Gite Peceto Seemerolle Redondo Eyeround Magatello","og_url":"https:\/\/rellmanfoods.com\/fr\/produit\/rond-de-gite\/","og_site_name":"Rellman Foods","article_publisher":"https:\/\/www.facebook.com\/rellmanfoods","article_modified_time":"2023-06-13T11:12:04+00:00","og_image":[{"width":1344,"height":896,"url":"https:\/\/rellmanfoods.com\/wp-content\/uploads\/2023\/04\/Eyeround_Front_web_Fblanco-e1681387899964.jpg","type":"image\/jpeg"}],"twitter_card":"summary_large_image","twitter_misc":{"Dur\u00e9e de lecture estim\u00e9e":"1 minute"},"schema":{"@context":"https:\/\/schema.org","@graph":[{"@type":"WebPage","@id":"https:\/\/rellmanfoods.com\/fr\/produit\/rond-de-gite\/","url":"https:\/\/rellmanfoods.com\/fr\/produit\/rond-de-gite\/","name":"Rond de Gite - Rellman Foods","isPartOf":{"@id":"https:\/\/rellmanfoods.com\/fr\/#website"},"primaryImageOfPage":{"@id":"https:\/\/rellmanfoods.com\/fr\/produit\/rond-de-gite\/#primaryimage"},"image":{"@id":"https:\/\/rellmanfoods.com\/fr\/produit\/rond-de-gite\/#primaryimage"},"thumbnailUrl":"https:\/\/rellmanfoods.com\/wp-content\/uploads\/2023\/04\/Eyeround_Front_web_Fblanco-e1681387899964.jpg","datePublished":"2021-08-03T12:45:18+00:00","dateModified":"2023-06-13T11:12:04+00:00","breadcrumb":{"@id":"https:\/\/rellmanfoods.com\/fr\/produit\/rond-de-gite\/#breadcrumb"},"inLanguage":"fr-FR","potentialAction":[{"@type":"ReadAction","target":["https:\/\/rellmanfoods.com\/fr\/produit\/rond-de-gite\/"]}]},{"@type":"ImageObject","inLanguage":"fr-FR","@id":"https:\/\/rellmanfoods.com\/fr\/produit\/rond-de-gite\/#primaryimage","url":"https:\/\/rellmanfoods.com\/wp-content\/uploads\/2023\/04\/Eyeround_Front_web_Fblanco-e1681387899964.jpg","contentUrl":"https:\/\/rellmanfoods.com\/wp-content\/uploads\/2023\/04\/Eyeround_Front_web_Fblanco-e1681387899964.jpg","width":1344,"height":896,"caption":"Eyeround beef"},{"@type":"BreadcrumbList","@id":"https:\/\/rellmanfoods.com\/fr\/produit\/rond-de-gite\/#breadcrumb","itemListElement":[{"@type":"ListItem","position":1,"name":"Portada","item":"https:\/\/rellmanfoods.com\/fr\/accueil\/"},{"@type":"ListItem","position":2,"name":"Produits","item":"https:\/\/rellmanfoods.com\/fr\/shop\/"},{"@type":"ListItem","position":3,"name":"Rond de Gite"}]},{"@type":"WebSite","@id":"https:\/\/rellmanfoods.com\/fr\/#website","url":"https:\/\/rellmanfoods.com\/fr\/","name":"Rellman Foods","description":"We select the best beef for you.","publisher":{"@id":"https:\/\/rellmanfoods.com\/fr\/#organization"},"potentialAction":[{"@type":"SearchAction","target":{"@type":"EntryPoint","urlTemplate":"https:\/\/rellmanfoods.com\/fr\/?s={search_term_string}"},"query-input":{"@type":"PropertyValueSpecification","valueRequired":true,"valueName":"search_term_string"}}],"inLanguage":"fr-FR"},{"@type":"Organization","@id":"https:\/\/rellmanfoods.com\/fr\/#organization","name":"Rellman Foods","url":"https:\/\/rellmanfoods.com\/fr\/","logo":{"@type":"ImageObject","inLanguage":"fr-FR","@id":"https:\/\/rellmanfoods.com\/fr\/#\/schema\/logo\/image\/","url":"https:\/\/i0.wp.com\/rellmanfoods.com\/wp-content\/uploads\/2022\/05\/rellman-foods-logo-full-color-vertical@2x.png?fit=1024%2C452&ssl=1","contentUrl":"https:\/\/i0.wp.com\/rellmanfoods.com\/wp-content\/uploads\/2022\/05\/rellman-foods-logo-full-color-vertical@2x.png?fit=1024%2C452&ssl=1","width":1024,"height":452,"caption":"Rellman Foods"},"image":{"@id":"https:\/\/rellmanfoods.com\/fr\/#\/schema\/logo\/image\/"},"sameAs":["https:\/\/www.facebook.com\/rellmanfoods","https:\/\/www.instagram.com\/rellmanfoods","https:\/\/www.linkedin.com\/company\/rellman-foods-sa"]}]}},"_links":{"self":[{"href":"https:\/\/rellmanfoods.com\/fr\/wp-json\/wp\/v2\/product\/15151","targetHints":{"allow":["GET"]}}],"collection":[{"href":"https:\/\/rellmanfoods.com\/fr\/wp-json\/wp\/v2\/product"}],"about":[{"href":"https:\/\/rellmanfoods.com\/fr\/wp-json\/wp\/v2\/types\/product"}],"wp:featuredmedia":[{"embeddable":true,"href":"https:\/\/rellmanfoods.com\/fr\/wp-json\/wp\/v2\/media\/16056"}],"wp:attachment":[{"href":"https:\/\/rellmanfoods.com\/fr\/wp-json\/wp\/v2\/media?parent=15151"}],"wp:term":[{"taxonomy":"product_brand","embeddable":true,"href":"https:\/\/rellmanfoods.com\/fr\/wp-json\/wp\/v2\/product_brand?post=15151"},{"taxonomy":"product_cat","embeddable":true,"href":"https:\/\/rellmanfoods.com\/fr\/wp-json\/wp\/v2\/product_cat?post=15151"},{"taxonomy":"product_tag","embeddable":true,"href":"https:\/\/rellmanfoods.com\/fr\/wp-json\/wp\/v2\/product_tag?post=15151"}],"curies":[{"name":"wp","href":"https:\/\/api.w.org\/{rel}","templated":true}]}}