{"id":17465,"date":"2024-11-15T11:13:35","date_gmt":"2024-11-15T10:13:35","guid":{"rendered":"https:\/\/rellmanfoods.com\/soriano-angus\/"},"modified":"2024-11-15T13:38:00","modified_gmt":"2024-11-15T12:38:00","slug":"soriano-angus","status":"publish","type":"page","link":"https:\/\/rellmanfoods.com\/fr\/soriano-angus\/","title":{"rendered":"Soriano"},"content":{"rendered":"<div class=\"wpb-content-wrapper\"><p>[vc_row full_width=\u00a0\u00bbstretch_row_content\u00a0\u00bb bg_overlay=\u00a0\u00bbblack\u00a0\u00bb bg_parallax=\u00a0\u00bbparallax\u00a0\u00bb text_align=\u00a0\u00bbcenter\u00a0\u00bb css=\u00a0\u00bb.vc_custom_1731661405905{background-color: #002719 !important;background-position: center !important;background-repeat: no-repeat !important;background-size: contain !important;}\u00a0\u00bb][vc_column]<div class=\"es-resp\">\t<div class=\"visible-xl\" style=\"height: 100px;\"><\/div>\t<div class=\"hidden-xl hidden-md hidden-sm hidden-ms hidden-xs\" style=\"height: 100px;\"><\/div>\t<div class=\"visible-md\" style=\"height: 100px;\"><\/div>\t<div class=\"visible-sm \" style=\"height: 100px;\"><\/div>\t<div class=\"visible-ms\" style=\"height: 100px;\"><\/div>\t<div class=\"visible-xs\" style=\"height: 100px;\"><\/div><\/div>[vc_single_image image=\u00a0\u00bb17395&Prime; img_size=\u00a0\u00bblarge\u00a0\u00bb alignment=\u00a0\u00bbcenter\u00a0\u00bb css=\u00a0\u00bb\u00a0\u00bb]<div class=\"es-resp\">\t<div class=\"visible-xl\" style=\"height: 100px;\"><\/div>\t<div class=\"hidden-xl hidden-md hidden-sm hidden-ms hidden-xs\" style=\"height: 100px;\"><\/div>\t<div class=\"visible-md\" style=\"height: 100px;\"><\/div>\t<div class=\"visible-sm \" style=\"height: 100px;\"><\/div>\t<div class=\"visible-ms\" style=\"height: 100px;\"><\/div>\t<div class=\"visible-xs\" style=\"height: 100px;\"><\/div><\/div>[vc_row_inner css=\u00a0\u00bb.vc_custom_1731664289629{background-color: #A98723 !important;background-position: center !important;background-repeat: no-repeat !important;background-size: cover !important;}\u00a0\u00bb][vc_column_inner width=\u00a0\u00bb1\/2&Prime; text_align=\u00a0\u00bbcenter\u00a0\u00bb]<div class=\"es-resp\">\t<div class=\"visible-xl\" style=\"height: 100px;\"><\/div>\t<div class=\"hidden-xl hidden-md hidden-sm hidden-ms hidden-xs\" style=\"height: 100px;\"><\/div>\t<div class=\"visible-md\" style=\"height: 100px;\"><\/div>\t<div class=\"visible-sm \" style=\"height: 100px;\"><\/div>\t<div class=\"visible-ms\" style=\"height: 100px;\"><\/div>\t<div class=\"visible-xs\" style=\"height: 100px;\"><\/div><\/div>[vc_column_text css=\u00a0\u00bb.vc_custom_1731664699615{padding-right: 50px !important;padding-left: 50px !important;}\u00a0\u00bb el_class=\u00a0\u00bb.text-md\u00a0\u00bb]<\/p>\n<h2 style=\"text-align: left;\"><span style=\"color: #ffffff;\">La philosophie de Soriano<\/span><\/h2>\n<p style=\"text-align: left;\"><span class=\"text-md\">est de satisfaire les besoins des clients. C&rsquo;est la raison pour laquelle ils s\u00e9lectionnent la viande de bovins provenant d&rsquo;\u00e9leveurs qui consacrent beaucoup de temps et d&rsquo;efforts \u00e0 l&rsquo;am\u00e9lioration de la race Angus, par le biais d&rsquo;une g\u00e9n\u00e9tique et d&rsquo;une alimentation excellentes.<\/span><\/p>\n<p style=\"text-align: left;\"><span class=\"text-md\">Ils respectent les m\u00e9thodes traditionnelles de gestion du b\u00e9tail en libert\u00e9 et de son alimentation. Cela leur permet de transf\u00e9rer la saveur caract\u00e9ristique de la race Angus \u00e0 leurs produits, contribuant ainsi au d\u00e9veloppement rural de notre r\u00e9gion et au respect de l&rsquo;environnement.<\/span><\/p>\n<p>[\/vc_column_text][\/vc_column_inner][vc_column_inner width=\u00a0\u00bb1\/2&Prime;][vc_single_image image=\u00a0\u00bb17402&Prime; img_size=\u00a0\u00bbFull\u00a0\u00bb alignment=\u00a0\u00bbright\u00a0\u00bb css=\u00a0\u00bb\u00a0\u00bb][\/vc_column_inner][\/vc_row_inner][vc_row_inner css=\u00a0\u00bb.vc_custom_1731665332098{background-position: center !important;background-repeat: no-repeat !important;background-size: cover !important;}\u00a0\u00bb][vc_column_inner width=\u00a0\u00bb1\/2&Prime; css=\u00a0\u00bb.vc_custom_1731665499394{background-position: center !important;background-repeat: no-repeat !important;background-size: cover !important;}\u00a0\u00bb][vc_single_image image=\u00a0\u00bb17421&Prime; img_size=\u00a0\u00bbfull\u00a0\u00bb css=\u00a0\u00bb.vc_custom_1731665590875{margin-bottom: 0px !important;}\u00a0\u00bb][\/vc_column_inner][vc_column_inner width=\u00a0\u00bb1\/2&Prime; text_align=\u00a0\u00bbcenter\u00a0\u00bb]<div class=\"es-resp\">\t<div class=\"visible-xl\" style=\"height: 100px;\"><\/div>\t<div class=\"hidden-xl hidden-md hidden-sm hidden-ms hidden-xs\" style=\"height: 100px;\"><\/div>\t<div class=\"visible-md\" style=\"height: 100px;\"><\/div>\t<div class=\"visible-sm \" style=\"height: 100px;\"><\/div>\t<div class=\"visible-ms\" style=\"height: 100px;\"><\/div>\t<div class=\"visible-xs\" style=\"height: 100px;\"><\/div><\/div>[vc_column_text css=\u00a0\u00bb.vc_custom_1731665188297{padding-right: 50px !important;padding-left: 50px !important;}\u00a0\u00bb el_class=\u00a0\u00bb.text-md\u00a0\u00bb]<\/p>\n<h2 style=\"text-align: left;\"><span style=\"color: #b48b0d;\">B\u0153uf Premium Grain Fed<\/span><\/h2>\n<p style=\"text-align: left;\"><span class=\"text-md\" style=\"color: #ffffff;\">D\u00e9couvrez la qualit\u00e9 sup\u00e9rieure de la viande de b\u0153uf nourri au grain de Soriano, connue pour sa tendret\u00e9 exceptionnelle, son riche persillage et sa saveur sup\u00e9rieure. \u00c9lev\u00e9e selon des r\u00e9gimes alimentaires soigneusement \u00e9quilibr\u00e9s, la viande Soriano Angus offre une qualit\u00e9 constante, ce qui la rend id\u00e9ale pour les clients les plus exigeants. Id\u00e9al pour ceux qui appr\u00e9cient le go\u00fbt et la texture de chaque bouch\u00e9e, le b\u0153uf nourri au grain est un choix de premier ordre pour les amateurs de cuisine.<\/span><\/p>\n<p>[\/vc_column_text]<div class=\"es-resp\">\t<div class=\"visible-xl\" style=\"height: 100px;\"><\/div>\t<div class=\"hidden-xl hidden-md hidden-sm hidden-ms hidden-xs\" style=\"height: 100px;\"><\/div>\t<div class=\"visible-md\" style=\"height: 100px;\"><\/div>\t<div class=\"visible-sm \" style=\"height: 100px;\"><\/div>\t<div class=\"visible-ms\" style=\"height: 100px;\"><\/div>\t<div class=\"visible-xs\" style=\"height: 100px;\"><\/div><\/div>[\/vc_column_inner][\/vc_row_inner][\/vc_column][\/vc_row][vc_row][vc_column]<div class=\"heading header-subheader align-center subcolor-main transform-default theme-icon-second icon-type-hidden heading-tag-h2\" id=\"like_sc_header_153139359\"><h2 data-text=\"&lt;span&gt;Contactez-nous pour plus d&#039;informations&lt;\/span&gt;\" class=\"header ltx-sr-id-like_sc_header_153139359333332902 ltx-sr ltx-sr-effect-fade_in ltx-sr-el-block ltx-sr-delay-0 ltx-sr-duration-1000 ltx-sr-sequences-0\"><span>Contactez-nous pour plus d'informations<\/span><\/h2><\/div>\n<div class=\"wpcf7 no-js\" id=\"wpcf7-f14857-o1\" lang=\"fr-FR\" dir=\"ltr\" data-wpcf7-id=\"14857\">\n<div class=\"screen-reader-response\"><p role=\"status\" aria-live=\"polite\" aria-atomic=\"true\"><\/p> <ul><\/ul><\/div>\n<form action=\"\/fr\/wp-json\/wp\/v2\/pages\/17465#wpcf7-f14857-o1\" method=\"post\" class=\"wpcf7-form init\" aria-label=\"Formulaire de contact\" novalidate=\"novalidate\" data-status=\"init\">\n<fieldset class=\"hidden-fields-container\"><input type=\"hidden\" name=\"_wpcf7\" value=\"14857\" \/><input type=\"hidden\" name=\"_wpcf7_version\" value=\"6.1.5\" \/><input type=\"hidden\" name=\"_wpcf7_locale\" value=\"fr_FR\" \/><input type=\"hidden\" name=\"_wpcf7_unit_tag\" value=\"wpcf7-f14857-o1\" \/><input type=\"hidden\" name=\"_wpcf7_container_post\" value=\"0\" \/><input type=\"hidden\" name=\"_wpcf7_posted_data_hash\" value=\"\" \/><input type=\"hidden\" name=\"_wpcf7cf_hidden_group_fields\" value=\"[]\" \/><input type=\"hidden\" name=\"_wpcf7cf_hidden_groups\" value=\"[]\" \/><input type=\"hidden\" name=\"_wpcf7cf_visible_groups\" value=\"[]\" \/><input type=\"hidden\" name=\"_wpcf7cf_repeaters\" value=\"[]\" \/><input type=\"hidden\" name=\"_wpcf7cf_steps\" value=\"{}\" \/><input type=\"hidden\" name=\"_wpcf7cf_options\" value=\"{&quot;form_id&quot;:14857,&quot;conditions&quot;:[],&quot;settings&quot;:{&quot;animation&quot;:&quot;yes&quot;,&quot;animation_intime&quot;:200,&quot;animation_outtime&quot;:200,&quot;conditions_ui&quot;:&quot;normal&quot;,&quot;notice_dismissed&quot;:false}}\" \/><input type=\"hidden\" name=\"_wpcf7_recaptcha_response\" value=\"\" \/>\n<\/fieldset>\n<div class=\"row\">\n\t<div class=\"col-lg-12\">\n\t\t<p><span class=\"wpcf7-form-control-wrap\" data-name=\"Name\"><input size=\"40\" maxlength=\"400\" class=\"wpcf7-form-control wpcf7-text wpcf7-validates-as-required\" aria-required=\"true\" aria-invalid=\"false\" placeholder=\"Nom*\" value=\"\" type=\"text\" name=\"Name\" \/><\/span>\n\t\t<\/p>\n\t<\/div>\n\t<div class=\"col-lg-12\">\n\t\t<p><span class=\"wpcf7-form-control-wrap\" data-name=\"email\"><input size=\"40\" maxlength=\"400\" class=\"wpcf7-form-control wpcf7-email wpcf7-validates-as-required wpcf7-text wpcf7-validates-as-email\" aria-required=\"true\" aria-invalid=\"false\" placeholder=\"Email*\" value=\"\" type=\"email\" name=\"email\" \/><\/span>\n\t\t<\/p>\n\t<\/div>\n\t<div class=\"col-lg-12\">\n\t\t<p><span class=\"wpcf7-form-control-wrap\" data-name=\"Telephone\"><input size=\"40\" maxlength=\"400\" class=\"wpcf7-form-control wpcf7-tel wpcf7-validates-as-required wpcf7-text wpcf7-validates-as-tel\" aria-required=\"true\" aria-invalid=\"false\" placeholder=\"T\u00e9l\u00e9phone*\" value=\"\" type=\"tel\" name=\"Telephone\" \/><\/span>\n\t\t<\/p>\n\t<\/div>\n\t<div class=\"col-lg-12\">\n\t\t<p><span class=\"wpcf7-form-control-wrap\" data-name=\"Country\"><select class=\"wpcf7-form-control wpcf7-select wpcf7-validates-as-required\" aria-required=\"true\" aria-invalid=\"false\" name=\"Country\"><option value=\"\">Pays*<\/option><option value=\"Belgique\">Belgique<\/option><option value=\"France\">France<\/option><option value=\"Espagne\">Espagne<\/option><option value=\"Royaume-Uni\">Royaume-Uni<\/option><option value=\"Allemagne\">Allemagne<\/option><option value=\"Italie\">Italie<\/option><option value=\"Autre (\u00e0 pr\u00e9ciser dans le message)\">Autre (\u00e0 pr\u00e9ciser dans le message)<\/option><\/select><\/span>\n\t\t<\/p>\n\t<\/div>\n\t<div class=\"col-lg-12\">\n\t\t<p><span class=\"wpcf7-form-control-wrap\" data-name=\"Message\"><textarea cols=\"40\" rows=\"10\" maxlength=\"2000\" class=\"wpcf7-form-control wpcf7-textarea\" aria-invalid=\"false\" placeholder=\"Message\" name=\"Message\"><\/textarea><\/span>\n\t\t<\/p>\n\t\t<div class =\"submit-button\">\n\t\t<\/div>\n\t\t<div <span class=\"wpcf7-form-control-wrap\" data-name=\"acceptance-858\"><span class=\"wpcf7-form-control wpcf7-acceptance\"><span class=\"wpcf7-list-item\"><label><input type=\"checkbox\" name=\"acceptance-858\" value=\"1\" aria-invalid=\"false\" \/><span class=\"wpcf7-list-item-label\">J'ai lu et j'accepte la <a href=\"\/fr\/politique-de-confidentialite\/\">politique de confidentialit\u00e9<\/a>.<\/span><\/label><\/span><\/span><\/span>\n\t\t<\/div>\n\t\t<p><input class=\"wpcf7-form-control wpcf7-submit has-spinner\" type=\"submit\" value=\"Envoyer\" \/>\n\t\t<\/p>\n\t<\/div>\n<\/div><div class=\"wpcf7-response-output\" aria-hidden=\"true\"><\/div>\n<\/form>\n<\/div>\n[\/vc_column][\/vc_row]<\/p>\n<\/div>","protected":false},"excerpt":{"rendered":"<p>[vc_row full_width=\u00a0\u00bbstretch_row_content\u00a0\u00bb bg_overlay=\u00a0\u00bbblack\u00a0\u00bb bg_parallax=\u00a0\u00bbparallax\u00a0\u00bb text_align=\u00a0\u00bbcenter\u00a0\u00bb css=\u00a0\u00bb.vc_custom_1731661405905{background-color: #002719 !important;background-position: center !important;background-repeat: no-repeat !important;background-size: contain !important;}\u00a0\u00bb][vc_column][vc_single_image image=\u00a0\u00bb17395&Prime; img_size=\u00a0\u00bblarge\u00a0\u00bb alignment=\u00a0\u00bbcenter\u00a0\u00bb css=\u00a0\u00bb\u00a0\u00bb][vc_row_inner css=\u00a0\u00bb.vc_custom_1731664289629{background-color: #A98723 !important;background-position: center !important;background-repeat: no-repeat !important;background-size: cover !important;}\u00a0\u00bb][vc_column_inner width=\u00a0\u00bb1\/2&Prime; text_align=\u00a0\u00bbcenter\u00a0\u00bb][vc_column_text css=\u00a0\u00bb.vc_custom_1731664699615{padding-right: 50px !important;padding-left: 50px !important;}\u00a0\u00bb el_class=\u00a0\u00bb.text-md\u00a0\u00bb] La philosophie de Soriano est de satisfaire les besoins des clients. C&rsquo;est la raison pour laquelle ils s\u00e9lectionnent la viande de bovins provenant d&rsquo;\u00e9leveurs qui consacrent beaucoup de temps et d&rsquo;efforts \u00e0 l&rsquo;am\u00e9lioration de la race Angus, par le biais d&rsquo;une g\u00e9n\u00e9tique et d&rsquo;une alimentation excellentes. Ils respectent les m\u00e9thodes traditionnelles de gestion du b\u00e9tail en libert\u00e9 et de son alimentation. Cela leur permet de transf\u00e9rer la saveur caract\u00e9ristique de la race Angus \u00e0 leurs produits, contribuant ainsi au d\u00e9veloppement rural de notre r\u00e9gion et au respect de l&rsquo;environnement. [\/vc_column_text][\/vc_column_inner][vc_column_inner width=\u00a0\u00bb1\/2&Prime;][vc_single_image image=\u00a0\u00bb17402&Prime; img_size=\u00a0\u00bbFull\u00a0\u00bb alignment=\u00a0\u00bbright\u00a0\u00bb css=\u00a0\u00bb\u00a0\u00bb][\/vc_column_inner][\/vc_row_inner][vc_row_inner css=\u00a0\u00bb.vc_custom_1731665332098{background-position: center !important;background-repeat: no-repeat !important;background-size: cover !important;}\u00a0\u00bb][vc_column_inner width=\u00a0\u00bb1\/2&Prime; css=\u00a0\u00bb.vc_custom_1731665499394{background-position: center [&hellip;]<\/p>\n","protected":false},"author":1,"featured_media":0,"parent":0,"menu_order":0,"comment_status":"closed","ping_status":"closed","template":"page-templates\/full-width.php","meta":{"footnotes":""},"class_list":["post-17465","page","type-page","status-publish","hentry"],"yoast_head":"<!-- This site is optimized with the Yoast SEO plugin v26.9 - https:\/\/yoast.com\/product\/yoast-seo-wordpress\/ -->\n<title>Soriano - B\u0153uf Angus Grain Fed de premi\u00e8re qualit\u00e9<\/title>\n<meta name=\"description\" content=\"Soriano Angus - B\u0153uf Grain Fed uruguayenne, issue de bovins Angus \u00e9lev\u00e9s de mani\u00e8re traditionnelle. Saveur, go\u00fbt et persillage uniques.\" \/>\n<meta name=\"robots\" content=\"index, follow, max-snippet:-1, max-image-preview:large, max-video-preview:-1\" \/>\n<link rel=\"canonical\" href=\"https:\/\/rellmanfoods.com\/fr\/soriano-angus\/\" \/>\n<meta property=\"og:locale\" content=\"fr_FR\" \/>\n<meta property=\"og:type\" content=\"article\" \/>\n<meta property=\"og:title\" content=\"Soriano - B\u0153uf Angus Grain Fed de premi\u00e8re qualit\u00e9\" \/>\n<meta property=\"og:description\" content=\"Soriano Angus - B\u0153uf Grain Fed uruguayenne, issue de bovins Angus \u00e9lev\u00e9s de mani\u00e8re traditionnelle. Saveur, go\u00fbt et persillage uniques.\" \/>\n<meta property=\"og:url\" content=\"https:\/\/rellmanfoods.com\/fr\/soriano-angus\/\" \/>\n<meta property=\"og:site_name\" content=\"Rellman Foods\" \/>\n<meta property=\"article:publisher\" content=\"https:\/\/www.facebook.com\/rellmanfoods\" \/>\n<meta property=\"article:modified_time\" content=\"2024-11-15T12:38:00+00:00\" \/>\n<meta property=\"og:image\" content=\"https:\/\/rellmanfoods.com\/wp-content\/uploads\/2022\/05\/rellman-foods-logo-full-color-vertical@2x.png\" \/>\n\t<meta property=\"og:image:width\" content=\"1024\" \/>\n\t<meta property=\"og:image:height\" content=\"452\" \/>\n\t<meta property=\"og:image:type\" content=\"image\/png\" \/>\n<meta name=\"twitter:card\" content=\"summary_large_image\" \/>\n<meta name=\"twitter:label1\" content=\"Dur\u00e9e de lecture estim\u00e9e\" \/>\n\t<meta name=\"twitter:data1\" content=\"2 minutes\" \/>\n<script type=\"application\/ld+json\" class=\"yoast-schema-graph\">{\"@context\":\"https:\/\/schema.org\",\"@graph\":[{\"@type\":\"WebPage\",\"@id\":\"https:\/\/rellmanfoods.com\/fr\/soriano-angus\/\",\"url\":\"https:\/\/rellmanfoods.com\/fr\/soriano-angus\/\",\"name\":\"Soriano - B\u0153uf Angus Grain Fed de premi\u00e8re qualit\u00e9\",\"isPartOf\":{\"@id\":\"https:\/\/rellmanfoods.com\/fr\/#website\"},\"datePublished\":\"2024-11-15T10:13:35+00:00\",\"dateModified\":\"2024-11-15T12:38:00+00:00\",\"description\":\"Soriano Angus - B\u0153uf Grain Fed uruguayenne, issue de bovins Angus \u00e9lev\u00e9s de mani\u00e8re traditionnelle. Saveur, go\u00fbt et persillage uniques.\",\"breadcrumb\":{\"@id\":\"https:\/\/rellmanfoods.com\/fr\/soriano-angus\/#breadcrumb\"},\"inLanguage\":\"fr-FR\",\"potentialAction\":[{\"@type\":\"ReadAction\",\"target\":[\"https:\/\/rellmanfoods.com\/fr\/soriano-angus\/\"]}]},{\"@type\":\"BreadcrumbList\",\"@id\":\"https:\/\/rellmanfoods.com\/fr\/soriano-angus\/#breadcrumb\",\"itemListElement\":[{\"@type\":\"ListItem\",\"position\":1,\"name\":\"Portada\",\"item\":\"https:\/\/rellmanfoods.com\/fr\/accueil\/\"},{\"@type\":\"ListItem\",\"position\":2,\"name\":\"Soriano\"}]},{\"@type\":\"WebSite\",\"@id\":\"https:\/\/rellmanfoods.com\/fr\/#website\",\"url\":\"https:\/\/rellmanfoods.com\/fr\/\",\"name\":\"Rellman Foods\",\"description\":\"We select the best beef for you.\",\"publisher\":{\"@id\":\"https:\/\/rellmanfoods.com\/fr\/#organization\"},\"potentialAction\":[{\"@type\":\"SearchAction\",\"target\":{\"@type\":\"EntryPoint\",\"urlTemplate\":\"https:\/\/rellmanfoods.com\/fr\/?s={search_term_string}\"},\"query-input\":{\"@type\":\"PropertyValueSpecification\",\"valueRequired\":true,\"valueName\":\"search_term_string\"}}],\"inLanguage\":\"fr-FR\"},{\"@type\":\"Organization\",\"@id\":\"https:\/\/rellmanfoods.com\/fr\/#organization\",\"name\":\"Rellman Foods\",\"url\":\"https:\/\/rellmanfoods.com\/fr\/\",\"logo\":{\"@type\":\"ImageObject\",\"inLanguage\":\"fr-FR\",\"@id\":\"https:\/\/rellmanfoods.com\/fr\/#\/schema\/logo\/image\/\",\"url\":\"https:\/\/i0.wp.com\/rellmanfoods.com\/wp-content\/uploads\/2022\/05\/rellman-foods-logo-full-color-vertical@2x.png?fit=1024%2C452&ssl=1\",\"contentUrl\":\"https:\/\/i0.wp.com\/rellmanfoods.com\/wp-content\/uploads\/2022\/05\/rellman-foods-logo-full-color-vertical@2x.png?fit=1024%2C452&ssl=1\",\"width\":1024,\"height\":452,\"caption\":\"Rellman Foods\"},\"image\":{\"@id\":\"https:\/\/rellmanfoods.com\/fr\/#\/schema\/logo\/image\/\"},\"sameAs\":[\"https:\/\/www.facebook.com\/rellmanfoods\",\"https:\/\/www.instagram.com\/rellmanfoods\",\"https:\/\/www.linkedin.com\/company\/rellman-foods-sa\"]}]}<\/script>\n<!-- \/ Yoast SEO plugin. -->","yoast_head_json":{"title":"Soriano - B\u0153uf Angus Grain Fed de premi\u00e8re qualit\u00e9","description":"Soriano Angus - B\u0153uf Grain Fed uruguayenne, issue de bovins Angus \u00e9lev\u00e9s de mani\u00e8re traditionnelle. Saveur, go\u00fbt et persillage uniques.","robots":{"index":"index","follow":"follow","max-snippet":"max-snippet:-1","max-image-preview":"max-image-preview:large","max-video-preview":"max-video-preview:-1"},"canonical":"https:\/\/rellmanfoods.com\/fr\/soriano-angus\/","og_locale":"fr_FR","og_type":"article","og_title":"Soriano - B\u0153uf Angus Grain Fed de premi\u00e8re qualit\u00e9","og_description":"Soriano Angus - B\u0153uf Grain Fed uruguayenne, issue de bovins Angus \u00e9lev\u00e9s de mani\u00e8re traditionnelle. Saveur, go\u00fbt et persillage uniques.","og_url":"https:\/\/rellmanfoods.com\/fr\/soriano-angus\/","og_site_name":"Rellman Foods","article_publisher":"https:\/\/www.facebook.com\/rellmanfoods","article_modified_time":"2024-11-15T12:38:00+00:00","og_image":[{"width":1024,"height":452,"url":"https:\/\/rellmanfoods.com\/wp-content\/uploads\/2022\/05\/rellman-foods-logo-full-color-vertical@2x.png","type":"image\/png"}],"twitter_card":"summary_large_image","twitter_misc":{"Dur\u00e9e de lecture estim\u00e9e":"2 minutes"},"schema":{"@context":"https:\/\/schema.org","@graph":[{"@type":"WebPage","@id":"https:\/\/rellmanfoods.com\/fr\/soriano-angus\/","url":"https:\/\/rellmanfoods.com\/fr\/soriano-angus\/","name":"Soriano - B\u0153uf Angus Grain Fed de premi\u00e8re qualit\u00e9","isPartOf":{"@id":"https:\/\/rellmanfoods.com\/fr\/#website"},"datePublished":"2024-11-15T10:13:35+00:00","dateModified":"2024-11-15T12:38:00+00:00","description":"Soriano Angus - B\u0153uf Grain Fed uruguayenne, issue de bovins Angus \u00e9lev\u00e9s de mani\u00e8re traditionnelle. Saveur, go\u00fbt et persillage uniques.","breadcrumb":{"@id":"https:\/\/rellmanfoods.com\/fr\/soriano-angus\/#breadcrumb"},"inLanguage":"fr-FR","potentialAction":[{"@type":"ReadAction","target":["https:\/\/rellmanfoods.com\/fr\/soriano-angus\/"]}]},{"@type":"BreadcrumbList","@id":"https:\/\/rellmanfoods.com\/fr\/soriano-angus\/#breadcrumb","itemListElement":[{"@type":"ListItem","position":1,"name":"Portada","item":"https:\/\/rellmanfoods.com\/fr\/accueil\/"},{"@type":"ListItem","position":2,"name":"Soriano"}]},{"@type":"WebSite","@id":"https:\/\/rellmanfoods.com\/fr\/#website","url":"https:\/\/rellmanfoods.com\/fr\/","name":"Rellman Foods","description":"We select the best beef for you.","publisher":{"@id":"https:\/\/rellmanfoods.com\/fr\/#organization"},"potentialAction":[{"@type":"SearchAction","target":{"@type":"EntryPoint","urlTemplate":"https:\/\/rellmanfoods.com\/fr\/?s={search_term_string}"},"query-input":{"@type":"PropertyValueSpecification","valueRequired":true,"valueName":"search_term_string"}}],"inLanguage":"fr-FR"},{"@type":"Organization","@id":"https:\/\/rellmanfoods.com\/fr\/#organization","name":"Rellman Foods","url":"https:\/\/rellmanfoods.com\/fr\/","logo":{"@type":"ImageObject","inLanguage":"fr-FR","@id":"https:\/\/rellmanfoods.com\/fr\/#\/schema\/logo\/image\/","url":"https:\/\/i0.wp.com\/rellmanfoods.com\/wp-content\/uploads\/2022\/05\/rellman-foods-logo-full-color-vertical@2x.png?fit=1024%2C452&ssl=1","contentUrl":"https:\/\/i0.wp.com\/rellmanfoods.com\/wp-content\/uploads\/2022\/05\/rellman-foods-logo-full-color-vertical@2x.png?fit=1024%2C452&ssl=1","width":1024,"height":452,"caption":"Rellman Foods"},"image":{"@id":"https:\/\/rellmanfoods.com\/fr\/#\/schema\/logo\/image\/"},"sameAs":["https:\/\/www.facebook.com\/rellmanfoods","https:\/\/www.instagram.com\/rellmanfoods","https:\/\/www.linkedin.com\/company\/rellman-foods-sa"]}]}},"_links":{"self":[{"href":"https:\/\/rellmanfoods.com\/fr\/wp-json\/wp\/v2\/pages\/17465","targetHints":{"allow":["GET"]}}],"collection":[{"href":"https:\/\/rellmanfoods.com\/fr\/wp-json\/wp\/v2\/pages"}],"about":[{"href":"https:\/\/rellmanfoods.com\/fr\/wp-json\/wp\/v2\/types\/page"}],"author":[{"embeddable":true,"href":"https:\/\/rellmanfoods.com\/fr\/wp-json\/wp\/v2\/users\/1"}],"replies":[{"embeddable":true,"href":"https:\/\/rellmanfoods.com\/fr\/wp-json\/wp\/v2\/comments?post=17465"}],"version-history":[{"count":3,"href":"https:\/\/rellmanfoods.com\/fr\/wp-json\/wp\/v2\/pages\/17465\/revisions"}],"predecessor-version":[{"id":17468,"href":"https:\/\/rellmanfoods.com\/fr\/wp-json\/wp\/v2\/pages\/17465\/revisions\/17468"}],"wp:attachment":[{"href":"https:\/\/rellmanfoods.com\/fr\/wp-json\/wp\/v2\/media?parent=17465"}],"curies":[{"name":"wp","href":"https:\/\/api.w.org\/{rel}","templated":true}]}}