{"id":15048,"date":"2022-10-15T18:55:49","date_gmt":"2022-10-15T16:55:49","guid":{"rendered":"https:\/\/rellmanfoods.com\/politique-de-confidentialite\/"},"modified":"2023-01-15T21:29:07","modified_gmt":"2023-01-15T20:29:07","slug":"politique-de-confidentialite","status":"publish","type":"page","link":"https:\/\/rellmanfoods.com\/fr\/politique-de-confidentialite\/","title":{"rendered":"Politique de confidentialit\u00e9"},"content":{"rendered":"\n<p>Les donn\u00e9es personnelles fournies par le biais de ce site web seront trait\u00e9es par RELLMAN FOODS S.A. (ci-apr\u00e8s, RELLMAN FOODS), propri\u00e9taire de celui-ci, dont les coordonn\u00e9es sont les suivantes :<\/p>\n\n<p>&#8211; Adresse : Avenue Prince Charles 4, 1410, Waterloo (Belgique)<\/p>\n\n<p>&#8211; T\u00e9l\u00e9phone : +32 2 503 58 98<\/p>\n\n<p>&#8211; Courriel : info@rellmanfoods.com<\/p>\n\n<p>En fonction du formulaire utilis\u00e9 ou du but dans lequel vous nous indiquez que vous envoyez vos donn\u00e9es, nous pouvons les utiliser aux fins suivantes :<\/p>\n\n<p>1. L&rsquo;envoi de communications commerciales (Newsletter) de la part de RELLMAN FOODS, y compris par des moyens \u00e9lectroniques. Par le biais de ces communications, les utilisateurs seront inform\u00e9s des diff\u00e9rents produits, offres, tombolas, promotions, concours et \u00e9v\u00e9nements propos\u00e9s par RELLMAN FOODS.<\/p>\n\n<p>2. Enregistrez votre inscription sur le Web.<\/p>\n\n<p>3. R\u00e9soudre les questions, les demandes ou tout type de requ\u00eate formul\u00e9e par l&rsquo;utilisateur \u00e0 travers l&rsquo;un des formulaires de contact mis \u00e0 sa disposition sur le site web de RELLMAN FOODS.<\/p>\n\n<p>Dans les cas indiqu\u00e9s, les donn\u00e9es seront trait\u00e9es sur la base juridique du consentement de la personne qui les fournit. Ce consentement peut \u00eatre retir\u00e9 \u00e0 tout moment, sans que cela n&rsquo;affecte la l\u00e9galit\u00e9 des traitements effectu\u00e9s pr\u00e9c\u00e9demment. Le fait de fournir les donn\u00e9es est volontaire, bien que, en cas de refus, elles ne puissent \u00eatre trait\u00e9es aux fins indiqu\u00e9es. Les donn\u00e9es seront conserv\u00e9es pendant le temps n\u00e9cessaire pour r\u00e9pondre \u00e0 votre demande, requ\u00eate, requ\u00eate, inscription et consid\u00e9rer celle-ci comme d\u00e9finitivement close. Par la suite, ils seront conserv\u00e9s comme historique de communication, sauf si l&rsquo;utilisateur demande leur suppression, \u00e0 l&rsquo;adresse \u00e9lectronique indiqu\u00e9e ci-dessus. Dans le cas o\u00f9 les donn\u00e9es sont trait\u00e9es pour l&rsquo;envoi de communications commerciales, celles-ci peuvent \u00eatre conserv\u00e9es ind\u00e9finiment, sauf opposition de l&rsquo;utilisateur.<\/p>\n\n<p>L&rsquo;Utilisateur accepte express\u00e9ment le traitement et l&rsquo;inclusion des donn\u00e9es recueillies lors de la navigation sur le Portail, ou fournies en remplissant tout formulaire, ainsi que celles d\u00e9riv\u00e9es de la relation commerciale, comme indiqu\u00e9 ci-dessus. Au cours du processus de collecte des donn\u00e9es, et \u00e0 chaque endroit du portail o\u00f9 ces donn\u00e9es sont demand\u00e9es, l&rsquo;utilisateur sera inform\u00e9, soit par un lien hypertexte, soit par l&rsquo;inclusion des mentions appropri\u00e9es dans le formulaire lui-m\u00eame, du caract\u00e8re obligatoire ou non de la collecte des donn\u00e9es.<\/p>\n\n<p>Dans le cas o\u00f9 des donn\u00e9es de tiers nous ont \u00e9t\u00e9 fournies, il est de la responsabilit\u00e9 de la personne qui le fait de les informer de tout ce qui est \u00e9tabli dans cette clause et d&rsquo;avoir obtenu leur consentement pr\u00e9alable pour cela.<\/p>\n\n<p>Si vous devenez un de nos amis ou suiveurs sur les r\u00e9seaux sociaux, nous traiterons vos donn\u00e9es pour vous tenir inform\u00e9 de nos activit\u00e9s et promotions par le biais desdits canaux. Ces donn\u00e9es seront trait\u00e9es sur la base l\u00e9gale de votre consentement et seront conserv\u00e9es tant que vous resterez un de nos amis ou suiveurs, et vous pourrez r\u00e9voquer votre consentement \u00e0 tout moment, bien que cela n&rsquo;affecte pas la l\u00e9galit\u00e9 du traitement effectu\u00e9 pr\u00e9c\u00e9demment. Le fait de fournir les donn\u00e9es \u00e0 cette fin est volontaire, bien que, en cas de refus, vous ne pourrez pas \u00eatre un ami ou un suiveur dans les r\u00e9seaux sociaux dont nous disposons.<\/p>\n\n<p>RELLMAN FOODS garantit aux utilisateurs, \u00e0 tout moment, l&rsquo;exercice de leurs droits d&rsquo;acc\u00e8s, de rectification, de suppression, d&rsquo;opposition, de limitation et de portabilit\u00e9 des donn\u00e9es personnelles fournies, dans les termes pr\u00e9vus par le RGPD et par la LOPDGDD. Les internautes peuvent exercer ces droits en envoyant une demande expresse, accompagn\u00e9e d&rsquo;une copie de leur pi\u00e8ce d&rsquo;identit\u00e9, \u00e0 l&rsquo;une des adresses suivantes :<\/p>\n\n<p>&#8211; Courriel : info@rellmanfoods.com<\/p>\n\n<p>&#8211; Courrier postal : RELLMAN FOODS S.A. &#8211; Avenue Prince Charles 4, 1410, Waterloo (Belgique)<\/p>\n\n<p>Face \u00e0 toute violation de vos droits, notamment lorsque vous n&rsquo;avez pas obtenu satisfaction dans leur exercice, vous pouvez introduire une r\u00e9clamation aupr\u00e8s de l&rsquo;Agence espagnole de protection des donn\u00e9es (coordonn\u00e9es accessibles sur www.agpd.es), ou d&rsquo;une autre autorit\u00e9 de contr\u00f4le comp\u00e9tente. . Vous pouvez \u00e9galement obtenir de plus amples informations sur vos droits en contactant ces organisations.<\/p>\n\n<p>RELLMAN FOODS s&rsquo;engage \u00e0 utiliser les donn\u00e9es personnelles fournies conform\u00e9ment aux finalit\u00e9s indiqu\u00e9es dans la pr\u00e9sente politique de protection des donn\u00e9es, en respectant leur confidentialit\u00e9, ainsi qu&rsquo;\u00e0 respecter son obligation de les sauvegarder et \u00e0 adapter toutes les mesures pour \u00e9viter leur alt\u00e9ration, perte, traitement ou acc\u00e8s non autoris\u00e9.<\/p>\n\n<p>La responsabilit\u00e9 de l&rsquo;Utilisateur quant \u00e0 la v\u00e9racit\u00e9 des donn\u00e9es saisies est exclusive, par cons\u00e9quent, dans le cas o\u00f9 il aurait fourni des donn\u00e9es fausses ou inexactes, RELLMAN FOODS se r\u00e9serve le droit d&rsquo;interdire l&rsquo;acc\u00e8s au Portail, sans pr\u00e9judice des actions l\u00e9gales qu&rsquo;elle juge appropri\u00e9es pour la d\u00e9fense de ses int\u00e9r\u00eats. RELLMAN FOODS n&rsquo;a pas non plus l&rsquo;obligation de v\u00e9rifier, et ne v\u00e9rifie pas, l&rsquo;identit\u00e9 des Utilisateurs, ni la v\u00e9racit\u00e9, la validit\u00e9, l&rsquo;exhaustivit\u00e9 et\/ou l&rsquo;authenticit\u00e9 des donn\u00e9es qu&rsquo;ils fournissent sur eux-m\u00eames, ou sur d&rsquo;autres Utilisateurs. L&rsquo;Utilisateur est donc responsable d&rsquo;informer RELLMAN FOODS de toute variation survenant dans les donn\u00e9es pr\u00e9c\u00e9demment fournies et garanties et est seul responsable de leur v\u00e9racit\u00e9.<\/p>\n","protected":false},"excerpt":{"rendered":"<p>Les donn\u00e9es personnelles fournies par le biais de ce site web seront trait\u00e9es par RELLMAN FOODS S.A. (ci-apr\u00e8s, RELLMAN FOODS), propri\u00e9taire de celui-ci, dont les coordonn\u00e9es sont les suivantes : &#8211; Adresse : Avenue Prince Charles 4, 1410, Waterloo (Belgique) &#8211; T\u00e9l\u00e9phone : +32 2 503 58 98 &#8211; Courriel : info@rellmanfoods.com En fonction du formulaire utilis\u00e9 ou du but dans lequel vous nous indiquez que vous envoyez vos donn\u00e9es, nous pouvons les utiliser aux fins suivantes : 1. L&rsquo;envoi de communications commerciales (Newsletter) de la part de RELLMAN FOODS, y compris par des moyens \u00e9lectroniques. Par le biais de ces communications, les utilisateurs seront inform\u00e9s des diff\u00e9rents produits, offres, tombolas, promotions, concours et \u00e9v\u00e9nements propos\u00e9s par RELLMAN FOODS. 2. Enregistrez votre inscription sur le Web. 3. R\u00e9soudre les questions, les demandes ou tout type de requ\u00eate formul\u00e9e par l&rsquo;utilisateur [&hellip;]<\/p>\n","protected":false},"author":1,"featured_media":0,"parent":0,"menu_order":0,"comment_status":"closed","ping_status":"closed","template":"","meta":{"footnotes":""},"class_list":["post-15048","page","type-page","status-publish","hentry"],"yoast_head":"<!-- This site is optimized with the Yoast SEO plugin v26.9 - https:\/\/yoast.com\/product\/yoast-seo-wordpress\/ -->\n<title>Politique de confidentialit\u00e9 - Rellman Foods<\/title>\n<meta name=\"robots\" content=\"noindex, nofollow\" \/>\n<meta property=\"og:locale\" content=\"fr_FR\" \/>\n<meta property=\"og:type\" content=\"article\" \/>\n<meta property=\"og:title\" content=\"Politique de confidentialit\u00e9 - Rellman Foods\" \/>\n<meta property=\"og:description\" content=\"Les donn\u00e9es personnelles fournies par le biais de ce site web seront trait\u00e9es par RELLMAN FOODS S.A. (ci-apr\u00e8s, RELLMAN FOODS), propri\u00e9taire de celui-ci, dont les coordonn\u00e9es sont les suivantes : &#8211; Adresse : Avenue Prince Charles 4, 1410, Waterloo (Belgique) &#8211; T\u00e9l\u00e9phone : +32 2 503 58 98 &#8211; Courriel : info@rellmanfoods.com En fonction du formulaire utilis\u00e9 ou du but dans lequel vous nous indiquez que vous envoyez vos donn\u00e9es, nous pouvons les utiliser aux fins suivantes : 1. L&rsquo;envoi de communications commerciales (Newsletter) de la part de RELLMAN FOODS, y compris par des moyens \u00e9lectroniques. Par le biais de ces communications, les utilisateurs seront inform\u00e9s des diff\u00e9rents produits, offres, tombolas, promotions, concours et \u00e9v\u00e9nements propos\u00e9s par RELLMAN FOODS. 2. Enregistrez votre inscription sur le Web. 3. R\u00e9soudre les questions, les demandes ou tout type de requ\u00eate formul\u00e9e par l&rsquo;utilisateur [&hellip;]\" \/>\n<meta property=\"og:url\" content=\"https:\/\/rellmanfoods.com\/fr\/politique-de-confidentialite\/\" \/>\n<meta property=\"og:site_name\" content=\"Rellman Foods\" \/>\n<meta property=\"article:publisher\" content=\"https:\/\/www.facebook.com\/rellmanfoods\" \/>\n<meta property=\"article:modified_time\" content=\"2023-01-15T20:29:07+00:00\" \/>\n<meta property=\"og:image\" content=\"https:\/\/rellmanfoods.com\/wp-content\/uploads\/2022\/05\/rellman-foods-logo-full-color-vertical@2x.png\" \/>\n\t<meta property=\"og:image:width\" content=\"1024\" \/>\n\t<meta property=\"og:image:height\" content=\"452\" \/>\n\t<meta property=\"og:image:type\" content=\"image\/png\" \/>\n<meta name=\"twitter:card\" content=\"summary_large_image\" \/>\n<meta name=\"twitter:label1\" content=\"Dur\u00e9e de lecture estim\u00e9e\" \/>\n\t<meta name=\"twitter:data1\" content=\"4 minutes\" \/>\n<script type=\"application\/ld+json\" class=\"yoast-schema-graph\">{\"@context\":\"https:\/\/schema.org\",\"@graph\":[{\"@type\":\"WebPage\",\"@id\":\"https:\/\/rellmanfoods.com\/fr\/politique-de-confidentialite\/\",\"url\":\"https:\/\/rellmanfoods.com\/fr\/politique-de-confidentialite\/\",\"name\":\"Politique de confidentialit\u00e9 - Rellman Foods\",\"isPartOf\":{\"@id\":\"https:\/\/rellmanfoods.com\/fr\/#website\"},\"datePublished\":\"2022-10-15T16:55:49+00:00\",\"dateModified\":\"2023-01-15T20:29:07+00:00\",\"breadcrumb\":{\"@id\":\"https:\/\/rellmanfoods.com\/fr\/politique-de-confidentialite\/#breadcrumb\"},\"inLanguage\":\"fr-FR\",\"potentialAction\":[{\"@type\":\"ReadAction\",\"target\":[\"https:\/\/rellmanfoods.com\/fr\/politique-de-confidentialite\/\"]}]},{\"@type\":\"BreadcrumbList\",\"@id\":\"https:\/\/rellmanfoods.com\/fr\/politique-de-confidentialite\/#breadcrumb\",\"itemListElement\":[{\"@type\":\"ListItem\",\"position\":1,\"name\":\"Portada\",\"item\":\"https:\/\/rellmanfoods.com\/fr\/accueil\/\"},{\"@type\":\"ListItem\",\"position\":2,\"name\":\"Politique de confidentialit\u00e9\"}]},{\"@type\":\"WebSite\",\"@id\":\"https:\/\/rellmanfoods.com\/fr\/#website\",\"url\":\"https:\/\/rellmanfoods.com\/fr\/\",\"name\":\"Rellman Foods\",\"description\":\"We select the best beef for you.\",\"publisher\":{\"@id\":\"https:\/\/rellmanfoods.com\/fr\/#organization\"},\"potentialAction\":[{\"@type\":\"SearchAction\",\"target\":{\"@type\":\"EntryPoint\",\"urlTemplate\":\"https:\/\/rellmanfoods.com\/fr\/?s={search_term_string}\"},\"query-input\":{\"@type\":\"PropertyValueSpecification\",\"valueRequired\":true,\"valueName\":\"search_term_string\"}}],\"inLanguage\":\"fr-FR\"},{\"@type\":\"Organization\",\"@id\":\"https:\/\/rellmanfoods.com\/fr\/#organization\",\"name\":\"Rellman Foods\",\"url\":\"https:\/\/rellmanfoods.com\/fr\/\",\"logo\":{\"@type\":\"ImageObject\",\"inLanguage\":\"fr-FR\",\"@id\":\"https:\/\/rellmanfoods.com\/fr\/#\/schema\/logo\/image\/\",\"url\":\"https:\/\/i0.wp.com\/rellmanfoods.com\/wp-content\/uploads\/2022\/05\/rellman-foods-logo-full-color-vertical@2x.png?fit=1024%2C452&ssl=1\",\"contentUrl\":\"https:\/\/i0.wp.com\/rellmanfoods.com\/wp-content\/uploads\/2022\/05\/rellman-foods-logo-full-color-vertical@2x.png?fit=1024%2C452&ssl=1\",\"width\":1024,\"height\":452,\"caption\":\"Rellman Foods\"},\"image\":{\"@id\":\"https:\/\/rellmanfoods.com\/fr\/#\/schema\/logo\/image\/\"},\"sameAs\":[\"https:\/\/www.facebook.com\/rellmanfoods\",\"https:\/\/www.instagram.com\/rellmanfoods\",\"https:\/\/www.linkedin.com\/company\/rellman-foods-sa\"]}]}<\/script>\n<!-- \/ Yoast SEO plugin. -->","yoast_head_json":{"title":"Politique de confidentialit\u00e9 - Rellman Foods","robots":{"index":"noindex","follow":"nofollow"},"og_locale":"fr_FR","og_type":"article","og_title":"Politique de confidentialit\u00e9 - Rellman Foods","og_description":"Les donn\u00e9es personnelles fournies par le biais de ce site web seront trait\u00e9es par RELLMAN FOODS S.A. (ci-apr\u00e8s, RELLMAN FOODS), propri\u00e9taire de celui-ci, dont les coordonn\u00e9es sont les suivantes : &#8211; Adresse : Avenue Prince Charles 4, 1410, Waterloo (Belgique) &#8211; T\u00e9l\u00e9phone : +32 2 503 58 98 &#8211; Courriel : info@rellmanfoods.com En fonction du formulaire utilis\u00e9 ou du but dans lequel vous nous indiquez que vous envoyez vos donn\u00e9es, nous pouvons les utiliser aux fins suivantes : 1. L&rsquo;envoi de communications commerciales (Newsletter) de la part de RELLMAN FOODS, y compris par des moyens \u00e9lectroniques. Par le biais de ces communications, les utilisateurs seront inform\u00e9s des diff\u00e9rents produits, offres, tombolas, promotions, concours et \u00e9v\u00e9nements propos\u00e9s par RELLMAN FOODS. 2. Enregistrez votre inscription sur le Web. 3. R\u00e9soudre les questions, les demandes ou tout type de requ\u00eate formul\u00e9e par l&rsquo;utilisateur [&hellip;]","og_url":"https:\/\/rellmanfoods.com\/fr\/politique-de-confidentialite\/","og_site_name":"Rellman Foods","article_publisher":"https:\/\/www.facebook.com\/rellmanfoods","article_modified_time":"2023-01-15T20:29:07+00:00","og_image":[{"width":1024,"height":452,"url":"https:\/\/rellmanfoods.com\/wp-content\/uploads\/2022\/05\/rellman-foods-logo-full-color-vertical@2x.png","type":"image\/png"}],"twitter_card":"summary_large_image","twitter_misc":{"Dur\u00e9e de lecture estim\u00e9e":"4 minutes"},"schema":{"@context":"https:\/\/schema.org","@graph":[{"@type":"WebPage","@id":"https:\/\/rellmanfoods.com\/fr\/politique-de-confidentialite\/","url":"https:\/\/rellmanfoods.com\/fr\/politique-de-confidentialite\/","name":"Politique de confidentialit\u00e9 - Rellman Foods","isPartOf":{"@id":"https:\/\/rellmanfoods.com\/fr\/#website"},"datePublished":"2022-10-15T16:55:49+00:00","dateModified":"2023-01-15T20:29:07+00:00","breadcrumb":{"@id":"https:\/\/rellmanfoods.com\/fr\/politique-de-confidentialite\/#breadcrumb"},"inLanguage":"fr-FR","potentialAction":[{"@type":"ReadAction","target":["https:\/\/rellmanfoods.com\/fr\/politique-de-confidentialite\/"]}]},{"@type":"BreadcrumbList","@id":"https:\/\/rellmanfoods.com\/fr\/politique-de-confidentialite\/#breadcrumb","itemListElement":[{"@type":"ListItem","position":1,"name":"Portada","item":"https:\/\/rellmanfoods.com\/fr\/accueil\/"},{"@type":"ListItem","position":2,"name":"Politique de confidentialit\u00e9"}]},{"@type":"WebSite","@id":"https:\/\/rellmanfoods.com\/fr\/#website","url":"https:\/\/rellmanfoods.com\/fr\/","name":"Rellman Foods","description":"We select the best beef for you.","publisher":{"@id":"https:\/\/rellmanfoods.com\/fr\/#organization"},"potentialAction":[{"@type":"SearchAction","target":{"@type":"EntryPoint","urlTemplate":"https:\/\/rellmanfoods.com\/fr\/?s={search_term_string}"},"query-input":{"@type":"PropertyValueSpecification","valueRequired":true,"valueName":"search_term_string"}}],"inLanguage":"fr-FR"},{"@type":"Organization","@id":"https:\/\/rellmanfoods.com\/fr\/#organization","name":"Rellman Foods","url":"https:\/\/rellmanfoods.com\/fr\/","logo":{"@type":"ImageObject","inLanguage":"fr-FR","@id":"https:\/\/rellmanfoods.com\/fr\/#\/schema\/logo\/image\/","url":"https:\/\/i0.wp.com\/rellmanfoods.com\/wp-content\/uploads\/2022\/05\/rellman-foods-logo-full-color-vertical@2x.png?fit=1024%2C452&ssl=1","contentUrl":"https:\/\/i0.wp.com\/rellmanfoods.com\/wp-content\/uploads\/2022\/05\/rellman-foods-logo-full-color-vertical@2x.png?fit=1024%2C452&ssl=1","width":1024,"height":452,"caption":"Rellman Foods"},"image":{"@id":"https:\/\/rellmanfoods.com\/fr\/#\/schema\/logo\/image\/"},"sameAs":["https:\/\/www.facebook.com\/rellmanfoods","https:\/\/www.instagram.com\/rellmanfoods","https:\/\/www.linkedin.com\/company\/rellman-foods-sa"]}]}},"_links":{"self":[{"href":"https:\/\/rellmanfoods.com\/fr\/wp-json\/wp\/v2\/pages\/15048","targetHints":{"allow":["GET"]}}],"collection":[{"href":"https:\/\/rellmanfoods.com\/fr\/wp-json\/wp\/v2\/pages"}],"about":[{"href":"https:\/\/rellmanfoods.com\/fr\/wp-json\/wp\/v2\/types\/page"}],"author":[{"embeddable":true,"href":"https:\/\/rellmanfoods.com\/fr\/wp-json\/wp\/v2\/users\/1"}],"replies":[{"embeddable":true,"href":"https:\/\/rellmanfoods.com\/fr\/wp-json\/wp\/v2\/comments?post=15048"}],"version-history":[{"count":1,"href":"https:\/\/rellmanfoods.com\/fr\/wp-json\/wp\/v2\/pages\/15048\/revisions"}],"predecessor-version":[{"id":15049,"href":"https:\/\/rellmanfoods.com\/fr\/wp-json\/wp\/v2\/pages\/15048\/revisions\/15049"}],"wp:attachment":[{"href":"https:\/\/rellmanfoods.com\/fr\/wp-json\/wp\/v2\/media?parent=15048"}],"curies":[{"name":"wp","href":"https:\/\/api.w.org\/{rel}","templated":true}]}}