{"id":15042,"date":"2022-11-16T15:34:25","date_gmt":"2022-11-16T14:34:25","guid":{"rendered":"https:\/\/rellmanfoods.com\/avis-juridique\/"},"modified":"2023-01-15T21:26:52","modified_gmt":"2023-01-15T20:26:52","slug":"avis-juridique","status":"publish","type":"page","link":"https:\/\/rellmanfoods.com\/fr\/avis-juridique\/","title":{"rendered":"Avis juridique"},"content":{"rendered":"\n<p>1.- Ce site web est la propri\u00e9t\u00e9 de RELLMAN FOODS S.A. (ci-apr\u00e8s, RELLMAN FOODS).<\/p>\n\n<p>&#8211; Num\u00e9ro de TVA : BE 0446.737.260<\/p>\n\n<p>&#8211; Si\u00e8ge social : Avenue Prince Charles 4, 1410, Waterloo (Belgique)<\/p>\n\n<p>&#8211; Contact :<\/p>\n\n<ul class=\"wp-block-list\">\n<li>Adresse \u00e9lectronique : info@rellmanfoods.com<\/li>\n\n\n\n<li>T\u00e9l\u00e9phone : +32 2 503 58 98<\/li>\n<\/ul>\n\n<p>2.- L&rsquo;utilisation de cette page Web attribue la condition d&rsquo;utilisateur \u00e0 quiconque le fait et implique l&rsquo;acceptation de toutes les conditions incluses dans le pr\u00e9sent avis l\u00e9gal. L&rsquo;utilisateur doit lire ces conditions chaque fois qu&rsquo;il acc\u00e8de \u00e0 ce site Web, car elles peuvent \u00eatre modifi\u00e9es \u00e0 l&rsquo;avenir. Certains aspects de ce site web, en raison de leur sp\u00e9cialit\u00e9, peuvent \u00eatre soumis \u00e0 des conditions ou des r\u00e8gles particuli\u00e8res qui peuvent remplacer, compl\u00e9ter ou modifier le pr\u00e9sent avis juridique, de sorte qu&rsquo;ils doivent \u00e9galement \u00eatre accept\u00e9s par l&rsquo;utilisateur qui les utilise ou y acc\u00e8de.<\/p>\n\n<p>3.- Tous les contenus de ce site web (textes, photographies, graphiques, images, technologie, logiciels, liens, contenus audiovisuels ou sonores, conception graphique, code source, etc.), ainsi que les marques et autres signes distinctifs sont la propri\u00e9t\u00e9 de RELLMAN FOODS ou de tiers, l&rsquo;Utilisateur n&rsquo;acqu\u00e9rant aucun droit sur ceux-ci par la simple utilisation de ce site web.<\/p>\n\n<p>L&rsquo;Utilisateur doit s&rsquo;abstenir de : a) reproduire, copier, distribuer, mettre \u00e0 disposition de tiers, communiquer publiquement, transformer ou modifier le contenu de ce site web, sauf dans les cas pr\u00e9vus par la loi ou express\u00e9ment autoris\u00e9s par RELLMAN FOODS ou par le titulaire desdits droits ; b) reproduire ou copier pour un usage priv\u00e9 les logiciels, images, vid\u00e9os ou bases de donn\u00e9es existant sur ce site web, ainsi que les communiquer publiquement ou les mettre \u00e0 la disposition de tiers lorsque cela implique leur reproduction ; c) extraire ou r\u00e9utiliser le contenu de ce site web.<\/p>\n\n<p>4.- L&rsquo;utilisateur qui souhaite introduire des liens vers ce site Web depuis ses propres pages Web sera tenu de respecter les conditions suivantes : a) le lien renverra uniquement \u00e0 la page d&rsquo;accueil, sans pouvoir la reproduire d&rsquo;aucune mani\u00e8re ; b) Il n&rsquo;est pas permis d&rsquo;\u00e9tablir des cadres ou des canevas d&rsquo;aucune sorte qui entourent le Web ou permettent de le visualiser \u00e0 travers diff\u00e9rentes adresses Internet ou avec des contenus ext\u00e9rieurs \u00e0 ce Web, de telle sorte que cela produise ou puisse produire une erreur ou une confusion chez les utilisateurs quant \u00e0 l&rsquo;origine du service ou de son contenu, implique un acte de comparaison ou d&rsquo;imitation d\u00e9loyale, serve \u00e0 tirer profit de la r\u00e9putation, de la marque et du prestige de RELLMAN FOODS ou soit fait de toute autre mani\u00e8re interdite par la loi ; c) \u00e0 partir de la page qui \u00e9tablit le lien, aucun type de d\u00e9claration fausse ou inexacte ne peut \u00eatre faite sur RELLMAN FOODS ou sur la qualit\u00e9 de ses produits et services ; d) L&rsquo;exp\u00e9diteur ne peut pas utiliser la marque ou tout autre signe distinctif de RELLMAN FOODS dans son site web, sauf dans les cas autoris\u00e9s par la loi ou express\u00e9ment autoris\u00e9s par RELLMAN FOODS ; e) la page qui \u00e9tablit le lien doit respecter la l\u00e9gislation en vigueur et ne peut pas avoir ou se lier \u00e0 des contenus ill\u00e9gaux, nuisibles, contraires \u00e0 la morale et aux bonnes coutumes, qui produisent ou peuvent produire la fausse id\u00e9e que RELLMAN FOODS approuve ou soutient, les id\u00e9es, les d\u00e9clarations ou les actions de l&rsquo;exp\u00e9diteur ou qui sont inappropri\u00e9s par rapport \u00e0 l&rsquo;activit\u00e9 men\u00e9e par RELLMAN FOODS, en tenant compte du contenu et du th\u00e8me g\u00e9n\u00e9ral de la page Web o\u00f9 le lien est \u00e9tabli.<\/p>\n\n<p>RELLMAN FOODS n&rsquo;est pas responsable de la v\u00e9rification de l&rsquo;absence de programmes malveillants ou de tout autre \u00e9l\u00e9ment informatique nuisible sur ce site web. Il appartient en tout \u00e9tat de cause \u00e0 l&rsquo;Utilisateur de disposer d&rsquo;outils ad\u00e9quats pour la d\u00e9tection et la d\u00e9sinfection de ces \u00e9l\u00e9ments. En cons\u00e9quence, RELLMAN FOODS n&rsquo;est pas responsable des dommages caus\u00e9s au mat\u00e9riel informatique lors de l&rsquo;acc\u00e8s \u00e0 ce site web. De m\u00eame, RELLMAN FOODS ne sera pas responsable des dommages caus\u00e9s aux utilisateurs lorsque ces dommages ont pour origine des d\u00e9faillances ou des d\u00e9connexions dans les r\u00e9seaux de t\u00e9l\u00e9communications qui interrompent le service de ce site Web.<\/p>\n\n<p>6.- Ce site web peut inclure des liens qui permettent \u00e0 l&rsquo;utilisateur d&rsquo;acc\u00e9der \u00e0 d&rsquo;autres pages Internet. Dans ces cas, RELLMAN FOODS ne sera responsable des contenus et services fournis \u00e0 travers les liens qu&rsquo;\u00e0 partir du moment o\u00f9 elle aura pris connaissance de leur ill\u00e9galit\u00e9 et qu&rsquo;elle ne les aura pas d\u00e9sactiv\u00e9s avec diligence. Si un Utilisateur consid\u00e8re qu&rsquo;il existe un lien avec un contenu illicite ou inappropri\u00e9, il peut l&rsquo;indiquer \u00e0 ALIMENTS RELLMAN, sans que cela implique que cette derni\u00e8re soit oblig\u00e9e de supprimer le lien correspondant. RELLMAN FOODS ne conna\u00eet pas toujours le contenu et les services des liens et n&rsquo;est donc pas responsable des dommages d\u00e9coulant de leur manque de qualit\u00e9, de leur obsolescence, de leur indisponibilit\u00e9, de leur erreur, de leur inutilit\u00e9 ou de leur ill\u00e9galit\u00e9 et n&rsquo;est pas responsable des d\u00e9clarations faites ou du contenu ou des services fournis par leur interm\u00e9diaire, sauf si vous \u00eates directement responsable de la fourniture desdits services.<\/p>\n\n<p>L&rsquo;utilisateur s&rsquo;engage \u00e0 faire un usage correct de ce site Web, conform\u00e9ment \u00e0 la loi, au pr\u00e9sent avis juridique et aux autres conditions, r\u00e8glements et instructions qui, le cas \u00e9ch\u00e9ant, peuvent \u00eatre applicables. L&rsquo;Utilisateur r\u00e9pondra \u00e0 RELLMAN FOODS et aux tiers des dommages qui pourraient \u00eatre caus\u00e9s par la violation de ces obligations.<\/p>\n\n<p>8.- Le pr\u00e9sent avis juridique est enti\u00e8rement r\u00e9gi par le droit belge. Pour la r\u00e9solution de tout conflit li\u00e9 \u00e0 l&rsquo;interpr\u00e9tation ou \u00e0 l&rsquo;application du pr\u00e9sent avis juridique, l&rsquo;utilisateur se soumet express\u00e9ment \u00e0 la comp\u00e9tence des tribunaux de Bruxelles (Belgique).<\/p>\n","protected":false},"excerpt":{"rendered":"<p>1.- Ce site web est la propri\u00e9t\u00e9 de RELLMAN FOODS S.A. (ci-apr\u00e8s, RELLMAN FOODS). &#8211; Num\u00e9ro de TVA : BE 0446.737.260 &#8211; Si\u00e8ge social : Avenue Prince Charles 4, 1410, Waterloo (Belgique) &#8211; Contact : 2.- L&rsquo;utilisation de cette page Web attribue la condition d&rsquo;utilisateur \u00e0 quiconque le fait et implique l&rsquo;acceptation de toutes les conditions incluses dans le pr\u00e9sent avis l\u00e9gal. L&rsquo;utilisateur doit lire ces conditions chaque fois qu&rsquo;il acc\u00e8de \u00e0 ce site Web, car elles peuvent \u00eatre modifi\u00e9es \u00e0 l&rsquo;avenir. Certains aspects de ce site web, en raison de leur sp\u00e9cialit\u00e9, peuvent \u00eatre soumis \u00e0 des conditions ou des r\u00e8gles particuli\u00e8res qui peuvent remplacer, compl\u00e9ter ou modifier le pr\u00e9sent avis juridique, de sorte qu&rsquo;ils doivent \u00e9galement \u00eatre accept\u00e9s par l&rsquo;utilisateur qui les utilise ou y acc\u00e8de. 3.- Tous les contenus de ce site web (textes, photographies, graphiques, images, [&hellip;]<\/p>\n","protected":false},"author":1,"featured_media":0,"parent":0,"menu_order":0,"comment_status":"closed","ping_status":"closed","template":"","meta":{"footnotes":""},"class_list":["post-15042","page","type-page","status-publish","hentry"],"yoast_head":"<!-- This site is optimized with the Yoast SEO plugin v26.9 - https:\/\/yoast.com\/product\/yoast-seo-wordpress\/ -->\n<title>Avis juridique - Rellman Foods<\/title>\n<meta name=\"robots\" content=\"noindex, nofollow\" \/>\n<meta property=\"og:locale\" content=\"fr_FR\" \/>\n<meta property=\"og:type\" content=\"article\" \/>\n<meta property=\"og:title\" content=\"Avis juridique - Rellman Foods\" \/>\n<meta property=\"og:description\" content=\"1.- Ce site web est la propri\u00e9t\u00e9 de RELLMAN FOODS S.A. (ci-apr\u00e8s, RELLMAN FOODS). &#8211; Num\u00e9ro de TVA : BE 0446.737.260 &#8211; Si\u00e8ge social : Avenue Prince Charles 4, 1410, Waterloo (Belgique) &#8211; Contact : 2.- L&rsquo;utilisation de cette page Web attribue la condition d&rsquo;utilisateur \u00e0 quiconque le fait et implique l&rsquo;acceptation de toutes les conditions incluses dans le pr\u00e9sent avis l\u00e9gal. L&rsquo;utilisateur doit lire ces conditions chaque fois qu&rsquo;il acc\u00e8de \u00e0 ce site Web, car elles peuvent \u00eatre modifi\u00e9es \u00e0 l&rsquo;avenir. Certains aspects de ce site web, en raison de leur sp\u00e9cialit\u00e9, peuvent \u00eatre soumis \u00e0 des conditions ou des r\u00e8gles particuli\u00e8res qui peuvent remplacer, compl\u00e9ter ou modifier le pr\u00e9sent avis juridique, de sorte qu&rsquo;ils doivent \u00e9galement \u00eatre accept\u00e9s par l&rsquo;utilisateur qui les utilise ou y acc\u00e8de. 3.- Tous les contenus de ce site web (textes, photographies, graphiques, images, [&hellip;]\" \/>\n<meta property=\"og:url\" content=\"https:\/\/rellmanfoods.com\/fr\/avis-juridique\/\" \/>\n<meta property=\"og:site_name\" content=\"Rellman Foods\" \/>\n<meta property=\"article:publisher\" content=\"https:\/\/www.facebook.com\/rellmanfoods\" \/>\n<meta property=\"article:modified_time\" content=\"2023-01-15T20:26:52+00:00\" \/>\n<meta property=\"og:image\" content=\"https:\/\/rellmanfoods.com\/wp-content\/uploads\/2022\/05\/rellman-foods-logo-full-color-vertical@2x.png\" \/>\n\t<meta property=\"og:image:width\" content=\"1024\" \/>\n\t<meta property=\"og:image:height\" content=\"452\" \/>\n\t<meta property=\"og:image:type\" content=\"image\/png\" \/>\n<meta name=\"twitter:card\" content=\"summary_large_image\" \/>\n<meta name=\"twitter:label1\" content=\"Dur\u00e9e de lecture estim\u00e9e\" \/>\n\t<meta name=\"twitter:data1\" content=\"5 minutes\" \/>\n<script type=\"application\/ld+json\" class=\"yoast-schema-graph\">{\"@context\":\"https:\/\/schema.org\",\"@graph\":[{\"@type\":\"WebPage\",\"@id\":\"https:\/\/rellmanfoods.com\/fr\/avis-juridique\/\",\"url\":\"https:\/\/rellmanfoods.com\/fr\/avis-juridique\/\",\"name\":\"Avis juridique - Rellman Foods\",\"isPartOf\":{\"@id\":\"https:\/\/rellmanfoods.com\/fr\/#website\"},\"datePublished\":\"2022-11-16T14:34:25+00:00\",\"dateModified\":\"2023-01-15T20:26:52+00:00\",\"breadcrumb\":{\"@id\":\"https:\/\/rellmanfoods.com\/fr\/avis-juridique\/#breadcrumb\"},\"inLanguage\":\"fr-FR\",\"potentialAction\":[{\"@type\":\"ReadAction\",\"target\":[\"https:\/\/rellmanfoods.com\/fr\/avis-juridique\/\"]}]},{\"@type\":\"BreadcrumbList\",\"@id\":\"https:\/\/rellmanfoods.com\/fr\/avis-juridique\/#breadcrumb\",\"itemListElement\":[{\"@type\":\"ListItem\",\"position\":1,\"name\":\"Portada\",\"item\":\"https:\/\/rellmanfoods.com\/fr\/accueil\/\"},{\"@type\":\"ListItem\",\"position\":2,\"name\":\"Avis juridique\"}]},{\"@type\":\"WebSite\",\"@id\":\"https:\/\/rellmanfoods.com\/fr\/#website\",\"url\":\"https:\/\/rellmanfoods.com\/fr\/\",\"name\":\"Rellman Foods\",\"description\":\"We select the best beef for you.\",\"publisher\":{\"@id\":\"https:\/\/rellmanfoods.com\/fr\/#organization\"},\"potentialAction\":[{\"@type\":\"SearchAction\",\"target\":{\"@type\":\"EntryPoint\",\"urlTemplate\":\"https:\/\/rellmanfoods.com\/fr\/?s={search_term_string}\"},\"query-input\":{\"@type\":\"PropertyValueSpecification\",\"valueRequired\":true,\"valueName\":\"search_term_string\"}}],\"inLanguage\":\"fr-FR\"},{\"@type\":\"Organization\",\"@id\":\"https:\/\/rellmanfoods.com\/fr\/#organization\",\"name\":\"Rellman Foods\",\"url\":\"https:\/\/rellmanfoods.com\/fr\/\",\"logo\":{\"@type\":\"ImageObject\",\"inLanguage\":\"fr-FR\",\"@id\":\"https:\/\/rellmanfoods.com\/fr\/#\/schema\/logo\/image\/\",\"url\":\"https:\/\/i0.wp.com\/rellmanfoods.com\/wp-content\/uploads\/2022\/05\/rellman-foods-logo-full-color-vertical@2x.png?fit=1024%2C452&ssl=1\",\"contentUrl\":\"https:\/\/i0.wp.com\/rellmanfoods.com\/wp-content\/uploads\/2022\/05\/rellman-foods-logo-full-color-vertical@2x.png?fit=1024%2C452&ssl=1\",\"width\":1024,\"height\":452,\"caption\":\"Rellman Foods\"},\"image\":{\"@id\":\"https:\/\/rellmanfoods.com\/fr\/#\/schema\/logo\/image\/\"},\"sameAs\":[\"https:\/\/www.facebook.com\/rellmanfoods\",\"https:\/\/www.instagram.com\/rellmanfoods\",\"https:\/\/www.linkedin.com\/company\/rellman-foods-sa\"]}]}<\/script>\n<!-- \/ Yoast SEO plugin. -->","yoast_head_json":{"title":"Avis juridique - Rellman Foods","robots":{"index":"noindex","follow":"nofollow"},"og_locale":"fr_FR","og_type":"article","og_title":"Avis juridique - Rellman Foods","og_description":"1.- Ce site web est la propri\u00e9t\u00e9 de RELLMAN FOODS S.A. (ci-apr\u00e8s, RELLMAN FOODS). &#8211; Num\u00e9ro de TVA : BE 0446.737.260 &#8211; Si\u00e8ge social : Avenue Prince Charles 4, 1410, Waterloo (Belgique) &#8211; Contact : 2.- L&rsquo;utilisation de cette page Web attribue la condition d&rsquo;utilisateur \u00e0 quiconque le fait et implique l&rsquo;acceptation de toutes les conditions incluses dans le pr\u00e9sent avis l\u00e9gal. L&rsquo;utilisateur doit lire ces conditions chaque fois qu&rsquo;il acc\u00e8de \u00e0 ce site Web, car elles peuvent \u00eatre modifi\u00e9es \u00e0 l&rsquo;avenir. Certains aspects de ce site web, en raison de leur sp\u00e9cialit\u00e9, peuvent \u00eatre soumis \u00e0 des conditions ou des r\u00e8gles particuli\u00e8res qui peuvent remplacer, compl\u00e9ter ou modifier le pr\u00e9sent avis juridique, de sorte qu&rsquo;ils doivent \u00e9galement \u00eatre accept\u00e9s par l&rsquo;utilisateur qui les utilise ou y acc\u00e8de. 3.- Tous les contenus de ce site web (textes, photographies, graphiques, images, [&hellip;]","og_url":"https:\/\/rellmanfoods.com\/fr\/avis-juridique\/","og_site_name":"Rellman Foods","article_publisher":"https:\/\/www.facebook.com\/rellmanfoods","article_modified_time":"2023-01-15T20:26:52+00:00","og_image":[{"width":1024,"height":452,"url":"https:\/\/rellmanfoods.com\/wp-content\/uploads\/2022\/05\/rellman-foods-logo-full-color-vertical@2x.png","type":"image\/png"}],"twitter_card":"summary_large_image","twitter_misc":{"Dur\u00e9e de lecture estim\u00e9e":"5 minutes"},"schema":{"@context":"https:\/\/schema.org","@graph":[{"@type":"WebPage","@id":"https:\/\/rellmanfoods.com\/fr\/avis-juridique\/","url":"https:\/\/rellmanfoods.com\/fr\/avis-juridique\/","name":"Avis juridique - Rellman Foods","isPartOf":{"@id":"https:\/\/rellmanfoods.com\/fr\/#website"},"datePublished":"2022-11-16T14:34:25+00:00","dateModified":"2023-01-15T20:26:52+00:00","breadcrumb":{"@id":"https:\/\/rellmanfoods.com\/fr\/avis-juridique\/#breadcrumb"},"inLanguage":"fr-FR","potentialAction":[{"@type":"ReadAction","target":["https:\/\/rellmanfoods.com\/fr\/avis-juridique\/"]}]},{"@type":"BreadcrumbList","@id":"https:\/\/rellmanfoods.com\/fr\/avis-juridique\/#breadcrumb","itemListElement":[{"@type":"ListItem","position":1,"name":"Portada","item":"https:\/\/rellmanfoods.com\/fr\/accueil\/"},{"@type":"ListItem","position":2,"name":"Avis juridique"}]},{"@type":"WebSite","@id":"https:\/\/rellmanfoods.com\/fr\/#website","url":"https:\/\/rellmanfoods.com\/fr\/","name":"Rellman Foods","description":"We select the best beef for you.","publisher":{"@id":"https:\/\/rellmanfoods.com\/fr\/#organization"},"potentialAction":[{"@type":"SearchAction","target":{"@type":"EntryPoint","urlTemplate":"https:\/\/rellmanfoods.com\/fr\/?s={search_term_string}"},"query-input":{"@type":"PropertyValueSpecification","valueRequired":true,"valueName":"search_term_string"}}],"inLanguage":"fr-FR"},{"@type":"Organization","@id":"https:\/\/rellmanfoods.com\/fr\/#organization","name":"Rellman Foods","url":"https:\/\/rellmanfoods.com\/fr\/","logo":{"@type":"ImageObject","inLanguage":"fr-FR","@id":"https:\/\/rellmanfoods.com\/fr\/#\/schema\/logo\/image\/","url":"https:\/\/i0.wp.com\/rellmanfoods.com\/wp-content\/uploads\/2022\/05\/rellman-foods-logo-full-color-vertical@2x.png?fit=1024%2C452&ssl=1","contentUrl":"https:\/\/i0.wp.com\/rellmanfoods.com\/wp-content\/uploads\/2022\/05\/rellman-foods-logo-full-color-vertical@2x.png?fit=1024%2C452&ssl=1","width":1024,"height":452,"caption":"Rellman Foods"},"image":{"@id":"https:\/\/rellmanfoods.com\/fr\/#\/schema\/logo\/image\/"},"sameAs":["https:\/\/www.facebook.com\/rellmanfoods","https:\/\/www.instagram.com\/rellmanfoods","https:\/\/www.linkedin.com\/company\/rellman-foods-sa"]}]}},"_links":{"self":[{"href":"https:\/\/rellmanfoods.com\/fr\/wp-json\/wp\/v2\/pages\/15042","targetHints":{"allow":["GET"]}}],"collection":[{"href":"https:\/\/rellmanfoods.com\/fr\/wp-json\/wp\/v2\/pages"}],"about":[{"href":"https:\/\/rellmanfoods.com\/fr\/wp-json\/wp\/v2\/types\/page"}],"author":[{"embeddable":true,"href":"https:\/\/rellmanfoods.com\/fr\/wp-json\/wp\/v2\/users\/1"}],"replies":[{"embeddable":true,"href":"https:\/\/rellmanfoods.com\/fr\/wp-json\/wp\/v2\/comments?post=15042"}],"version-history":[{"count":1,"href":"https:\/\/rellmanfoods.com\/fr\/wp-json\/wp\/v2\/pages\/15042\/revisions"}],"predecessor-version":[{"id":15043,"href":"https:\/\/rellmanfoods.com\/fr\/wp-json\/wp\/v2\/pages\/15042\/revisions\/15043"}],"wp:attachment":[{"href":"https:\/\/rellmanfoods.com\/fr\/wp-json\/wp\/v2\/media?parent=15042"}],"curies":[{"name":"wp","href":"https:\/\/api.w.org\/{rel}","templated":true}]}}