{"id":15036,"date":"2022-11-16T15:34:25","date_gmt":"2022-11-16T14:34:25","guid":{"rendered":"https:\/\/rellmanfoods.com\/politique-en-matiere-de-cookies\/"},"modified":"2023-01-15T21:25:07","modified_gmt":"2023-01-15T20:25:07","slug":"politique-en-matiere-de-cookies","status":"publish","type":"page","link":"https:\/\/rellmanfoods.com\/fr\/politique-en-matiere-de-cookies\/","title":{"rendered":"Politique en mati\u00e8re de cookies"},"content":{"rendered":"\n<p><strong>Qu&rsquo;est-ce qu&rsquo;un cookie ?<\/strong><\/p>\n\n<p>Un cookie est un fichier qui est t\u00e9l\u00e9charg\u00e9 sur votre ordinateur lorsque vous acc\u00e9dez \u00e0 certaines pages web. Les cookies permettent \u00e0 une page web, entre autres, de stocker et de r\u00e9cup\u00e9rer des informations sur les habitudes de navigation d&rsquo;un utilisateur ou sur son \u00e9quipement et, en fonction des informations qu&rsquo;ils contiennent et de la mani\u00e8re dont son \u00e9quipement est utilis\u00e9, ils peuvent \u00eatre utilis\u00e9s pour le reconna\u00eetre.<\/p>\n\n<p>Toutefois, ces m\u00e9dias n&rsquo;obtiennent que des informations relatives au nombre de pages visit\u00e9es, \u00e0 la ville \u00e0 laquelle est attribu\u00e9e l&rsquo;adresse IP \u00e0 partir de laquelle il est acc\u00e9d\u00e9, au nombre de nouveaux utilisateurs, \u00e0 la fr\u00e9quence et \u00e0 la r\u00e9currence des visites, \u00e0 l&rsquo;heure de la visite, au navigateur ou \u00e0 l&rsquo;op\u00e9rateur ou au type de terminal \u00e0 partir duquel la visite est effectu\u00e9e. En aucun cas, des donn\u00e9es ne sont obtenues sur le nom, les noms de famille, l&rsquo;adresse postale ou d&rsquo;autres donn\u00e9es similaires de l&rsquo;utilisateur qui s&rsquo;est connect\u00e9.<\/p>\n\n<p><strong>Quels types de cookies existent ?<\/strong><\/p>\n\n<p>Les cookies peuvent \u00eatre propres ou tiers. Les propres sont ceux qui sont envoy\u00e9s \u00e0 l&rsquo;\u00e9quipement terminal de l&rsquo;utilisateur depuis un ordinateur ou un domaine g\u00e9r\u00e9 par l&rsquo;\u00e9diteur Web lui-m\u00eame, \u00e0 partir duquel le service demand\u00e9 par l&rsquo;utilisateur est fourni. Les cookies tiers sont ceux qui sont envoy\u00e9s \u00e0 l&rsquo;\u00e9quipement terminal de l&rsquo;utilisateur depuis un ordinateur ou un domaine qui n&rsquo;est pas g\u00e9r\u00e9 par l&rsquo;\u00e9diteur, mais par une autre entit\u00e9 qui traite les donn\u00e9es obtenues par le biais des cookies.<\/p>\n\n<p>En outre, les cookies peuvent \u00eatre de session ou persistants. Les premiers sont un type de cookies con\u00e7us pour collecter et stocker des donn\u00e9es pendant que l&rsquo;utilisateur acc\u00e8de \u00e0 une page web. Les cookies persistants sont un type de cookies qui conservent les donn\u00e9es stock\u00e9es dans le terminal et peuvent \u00eatre consult\u00e9s et trait\u00e9s pendant une p\u00e9riode d\u00e9finie par le responsable du cookie, qui peut aller de quelques minutes \u00e0 plusieurs ann\u00e9es.<\/p>\n\n<p><strong>Qui est responsable du traitement des cookies sur ce site web ?<\/strong><\/p>\n\n<p>Le propri\u00e9taire du site web et responsable du traitement des cookies utilis\u00e9s ici, ainsi que leurs coordonn\u00e9es, sont accessibles dans les mentions l\u00e9gales de cette page. De m\u00eame, il peut y avoir des cookies de tiers autres que le propri\u00e9taire de ce site web, comme expliqu\u00e9 ci-dessous.<\/p>\n\n<p>Quels sont les cookies utilis\u00e9s par ce site web et \u00e0 quoi servent-ils ?<\/p>\n\n<p>Ce site web utilise ses propres cookies, qui sont destin\u00e9s \u00e0 m\u00e9moriser les pr\u00e9f\u00e9rences des utilisateurs.<\/p>\n\n<p>Ce site web utilise les cookies tiers suivants :<\/p>\n\n<ul class=\"wp-block-list\">\n<li>Cookies d&rsquo;analyse : Ce sont ceux qui, bien trait\u00e9s par nous ou par des tiers, nous permettent de quantifier le nombre d&rsquo;utilisateurs et d&rsquo;examiner leur navigation, pouvant ainsi mesurer et analyser statistiquement l&rsquo;utilisation faite par les utilisateurs. Pour cela, votre navigation sur notre site web est analys\u00e9e afin d&rsquo;am\u00e9liorer son contenu et de fournir un meilleur service par son interm\u00e9diaire.<\/li>\n\n\n\n<li>Cookies publicitaires : Ce sont ceux qui permettent de g\u00e9rer, de la mani\u00e8re la plus efficace possible, les espaces publicitaires que, le cas \u00e9ch\u00e9ant, l&rsquo;\u00e9diteur a inclus dans une page web, une application ou une plateforme \u00e0 partir de laquelle le service demand\u00e9 est fourni, sur la base de \u00e0 crit\u00e8res tels que le contenu \u00e9dit\u00e9 ou la fr\u00e9quence d&rsquo;affichage des annonces.<\/li>\n<\/ul>\n\n<p>Les applications utilis\u00e9es par ces tiers sont les suivantes :<\/p>\n\n<p>&#8211; Pour les cookies d&rsquo;analyse, Google Analytics, appartenant \u00e0 Google (https:\/\/developers.google.com\/analytics\/devguides\/collection\/analyticsjs\/cookie-usage).<\/p>\n\n<p>&#8211; Pour les cookies publicitaires, Double Click, appartenant \u00e0 Google (https:\/\/support.google.com\/adsense\/answer\/2839090?hl=es).<\/p>\n\n<p>En outre, ces soci\u00e9t\u00e9s peuvent utiliser les donn\u00e9es qu&rsquo;elles collectent pour am\u00e9liorer leurs propres services et pour offrir des services \u00e0 d&rsquo;autres soci\u00e9t\u00e9s. Vous pouvez cliquer sur le lien inclus dans chaque cas pour obtenir plus d&rsquo;informations sur ces applications.<\/p>\n\n<p><strong>Combien de temps les cookies sont-ils conserv\u00e9s ?<\/strong><\/p>\n\n<p>Les cookies d&rsquo;analyse seront stock\u00e9s pour une p\u00e9riode maximale de 2 ans. En revanche, les cookies publicitaires expirent lorsque vous fermez le navigateur.<\/p>\n\n<p>Quelle est la l\u00e9gitimit\u00e9 de l&rsquo;utilisation des cookies ?<\/p>\n\n<p>Dans le cas des cookies techniques, c&rsquo;est-\u00e0-dire ceux qui sont indispensables pour naviguer sur ce site web et recevoir le service offert par son interm\u00e9diaire, la base juridique de leur utilisation est l&rsquo;accord par lequel vous d\u00e9cidez d&rsquo;utiliser ce site web et d&rsquo;utiliser leurs services.<\/p>\n\n<p>La base juridique pour l&rsquo;utilisation du reste des cookies est le consentement de l&rsquo;utilisateur, qui est demand\u00e9 au moment de l&rsquo;acc\u00e8s \u00e0 ce site web, et qui peut \u00eatre r\u00e9voqu\u00e9 \u00e0 tout moment. Le retrait dudit consentement n&rsquo;affectera pas la possibilit\u00e9 de naviguer sur ce site web et d&rsquo;utiliser ses services, mais le traitement des donn\u00e9es effectu\u00e9 pr\u00e9c\u00e9demment ne perdra pas sa l\u00e9galit\u00e9 du fait que le consentement a \u00e9t\u00e9 r\u00e9voqu\u00e9.<\/p>\n\n<p>A quels destinataires les cookies seront-ils communiqu\u00e9s ou pourront-ils y acc\u00e9der ?<\/p>\n\n<p>Lorsqu&rsquo;il y a des cookies de tiers, comme indiqu\u00e9 ci-dessus, lesdits tiers peuvent acc\u00e9der aux cookies et les utiliser de la mani\u00e8re d\u00e9crite ci-dessus.<\/p>\n\n<p><strong>Quels sont vos droits en ce qui concerne l&rsquo;utilisation de cookies par ce site web ?<\/strong><\/p>\n\n<p>Selon la r\u00e9glementation en vigueur, toute personne a le droit d&rsquo;obtenir la confirmation que des donn\u00e9es personnelles la concernant sont trait\u00e9es ou non. De m\u00eame, dans les conditions l\u00e9galement \u00e9tablies, les personnes int\u00e9ress\u00e9es ont le droit d&rsquo;acc\u00e9der \u00e0 leurs donn\u00e9es, ainsi que de demander la rectification des donn\u00e9es inexactes ou, le cas \u00e9ch\u00e9ant, de demander leur suppression lorsque, entre autres raisons, les donn\u00e9es ne sont plus n\u00e9cessaires. aux fins pour lesquelles elles ont \u00e9t\u00e9 collect\u00e9es. Dans le cas des cookies, ces droits peuvent \u00eatre exerc\u00e9s sous r\u00e9serve des limitations d\u00e9coulant de la nature de ces fichiers.<\/p>\n\n<p>Dans les conditions pr\u00e9vues par le R\u00e8glement g\u00e9n\u00e9ral sur la protection des donn\u00e9es, les int\u00e9ress\u00e9s peuvent demander la limitation du traitement de leurs donn\u00e9es ou leur portabilit\u00e9, auquel cas nous ne les conserverons que pour l&rsquo;exercice ou la d\u00e9fense des droits.<\/p>\n\n<p>Dans certaines circonstances et pour des raisons li\u00e9es \u00e0 leur situation particuli\u00e8re, les int\u00e9ress\u00e9s peuvent s&rsquo;opposer au traitement de leurs donn\u00e9es. Si vous avez donn\u00e9 votre consentement dans un but pr\u00e9cis, vous avez le droit de le retirer \u00e0 tout moment, sans que cela n&rsquo;affecte la l\u00e9galit\u00e9 du traitement fond\u00e9 sur le consentement avant son retrait. Dans ces cas, nous cesserons de traiter les donn\u00e9es ou, le cas \u00e9ch\u00e9ant, nous cesserons de le faire pour cette finalit\u00e9 sp\u00e9cifique, sauf pour des raisons l\u00e9gitimes imp\u00e9rieuses, ou l&rsquo;exercice ou la d\u00e9fense d&rsquo;\u00e9ventuelles r\u00e9clamations.<\/p>\n\n<p>Face \u00e0 toute violation de vos droits, notamment lorsque vous n&rsquo;avez pas obtenu satisfaction dans leur exercice, vous pouvez introduire une r\u00e9clamation aupr\u00e8s de l&rsquo;Agence espagnole de protection des donn\u00e9es (coordonn\u00e9es accessibles sur www.aepd.es), ou d&rsquo;une autre autorit\u00e9 de contr\u00f4le comp\u00e9tente. . Vous pouvez \u00e9galement obtenir de plus amples informations sur vos droits en contactant ces organisations.<\/p>\n\n<p>Comment puis-je g\u00e9rer les cookies ?<\/p>\n\n<p>Vous pouvez autoriser, bloquer ou supprimer les cookies install\u00e9s sur votre ordinateur \u00e0 travers le bouton \u00ab\u00a0OPTIONS COOKIE\u00a0\u00bb, qui appara\u00eet lorsque vous acc\u00e9dez \u00e0 ce site web, et \u00e9galement en configurant les options de votre navigateur. Vous trouverez des informations sur la mani\u00e8re de le faire, en relation avec les navigateurs les plus courants, dans les liens suivants :<\/p>\n\n<ul class=\"wp-block-list\">\n<li>Explorer <a href=\"https:\/\/support.microsoft.com\/es-es\/help\/17442\/windows-internet-explorer-delete-manage-cookies\">: https:\/\/support.microsoft.com\/es-es\/help\/17442\/windows-internet-explorer-delete-manage-cookies<\/a><\/li>\n\n\n\n<li>Firefox <a href=\"https:\/\/support.mozilla.org\/es\/kb\/habilitar-y-deshabilitar-cookies-sitios-web-rastrear-preferencias\">: https:\/\/support.mozilla.org\/es\/kb\/habilitar-y-deshabilitar-cookies-sitios-web-rastrear-preferencias<\/a><\/li>\n\n\n\n<li>Chrome <a href=\"http:\/\/support.google.com\/chrome\/bin\/answer.py?hl=es&amp;answer=95647\">: http:\/\/support.google.com\/chrome\/bin\/answer.py?hl=es&amp;answer=95647<\/a><\/li>\n\n\n\n<li>Safari <a href=\"https:\/\/support.apple.com\/es-es\/guide\/safari\/sfri11471\/mac\">: https:\/\/support.apple.com\/es-es\/guide\/safari\/sfri11471\/mac<\/a><\/li>\n<\/ul>\n","protected":false},"excerpt":{"rendered":"<p>Qu&rsquo;est-ce qu&rsquo;un cookie ? Un cookie est un fichier qui est t\u00e9l\u00e9charg\u00e9 sur votre ordinateur lorsque vous acc\u00e9dez \u00e0 certaines pages web. Les cookies permettent \u00e0 une page web, entre autres, de stocker et de r\u00e9cup\u00e9rer des informations sur les habitudes de navigation d&rsquo;un utilisateur ou sur son \u00e9quipement et, en fonction des informations qu&rsquo;ils contiennent et de la mani\u00e8re dont son \u00e9quipement est utilis\u00e9, ils peuvent \u00eatre utilis\u00e9s pour le reconna\u00eetre. Toutefois, ces m\u00e9dias n&rsquo;obtiennent que des informations relatives au nombre de pages visit\u00e9es, \u00e0 la ville \u00e0 laquelle est attribu\u00e9e l&rsquo;adresse IP \u00e0 partir de laquelle il est acc\u00e9d\u00e9, au nombre de nouveaux utilisateurs, \u00e0 la fr\u00e9quence et \u00e0 la r\u00e9currence des visites, \u00e0 l&rsquo;heure de la visite, au navigateur ou \u00e0 l&rsquo;op\u00e9rateur ou au type de terminal \u00e0 partir duquel la visite est effectu\u00e9e. En aucun cas, [&hellip;]<\/p>\n","protected":false},"author":1,"featured_media":0,"parent":0,"menu_order":0,"comment_status":"closed","ping_status":"closed","template":"","meta":{"footnotes":""},"class_list":["post-15036","page","type-page","status-publish","hentry"],"yoast_head":"<!-- This site is optimized with the Yoast SEO plugin v26.9 - https:\/\/yoast.com\/product\/yoast-seo-wordpress\/ -->\n<title>Politique en mati\u00e8re de cookies - Rellman Foods<\/title>\n<meta name=\"robots\" content=\"noindex, nofollow\" \/>\n<meta property=\"og:locale\" content=\"fr_FR\" \/>\n<meta property=\"og:type\" content=\"article\" \/>\n<meta property=\"og:title\" content=\"Politique en mati\u00e8re de cookies - Rellman Foods\" \/>\n<meta property=\"og:description\" content=\"Qu&rsquo;est-ce qu&rsquo;un cookie ? Un cookie est un fichier qui est t\u00e9l\u00e9charg\u00e9 sur votre ordinateur lorsque vous acc\u00e9dez \u00e0 certaines pages web. Les cookies permettent \u00e0 une page web, entre autres, de stocker et de r\u00e9cup\u00e9rer des informations sur les habitudes de navigation d&rsquo;un utilisateur ou sur son \u00e9quipement et, en fonction des informations qu&rsquo;ils contiennent et de la mani\u00e8re dont son \u00e9quipement est utilis\u00e9, ils peuvent \u00eatre utilis\u00e9s pour le reconna\u00eetre. Toutefois, ces m\u00e9dias n&rsquo;obtiennent que des informations relatives au nombre de pages visit\u00e9es, \u00e0 la ville \u00e0 laquelle est attribu\u00e9e l&rsquo;adresse IP \u00e0 partir de laquelle il est acc\u00e9d\u00e9, au nombre de nouveaux utilisateurs, \u00e0 la fr\u00e9quence et \u00e0 la r\u00e9currence des visites, \u00e0 l&rsquo;heure de la visite, au navigateur ou \u00e0 l&rsquo;op\u00e9rateur ou au type de terminal \u00e0 partir duquel la visite est effectu\u00e9e. En aucun cas, [&hellip;]\" \/>\n<meta property=\"og:url\" content=\"https:\/\/rellmanfoods.com\/fr\/politique-en-matiere-de-cookies\/\" \/>\n<meta property=\"og:site_name\" content=\"Rellman Foods\" \/>\n<meta property=\"article:publisher\" content=\"https:\/\/www.facebook.com\/rellmanfoods\" \/>\n<meta property=\"article:modified_time\" content=\"2023-01-15T20:25:07+00:00\" \/>\n<meta property=\"og:image\" content=\"https:\/\/rellmanfoods.com\/wp-content\/uploads\/2022\/05\/rellman-foods-logo-full-color-vertical@2x.png\" \/>\n\t<meta property=\"og:image:width\" content=\"1024\" \/>\n\t<meta property=\"og:image:height\" content=\"452\" \/>\n\t<meta property=\"og:image:type\" content=\"image\/png\" \/>\n<meta name=\"twitter:card\" content=\"summary_large_image\" \/>\n<meta name=\"twitter:label1\" content=\"Dur\u00e9e de lecture estim\u00e9e\" \/>\n\t<meta name=\"twitter:data1\" content=\"7 minutes\" \/>\n<script type=\"application\/ld+json\" class=\"yoast-schema-graph\">{\"@context\":\"https:\/\/schema.org\",\"@graph\":[{\"@type\":\"WebPage\",\"@id\":\"https:\/\/rellmanfoods.com\/fr\/politique-en-matiere-de-cookies\/\",\"url\":\"https:\/\/rellmanfoods.com\/fr\/politique-en-matiere-de-cookies\/\",\"name\":\"Politique en mati\u00e8re de cookies - Rellman Foods\",\"isPartOf\":{\"@id\":\"https:\/\/rellmanfoods.com\/fr\/#website\"},\"datePublished\":\"2022-11-16T14:34:25+00:00\",\"dateModified\":\"2023-01-15T20:25:07+00:00\",\"breadcrumb\":{\"@id\":\"https:\/\/rellmanfoods.com\/fr\/politique-en-matiere-de-cookies\/#breadcrumb\"},\"inLanguage\":\"fr-FR\",\"potentialAction\":[{\"@type\":\"ReadAction\",\"target\":[\"https:\/\/rellmanfoods.com\/fr\/politique-en-matiere-de-cookies\/\"]}]},{\"@type\":\"BreadcrumbList\",\"@id\":\"https:\/\/rellmanfoods.com\/fr\/politique-en-matiere-de-cookies\/#breadcrumb\",\"itemListElement\":[{\"@type\":\"ListItem\",\"position\":1,\"name\":\"Portada\",\"item\":\"https:\/\/rellmanfoods.com\/fr\/accueil\/\"},{\"@type\":\"ListItem\",\"position\":2,\"name\":\"Politique en mati\u00e8re de cookies\"}]},{\"@type\":\"WebSite\",\"@id\":\"https:\/\/rellmanfoods.com\/fr\/#website\",\"url\":\"https:\/\/rellmanfoods.com\/fr\/\",\"name\":\"Rellman Foods\",\"description\":\"We select the best beef for you.\",\"publisher\":{\"@id\":\"https:\/\/rellmanfoods.com\/fr\/#organization\"},\"potentialAction\":[{\"@type\":\"SearchAction\",\"target\":{\"@type\":\"EntryPoint\",\"urlTemplate\":\"https:\/\/rellmanfoods.com\/fr\/?s={search_term_string}\"},\"query-input\":{\"@type\":\"PropertyValueSpecification\",\"valueRequired\":true,\"valueName\":\"search_term_string\"}}],\"inLanguage\":\"fr-FR\"},{\"@type\":\"Organization\",\"@id\":\"https:\/\/rellmanfoods.com\/fr\/#organization\",\"name\":\"Rellman Foods\",\"url\":\"https:\/\/rellmanfoods.com\/fr\/\",\"logo\":{\"@type\":\"ImageObject\",\"inLanguage\":\"fr-FR\",\"@id\":\"https:\/\/rellmanfoods.com\/fr\/#\/schema\/logo\/image\/\",\"url\":\"https:\/\/i0.wp.com\/rellmanfoods.com\/wp-content\/uploads\/2022\/05\/rellman-foods-logo-full-color-vertical@2x.png?fit=1024%2C452&ssl=1\",\"contentUrl\":\"https:\/\/i0.wp.com\/rellmanfoods.com\/wp-content\/uploads\/2022\/05\/rellman-foods-logo-full-color-vertical@2x.png?fit=1024%2C452&ssl=1\",\"width\":1024,\"height\":452,\"caption\":\"Rellman Foods\"},\"image\":{\"@id\":\"https:\/\/rellmanfoods.com\/fr\/#\/schema\/logo\/image\/\"},\"sameAs\":[\"https:\/\/www.facebook.com\/rellmanfoods\",\"https:\/\/www.instagram.com\/rellmanfoods\",\"https:\/\/www.linkedin.com\/company\/rellman-foods-sa\"]}]}<\/script>\n<!-- \/ Yoast SEO plugin. -->","yoast_head_json":{"title":"Politique en mati\u00e8re de cookies - Rellman Foods","robots":{"index":"noindex","follow":"nofollow"},"og_locale":"fr_FR","og_type":"article","og_title":"Politique en mati\u00e8re de cookies - Rellman Foods","og_description":"Qu&rsquo;est-ce qu&rsquo;un cookie ? Un cookie est un fichier qui est t\u00e9l\u00e9charg\u00e9 sur votre ordinateur lorsque vous acc\u00e9dez \u00e0 certaines pages web. Les cookies permettent \u00e0 une page web, entre autres, de stocker et de r\u00e9cup\u00e9rer des informations sur les habitudes de navigation d&rsquo;un utilisateur ou sur son \u00e9quipement et, en fonction des informations qu&rsquo;ils contiennent et de la mani\u00e8re dont son \u00e9quipement est utilis\u00e9, ils peuvent \u00eatre utilis\u00e9s pour le reconna\u00eetre. Toutefois, ces m\u00e9dias n&rsquo;obtiennent que des informations relatives au nombre de pages visit\u00e9es, \u00e0 la ville \u00e0 laquelle est attribu\u00e9e l&rsquo;adresse IP \u00e0 partir de laquelle il est acc\u00e9d\u00e9, au nombre de nouveaux utilisateurs, \u00e0 la fr\u00e9quence et \u00e0 la r\u00e9currence des visites, \u00e0 l&rsquo;heure de la visite, au navigateur ou \u00e0 l&rsquo;op\u00e9rateur ou au type de terminal \u00e0 partir duquel la visite est effectu\u00e9e. En aucun cas, [&hellip;]","og_url":"https:\/\/rellmanfoods.com\/fr\/politique-en-matiere-de-cookies\/","og_site_name":"Rellman Foods","article_publisher":"https:\/\/www.facebook.com\/rellmanfoods","article_modified_time":"2023-01-15T20:25:07+00:00","og_image":[{"width":1024,"height":452,"url":"https:\/\/rellmanfoods.com\/wp-content\/uploads\/2022\/05\/rellman-foods-logo-full-color-vertical@2x.png","type":"image\/png"}],"twitter_card":"summary_large_image","twitter_misc":{"Dur\u00e9e de lecture estim\u00e9e":"7 minutes"},"schema":{"@context":"https:\/\/schema.org","@graph":[{"@type":"WebPage","@id":"https:\/\/rellmanfoods.com\/fr\/politique-en-matiere-de-cookies\/","url":"https:\/\/rellmanfoods.com\/fr\/politique-en-matiere-de-cookies\/","name":"Politique en mati\u00e8re de cookies - Rellman Foods","isPartOf":{"@id":"https:\/\/rellmanfoods.com\/fr\/#website"},"datePublished":"2022-11-16T14:34:25+00:00","dateModified":"2023-01-15T20:25:07+00:00","breadcrumb":{"@id":"https:\/\/rellmanfoods.com\/fr\/politique-en-matiere-de-cookies\/#breadcrumb"},"inLanguage":"fr-FR","potentialAction":[{"@type":"ReadAction","target":["https:\/\/rellmanfoods.com\/fr\/politique-en-matiere-de-cookies\/"]}]},{"@type":"BreadcrumbList","@id":"https:\/\/rellmanfoods.com\/fr\/politique-en-matiere-de-cookies\/#breadcrumb","itemListElement":[{"@type":"ListItem","position":1,"name":"Portada","item":"https:\/\/rellmanfoods.com\/fr\/accueil\/"},{"@type":"ListItem","position":2,"name":"Politique en mati\u00e8re de cookies"}]},{"@type":"WebSite","@id":"https:\/\/rellmanfoods.com\/fr\/#website","url":"https:\/\/rellmanfoods.com\/fr\/","name":"Rellman Foods","description":"We select the best beef for you.","publisher":{"@id":"https:\/\/rellmanfoods.com\/fr\/#organization"},"potentialAction":[{"@type":"SearchAction","target":{"@type":"EntryPoint","urlTemplate":"https:\/\/rellmanfoods.com\/fr\/?s={search_term_string}"},"query-input":{"@type":"PropertyValueSpecification","valueRequired":true,"valueName":"search_term_string"}}],"inLanguage":"fr-FR"},{"@type":"Organization","@id":"https:\/\/rellmanfoods.com\/fr\/#organization","name":"Rellman Foods","url":"https:\/\/rellmanfoods.com\/fr\/","logo":{"@type":"ImageObject","inLanguage":"fr-FR","@id":"https:\/\/rellmanfoods.com\/fr\/#\/schema\/logo\/image\/","url":"https:\/\/i0.wp.com\/rellmanfoods.com\/wp-content\/uploads\/2022\/05\/rellman-foods-logo-full-color-vertical@2x.png?fit=1024%2C452&ssl=1","contentUrl":"https:\/\/i0.wp.com\/rellmanfoods.com\/wp-content\/uploads\/2022\/05\/rellman-foods-logo-full-color-vertical@2x.png?fit=1024%2C452&ssl=1","width":1024,"height":452,"caption":"Rellman Foods"},"image":{"@id":"https:\/\/rellmanfoods.com\/fr\/#\/schema\/logo\/image\/"},"sameAs":["https:\/\/www.facebook.com\/rellmanfoods","https:\/\/www.instagram.com\/rellmanfoods","https:\/\/www.linkedin.com\/company\/rellman-foods-sa"]}]}},"_links":{"self":[{"href":"https:\/\/rellmanfoods.com\/fr\/wp-json\/wp\/v2\/pages\/15036","targetHints":{"allow":["GET"]}}],"collection":[{"href":"https:\/\/rellmanfoods.com\/fr\/wp-json\/wp\/v2\/pages"}],"about":[{"href":"https:\/\/rellmanfoods.com\/fr\/wp-json\/wp\/v2\/types\/page"}],"author":[{"embeddable":true,"href":"https:\/\/rellmanfoods.com\/fr\/wp-json\/wp\/v2\/users\/1"}],"replies":[{"embeddable":true,"href":"https:\/\/rellmanfoods.com\/fr\/wp-json\/wp\/v2\/comments?post=15036"}],"version-history":[{"count":1,"href":"https:\/\/rellmanfoods.com\/fr\/wp-json\/wp\/v2\/pages\/15036\/revisions"}],"predecessor-version":[{"id":15037,"href":"https:\/\/rellmanfoods.com\/fr\/wp-json\/wp\/v2\/pages\/15036\/revisions\/15037"}],"wp:attachment":[{"href":"https:\/\/rellmanfoods.com\/fr\/wp-json\/wp\/v2\/media?parent=15036"}],"curies":[{"name":"wp","href":"https:\/\/api.w.org\/{rel}","templated":true}]}}