{"id":14820,"date":"2022-11-16T15:34:24","date_gmt":"2022-11-16T14:34:24","guid":{"rendered":"https:\/\/rellmanfoods.com\/marques\/"},"modified":"2024-11-15T13:10:02","modified_gmt":"2024-11-15T12:10:02","slug":"beef-brands","status":"publish","type":"page","link":"https:\/\/rellmanfoods.com\/fr\/beef-brands\/","title":{"rendered":"Marques"},"content":{"rendered":"<div class=\"wpb-content-wrapper\"><p>[vc_row][vc_column]<div class=\"es-resp\">\t<div class=\"visible-xl\" style=\"height: 76px;\"><\/div>\t<div class=\"hidden-xl hidden-md hidden-sm hidden-ms hidden-xs\" style=\"height: 76px;\"><\/div>\t<div class=\"visible-md\" style=\"height: 76px;\"><\/div>\t<div class=\"visible-sm \" style=\"height: 76px;\"><\/div>\t<div class=\"visible-ms\" style=\"height: 76px;\"><\/div>\t<div class=\"visible-xs\" style=\"height: 76px;\"><\/div><\/div>[\/vc_column][\/vc_row][vc_row full_width=\u00a0\u00bbstretch_row_content\u00a0\u00bb gap=\u00a0\u00bb5&Prime; equal_height=\u00a0\u00bbyes\u00a0\u00bb][vc_column width=\u00a0\u00bb1\/4&Prime;][vc_hoverbox image=\u00a0\u00bb17367&Prime; primary_title=\u00a0\u00bb\u00a0\u00bb hover_title=\u00a0\u00bbCeibo Beef\u00a0\u00bb hover_title_font_container=\u00a0\u00bbfont_size:24px|color:%2369a816&Prime; hover_title_google_fonts=\u00a0\u00bbfont_family:Montserrat%3Aregular%2C700|font_style:400%20regular%3A400%3Anormal\u00a0\u00bb hover_btn_title=\u00a0\u00bbEn savoir plus\u00a0\u00bb hover_btn_style=\u00a0\u00bbcustom\u00a0\u00bb hover_btn_custom_background=\u00a0\u00bb#69a816&Prime; hover_btn_custom_text=\u00a0\u00bb#ffffff\u00a0\u00bb use_custom_fonts_hover_title=\u00a0\u00bbtrue\u00a0\u00bb hover_add_button=\u00a0\u00bbtrue\u00a0\u00bb hover_btn_link=\u00a0\u00bburl:https%3A%2F%2Frellmanfoods.com%2Fceibo-beef%2F|title:Marques|\u00a0\u00bb]La philosophie de Ceibo Beef est de satisfaire les besoins des clients. C&rsquo;est la raison pour laquelle ils s\u00e9lectionnent du b\u0153uf provenant d&rsquo;\u00e9leveurs qui ont consacr\u00e9 beaucoup de temps et d&rsquo;efforts \u00e0 am\u00e9liorer les races Angus et Hereford, gr\u00e2ce \u00e0 une excellente g\u00e9n\u00e9tique et \u00e0 l&rsquo;alimentation.<\/p>\n<p>Les caract\u00e9ristiques principales des produits sont la sapidit\u00e9, la jutosit\u00e9 et la saveur.[\/vc_hoverbox][\/vc_column][vc_column width=\u00a0\u00bb1\/4&Prime;][vc_hoverbox image=\u00a0\u00bb15946&Prime; primary_title=\u00a0\u00bb\u00a0\u00bb hover_title=\u00a0\u00bbRosedale Ruby\u00a0\u00bb hover_title_font_container=\u00a0\u00bbfont_size:24px|color:%2369a816&Prime; hover_title_google_fonts=\u00a0\u00bbfont_family:Montserrat%3Aregular%2C700|font_style:400%20regular%3A400%3Anormal\u00a0\u00bb hover_btn_title=\u00a0\u00bbEn savoir plus\u00a0\u00bb hover_btn_style=\u00a0\u00bbcustom\u00a0\u00bb hover_btn_custom_background=\u00a0\u00bb#69a816&Prime; hover_btn_custom_text=\u00a0\u00bb#ffffff\u00a0\u00bb use_custom_fonts_hover_title=\u00a0\u00bbtrue\u00a0\u00bb hover_add_button=\u00a0\u00bbtrue\u00a0\u00bb hover_btn_link=\u00a0\u00bburl:https%3A%2F%2Frellmanfoods.com%2Fruby-rosedale%2F|title:Rosedale%20Ruby|\u00a0\u00bb]Rosedale est l&rsquo;un des premiers \u00e9leveurs Charolais.<\/p>\n<p>Ses valeurs sont l&rsquo;\u00e9levage de qualit\u00e9 et le maintien de relations \u00e9troites avec d&rsquo;autres membres de l&rsquo;industrie bovine. Ses bovins ont \u00e9volu\u00e9 au fil du temps et repr\u00e9sentent des taureaux charolais modernes qui sont adapt\u00e9s pour les march\u00e9s et les conditions d&rsquo;aujourd&rsquo;hui.[\/vc_hoverbox][\/vc_column][vc_column width=\u00a0\u00bb1\/4&Prime;][vc_hoverbox image=\u00a0\u00bb17375&Prime; primary_title=\u00a0\u00bb\u00a0\u00bb hover_title=\u00a0\u00bbSoriano\u00a0\u00bb hover_title_font_container=\u00a0\u00bbfont_size:24px|color:%2369a816&Prime; hover_title_google_fonts=\u00a0\u00bbfont_family:Montserrat%3Aregular%2C700|font_style:400%20regular%3A400%3Anormal\u00a0\u00bb hover_btn_title=\u00a0\u00bbEn savoir plus\u00a0\u00bb hover_btn_style=\u00a0\u00bbcustom\u00a0\u00bb hover_btn_custom_background=\u00a0\u00bb#69a816&Prime; hover_btn_custom_text=\u00a0\u00bb#ffffff\u00a0\u00bb use_custom_fonts_hover_title=\u00a0\u00bbtrue\u00a0\u00bb hover_add_button=\u00a0\u00bbtrue\u00a0\u00bb hover_btn_link=\u00a0\u00bburl:https%3A%2F%2Frellmanfoods.com%2Fsoriano-angus%2F|title:Soriano|\u00a0\u00bb]Soriano est l&rsquo;usine d&#8217;emballage de viande bovine o\u00f9 le contr\u00f4le de la qualit\u00e9 et le bien-\u00eatre des animaux sont les piliers cl\u00e9s pour la s\u00e9lection et la production de d\u00e9coupes de viande bovine de qualit\u00e9 sup\u00e9rieure.<\/p>\n<p>Soriano est la garantie d&rsquo;un b\u0153uf tendre, juteux et savoureux, la pr\u00e9f\u00e9r\u00e9e des consommateurs.[\/vc_hoverbox][\/vc_column][vc_column width=\u00a0\u00bb1\/4&Prime;][vc_hoverbox image=\u00a0\u00bb17381&Prime; primary_title=\u00a0\u00bb\u00a0\u00bb hover_title=\u00a0\u00bbLa M\u00e1xima\u00a0\u00bb hover_title_font_container=\u00a0\u00bbfont_size:24px|color:%2369a816&Prime; hover_title_google_fonts=\u00a0\u00bbfont_family:Montserrat%3Aregular%2C700|font_style:400%20regular%3A400%3Anormal\u00a0\u00bb hover_btn_title=\u00a0\u00bbEn savoir plus\u00a0\u00bb hover_btn_style=\u00a0\u00bbcustom\u00a0\u00bb hover_btn_custom_background=\u00a0\u00bb#69a816&Prime; hover_btn_custom_text=\u00a0\u00bb#ffffff\u00a0\u00bb use_custom_fonts_hover_title=\u00a0\u00bbtrue\u00a0\u00bb hover_add_button=\u00a0\u00bbtrue\u00a0\u00bb hover_btn_link=\u00a0\u00bburl:https%3A%2F%2Frellmanfoods.com%2Fla-maxima%2F|title:La%20M%C3%A1xima|\u00a0\u00bb]<\/p>\n<div class=\"elementor-element elementor-element-5f24a0c elementor-widget elementor-widget-text-editor\" data-id=\"5f24a0c\" data-element_type=\"widget\" data-widget_type=\"text-editor.default\">\n<div class=\"elementor-widget-container\">\n<p>L&rsquo;origine argentine authentique de La M\u00e1xima et son exp\u00e9rience dans la s\u00e9lection des meilleurs bovins de la campagne sont pr\u00e9sentes dans toutes ses pi\u00e8ces de b\u0153uf.<\/p>\n<p>Go\u00fbtez \u00e0 la saveur authentique et \u00e0 la tendret\u00e9 du meilleur b\u0153uf argentin : S\u00e9lection de b\u0153uf nourri \u00e0 l&rsquo;herbe, normes de qualit\u00e9 du b\u0153uf et bon rapport qualit\u00e9\/prix.<\/p>\n<\/div>\n<\/div>\n<p>[\/vc_hoverbox][\/vc_column][\/vc_row][vc_row][vc_column]<div class=\"es-resp\">\t<div class=\"visible-xl\" style=\"height: 76px;\"><\/div>\t<div class=\"hidden-xl hidden-md hidden-sm hidden-ms hidden-xs\" style=\"height: 76px;\"><\/div>\t<div class=\"visible-md\" style=\"height: 76px;\"><\/div>\t<div class=\"visible-sm \" style=\"height: 76px;\"><\/div>\t<div class=\"visible-ms\" style=\"height: 76px;\"><\/div>\t<div class=\"visible-xs\" style=\"height: 76px;\"><\/div><\/div>[\/vc_column][\/vc_row][vc_row full_width=\u00a0\u00bbstretch_row_content\u00a0\u00bb gap=\u00a0\u00bb2&Prime; disable_element=\u00a0\u00bbyes\u00a0\u00bb][vc_column width=\u00a0\u00bb1\/4&Prime;][vc_hoverbox image=\u00a0\u00bb15961&Prime; primary_title=\u00a0\u00bb\u00a0\u00bb hover_title=\u00a0\u00bbRioplatense\u00a0\u00bb hover_title_font_container=\u00a0\u00bbfont_size:24px|color:%2369a816&Prime; hover_title_google_fonts=\u00a0\u00bbfont_family:Montserrat%3Aregular%2C700|font_style:400%20regular%3A400%3Anormal\u00a0\u00bb hover_btn_title=\u00a0\u00bbEn savoir plus\u00a0\u00bb hover_btn_style=\u00a0\u00bbcustom\u00a0\u00bb hover_btn_custom_background=\u00a0\u00bb#69a816&Prime; hover_btn_custom_text=\u00a0\u00bb#ffffff\u00a0\u00bb use_custom_fonts_hover_title=\u00a0\u00bbtrue\u00a0\u00bb hover_add_button=\u00a0\u00bbtrue\u00a0\u00bb hover_btn_link=\u00a0\u00bburl:https%3A%2F%2Frellmanfoods.com%2Frioplatense%2F|title:Rioplatense|\u00a0\u00bb]Depuis 1974, Rioplatense est l&rsquo;une des principales entreprises de transformation du b\u0153uf en Argentine.<\/p>\n<p>La qualit\u00e9 de ses produits est garantie par la s\u00e9lection des meilleures races britanniques-argentines, Angus et Hereford, et par son endroit.[\/vc_hoverbox][\/vc_column][vc_column width=\u00a0\u00bb1\/4&Prime;][vc_hoverbox image=\u00a0\u00bb15966&Prime; primary_title=\u00a0\u00bb\u00a0\u00bb hover_title=\u00a0\u00bbUrien Loza\u00a0\u00bb hover_title_font_container=\u00a0\u00bbfont_size:24px|color:%2369a816&Prime; hover_title_google_fonts=\u00a0\u00bbfont_family:Montserrat%3Aregular%2C700|font_style:400%20regular%3A400%3Anormal\u00a0\u00bb hover_btn_title=\u00a0\u00bbEn savoir plus\u00a0\u00bb hover_btn_style=\u00a0\u00bbcustom\u00a0\u00bb hover_btn_custom_background=\u00a0\u00bb#69a816&Prime; hover_btn_custom_text=\u00a0\u00bb#ffffff\u00a0\u00bb use_custom_fonts_hover_title=\u00a0\u00bbtrue\u00a0\u00bb hover_add_button=\u00a0\u00bbtrue\u00a0\u00bb hover_btn_link=\u00a0\u00bburl:https%3A%2F%2Frellmanfoods.com%2Furien-loza%2F|title:Urien%20Loza|\u00a0\u00bb]Avec plus de 25 ans d&rsquo;histoire, son engagement est d&rsquo;\u00e9lever et de vendre le meilleur steak.<\/p>\n<p>La valeur principale d&rsquo;Urien Loza est son club de producteurs. qui s\u00e9lectionne les meilleurs b\u0153uf et races des r\u00e9gions argentines pour offrir la garantie d&rsquo;un b\u0153uf optimal.[\/vc_hoverbox][\/vc_column][vc_column width=\u00a0\u00bb1\/4&Prime;][vc_hoverbox image=\u00a0\u00bb17387&Prime; primary_title=\u00a0\u00bb\u00a0\u00bb primary_title_font_container=\u00a0\u00bbcolor:%23ffffff\u00a0\u00bb primary_title_google_fonts=\u00a0\u00bbfont_family:Montserrat%3Aregular%2C700|font_style:400%20regular%3A400%3Anormal\u00a0\u00bb hover_title=\u00a0\u00bbLas Moras\u00a0\u00bb hover_title_font_container=\u00a0\u00bbfont_size:24px|color:%2369a816&Prime; hover_title_google_fonts=\u00a0\u00bbfont_family:Montserrat%3Aregular%2C700|font_style:400%20regular%3A400%3Anormal\u00a0\u00bb hover_btn_title=\u00a0\u00bbEn savoir plus\u00a0\u00bb hover_btn_style=\u00a0\u00bbcustom\u00a0\u00bb hover_btn_custom_background=\u00a0\u00bb#69a816&Prime; hover_btn_custom_text=\u00a0\u00bb#ffffff\u00a0\u00bb use_custom_fonts_primary_title=\u00a0\u00bbtrue\u00a0\u00bb use_custom_fonts_hover_title=\u00a0\u00bbtrue\u00a0\u00bb hover_add_button=\u00a0\u00bbtrue\u00a0\u00bb hover_btn_link=\u00a0\u00bburl:https%3A%2F%2Frellmanfoods.com%2Flas-moras%2F|title:Las%20Moras|\u00a0\u00bb]Sa philosophie est bas\u00e9e sur l&rsquo;h\u00e9ritage et la passion, avec l&rsquo;objectif de fournir la meilleure qualit\u00e9 de viande dans le monde entier.<\/p>\n<p>Ils sont un acteur cl\u00e9 dans l&rsquo;industrie de la viande de l&rsquo;Uruguay, une famille, avec l&rsquo;objectif de cr\u00e9er un avenir meilleur pour tous.[\/vc_hoverbox][\/vc_column][vc_column width=\u00a0\u00bb1\/4&Prime;][vc_hoverbox image=\u00a0\u00bb15976&Prime; primary_title=\u00a0\u00bb\u00a0\u00bb hover_title=\u00a0\u00bbOjo de Agua\u00a0\u00bb hover_title_font_container=\u00a0\u00bbfont_size:24px|color:%2369a816&Prime; hover_title_google_fonts=\u00a0\u00bbfont_family:Montserrat%3Aregular%2C700|font_style:400%20regular%3A400%3Anormal\u00a0\u00bb hover_btn_title=\u00a0\u00bbEn savoir plus\u00a0\u00bb hover_btn_style=\u00a0\u00bbcustom\u00a0\u00bb hover_btn_custom_background=\u00a0\u00bb#69a816&Prime; hover_btn_custom_text=\u00a0\u00bb#ffffff\u00a0\u00bb use_custom_fonts_hover_title=\u00a0\u00bbtrue\u00a0\u00bb hover_add_button=\u00a0\u00bbtrue\u00a0\u00bb hover_btn_link=\u00a0\u00bburl:https%3A%2F%2Frellmanfoods.com%2Fojo-de-agua%2F|title:Ojo%20de%20Agua|\u00a0\u00bb]Les gauchos s&rsquo;occupent de 70 000 hectares de terres agricoles durables o\u00f9 plus de 10 000 bovins Angus et Hereford peuvent pa\u00eetre librement.<\/p>\n<p>Ils produisent du b\u0153uf avec une \u00e2me, en raison de leur gestion g\u00e9n\u00e9tique, de leur finition et de leurs bonnes pratiques de gestion des animaux.[\/vc_hoverbox][\/vc_column][\/vc_row][vc_row][vc_column]<div class=\"es-resp\">\t<div class=\"visible-xl\" style=\"height: 76px;\"><\/div>\t<div class=\"hidden-xl hidden-md hidden-sm hidden-ms hidden-xs\" style=\"height: 76px;\"><\/div>\t<div class=\"visible-md\" style=\"height: 76px;\"><\/div>\t<div class=\"visible-sm \" style=\"height: 76px;\"><\/div>\t<div class=\"visible-ms\" style=\"height: 76px;\"><\/div>\t<div class=\"visible-xs\" style=\"height: 76px;\"><\/div><\/div>[\/vc_column][\/vc_row]<\/p>\n<\/div>","protected":false},"excerpt":{"rendered":"<p>[vc_row][vc_column][\/vc_column][\/vc_row][vc_row full_width=\u00a0\u00bbstretch_row_content\u00a0\u00bb gap=\u00a0\u00bb5&Prime; equal_height=\u00a0\u00bbyes\u00a0\u00bb][vc_column width=\u00a0\u00bb1\/4&Prime;][vc_hoverbox image=\u00a0\u00bb17367&Prime; primary_title=\u00a0\u00bb\u00a0\u00bb hover_title=\u00a0\u00bbCeibo Beef\u00a0\u00bb hover_title_font_container=\u00a0\u00bbfont_size:24px|color:%2369a816&Prime; hover_title_google_fonts=\u00a0\u00bbfont_family:Montserrat%3Aregular%2C700|font_style:400%20regular%3A400%3Anormal\u00a0\u00bb hover_btn_title=\u00a0\u00bbEn savoir plus\u00a0\u00bb hover_btn_style=\u00a0\u00bbcustom\u00a0\u00bb hover_btn_custom_background=\u00a0\u00bb#69a816&Prime; hover_btn_custom_text=\u00a0\u00bb#ffffff\u00a0\u00bb use_custom_fonts_hover_title=\u00a0\u00bbtrue\u00a0\u00bb hover_add_button=\u00a0\u00bbtrue\u00a0\u00bb hover_btn_link=\u00a0\u00bburl:https%3A%2F%2Frellmanfoods.com%2Fceibo-beef%2F|title:Marques|\u00a0\u00bb]La philosophie de Ceibo Beef est de satisfaire les besoins des clients. C&rsquo;est la raison pour laquelle ils s\u00e9lectionnent du b\u0153uf provenant d&rsquo;\u00e9leveurs qui ont consacr\u00e9 beaucoup de temps et d&rsquo;efforts \u00e0 am\u00e9liorer les races Angus et Hereford, gr\u00e2ce \u00e0 une excellente g\u00e9n\u00e9tique et \u00e0 l&rsquo;alimentation. Les caract\u00e9ristiques principales des produits sont la sapidit\u00e9, la jutosit\u00e9 et la saveur.[\/vc_hoverbox][\/vc_column][vc_column width=\u00a0\u00bb1\/4&Prime;][vc_hoverbox image=\u00a0\u00bb15946&Prime; primary_title=\u00a0\u00bb\u00a0\u00bb hover_title=\u00a0\u00bbRosedale Ruby\u00a0\u00bb hover_title_font_container=\u00a0\u00bbfont_size:24px|color:%2369a816&Prime; hover_title_google_fonts=\u00a0\u00bbfont_family:Montserrat%3Aregular%2C700|font_style:400%20regular%3A400%3Anormal\u00a0\u00bb hover_btn_title=\u00a0\u00bbEn savoir plus\u00a0\u00bb hover_btn_style=\u00a0\u00bbcustom\u00a0\u00bb hover_btn_custom_background=\u00a0\u00bb#69a816&Prime; hover_btn_custom_text=\u00a0\u00bb#ffffff\u00a0\u00bb use_custom_fonts_hover_title=\u00a0\u00bbtrue\u00a0\u00bb hover_add_button=\u00a0\u00bbtrue\u00a0\u00bb hover_btn_link=\u00a0\u00bburl:https%3A%2F%2Frellmanfoods.com%2Fruby-rosedale%2F|title:Rosedale%20Ruby|\u00a0\u00bb]Rosedale est l&rsquo;un des premiers \u00e9leveurs Charolais. Ses valeurs sont l&rsquo;\u00e9levage de qualit\u00e9 et le maintien de relations \u00e9troites avec d&rsquo;autres membres de l&rsquo;industrie bovine. Ses bovins ont \u00e9volu\u00e9 au fil du temps et repr\u00e9sentent des taureaux charolais modernes qui sont adapt\u00e9s pour les march\u00e9s et les [&hellip;]<\/p>\n","protected":false},"author":1,"featured_media":0,"parent":0,"menu_order":0,"comment_status":"closed","ping_status":"closed","template":"","meta":{"footnotes":""},"class_list":["post-14820","page","type-page","status-publish","hentry"],"yoast_head":"<!-- This site is optimized with the Yoast SEO plugin v26.9 - https:\/\/yoast.com\/product\/yoast-seo-wordpress\/ -->\n<title>B\u0153uf Marques %pagesepsitename%%.<\/title>\n<meta name=\"description\" content=\"Marques de b\u0153uf pour l&#039;Europe - Rellman Foods, importateur reconnu de b\u0153uf, vous propose les meilleures marques du monde entier - Qualit\u00e9 garantie.\" \/>\n<meta name=\"robots\" content=\"index, follow, max-snippet:-1, max-image-preview:large, max-video-preview:-1\" \/>\n<link rel=\"canonical\" href=\"https:\/\/rellmanfoods.com\/fr\/beef-brands\/\" \/>\n<meta property=\"og:locale\" content=\"fr_FR\" \/>\n<meta property=\"og:type\" content=\"article\" \/>\n<meta property=\"og:title\" content=\"B\u0153uf Marques %pagesepsitename%%.\" \/>\n<meta property=\"og:description\" content=\"Marques de b\u0153uf pour l&#039;Europe - Rellman Foods, importateur reconnu de b\u0153uf, vous propose les meilleures marques du monde entier - Qualit\u00e9 garantie.\" \/>\n<meta property=\"og:url\" content=\"https:\/\/rellmanfoods.com\/fr\/beef-brands\/\" \/>\n<meta property=\"og:site_name\" content=\"Rellman Foods\" \/>\n<meta property=\"article:publisher\" content=\"https:\/\/www.facebook.com\/rellmanfoods\" \/>\n<meta property=\"article:modified_time\" content=\"2024-11-15T12:10:02+00:00\" \/>\n<meta property=\"og:image\" content=\"https:\/\/rellmanfoods.com\/wp-content\/uploads\/2022\/05\/rellman-foods-logo-full-color-vertical@2x.png\" \/>\n\t<meta property=\"og:image:width\" content=\"1024\" \/>\n\t<meta property=\"og:image:height\" content=\"452\" \/>\n\t<meta property=\"og:image:type\" content=\"image\/png\" \/>\n<meta name=\"twitter:card\" content=\"summary_large_image\" \/>\n<meta name=\"twitter:label1\" content=\"Dur\u00e9e de lecture estim\u00e9e\" \/>\n\t<meta name=\"twitter:data1\" content=\"6 minutes\" \/>\n<script type=\"application\/ld+json\" class=\"yoast-schema-graph\">{\"@context\":\"https:\/\/schema.org\",\"@graph\":[{\"@type\":\"WebPage\",\"@id\":\"https:\/\/rellmanfoods.com\/fr\/beef-brands\/\",\"url\":\"https:\/\/rellmanfoods.com\/fr\/beef-brands\/\",\"name\":\"B\u0153uf Marques %pagesepsitename%%.\",\"isPartOf\":{\"@id\":\"https:\/\/rellmanfoods.com\/fr\/#website\"},\"datePublished\":\"2022-11-16T14:34:24+00:00\",\"dateModified\":\"2024-11-15T12:10:02+00:00\",\"description\":\"Marques de b\u0153uf pour l'Europe - Rellman Foods, importateur reconnu de b\u0153uf, vous propose les meilleures marques du monde entier - Qualit\u00e9 garantie.\",\"breadcrumb\":{\"@id\":\"https:\/\/rellmanfoods.com\/fr\/beef-brands\/#breadcrumb\"},\"inLanguage\":\"fr-FR\",\"potentialAction\":[{\"@type\":\"ReadAction\",\"target\":[\"https:\/\/rellmanfoods.com\/fr\/beef-brands\/\"]}]},{\"@type\":\"BreadcrumbList\",\"@id\":\"https:\/\/rellmanfoods.com\/fr\/beef-brands\/#breadcrumb\",\"itemListElement\":[{\"@type\":\"ListItem\",\"position\":1,\"name\":\"Portada\",\"item\":\"https:\/\/rellmanfoods.com\/fr\/accueil\/\"},{\"@type\":\"ListItem\",\"position\":2,\"name\":\"Marques\"}]},{\"@type\":\"WebSite\",\"@id\":\"https:\/\/rellmanfoods.com\/fr\/#website\",\"url\":\"https:\/\/rellmanfoods.com\/fr\/\",\"name\":\"Rellman Foods\",\"description\":\"We select the best beef for you.\",\"publisher\":{\"@id\":\"https:\/\/rellmanfoods.com\/fr\/#organization\"},\"potentialAction\":[{\"@type\":\"SearchAction\",\"target\":{\"@type\":\"EntryPoint\",\"urlTemplate\":\"https:\/\/rellmanfoods.com\/fr\/?s={search_term_string}\"},\"query-input\":{\"@type\":\"PropertyValueSpecification\",\"valueRequired\":true,\"valueName\":\"search_term_string\"}}],\"inLanguage\":\"fr-FR\"},{\"@type\":\"Organization\",\"@id\":\"https:\/\/rellmanfoods.com\/fr\/#organization\",\"name\":\"Rellman Foods\",\"url\":\"https:\/\/rellmanfoods.com\/fr\/\",\"logo\":{\"@type\":\"ImageObject\",\"inLanguage\":\"fr-FR\",\"@id\":\"https:\/\/rellmanfoods.com\/fr\/#\/schema\/logo\/image\/\",\"url\":\"https:\/\/i0.wp.com\/rellmanfoods.com\/wp-content\/uploads\/2022\/05\/rellman-foods-logo-full-color-vertical@2x.png?fit=1024%2C452&ssl=1\",\"contentUrl\":\"https:\/\/i0.wp.com\/rellmanfoods.com\/wp-content\/uploads\/2022\/05\/rellman-foods-logo-full-color-vertical@2x.png?fit=1024%2C452&ssl=1\",\"width\":1024,\"height\":452,\"caption\":\"Rellman Foods\"},\"image\":{\"@id\":\"https:\/\/rellmanfoods.com\/fr\/#\/schema\/logo\/image\/\"},\"sameAs\":[\"https:\/\/www.facebook.com\/rellmanfoods\",\"https:\/\/www.instagram.com\/rellmanfoods\",\"https:\/\/www.linkedin.com\/company\/rellman-foods-sa\"]}]}<\/script>\n<!-- \/ Yoast SEO plugin. -->","yoast_head_json":{"title":"B\u0153uf Marques %pagesepsitename%%.","description":"Marques de b\u0153uf pour l'Europe - Rellman Foods, importateur reconnu de b\u0153uf, vous propose les meilleures marques du monde entier - Qualit\u00e9 garantie.","robots":{"index":"index","follow":"follow","max-snippet":"max-snippet:-1","max-image-preview":"max-image-preview:large","max-video-preview":"max-video-preview:-1"},"canonical":"https:\/\/rellmanfoods.com\/fr\/beef-brands\/","og_locale":"fr_FR","og_type":"article","og_title":"B\u0153uf Marques %pagesepsitename%%.","og_description":"Marques de b\u0153uf pour l'Europe - Rellman Foods, importateur reconnu de b\u0153uf, vous propose les meilleures marques du monde entier - Qualit\u00e9 garantie.","og_url":"https:\/\/rellmanfoods.com\/fr\/beef-brands\/","og_site_name":"Rellman Foods","article_publisher":"https:\/\/www.facebook.com\/rellmanfoods","article_modified_time":"2024-11-15T12:10:02+00:00","og_image":[{"width":1024,"height":452,"url":"https:\/\/rellmanfoods.com\/wp-content\/uploads\/2022\/05\/rellman-foods-logo-full-color-vertical@2x.png","type":"image\/png"}],"twitter_card":"summary_large_image","twitter_misc":{"Dur\u00e9e de lecture estim\u00e9e":"6 minutes"},"schema":{"@context":"https:\/\/schema.org","@graph":[{"@type":"WebPage","@id":"https:\/\/rellmanfoods.com\/fr\/beef-brands\/","url":"https:\/\/rellmanfoods.com\/fr\/beef-brands\/","name":"B\u0153uf Marques %pagesepsitename%%.","isPartOf":{"@id":"https:\/\/rellmanfoods.com\/fr\/#website"},"datePublished":"2022-11-16T14:34:24+00:00","dateModified":"2024-11-15T12:10:02+00:00","description":"Marques de b\u0153uf pour l'Europe - Rellman Foods, importateur reconnu de b\u0153uf, vous propose les meilleures marques du monde entier - Qualit\u00e9 garantie.","breadcrumb":{"@id":"https:\/\/rellmanfoods.com\/fr\/beef-brands\/#breadcrumb"},"inLanguage":"fr-FR","potentialAction":[{"@type":"ReadAction","target":["https:\/\/rellmanfoods.com\/fr\/beef-brands\/"]}]},{"@type":"BreadcrumbList","@id":"https:\/\/rellmanfoods.com\/fr\/beef-brands\/#breadcrumb","itemListElement":[{"@type":"ListItem","position":1,"name":"Portada","item":"https:\/\/rellmanfoods.com\/fr\/accueil\/"},{"@type":"ListItem","position":2,"name":"Marques"}]},{"@type":"WebSite","@id":"https:\/\/rellmanfoods.com\/fr\/#website","url":"https:\/\/rellmanfoods.com\/fr\/","name":"Rellman Foods","description":"We select the best beef for you.","publisher":{"@id":"https:\/\/rellmanfoods.com\/fr\/#organization"},"potentialAction":[{"@type":"SearchAction","target":{"@type":"EntryPoint","urlTemplate":"https:\/\/rellmanfoods.com\/fr\/?s={search_term_string}"},"query-input":{"@type":"PropertyValueSpecification","valueRequired":true,"valueName":"search_term_string"}}],"inLanguage":"fr-FR"},{"@type":"Organization","@id":"https:\/\/rellmanfoods.com\/fr\/#organization","name":"Rellman Foods","url":"https:\/\/rellmanfoods.com\/fr\/","logo":{"@type":"ImageObject","inLanguage":"fr-FR","@id":"https:\/\/rellmanfoods.com\/fr\/#\/schema\/logo\/image\/","url":"https:\/\/i0.wp.com\/rellmanfoods.com\/wp-content\/uploads\/2022\/05\/rellman-foods-logo-full-color-vertical@2x.png?fit=1024%2C452&ssl=1","contentUrl":"https:\/\/i0.wp.com\/rellmanfoods.com\/wp-content\/uploads\/2022\/05\/rellman-foods-logo-full-color-vertical@2x.png?fit=1024%2C452&ssl=1","width":1024,"height":452,"caption":"Rellman Foods"},"image":{"@id":"https:\/\/rellmanfoods.com\/fr\/#\/schema\/logo\/image\/"},"sameAs":["https:\/\/www.facebook.com\/rellmanfoods","https:\/\/www.instagram.com\/rellmanfoods","https:\/\/www.linkedin.com\/company\/rellman-foods-sa"]}]}},"_links":{"self":[{"href":"https:\/\/rellmanfoods.com\/fr\/wp-json\/wp\/v2\/pages\/14820","targetHints":{"allow":["GET"]}}],"collection":[{"href":"https:\/\/rellmanfoods.com\/fr\/wp-json\/wp\/v2\/pages"}],"about":[{"href":"https:\/\/rellmanfoods.com\/fr\/wp-json\/wp\/v2\/types\/page"}],"author":[{"embeddable":true,"href":"https:\/\/rellmanfoods.com\/fr\/wp-json\/wp\/v2\/users\/1"}],"replies":[{"embeddable":true,"href":"https:\/\/rellmanfoods.com\/fr\/wp-json\/wp\/v2\/comments?post=14820"}],"version-history":[{"count":24,"href":"https:\/\/rellmanfoods.com\/fr\/wp-json\/wp\/v2\/pages\/14820\/revisions"}],"predecessor-version":[{"id":17452,"href":"https:\/\/rellmanfoods.com\/fr\/wp-json\/wp\/v2\/pages\/14820\/revisions\/17452"}],"wp:attachment":[{"href":"https:\/\/rellmanfoods.com\/fr\/wp-json\/wp\/v2\/media?parent=14820"}],"curies":[{"name":"wp","href":"https:\/\/api.w.org\/{rel}","templated":true}]}}