{"id":14636,"date":"2021-08-03T15:00:09","date_gmt":"2021-08-03T13:00:09","guid":{"rendered":"https:\/\/rellmanfoods.com\/product\/bola-de-lomo\/"},"modified":"2025-07-07T13:25:21","modified_gmt":"2025-07-07T11:25:21","slug":"bola-de-lomo","status":"publish","type":"product","link":"https:\/\/rellmanfoods.com\/es\/producto\/bola-de-lomo\/","title":{"rendered":"Bola de Lomo"},"content":{"rendered":"<div class=\"wpb-content-wrapper\"><p>[vc_row full_width=\u00bbstretch_row_content\u00bb gap=\u00bb25&#8243; equal_height=\u00bbyes\u00bb][vc_column width=\u00bb3\/5&#8243;][vc_tta_tabs section_title_tag=\u00bbp\u00bb style=\u00bbmodern\u00bb active_section=\u00bb1&#8243;][vc_tta_section title=\u00bbDetalle del producto\u00bb tab_id=\u00bb1659535319850-36285157-5961&#8243;]<ul class=\"ltx-block-icon  has-descr  icons-count-8 align-center ltx-icon-color-main ltx-icon-size-default ltx-header-color-default ltx-icon-type-transparent ltx-bg-color-transparent layout-cols4 ltx-icon-top  row centered\"  id=\"like_sc_block_icon_1361817140\"><li class=\" col-lg-3 col-md-4 col-sm-6 col-ms-6 col-xs-6\" ><div   class=\"in\"><span class=\"ltx-icon fas fa-globe-americas bg-transparent\"><\/span> <h6 class=\"header\"> Or\u00edgenes <\/h6> <div class=\"descr\">Argentina, Uruguay, Australia, Irlanda y Polonia<\/div><\/div><\/li><li class=\" col-lg-3 col-md-4 col-sm-6 col-ms-6 col-xs-6\" ><div   class=\"in\"><span class=\"ltx-icon icon-temperature bg-transparent\"><\/span> <h6 class=\"header\"> Temperatura de conservaci\u00f3n <\/h6> <div class=\"descr\">Refrigerado -1\u00ba\/+2\u00ba y congelado -18\u00ba<\/div><\/div><\/li><li class=\" col-lg-3 col-md-4 col-sm-6 col-ms-6 col-xs-6\" ><div   class=\"in\"><span class=\"ltx-icon icon-cow bg-transparent\"><\/span> <h6 class=\"header\"> Especie <\/h6> <div class=\"descr\">Bovina<\/div><\/div><\/li><li class=\" col-lg-3 col-md-4 col-sm-6 col-ms-6 col-xs-6\" ><div   class=\"in\"><span class=\"ltx-icon fas fa-certificate bg-transparent\"><\/span> <h6 class=\"header\"> Calidad <\/h6> <div class=\"descr\">High Quality Beef<\/div><\/div><\/li><li class=\" col-lg-3 col-md-4 col-sm-6 col-ms-6 col-xs-6\" ><div   class=\"in\"><span class=\"ltx-icon fas fa-redo bg-transparent\"><\/span> <h6 class=\"header\"> Periodo de conservaci\u00f3n <\/h6> <div class=\"descr\">Refrigerated 120 d\u00edas \/ Congelada 18 meses<\/div><\/div><\/li><li class=\" col-lg-3 col-md-4 col-sm-6 col-ms-6 col-xs-6\" ><div   class=\"in\"><span class=\"ltx-icon icon-certification bg-transparent\"><\/span> <h6 class=\"header\"> Raza <\/h6> <div class=\"descr\">Angus \/ Hereford<\/div><\/div><\/li><li class=\" col-lg-3 col-md-4 col-sm-6 col-ms-6 col-xs-6\" ><div   class=\"in\"><span class=\"ltx-icon fas fa-balance-scale bg-transparent\"><\/span> <h6 class=\"header\"> Peso por pieza <\/h6> <div class=\"descr\">3,85 a 4,80 kg<\/div><\/div><\/li><li class=\" col-lg-3 col-md-4 col-sm-6 col-ms-6 col-xs-6\" ><div   class=\"in\"><span class=\"ltx-icon fas fa-arrows-alt-h bg-transparent\"><\/span> <h6 class=\"header\"> Calibre <\/h6> <div class=\"descr\">Sin calibre<\/div><\/div><\/li><\/ul>[\/vc_tta_section][vc_tta_section title=\u00bbUbicaci\u00f3n anat\u00f3mica\u00bb tab_id=\u00bb1659535293905-a8a3f4eb-9e43&#8243;][vc_column_text]<strong>Cuarto trasero.<\/strong><br \/>\nSituado en la parte anterior de la regi\u00f3n femoral, est\u00e1 flanqueado por delante por la grupa, por detr\u00e1s y al lado por el exterior, por el lado interior por el interior y por arriba por la grupa.[\/vc_column_text][vc_empty_space][vc_single_image image=\u00bb14387&#8243; img_size=\u00bbmedium\u00bb alignment=\u00bbcenter\u00bb inline=\u00bbinline\u00bb][\/vc_tta_section][\/vc_tta_tabs][\/vc_column][vc_column width=\u00bb2\/5&#8243; bg_color_select=\u00bbtheme_color\u00bb]<div class=\"heading header-subheader align-center color-white subcolor-main transform-default theme-icon-second icon-type-hidden   vc_custom_1751887422138 heading-tag-h3\" id=\"like_sc_header_1563301459\"><h3 data-text=\"SOLIC\u00cdTANOS PRECIO\" class=\"header ltx-sr-id-like_sc_header_1563301459288117251 ltx-sr ltx-sr-effect-fade_in ltx-sr-el-block ltx-sr-delay-0 ltx-sr-duration-1000 ltx-sr-sequences-0\">SOLIC\u00cdTANOS PRECIO<\/h3><\/div><div class=\"ltx-contact-form-7 transform-default form-center form-transparent form-bg-transparent form-style-default form-btn-default form-btn-default form-padding-none    vc_custom_1751887361133 form-input-group \"    id=\"like_sc_contact_form_7_1348597230\">\n<div class=\"wpcf7 no-js\" id=\"wpcf7-f17571-o1\" lang=\"es-ES\" dir=\"ltr\" data-wpcf7-id=\"17571\">\n<div class=\"screen-reader-response\"><p role=\"status\" aria-live=\"polite\" aria-atomic=\"true\"><\/p> <ul><\/ul><\/div>\n<form action=\"\/es\/wp-json\/wp\/v2\/product\/14636#wpcf7-f17571-o1\" method=\"post\" class=\"wpcf7-form init\" aria-label=\"Formulario de contacto\" novalidate=\"novalidate\" data-status=\"init\">\n<fieldset class=\"hidden-fields-container\"><input type=\"hidden\" name=\"_wpcf7\" value=\"17571\" \/><input type=\"hidden\" name=\"_wpcf7_version\" value=\"6.1.5\" \/><input type=\"hidden\" name=\"_wpcf7_locale\" value=\"es_ES\" \/><input type=\"hidden\" name=\"_wpcf7_unit_tag\" value=\"wpcf7-f17571-o1\" \/><input type=\"hidden\" name=\"_wpcf7_container_post\" value=\"0\" \/><input type=\"hidden\" name=\"_wpcf7_posted_data_hash\" value=\"\" \/><input type=\"hidden\" name=\"_wpcf7cf_hidden_group_fields\" value=\"[]\" \/><input type=\"hidden\" name=\"_wpcf7cf_hidden_groups\" value=\"[]\" \/><input type=\"hidden\" name=\"_wpcf7cf_visible_groups\" value=\"[]\" \/><input type=\"hidden\" name=\"_wpcf7cf_repeaters\" value=\"[]\" \/><input type=\"hidden\" name=\"_wpcf7cf_steps\" value=\"{}\" \/><input type=\"hidden\" name=\"_wpcf7cf_options\" value=\"{&quot;form_id&quot;:17571,&quot;conditions&quot;:[],&quot;settings&quot;:{&quot;animation&quot;:&quot;yes&quot;,&quot;animation_intime&quot;:200,&quot;animation_outtime&quot;:200,&quot;conditions_ui&quot;:&quot;normal&quot;,&quot;notice_dismissed&quot;:false}}\" \/><input type=\"hidden\" name=\"_wpcf7_recaptcha_response\" value=\"\" \/>\n<\/fieldset>\n<div class=\"row\">\n\t<div class=\"col-lg-6\">\n\t\t<p><span class=\"wpcf7-form-control-wrap\" data-name=\"Nombre\"><input size=\"40\" maxlength=\"400\" class=\"wpcf7-form-control wpcf7-text wpcf7-validates-as-required\" aria-required=\"true\" aria-invalid=\"false\" placeholder=\"Nombre*\" value=\"\" type=\"text\" name=\"Nombre\" \/><\/span>\n\t\t<\/p>\n\t<\/div>\n\t<div class=\"col-lg-6\">\n\t\t<p><span class=\"wpcf7-form-control-wrap\" data-name=\"correo\"><input size=\"40\" maxlength=\"400\" class=\"wpcf7-form-control wpcf7-email wpcf7-validates-as-required wpcf7-text wpcf7-validates-as-email\" aria-required=\"true\" aria-invalid=\"false\" placeholder=\"Email*\" value=\"\" type=\"email\" name=\"correo\" \/><\/span>\n\t\t<\/p>\n\t<\/div>\n\t<div class=\"col-lg-6\">\n\t\t<p><span class=\"wpcf7-form-control-wrap\" data-name=\"Telefono\"><input size=\"40\" maxlength=\"400\" class=\"wpcf7-form-control wpcf7-tel wpcf7-validates-as-required wpcf7-text wpcf7-validates-as-tel\" aria-required=\"true\" aria-invalid=\"false\" placeholder=\"Tel\u00e9fono*\" value=\"\" type=\"tel\" name=\"Telefono\" \/><\/span>\n\t\t<\/p>\n\t<\/div>\n\t<div class=\"col-lg-6\">\n\t\t<p><span class=\"wpcf7-form-control-wrap\" data-name=\"Pais\"><select class=\"wpcf7-form-control wpcf7-select wpcf7-validates-as-required\" aria-required=\"true\" aria-invalid=\"false\" name=\"Pais\"><option value=\"\">Pais*<\/option><option value=\"B\u00e9lgica\">B\u00e9lgica<\/option><option value=\"Francia\">Francia<\/option><option value=\"Espa\u00f1a\">Espa\u00f1a<\/option><option value=\"Reino Unido\">Reino Unido<\/option><option value=\"Alemania\">Alemania<\/option><option value=\"Italia\">Italia<\/option><option value=\"Otros (por favor especificar en el mensaje)\">Otros (por favor especificar en el mensaje)<\/option><\/select><\/span>\n\t\t<\/p>\n\t<\/div>\n\t<div class=\"col-lg-12\">\n\t\t<p><span class=\"wpcf7-form-control-wrap\" data-name=\"Mensaje\"><textarea cols=\"40\" rows=\"10\" maxlength=\"2000\" class=\"wpcf7-form-control wpcf7-textarea\" aria-invalid=\"false\" placeholder=\"Mensaje\" name=\"Mensaje\"><\/textarea><\/span>\n\t\t<\/p>\n\t\t<div class =\u201dsubmit-button\">\n\t\t\t<p><input class=\"wpcf7-form-control wpcf7-submit has-spinner\" type=\"submit\" value=\"Enviar\" \/>\n\t\t\t<\/p>\n\t\t<\/div>\n\t\t<div style=\"color:white;\" <span class=\"wpcf7-form-control-wrap\" data-name=\"acceptance-858\"><span class=\"wpcf7-form-control wpcf7-acceptance\"><span class=\"wpcf7-list-item\"><label><input type=\"checkbox\" name=\"acceptance-858\" value=\"1\" aria-invalid=\"false\" \/><span class=\"wpcf7-list-item-label\">He le\u00eddo y acepto la <a href=\"\/es\/politica-de-privacidad\" style=\"color: white; Text-decoration:underline;\">Pol\u00edtica de Privacidad<\/a>.<\/span><\/label><\/span><\/span><\/span>\n\t\t<\/div>\n\t<\/div>\n<\/div><div class=\"wpcf7-response-output\" aria-hidden=\"true\"><\/div>\n<\/form>\n<\/div>\n<\/div>[\/vc_column][\/vc_row]<\/p>\n<\/div>","protected":false},"excerpt":{"rendered":"<h4 style=\"text-align: left; padding-left: 80px;\">Bola de Lomo<\/h4>\n<p style=\"text-align: left; padding-left: 80px;\"><strong><span class=\"text-md\"><span class=\"color-main\">Knuckle<br \/>\nKugel<br \/>\nBabilla<br \/>\nTranche Grasse<br \/>\nNoce<br \/>\n<\/span><\/span><\/strong><\/p>\n","protected":false},"featured_media":16075,"template":"","meta":[],"product_brand":[],"product_cat":[466],"product_tag":[],"class_list":{"0":"post-14636","1":"product","2":"type-product","3":"status-publish","4":"has-post-thumbnail","6":"product_cat-cuarto-trasero","9":"first","10":"instock","11":"shipping-taxable","12":"product-type-simple"},"yoast_head":"<!-- This site is optimized with the Yoast SEO plugin v26.9 - https:\/\/yoast.com\/product\/yoast-seo-wordpress\/ -->\n<title>Bola de Lomo - Rellman Foods<\/title>\n<meta name=\"robots\" content=\"index, follow, max-snippet:-1, max-image-preview:large, max-video-preview:-1\" \/>\n<link rel=\"canonical\" href=\"https:\/\/rellmanfoods.com\/es\/producto\/bola-de-lomo\/\" \/>\n<meta property=\"og:locale\" content=\"es_ES\" \/>\n<meta property=\"og:type\" content=\"article\" \/>\n<meta property=\"og:title\" content=\"Bola de Lomo - Rellman Foods\" \/>\n<meta property=\"og:description\" content=\"Bola de Lomo Knuckle Kugel Babilla Tranche Grasse Noce\" \/>\n<meta property=\"og:url\" content=\"https:\/\/rellmanfoods.com\/es\/producto\/bola-de-lomo\/\" \/>\n<meta property=\"og:site_name\" content=\"Rellman Foods\" \/>\n<meta property=\"article:publisher\" content=\"https:\/\/www.facebook.com\/rellmanfoods\" \/>\n<meta property=\"article:modified_time\" content=\"2025-07-07T11:25:21+00:00\" \/>\n<meta property=\"og:image\" content=\"https:\/\/rellmanfoods.com\/wp-content\/uploads\/2023\/04\/Knuckle_Front_web_Fblanco-e1681388363826.jpg\" \/>\n\t<meta property=\"og:image:width\" content=\"1344\" \/>\n\t<meta property=\"og:image:height\" content=\"896\" \/>\n\t<meta property=\"og:image:type\" content=\"image\/jpeg\" \/>\n<meta name=\"twitter:card\" content=\"summary_large_image\" \/>\n<meta name=\"twitter:label1\" content=\"Tiempo de lectura\" \/>\n\t<meta name=\"twitter:data1\" content=\"1 minuto\" \/>\n<script type=\"application\/ld+json\" class=\"yoast-schema-graph\">{\"@context\":\"https:\/\/schema.org\",\"@graph\":[{\"@type\":\"WebPage\",\"@id\":\"https:\/\/rellmanfoods.com\/es\/producto\/bola-de-lomo\/\",\"url\":\"https:\/\/rellmanfoods.com\/es\/producto\/bola-de-lomo\/\",\"name\":\"Bola de Lomo - Rellman Foods\",\"isPartOf\":{\"@id\":\"https:\/\/rellmanfoods.com\/es\/#website\"},\"primaryImageOfPage\":{\"@id\":\"https:\/\/rellmanfoods.com\/es\/producto\/bola-de-lomo\/#primaryimage\"},\"image\":{\"@id\":\"https:\/\/rellmanfoods.com\/es\/producto\/bola-de-lomo\/#primaryimage\"},\"thumbnailUrl\":\"https:\/\/rellmanfoods.com\/wp-content\/uploads\/2023\/04\/Knuckle_Front_web_Fblanco-e1681388363826.jpg\",\"datePublished\":\"2021-08-03T13:00:09+00:00\",\"dateModified\":\"2025-07-07T11:25:21+00:00\",\"breadcrumb\":{\"@id\":\"https:\/\/rellmanfoods.com\/es\/producto\/bola-de-lomo\/#breadcrumb\"},\"inLanguage\":\"es\",\"potentialAction\":[{\"@type\":\"ReadAction\",\"target\":[\"https:\/\/rellmanfoods.com\/es\/producto\/bola-de-lomo\/\"]}]},{\"@type\":\"ImageObject\",\"inLanguage\":\"es\",\"@id\":\"https:\/\/rellmanfoods.com\/es\/producto\/bola-de-lomo\/#primaryimage\",\"url\":\"https:\/\/rellmanfoods.com\/wp-content\/uploads\/2023\/04\/Knuckle_Front_web_Fblanco-e1681388363826.jpg\",\"contentUrl\":\"https:\/\/rellmanfoods.com\/wp-content\/uploads\/2023\/04\/Knuckle_Front_web_Fblanco-e1681388363826.jpg\",\"width\":1344,\"height\":896,\"caption\":\"Beef Knuckle\"},{\"@type\":\"BreadcrumbList\",\"@id\":\"https:\/\/rellmanfoods.com\/es\/producto\/bola-de-lomo\/#breadcrumb\",\"itemListElement\":[{\"@type\":\"ListItem\",\"position\":1,\"name\":\"Portada\",\"item\":\"https:\/\/rellmanfoods.com\/es\/home\/\"},{\"@type\":\"ListItem\",\"position\":2,\"name\":\"Productos\",\"item\":\"https:\/\/rellmanfoods.com\/es\/shop\/\"},{\"@type\":\"ListItem\",\"position\":3,\"name\":\"Bola de Lomo\"}]},{\"@type\":\"WebSite\",\"@id\":\"https:\/\/rellmanfoods.com\/es\/#website\",\"url\":\"https:\/\/rellmanfoods.com\/es\/\",\"name\":\"Rellman Foods\",\"description\":\"We select the best beef for you.\",\"publisher\":{\"@id\":\"https:\/\/rellmanfoods.com\/es\/#organization\"},\"potentialAction\":[{\"@type\":\"SearchAction\",\"target\":{\"@type\":\"EntryPoint\",\"urlTemplate\":\"https:\/\/rellmanfoods.com\/es\/?s={search_term_string}\"},\"query-input\":{\"@type\":\"PropertyValueSpecification\",\"valueRequired\":true,\"valueName\":\"search_term_string\"}}],\"inLanguage\":\"es\"},{\"@type\":\"Organization\",\"@id\":\"https:\/\/rellmanfoods.com\/es\/#organization\",\"name\":\"Rellman Foods\",\"url\":\"https:\/\/rellmanfoods.com\/es\/\",\"logo\":{\"@type\":\"ImageObject\",\"inLanguage\":\"es\",\"@id\":\"https:\/\/rellmanfoods.com\/es\/#\/schema\/logo\/image\/\",\"url\":\"https:\/\/i0.wp.com\/rellmanfoods.com\/wp-content\/uploads\/2022\/05\/rellman-foods-logo-full-color-vertical@2x.png?fit=1024%2C452&ssl=1\",\"contentUrl\":\"https:\/\/i0.wp.com\/rellmanfoods.com\/wp-content\/uploads\/2022\/05\/rellman-foods-logo-full-color-vertical@2x.png?fit=1024%2C452&ssl=1\",\"width\":1024,\"height\":452,\"caption\":\"Rellman Foods\"},\"image\":{\"@id\":\"https:\/\/rellmanfoods.com\/es\/#\/schema\/logo\/image\/\"},\"sameAs\":[\"https:\/\/www.facebook.com\/rellmanfoods\",\"https:\/\/www.instagram.com\/rellmanfoods\",\"https:\/\/www.linkedin.com\/company\/rellman-foods-sa\"]}]}<\/script>\n<!-- \/ Yoast SEO plugin. -->","yoast_head_json":{"title":"Bola de Lomo - Rellman Foods","robots":{"index":"index","follow":"follow","max-snippet":"max-snippet:-1","max-image-preview":"max-image-preview:large","max-video-preview":"max-video-preview:-1"},"canonical":"https:\/\/rellmanfoods.com\/es\/producto\/bola-de-lomo\/","og_locale":"es_ES","og_type":"article","og_title":"Bola de Lomo - Rellman Foods","og_description":"Bola de Lomo Knuckle Kugel Babilla Tranche Grasse Noce","og_url":"https:\/\/rellmanfoods.com\/es\/producto\/bola-de-lomo\/","og_site_name":"Rellman Foods","article_publisher":"https:\/\/www.facebook.com\/rellmanfoods","article_modified_time":"2025-07-07T11:25:21+00:00","og_image":[{"width":1344,"height":896,"url":"https:\/\/rellmanfoods.com\/wp-content\/uploads\/2023\/04\/Knuckle_Front_web_Fblanco-e1681388363826.jpg","type":"image\/jpeg"}],"twitter_card":"summary_large_image","twitter_misc":{"Tiempo de lectura":"1 minuto"},"schema":{"@context":"https:\/\/schema.org","@graph":[{"@type":"WebPage","@id":"https:\/\/rellmanfoods.com\/es\/producto\/bola-de-lomo\/","url":"https:\/\/rellmanfoods.com\/es\/producto\/bola-de-lomo\/","name":"Bola de Lomo - Rellman Foods","isPartOf":{"@id":"https:\/\/rellmanfoods.com\/es\/#website"},"primaryImageOfPage":{"@id":"https:\/\/rellmanfoods.com\/es\/producto\/bola-de-lomo\/#primaryimage"},"image":{"@id":"https:\/\/rellmanfoods.com\/es\/producto\/bola-de-lomo\/#primaryimage"},"thumbnailUrl":"https:\/\/rellmanfoods.com\/wp-content\/uploads\/2023\/04\/Knuckle_Front_web_Fblanco-e1681388363826.jpg","datePublished":"2021-08-03T13:00:09+00:00","dateModified":"2025-07-07T11:25:21+00:00","breadcrumb":{"@id":"https:\/\/rellmanfoods.com\/es\/producto\/bola-de-lomo\/#breadcrumb"},"inLanguage":"es","potentialAction":[{"@type":"ReadAction","target":["https:\/\/rellmanfoods.com\/es\/producto\/bola-de-lomo\/"]}]},{"@type":"ImageObject","inLanguage":"es","@id":"https:\/\/rellmanfoods.com\/es\/producto\/bola-de-lomo\/#primaryimage","url":"https:\/\/rellmanfoods.com\/wp-content\/uploads\/2023\/04\/Knuckle_Front_web_Fblanco-e1681388363826.jpg","contentUrl":"https:\/\/rellmanfoods.com\/wp-content\/uploads\/2023\/04\/Knuckle_Front_web_Fblanco-e1681388363826.jpg","width":1344,"height":896,"caption":"Beef Knuckle"},{"@type":"BreadcrumbList","@id":"https:\/\/rellmanfoods.com\/es\/producto\/bola-de-lomo\/#breadcrumb","itemListElement":[{"@type":"ListItem","position":1,"name":"Portada","item":"https:\/\/rellmanfoods.com\/es\/home\/"},{"@type":"ListItem","position":2,"name":"Productos","item":"https:\/\/rellmanfoods.com\/es\/shop\/"},{"@type":"ListItem","position":3,"name":"Bola de Lomo"}]},{"@type":"WebSite","@id":"https:\/\/rellmanfoods.com\/es\/#website","url":"https:\/\/rellmanfoods.com\/es\/","name":"Rellman Foods","description":"We select the best beef for you.","publisher":{"@id":"https:\/\/rellmanfoods.com\/es\/#organization"},"potentialAction":[{"@type":"SearchAction","target":{"@type":"EntryPoint","urlTemplate":"https:\/\/rellmanfoods.com\/es\/?s={search_term_string}"},"query-input":{"@type":"PropertyValueSpecification","valueRequired":true,"valueName":"search_term_string"}}],"inLanguage":"es"},{"@type":"Organization","@id":"https:\/\/rellmanfoods.com\/es\/#organization","name":"Rellman Foods","url":"https:\/\/rellmanfoods.com\/es\/","logo":{"@type":"ImageObject","inLanguage":"es","@id":"https:\/\/rellmanfoods.com\/es\/#\/schema\/logo\/image\/","url":"https:\/\/i0.wp.com\/rellmanfoods.com\/wp-content\/uploads\/2022\/05\/rellman-foods-logo-full-color-vertical@2x.png?fit=1024%2C452&ssl=1","contentUrl":"https:\/\/i0.wp.com\/rellmanfoods.com\/wp-content\/uploads\/2022\/05\/rellman-foods-logo-full-color-vertical@2x.png?fit=1024%2C452&ssl=1","width":1024,"height":452,"caption":"Rellman Foods"},"image":{"@id":"https:\/\/rellmanfoods.com\/es\/#\/schema\/logo\/image\/"},"sameAs":["https:\/\/www.facebook.com\/rellmanfoods","https:\/\/www.instagram.com\/rellmanfoods","https:\/\/www.linkedin.com\/company\/rellman-foods-sa"]}]}},"_links":{"self":[{"href":"https:\/\/rellmanfoods.com\/es\/wp-json\/wp\/v2\/product\/14636","targetHints":{"allow":["GET"]}}],"collection":[{"href":"https:\/\/rellmanfoods.com\/es\/wp-json\/wp\/v2\/product"}],"about":[{"href":"https:\/\/rellmanfoods.com\/es\/wp-json\/wp\/v2\/types\/product"}],"wp:featuredmedia":[{"embeddable":true,"href":"https:\/\/rellmanfoods.com\/es\/wp-json\/wp\/v2\/media\/16075"}],"wp:attachment":[{"href":"https:\/\/rellmanfoods.com\/es\/wp-json\/wp\/v2\/media?parent=14636"}],"wp:term":[{"taxonomy":"product_brand","embeddable":true,"href":"https:\/\/rellmanfoods.com\/es\/wp-json\/wp\/v2\/product_brand?post=14636"},{"taxonomy":"product_cat","embeddable":true,"href":"https:\/\/rellmanfoods.com\/es\/wp-json\/wp\/v2\/product_cat?post=14636"},{"taxonomy":"product_tag","embeddable":true,"href":"https:\/\/rellmanfoods.com\/es\/wp-json\/wp\/v2\/product_tag?post=14636"}],"curies":[{"name":"wp","href":"https:\/\/api.w.org\/{rel}","templated":true}]}}