{"id":14619,"date":"2022-11-16T15:34:25","date_gmt":"2022-11-16T14:34:25","guid":{"rendered":"https:\/\/rellmanfoods.com\/aviso-legal\/"},"modified":"2023-01-12T13:52:50","modified_gmt":"2023-01-12T12:52:50","slug":"aviso-legal","status":"publish","type":"page","link":"https:\/\/rellmanfoods.com\/es\/aviso-legal\/","title":{"rendered":"Aviso legal"},"content":{"rendered":"\n<p>1.- Esta p\u00e1gina Web es titularidad de RELLMAN FOODS S.A. (en adelante, RELLMAN FOODS).<\/p>\n\n<p>\u2022 CIF: BE 0446.737.260<\/p>\n\n<p>\u2022 Domicilio social: Avenue Prince Charles 4, 1410, Waterloo (B\u00e9lgica)<\/p>\n\n<p>\u2022 Contacto:<\/p>\n\n<ul class=\"wp-block-list\">\n<li>Direcci\u00f3n de correo electr\u00f3nico: info@rellmanfoods.com<\/li>\n\n\n\n<li>Tel\u00e9fono: +32 2 503 58 98<\/li>\n<\/ul>\n\n<p>2.- La utilizaci\u00f3n de esta p\u00e1gina Web atribuye la condici\u00f3n de Usuario a quien lo haga e implica la aceptaci\u00f3n de todas las condiciones incluidas en este Aviso Legal. El Usuario deber\u00e1 leer estas condiciones cada vez que acceda a esta Web, ya que pueden ser modificadas en lo sucesivo. Algunos aspectos de esta p\u00e1gina Web, por su especialidad, pueden estar sujetos a condiciones o reglas particulares que pueden sustituir, completar o modificar este Aviso Legal, por lo que tambi\u00e9n deben ser aceptadas por el Usuario que los utilice o acceda a ellos.<\/p>\n\n<p>3.- Todos los contenidos de esta Web (textos, fotograf\u00edas, gr\u00e1ficos, im\u00e1genes, tecnolog\u00eda, software, links, contenidos audiovisuales o sonoros, dise\u00f1o gr\u00e1fico, c\u00f3digo fuente, etc.), as\u00ed como las marcas y dem\u00e1s signos distintivos son propiedad de RELLMAN FOODS o de terceros, no adquiriendo el Usuario ning\u00fan derecho sobre ellos por el mero uso de esta Web.<\/p>\n\n<p>El Usuario, deber\u00e1 abstenerse de: a) reproducir, copiar, distribuir, poner a disposici\u00f3n de terceros, comunicar p\u00fablicamente, transformar o modificar los contenidos de esta Web, salvo en los casos contemplados en la ley o expresamente autorizados por RELLMAN FOODS o por el titular de dichos derechos; b) reproducir o copiar para uso privado el software, las im\u00e1genes, los videos o las bases de datos existentes en esta Web, as\u00ed como comunicarlos p\u00fablicamente o ponerlos a disposici\u00f3n de terceros cuando ello conlleve su reproducci\u00f3n; c) extraer o reutilizar los contenidos integrantes de esta Web.<\/p>\n\n<p>4.- El Usuario que quiera introducir enlaces a esta Web desde sus propias p\u00e1ginas Web estar\u00e1 obligado a cumplir las condiciones siguientes: a) el enlace \u00fanicamente vincular\u00e1 con la home page, no pudiendo reproducirla de ninguna forma; b) no podr\u00e1n establecerse frames o marcos de cualquier tipo que rodeen la Web o permitan visualizarla a trav\u00e9s de direcciones de Internet distintas o conjuntamente con contenidos ajenos a esta Web, de forma que produzca, o pueda producir, error o confusi\u00f3n en los Usuarios sobre la procedencia del servicio o su contenido, implique un acto de comparaci\u00f3n o imitaci\u00f3n desleal, sirva para aprovechar la reputaci\u00f3n, marca y prestigio de RELLMAN FOODS o se haga de cualquier otro modo que est\u00e9 prohibido por la Ley; c) desde la p\u00e1gina que realice el enlace no podr\u00e1 efectuarse ning\u00fan tipo de manifestaci\u00f3n falsa o inexacta sobre RELLMAN FOODS o sobre la calidad de sus productos y servicios; d) El remitente no podr\u00e1 utilizar la marca o cualquier otro signo distintivo de RELLMAN FOODS dentro de su p\u00e1gina Web, salvo en los casos autorizados por la ley o permitidos expresamente por RELLMAN FOODS; e) la p\u00e1gina que establezca el enlace deber\u00e1 observar la legalidad vigente y no podr\u00e1 disponer de o enlazar con contenidos il\u00edcitos, nocivos, contrarios a la moral y a las buenas costumbres, que produzcan o puedan producir la falsa idea de que RELLMAN FOODS respalda o apoya, las ideas, manifestaciones o actuaciones del remitente o que resulten inadecuados en relaci\u00f3n con la actividad desarrollada por RELLMAN FOODS, teniendo en cuenta los contenidos y la tem\u00e1tica general de la p\u00e1gina Web donde se establezca el enlace.<\/p>\n\n<p>5.- RELLMAN FOODS no es responsable de controlar que en esta Web no existan programas maliciosos o cualquier otro elemento inform\u00e1tico da\u00f1ino. Corresponde al Usuario, en todo caso, disponer de herramientas adecuadas para la detecci\u00f3n y desinfecci\u00f3n de estos elementos. De acuerdo con ello, RELLMAN FOODS no se responsabiliza de los da\u00f1os producidos a equipos inform\u00e1ticos durante el acceso a la presente Web. Igualmente, RELLMAN FOODS no ser\u00e1 responsable de los da\u00f1os producidos a los Usuarios cuando dichos da\u00f1os tengan su origen en fallos o desconexiones en las redes de telecomunicaciones que interrumpan el servicio de esta Web.<\/p>\n\n<p>6.- Esta Web puede incluir enlaces que permiten al Usuario acceder a otras p\u00e1ginas de Internet. En estos casos, RELLMAN FOODS s\u00f3lo ser\u00e1 responsable de los contenidos y servicios suministrados a trav\u00e9s de los enlaces en cuanto conozca su ilicitud y no los haya desactivado diligentemente. Si un Usuario considerase que existe un enlace con contenidos il\u00edcitos o inadecuados, podr\u00e1 indic\u00e1rselo a RELLMAN FOODS, sin que ello suponga que este quede obligado por ello a retirar el correspondiente enlace. RELLMAN FOODS no siempre conoce los contenidos y servicios de los enlaces y por tanto no se hace responsable por los da\u00f1os derivados de su falta de calidad, desactualizaci\u00f3n, indisponibilidad, error, inutilidad o ilegalidad y no responde de las manifestaciones realizadas o de los contenidos o servicios proporcionados a trav\u00e9s de ellos, salvo que sea directamente responsable de la prestaci\u00f3n de dichos servicios.<\/p>\n\n<p>7.- El Usuario se compromete a hacer un uso correcto de esta Web de conformidad con la Ley, con el presente Aviso Legal y con las dem\u00e1s condiciones, reglamentos e instrucciones que, en su caso, pudieran ser de aplicaci\u00f3n. El Usuario responder\u00e1 frente a RELLMAN FOODS y frente a terceros de cualesquiera da\u00f1os o perjuicios que pudieran causarse por incumplimiento de estas obligaciones.<\/p>\n\n<p>8.- El presente Aviso Legal se rige \u00edntegramente por la legislaci\u00f3n belga. Para la resoluci\u00f3n de cualquier conflicto relativo a la interpretaci\u00f3n o aplicaci\u00f3n de este Aviso Legal, el Usuario se somete expresamente a la jurisdicci\u00f3n de los tribunales de Waterloo (B\u00e9lgica).<\/p>\n","protected":false},"excerpt":{"rendered":"<p>1.- Esta p\u00e1gina Web es titularidad de RELLMAN FOODS S.A. (en adelante, RELLMAN FOODS). \u2022 CIF: BE 0446.737.260 \u2022 Domicilio social: Avenue Prince Charles 4, 1410, Waterloo (B\u00e9lgica) \u2022 Contacto: 2.- La utilizaci\u00f3n de esta p\u00e1gina Web atribuye la condici\u00f3n de Usuario a quien lo haga e implica la aceptaci\u00f3n de todas las condiciones incluidas en este Aviso Legal. El Usuario deber\u00e1 leer estas condiciones cada vez que acceda a esta Web, ya que pueden ser modificadas en lo sucesivo. Algunos aspectos de esta p\u00e1gina Web, por su especialidad, pueden estar sujetos a condiciones o reglas particulares que pueden sustituir, completar o modificar este Aviso Legal, por lo que tambi\u00e9n deben ser aceptadas por el Usuario que los utilice o acceda a ellos. 3.- Todos los contenidos de esta Web (textos, fotograf\u00edas, gr\u00e1ficos, im\u00e1genes, tecnolog\u00eda, software, links, contenidos audiovisuales o [&hellip;]<\/p>\n","protected":false},"author":1,"featured_media":0,"parent":0,"menu_order":0,"comment_status":"closed","ping_status":"closed","template":"","meta":{"footnotes":""},"class_list":["post-14619","page","type-page","status-publish","hentry"],"yoast_head":"<!-- This site is optimized with the Yoast SEO plugin v26.9 - https:\/\/yoast.com\/product\/yoast-seo-wordpress\/ -->\n<title>Aviso legal - Rellman Foods<\/title>\n<meta name=\"robots\" content=\"noindex, nofollow\" \/>\n<meta property=\"og:locale\" content=\"es_ES\" \/>\n<meta property=\"og:type\" content=\"article\" \/>\n<meta property=\"og:title\" content=\"Aviso legal - Rellman Foods\" \/>\n<meta property=\"og:description\" content=\"1.- Esta p\u00e1gina Web es titularidad de RELLMAN FOODS S.A. (en adelante, RELLMAN FOODS). \u2022 CIF: BE 0446.737.260 \u2022 Domicilio social: Avenue Prince Charles 4, 1410, Waterloo (B\u00e9lgica) \u2022 Contacto: 2.- La utilizaci\u00f3n de esta p\u00e1gina Web atribuye la condici\u00f3n de Usuario a quien lo haga e implica la aceptaci\u00f3n de todas las condiciones incluidas en este Aviso Legal. El Usuario deber\u00e1 leer estas condiciones cada vez que acceda a esta Web, ya que pueden ser modificadas en lo sucesivo. Algunos aspectos de esta p\u00e1gina Web, por su especialidad, pueden estar sujetos a condiciones o reglas particulares que pueden sustituir, completar o modificar este Aviso Legal, por lo que tambi\u00e9n deben ser aceptadas por el Usuario que los utilice o acceda a ellos. 3.- Todos los contenidos de esta Web (textos, fotograf\u00edas, gr\u00e1ficos, im\u00e1genes, tecnolog\u00eda, software, links, contenidos audiovisuales o [&hellip;]\" \/>\n<meta property=\"og:url\" content=\"https:\/\/rellmanfoods.com\/es\/aviso-legal\/\" \/>\n<meta property=\"og:site_name\" content=\"Rellman Foods\" \/>\n<meta property=\"article:publisher\" content=\"https:\/\/www.facebook.com\/rellmanfoods\" \/>\n<meta property=\"article:modified_time\" content=\"2023-01-12T12:52:50+00:00\" \/>\n<meta property=\"og:image\" content=\"https:\/\/rellmanfoods.com\/wp-content\/uploads\/2022\/05\/rellman-foods-logo-full-color-vertical@2x.png\" \/>\n\t<meta property=\"og:image:width\" content=\"1024\" \/>\n\t<meta property=\"og:image:height\" content=\"452\" \/>\n\t<meta property=\"og:image:type\" content=\"image\/png\" \/>\n<meta name=\"twitter:card\" content=\"summary_large_image\" \/>\n<meta name=\"twitter:label1\" content=\"Tiempo de lectura\" \/>\n\t<meta name=\"twitter:data1\" content=\"5 minutos\" \/>\n<script type=\"application\/ld+json\" class=\"yoast-schema-graph\">{\"@context\":\"https:\/\/schema.org\",\"@graph\":[{\"@type\":\"WebPage\",\"@id\":\"https:\/\/rellmanfoods.com\/es\/aviso-legal\/\",\"url\":\"https:\/\/rellmanfoods.com\/es\/aviso-legal\/\",\"name\":\"Aviso legal - Rellman Foods\",\"isPartOf\":{\"@id\":\"https:\/\/rellmanfoods.com\/es\/#website\"},\"datePublished\":\"2022-11-16T14:34:25+00:00\",\"dateModified\":\"2023-01-12T12:52:50+00:00\",\"breadcrumb\":{\"@id\":\"https:\/\/rellmanfoods.com\/es\/aviso-legal\/#breadcrumb\"},\"inLanguage\":\"es\",\"potentialAction\":[{\"@type\":\"ReadAction\",\"target\":[\"https:\/\/rellmanfoods.com\/es\/aviso-legal\/\"]}]},{\"@type\":\"BreadcrumbList\",\"@id\":\"https:\/\/rellmanfoods.com\/es\/aviso-legal\/#breadcrumb\",\"itemListElement\":[{\"@type\":\"ListItem\",\"position\":1,\"name\":\"Portada\",\"item\":\"https:\/\/rellmanfoods.com\/es\/home\/\"},{\"@type\":\"ListItem\",\"position\":2,\"name\":\"Aviso legal\"}]},{\"@type\":\"WebSite\",\"@id\":\"https:\/\/rellmanfoods.com\/es\/#website\",\"url\":\"https:\/\/rellmanfoods.com\/es\/\",\"name\":\"Rellman Foods\",\"description\":\"We select the best beef for you.\",\"publisher\":{\"@id\":\"https:\/\/rellmanfoods.com\/es\/#organization\"},\"potentialAction\":[{\"@type\":\"SearchAction\",\"target\":{\"@type\":\"EntryPoint\",\"urlTemplate\":\"https:\/\/rellmanfoods.com\/es\/?s={search_term_string}\"},\"query-input\":{\"@type\":\"PropertyValueSpecification\",\"valueRequired\":true,\"valueName\":\"search_term_string\"}}],\"inLanguage\":\"es\"},{\"@type\":\"Organization\",\"@id\":\"https:\/\/rellmanfoods.com\/es\/#organization\",\"name\":\"Rellman Foods\",\"url\":\"https:\/\/rellmanfoods.com\/es\/\",\"logo\":{\"@type\":\"ImageObject\",\"inLanguage\":\"es\",\"@id\":\"https:\/\/rellmanfoods.com\/es\/#\/schema\/logo\/image\/\",\"url\":\"https:\/\/i0.wp.com\/rellmanfoods.com\/wp-content\/uploads\/2022\/05\/rellman-foods-logo-full-color-vertical@2x.png?fit=1024%2C452&ssl=1\",\"contentUrl\":\"https:\/\/i0.wp.com\/rellmanfoods.com\/wp-content\/uploads\/2022\/05\/rellman-foods-logo-full-color-vertical@2x.png?fit=1024%2C452&ssl=1\",\"width\":1024,\"height\":452,\"caption\":\"Rellman Foods\"},\"image\":{\"@id\":\"https:\/\/rellmanfoods.com\/es\/#\/schema\/logo\/image\/\"},\"sameAs\":[\"https:\/\/www.facebook.com\/rellmanfoods\",\"https:\/\/www.instagram.com\/rellmanfoods\",\"https:\/\/www.linkedin.com\/company\/rellman-foods-sa\"]}]}<\/script>\n<!-- \/ Yoast SEO plugin. -->","yoast_head_json":{"title":"Aviso legal - Rellman Foods","robots":{"index":"noindex","follow":"nofollow"},"og_locale":"es_ES","og_type":"article","og_title":"Aviso legal - Rellman Foods","og_description":"1.- Esta p\u00e1gina Web es titularidad de RELLMAN FOODS S.A. (en adelante, RELLMAN FOODS). \u2022 CIF: BE 0446.737.260 \u2022 Domicilio social: Avenue Prince Charles 4, 1410, Waterloo (B\u00e9lgica) \u2022 Contacto: 2.- La utilizaci\u00f3n de esta p\u00e1gina Web atribuye la condici\u00f3n de Usuario a quien lo haga e implica la aceptaci\u00f3n de todas las condiciones incluidas en este Aviso Legal. El Usuario deber\u00e1 leer estas condiciones cada vez que acceda a esta Web, ya que pueden ser modificadas en lo sucesivo. Algunos aspectos de esta p\u00e1gina Web, por su especialidad, pueden estar sujetos a condiciones o reglas particulares que pueden sustituir, completar o modificar este Aviso Legal, por lo que tambi\u00e9n deben ser aceptadas por el Usuario que los utilice o acceda a ellos. 3.- Todos los contenidos de esta Web (textos, fotograf\u00edas, gr\u00e1ficos, im\u00e1genes, tecnolog\u00eda, software, links, contenidos audiovisuales o [&hellip;]","og_url":"https:\/\/rellmanfoods.com\/es\/aviso-legal\/","og_site_name":"Rellman Foods","article_publisher":"https:\/\/www.facebook.com\/rellmanfoods","article_modified_time":"2023-01-12T12:52:50+00:00","og_image":[{"width":1024,"height":452,"url":"https:\/\/rellmanfoods.com\/wp-content\/uploads\/2022\/05\/rellman-foods-logo-full-color-vertical@2x.png","type":"image\/png"}],"twitter_card":"summary_large_image","twitter_misc":{"Tiempo de lectura":"5 minutos"},"schema":{"@context":"https:\/\/schema.org","@graph":[{"@type":"WebPage","@id":"https:\/\/rellmanfoods.com\/es\/aviso-legal\/","url":"https:\/\/rellmanfoods.com\/es\/aviso-legal\/","name":"Aviso legal - Rellman Foods","isPartOf":{"@id":"https:\/\/rellmanfoods.com\/es\/#website"},"datePublished":"2022-11-16T14:34:25+00:00","dateModified":"2023-01-12T12:52:50+00:00","breadcrumb":{"@id":"https:\/\/rellmanfoods.com\/es\/aviso-legal\/#breadcrumb"},"inLanguage":"es","potentialAction":[{"@type":"ReadAction","target":["https:\/\/rellmanfoods.com\/es\/aviso-legal\/"]}]},{"@type":"BreadcrumbList","@id":"https:\/\/rellmanfoods.com\/es\/aviso-legal\/#breadcrumb","itemListElement":[{"@type":"ListItem","position":1,"name":"Portada","item":"https:\/\/rellmanfoods.com\/es\/home\/"},{"@type":"ListItem","position":2,"name":"Aviso legal"}]},{"@type":"WebSite","@id":"https:\/\/rellmanfoods.com\/es\/#website","url":"https:\/\/rellmanfoods.com\/es\/","name":"Rellman Foods","description":"We select the best beef for you.","publisher":{"@id":"https:\/\/rellmanfoods.com\/es\/#organization"},"potentialAction":[{"@type":"SearchAction","target":{"@type":"EntryPoint","urlTemplate":"https:\/\/rellmanfoods.com\/es\/?s={search_term_string}"},"query-input":{"@type":"PropertyValueSpecification","valueRequired":true,"valueName":"search_term_string"}}],"inLanguage":"es"},{"@type":"Organization","@id":"https:\/\/rellmanfoods.com\/es\/#organization","name":"Rellman Foods","url":"https:\/\/rellmanfoods.com\/es\/","logo":{"@type":"ImageObject","inLanguage":"es","@id":"https:\/\/rellmanfoods.com\/es\/#\/schema\/logo\/image\/","url":"https:\/\/i0.wp.com\/rellmanfoods.com\/wp-content\/uploads\/2022\/05\/rellman-foods-logo-full-color-vertical@2x.png?fit=1024%2C452&ssl=1","contentUrl":"https:\/\/i0.wp.com\/rellmanfoods.com\/wp-content\/uploads\/2022\/05\/rellman-foods-logo-full-color-vertical@2x.png?fit=1024%2C452&ssl=1","width":1024,"height":452,"caption":"Rellman Foods"},"image":{"@id":"https:\/\/rellmanfoods.com\/es\/#\/schema\/logo\/image\/"},"sameAs":["https:\/\/www.facebook.com\/rellmanfoods","https:\/\/www.instagram.com\/rellmanfoods","https:\/\/www.linkedin.com\/company\/rellman-foods-sa"]}]}},"_links":{"self":[{"href":"https:\/\/rellmanfoods.com\/es\/wp-json\/wp\/v2\/pages\/14619","targetHints":{"allow":["GET"]}}],"collection":[{"href":"https:\/\/rellmanfoods.com\/es\/wp-json\/wp\/v2\/pages"}],"about":[{"href":"https:\/\/rellmanfoods.com\/es\/wp-json\/wp\/v2\/types\/page"}],"author":[{"embeddable":true,"href":"https:\/\/rellmanfoods.com\/es\/wp-json\/wp\/v2\/users\/1"}],"replies":[{"embeddable":true,"href":"https:\/\/rellmanfoods.com\/es\/wp-json\/wp\/v2\/comments?post=14619"}],"version-history":[{"count":1,"href":"https:\/\/rellmanfoods.com\/es\/wp-json\/wp\/v2\/pages\/14619\/revisions"}],"predecessor-version":[{"id":14620,"href":"https:\/\/rellmanfoods.com\/es\/wp-json\/wp\/v2\/pages\/14619\/revisions\/14620"}],"wp:attachment":[{"href":"https:\/\/rellmanfoods.com\/es\/wp-json\/wp\/v2\/media?parent=14619"}],"curies":[{"name":"wp","href":"https:\/\/api.w.org\/{rel}","templated":true}]}}