{"id":14614,"date":"2022-10-15T18:55:49","date_gmt":"2022-10-15T16:55:49","guid":{"rendered":"https:\/\/rellmanfoods.com\/politica-de-privacidad\/"},"modified":"2023-01-12T13:53:20","modified_gmt":"2023-01-12T12:53:20","slug":"politica-de-privacidad","status":"publish","type":"page","link":"https:\/\/rellmanfoods.com\/es\/politica-de-privacidad\/","title":{"rendered":"Pol\u00edtica de Privacidad"},"content":{"rendered":"\n<p>Los datos personales facilitados a trav\u00e9s de esta p\u00e1gina web ser\u00e1n tratados por RELLMAN FOODS S.A. (en adelante, RELLMAN FOODS), titular de la misma, cuyos datos de contacto son los siguientes:<\/p>\n\n<p>&#8211; Direcci\u00f3n: Avenue Prince Charles 4, 1410, Waterloo (B\u00e9lgica)<\/p>\n\n<p>&#8211; Tel\u00e9fono: +32 2 503 58 98<\/p>\n\n<p>&#8211; Email: info@rellmanfoods.com<\/p>\n\n<p>Dependiendo del formulario utilizado o la finalidad para la que nos indique que env\u00eda sus datos, podemos utilizar los mismos para las siguientes finalidades:<\/p>\n\n<p>1. La remisi\u00f3n de comunicaciones comerciales (Newsletter) de RELLMAN FOODS, incluso a trav\u00e9s de medios electr\u00f3nicos. Mediante dichas comunicaciones, se informar\u00e1 a los usuarios sobre los diferentes productos, ofertas, sorteos, promociones, concursos y eventos ofrecidos por RELLMAN FOODS.<\/p>\n\n<p>2. Registrar su alta en la Web.<\/p>\n\n<p>3. Resolver consultas, solicitudes o cualquier tipo de petici\u00f3n que sea realizada por el usuario a trav\u00e9s de cualquiera de las formas de contacto que se ponen a disposici\u00f3n del usuario en el sitio web de RELLMAN FOODS.<\/p>\n\n<p>En los casos indicados, los datos ser\u00e1n tratados sobre la base jur\u00eddica del consentimiento de la persona que los proporciona. Puede retirarse dicho consentimiento en cualquier momento, si bien ello no afectar\u00e1 a la licitud de los tratamientos efectuados con anterioridad. El hecho de facilitar los datos es voluntario, aunque, en caso de no hacerlo, no se podr\u00e1n tratar para las finalidades indicadas. Los datos ser\u00e1n conservados durante el tiempo necesario para dar respuesta a su solicitud, petici\u00f3n, consulta, inscripci\u00f3n y dar esta por definitivamente cerrada. Posteriormente, ser\u00e1n conservados a modo de hist\u00f3rico de comunicaciones, salvo que el usuario solicite su supresi\u00f3n, al correo electr\u00f3nico indicado anteriormente. En el supuesto de que los datos sean tratados para remitir comunicaciones comerciales, estos podr\u00e1n ser almacenados de manera indefinida, salvo que el usuario se oponga.<\/p>\n\n<p>El Usuario acepta expresamente el tratamiento y la inclusi\u00f3n de los datos recabados durante la navegaci\u00f3n por el Portal, o proporcionados mediante la cumplimentaci\u00f3n de cualquier formulario, as\u00ed como los derivados de la relaci\u00f3n comercial, conforme a lo indicado anteriormente. Durante el proceso de recogida de datos, y en cada lugar del Portal en el que se soliciten dichos datos, el Usuario ser\u00e1 informado, ya sea mediante un hiperenlace, ya sea mediante la inclusi\u00f3n de las menciones oportunas en el propio formulario, del car\u00e1cter obligatorio o no de la recogida de datos.<\/p>\n\n<p>En el caso de que se nos hayan proporcionado datos de terceras personas es responsabilidad de quien lo haga informales de todo lo establecido en esta cl\u00e1usula y haber obtenido su previo consentimiento para ello.<\/p>\n\n<p>En caso de que se haga amigo o seguidor nuestro en redes sociales, trataremos sus datos para mantenerle informado de nuestras actividades y promociones a trav\u00e9s de dichos canales. Estos datos ser\u00e1n tratados sobre la base jur\u00eddica de su consentimiento y ser\u00e1n conservados mientras usted permanezca como amigo o seguidor nuestro, pudiendo revocar su consentimiento en cualquier momento, si bien ello no afectar\u00e1 a la licitud de los tratamientos efectuados con anterioridad. El hecho de facilitar los datos con este fin es voluntario, aunque, en caso de no hacerlo, no podr\u00e1 ser amigo o seguidor en las redes sociales que tengamos.<\/p>\n\n<p>RELLMAN FOODS garantiza a los usuarios, en todo momento, el ejercicio de sus derechos de acceso, rectificaci\u00f3n, supresi\u00f3n, oposici\u00f3n, limitaci\u00f3n y portabilidad sobre los datos personales facilitados, en los t\u00e9rminos dispuestos en el RGPD y en la LOPDGDD. Los usuarios de la Web podr\u00e1n ejercer tales derechos remitiendo una solicitud expresa, con copia de su DNI, a cualquiera de las siguientes direcciones:<\/p>\n\n<p>\u2022 Email: info@rellmanfoods.com<\/p>\n\n<p>\u2022 Correo postal: RELLMAN FOODS S.A. &#8211; Avenue Prince Charles 4, 1410, Waterloo (B\u00e9lgica)<\/p>\n\n<p>Frente a cualquier vulneraci\u00f3n de sus derechos, especialmente cuando usted no haya obtenido satisfacci\u00f3n en su ejercicio, puede presentar una reclamaci\u00f3n ante la Agencia Espa\u00f1ola de Protecci\u00f3n de Datos (datos de contacto accesibles en www.agpd.es), u otra autoridad de control competente. . Tambi\u00e9n puede obtener m\u00e1s informaci\u00f3n sobre los derechos que le asisten dirigi\u00e9ndose a dichos organismos.<\/p>\n\n<p>RELLMAN FOODS se compromete en la utilizaci\u00f3n de los datos personales facilitados conforme a las finalidades indicadas en esta Pol\u00edtica de Protecci\u00f3n de Datos, respetando su confidencialidad, as\u00ed como a dar cumplimiento a su obligaci\u00f3n de guardarlos y adaptar todas las medidas para evitar la alteraci\u00f3n, p\u00e9rdida, tratamiento o acceso no autorizado.<\/p>\n\n<p>La responsabilidad del Usuario sobre la veracidad de los datos introducidos es exclusiva, por lo que, en el caso de haber facilitado datos falsos o inexactos, RELLMAN FOODS se reserva el derecho a prohibirle el acceso al Portal, sin perjuicio de las acciones legales que estime oportunas en defensa de sus intereses. RELLMAN FOODS tampoco tiene la obligaci\u00f3n de verificar, y no verifica, la identidad de los Usuarios, ni la veracidad, vigencia, exhaustividad y\/o autenticidad de los datos que los mismos proporcionan sobre s\u00ed mismos, o sobre otros Usuarios. El Usuario es por todo ello responsable de informar a RELLMAN FOODS de cualquier variaci\u00f3n que se produzca en los datos que hubiera proporcionado anteriormente y garantiza y es responsable exclusivo de la veracidad de los mismos.<\/p>\n","protected":false},"excerpt":{"rendered":"<p>Los datos personales facilitados a trav\u00e9s de esta p\u00e1gina web ser\u00e1n tratados por RELLMAN FOODS S.A. (en adelante, RELLMAN FOODS), titular de la misma, cuyos datos de contacto son los siguientes: &#8211; Direcci\u00f3n: Avenue Prince Charles 4, 1410, Waterloo (B\u00e9lgica) &#8211; Tel\u00e9fono: +32 2 503 58 98 &#8211; Email: info@rellmanfoods.com Dependiendo del formulario utilizado o la finalidad para la que nos indique que env\u00eda sus datos, podemos utilizar los mismos para las siguientes finalidades: 1. La remisi\u00f3n de comunicaciones comerciales (Newsletter) de RELLMAN FOODS, incluso a trav\u00e9s de medios electr\u00f3nicos. Mediante dichas comunicaciones, se informar\u00e1 a los usuarios sobre los diferentes productos, ofertas, sorteos, promociones, concursos y eventos ofrecidos por RELLMAN FOODS. 2. Registrar su alta en la Web. 3. Resolver consultas, solicitudes o cualquier tipo de petici\u00f3n que sea realizada por el usuario a trav\u00e9s de cualquiera de las [&hellip;]<\/p>\n","protected":false},"author":1,"featured_media":0,"parent":0,"menu_order":0,"comment_status":"closed","ping_status":"closed","template":"","meta":{"footnotes":""},"class_list":["post-14614","page","type-page","status-publish","hentry"],"yoast_head":"<!-- This site is optimized with the Yoast SEO plugin v26.9 - https:\/\/yoast.com\/product\/yoast-seo-wordpress\/ -->\n<title>Pol\u00edtica de Privacidad - Rellman Foods<\/title>\n<meta name=\"robots\" content=\"noindex, nofollow\" \/>\n<meta property=\"og:locale\" content=\"es_ES\" \/>\n<meta property=\"og:type\" content=\"article\" \/>\n<meta property=\"og:title\" content=\"Pol\u00edtica de Privacidad - Rellman Foods\" \/>\n<meta property=\"og:description\" content=\"Los datos personales facilitados a trav\u00e9s de esta p\u00e1gina web ser\u00e1n tratados por RELLMAN FOODS S.A. (en adelante, RELLMAN FOODS), titular de la misma, cuyos datos de contacto son los siguientes: &#8211; Direcci\u00f3n: Avenue Prince Charles 4, 1410, Waterloo (B\u00e9lgica) &#8211; Tel\u00e9fono: +32 2 503 58 98 &#8211; Email: info@rellmanfoods.com Dependiendo del formulario utilizado o la finalidad para la que nos indique que env\u00eda sus datos, podemos utilizar los mismos para las siguientes finalidades: 1. La remisi\u00f3n de comunicaciones comerciales (Newsletter) de RELLMAN FOODS, incluso a trav\u00e9s de medios electr\u00f3nicos. Mediante dichas comunicaciones, se informar\u00e1 a los usuarios sobre los diferentes productos, ofertas, sorteos, promociones, concursos y eventos ofrecidos por RELLMAN FOODS. 2. Registrar su alta en la Web. 3. Resolver consultas, solicitudes o cualquier tipo de petici\u00f3n que sea realizada por el usuario a trav\u00e9s de cualquiera de las [&hellip;]\" \/>\n<meta property=\"og:url\" content=\"https:\/\/rellmanfoods.com\/es\/politica-de-privacidad\/\" \/>\n<meta property=\"og:site_name\" content=\"Rellman Foods\" \/>\n<meta property=\"article:publisher\" content=\"https:\/\/www.facebook.com\/rellmanfoods\" \/>\n<meta property=\"article:modified_time\" content=\"2023-01-12T12:53:20+00:00\" \/>\n<meta property=\"og:image\" content=\"https:\/\/rellmanfoods.com\/wp-content\/uploads\/2022\/05\/rellman-foods-logo-full-color-vertical@2x.png\" \/>\n\t<meta property=\"og:image:width\" content=\"1024\" \/>\n\t<meta property=\"og:image:height\" content=\"452\" \/>\n\t<meta property=\"og:image:type\" content=\"image\/png\" \/>\n<meta name=\"twitter:card\" content=\"summary_large_image\" \/>\n<meta name=\"twitter:label1\" content=\"Tiempo de lectura\" \/>\n\t<meta name=\"twitter:data1\" content=\"4 minutos\" \/>\n<script type=\"application\/ld+json\" class=\"yoast-schema-graph\">{\"@context\":\"https:\/\/schema.org\",\"@graph\":[{\"@type\":\"WebPage\",\"@id\":\"https:\/\/rellmanfoods.com\/es\/politica-de-privacidad\/\",\"url\":\"https:\/\/rellmanfoods.com\/es\/politica-de-privacidad\/\",\"name\":\"Pol\u00edtica de Privacidad - Rellman Foods\",\"isPartOf\":{\"@id\":\"https:\/\/rellmanfoods.com\/es\/#website\"},\"datePublished\":\"2022-10-15T16:55:49+00:00\",\"dateModified\":\"2023-01-12T12:53:20+00:00\",\"breadcrumb\":{\"@id\":\"https:\/\/rellmanfoods.com\/es\/politica-de-privacidad\/#breadcrumb\"},\"inLanguage\":\"es\",\"potentialAction\":[{\"@type\":\"ReadAction\",\"target\":[\"https:\/\/rellmanfoods.com\/es\/politica-de-privacidad\/\"]}]},{\"@type\":\"BreadcrumbList\",\"@id\":\"https:\/\/rellmanfoods.com\/es\/politica-de-privacidad\/#breadcrumb\",\"itemListElement\":[{\"@type\":\"ListItem\",\"position\":1,\"name\":\"Portada\",\"item\":\"https:\/\/rellmanfoods.com\/es\/home\/\"},{\"@type\":\"ListItem\",\"position\":2,\"name\":\"Pol\u00edtica de Privacidad\"}]},{\"@type\":\"WebSite\",\"@id\":\"https:\/\/rellmanfoods.com\/es\/#website\",\"url\":\"https:\/\/rellmanfoods.com\/es\/\",\"name\":\"Rellman Foods\",\"description\":\"We select the best beef for you.\",\"publisher\":{\"@id\":\"https:\/\/rellmanfoods.com\/es\/#organization\"},\"potentialAction\":[{\"@type\":\"SearchAction\",\"target\":{\"@type\":\"EntryPoint\",\"urlTemplate\":\"https:\/\/rellmanfoods.com\/es\/?s={search_term_string}\"},\"query-input\":{\"@type\":\"PropertyValueSpecification\",\"valueRequired\":true,\"valueName\":\"search_term_string\"}}],\"inLanguage\":\"es\"},{\"@type\":\"Organization\",\"@id\":\"https:\/\/rellmanfoods.com\/es\/#organization\",\"name\":\"Rellman Foods\",\"url\":\"https:\/\/rellmanfoods.com\/es\/\",\"logo\":{\"@type\":\"ImageObject\",\"inLanguage\":\"es\",\"@id\":\"https:\/\/rellmanfoods.com\/es\/#\/schema\/logo\/image\/\",\"url\":\"https:\/\/i0.wp.com\/rellmanfoods.com\/wp-content\/uploads\/2022\/05\/rellman-foods-logo-full-color-vertical@2x.png?fit=1024%2C452&ssl=1\",\"contentUrl\":\"https:\/\/i0.wp.com\/rellmanfoods.com\/wp-content\/uploads\/2022\/05\/rellman-foods-logo-full-color-vertical@2x.png?fit=1024%2C452&ssl=1\",\"width\":1024,\"height\":452,\"caption\":\"Rellman Foods\"},\"image\":{\"@id\":\"https:\/\/rellmanfoods.com\/es\/#\/schema\/logo\/image\/\"},\"sameAs\":[\"https:\/\/www.facebook.com\/rellmanfoods\",\"https:\/\/www.instagram.com\/rellmanfoods\",\"https:\/\/www.linkedin.com\/company\/rellman-foods-sa\"]}]}<\/script>\n<!-- \/ Yoast SEO plugin. -->","yoast_head_json":{"title":"Pol\u00edtica de Privacidad - Rellman Foods","robots":{"index":"noindex","follow":"nofollow"},"og_locale":"es_ES","og_type":"article","og_title":"Pol\u00edtica de Privacidad - Rellman Foods","og_description":"Los datos personales facilitados a trav\u00e9s de esta p\u00e1gina web ser\u00e1n tratados por RELLMAN FOODS S.A. (en adelante, RELLMAN FOODS), titular de la misma, cuyos datos de contacto son los siguientes: &#8211; Direcci\u00f3n: Avenue Prince Charles 4, 1410, Waterloo (B\u00e9lgica) &#8211; Tel\u00e9fono: +32 2 503 58 98 &#8211; Email: info@rellmanfoods.com Dependiendo del formulario utilizado o la finalidad para la que nos indique que env\u00eda sus datos, podemos utilizar los mismos para las siguientes finalidades: 1. La remisi\u00f3n de comunicaciones comerciales (Newsletter) de RELLMAN FOODS, incluso a trav\u00e9s de medios electr\u00f3nicos. Mediante dichas comunicaciones, se informar\u00e1 a los usuarios sobre los diferentes productos, ofertas, sorteos, promociones, concursos y eventos ofrecidos por RELLMAN FOODS. 2. Registrar su alta en la Web. 3. Resolver consultas, solicitudes o cualquier tipo de petici\u00f3n que sea realizada por el usuario a trav\u00e9s de cualquiera de las [&hellip;]","og_url":"https:\/\/rellmanfoods.com\/es\/politica-de-privacidad\/","og_site_name":"Rellman Foods","article_publisher":"https:\/\/www.facebook.com\/rellmanfoods","article_modified_time":"2023-01-12T12:53:20+00:00","og_image":[{"width":1024,"height":452,"url":"https:\/\/rellmanfoods.com\/wp-content\/uploads\/2022\/05\/rellman-foods-logo-full-color-vertical@2x.png","type":"image\/png"}],"twitter_card":"summary_large_image","twitter_misc":{"Tiempo de lectura":"4 minutos"},"schema":{"@context":"https:\/\/schema.org","@graph":[{"@type":"WebPage","@id":"https:\/\/rellmanfoods.com\/es\/politica-de-privacidad\/","url":"https:\/\/rellmanfoods.com\/es\/politica-de-privacidad\/","name":"Pol\u00edtica de Privacidad - Rellman Foods","isPartOf":{"@id":"https:\/\/rellmanfoods.com\/es\/#website"},"datePublished":"2022-10-15T16:55:49+00:00","dateModified":"2023-01-12T12:53:20+00:00","breadcrumb":{"@id":"https:\/\/rellmanfoods.com\/es\/politica-de-privacidad\/#breadcrumb"},"inLanguage":"es","potentialAction":[{"@type":"ReadAction","target":["https:\/\/rellmanfoods.com\/es\/politica-de-privacidad\/"]}]},{"@type":"BreadcrumbList","@id":"https:\/\/rellmanfoods.com\/es\/politica-de-privacidad\/#breadcrumb","itemListElement":[{"@type":"ListItem","position":1,"name":"Portada","item":"https:\/\/rellmanfoods.com\/es\/home\/"},{"@type":"ListItem","position":2,"name":"Pol\u00edtica de Privacidad"}]},{"@type":"WebSite","@id":"https:\/\/rellmanfoods.com\/es\/#website","url":"https:\/\/rellmanfoods.com\/es\/","name":"Rellman Foods","description":"We select the best beef for you.","publisher":{"@id":"https:\/\/rellmanfoods.com\/es\/#organization"},"potentialAction":[{"@type":"SearchAction","target":{"@type":"EntryPoint","urlTemplate":"https:\/\/rellmanfoods.com\/es\/?s={search_term_string}"},"query-input":{"@type":"PropertyValueSpecification","valueRequired":true,"valueName":"search_term_string"}}],"inLanguage":"es"},{"@type":"Organization","@id":"https:\/\/rellmanfoods.com\/es\/#organization","name":"Rellman Foods","url":"https:\/\/rellmanfoods.com\/es\/","logo":{"@type":"ImageObject","inLanguage":"es","@id":"https:\/\/rellmanfoods.com\/es\/#\/schema\/logo\/image\/","url":"https:\/\/i0.wp.com\/rellmanfoods.com\/wp-content\/uploads\/2022\/05\/rellman-foods-logo-full-color-vertical@2x.png?fit=1024%2C452&ssl=1","contentUrl":"https:\/\/i0.wp.com\/rellmanfoods.com\/wp-content\/uploads\/2022\/05\/rellman-foods-logo-full-color-vertical@2x.png?fit=1024%2C452&ssl=1","width":1024,"height":452,"caption":"Rellman Foods"},"image":{"@id":"https:\/\/rellmanfoods.com\/es\/#\/schema\/logo\/image\/"},"sameAs":["https:\/\/www.facebook.com\/rellmanfoods","https:\/\/www.instagram.com\/rellmanfoods","https:\/\/www.linkedin.com\/company\/rellman-foods-sa"]}]}},"_links":{"self":[{"href":"https:\/\/rellmanfoods.com\/es\/wp-json\/wp\/v2\/pages\/14614","targetHints":{"allow":["GET"]}}],"collection":[{"href":"https:\/\/rellmanfoods.com\/es\/wp-json\/wp\/v2\/pages"}],"about":[{"href":"https:\/\/rellmanfoods.com\/es\/wp-json\/wp\/v2\/types\/page"}],"author":[{"embeddable":true,"href":"https:\/\/rellmanfoods.com\/es\/wp-json\/wp\/v2\/users\/1"}],"replies":[{"embeddable":true,"href":"https:\/\/rellmanfoods.com\/es\/wp-json\/wp\/v2\/comments?post=14614"}],"version-history":[{"count":2,"href":"https:\/\/rellmanfoods.com\/es\/wp-json\/wp\/v2\/pages\/14614\/revisions"}],"predecessor-version":[{"id":14617,"href":"https:\/\/rellmanfoods.com\/es\/wp-json\/wp\/v2\/pages\/14614\/revisions\/14617"}],"wp:attachment":[{"href":"https:\/\/rellmanfoods.com\/es\/wp-json\/wp\/v2\/media?parent=14614"}],"curies":[{"name":"wp","href":"https:\/\/api.w.org\/{rel}","templated":true}]}}