{"id":14606,"date":"2022-11-16T15:34:24","date_gmt":"2022-11-16T14:34:24","guid":{"rendered":"https:\/\/rellmanfoods.com\/marcas\/"},"modified":"2024-11-15T13:05:46","modified_gmt":"2024-11-15T12:05:46","slug":"marcas-de-carne","status":"publish","type":"page","link":"https:\/\/rellmanfoods.com\/es\/marcas-de-carne\/","title":{"rendered":"Marcas"},"content":{"rendered":"<div class=\"wpb-content-wrapper\"><p>[vc_row][vc_column]<div class=\"es-resp\">\t<div class=\"visible-xl\" style=\"height: 76px;\"><\/div>\t<div class=\"hidden-xl hidden-md hidden-sm hidden-ms hidden-xs\" style=\"height: 76px;\"><\/div>\t<div class=\"visible-md\" style=\"height: 76px;\"><\/div>\t<div class=\"visible-sm \" style=\"height: 76px;\"><\/div>\t<div class=\"visible-ms\" style=\"height: 76px;\"><\/div>\t<div class=\"visible-xs\" style=\"height: 76px;\"><\/div><\/div>[\/vc_column][\/vc_row][vc_row full_width=\u00bbstretch_row_content\u00bb gap=\u00bb5&#8243; equal_height=\u00bbyes\u00bb][vc_column width=\u00bb1\/4&#8243;][vc_hoverbox image=\u00bb17370&#8243; primary_title=\u00bb\u00bb hover_title=\u00bbCeibo Beef\u00bb hover_title_font_container=\u00bbfont_size:24px|color:%2369a816&#8243; hover_title_google_fonts=\u00bbfont_family:Montserrat%3Aregular%2C700|font_style:400%20regular%3A400%3Anormal\u00bb hover_btn_title=\u00bbSaber m\u00e1s\u00bb hover_btn_style=\u00bbcustom\u00bb hover_btn_custom_background=\u00bb#69a816&#8243; hover_btn_custom_text=\u00bb#ffffff\u00bb use_custom_fonts_hover_title=\u00bbtrue\u00bb hover_add_button=\u00bbtrue\u00bb hover_btn_link=\u00bburl:https%3A%2F%2Frellmanfoods.com%2Fceibo-beef%2F|title:Marcas|\u00bb]La filosof\u00eda de Ceibo Beef es satisfacer las necesidades de los consumidores. Por eso seleccionan la carne proveniente de ganaderos que han dedicado mucho tiempo y esfuerzo a mejorar las razas Angus y Hereford, mediante una excelente gen\u00e9tica y alimentaci\u00f3n.<\/p>\n<p>Sus caracter\u00edsticas principales son su palatabilidad, jugosidad y sabor.[\/vc_hoverbox][\/vc_column][vc_column width=\u00bb1\/4&#8243;][vc_hoverbox image=\u00bb15949&#8243; primary_title=\u00bb\u00bb hover_title=\u00bbRosedale Ruby\u00bb hover_title_font_container=\u00bbfont_size:24px|color:%2369a816&#8243; hover_title_google_fonts=\u00bbfont_family:Montserrat%3Aregular%2C700|font_style:400%20regular%3A400%3Anormal\u00bb hover_btn_title=\u00bbSaber m\u00e1s\u00bb hover_btn_style=\u00bbcustom\u00bb hover_btn_custom_background=\u00bb#69a816&#8243; hover_btn_custom_text=\u00bb#ffffff\u00bb use_custom_fonts_hover_title=\u00bbtrue\u00bb hover_add_button=\u00bbtrue\u00bb hover_btn_link=\u00bburl:https%3A%2F%2Frellmanfoods.com%2Fruby-rosedale%2F|title:Rosedale%20Ruby|\u00bb]Es uno de los primeros criadores de Charolais.<\/p>\n<p>Sus valores son la calidad en la cr\u00eda y las s\u00f3lidas relaciones con otros miembros de la industria ganadera. Su ganado ha evolucionado a tiempo y representa toros Charolais modernos que son adecuados para los mercados y las condiciones actuales.[\/vc_hoverbox][\/vc_column][vc_column width=\u00bb1\/4&#8243;][vc_hoverbox image=\u00bb17378&#8243; primary_title=\u00bb\u00bb hover_title=\u00bbSoriano\u00bb hover_title_font_container=\u00bbfont_size:24px|color:%2369a816&#8243; hover_title_google_fonts=\u00bbfont_family:Montserrat%3Aregular%2C700|font_style:400%20regular%3A400%3Anormal\u00bb hover_btn_title=\u00bbSaber m\u00e1s\u00bb hover_btn_style=\u00bbcustom\u00bb hover_btn_custom_background=\u00bb#69a816&#8243; hover_btn_custom_text=\u00bb#ffffff\u00bb use_custom_fonts_hover_title=\u00bbtrue\u00bb hover_add_button=\u00bbtrue\u00bb hover_btn_link=\u00bburl:https%3A%2F%2Frellmanfoods.com%2Fsoriano-angus%2F|title:Soriano|\u00bb]Soriano es el frigor\u00edfico donde el control de calidad y el bienestar animal son pilares para una selecci\u00f3n y producci\u00f3n de cortes de vacuno de calidad premium.<\/p>\n<p>Soriano es garant\u00eda de carne tierna, jugosa y sabrosa, una de las preferidas entre los consumidores m\u00e1s exigentes.[\/vc_hoverbox][\/vc_column][vc_column width=\u00bb1\/4&#8243;][vc_hoverbox image=\u00bb17384&#8243; primary_title=\u00bb\u00bb hover_title=\u00bbLa M\u00e1xima\u00bb hover_title_font_container=\u00bbfont_size:24px|color:%2369a816&#8243; hover_title_google_fonts=\u00bbfont_family:Montserrat%3Aregular%2C700|font_style:400%20regular%3A400%3Anormal\u00bb hover_btn_title=\u00bbSaber m\u00e1s\u00bb hover_btn_style=\u00bbcustom\u00bb hover_btn_custom_background=\u00bb#69a816&#8243; hover_btn_custom_text=\u00bb#ffffff\u00bb use_custom_fonts_hover_title=\u00bbtrue\u00bb hover_add_button=\u00bbtrue\u00bb hover_btn_link=\u00bburl:https%3A%2F%2Frellmanfoods.com%2Fla-maxima%2F|title:La%20M%C3%A1xima|\u00bb]<\/p>\n<div class=\"elementor-element elementor-element-5f24a0c elementor-widget elementor-widget-text-editor\" data-id=\"5f24a0c\" data-element_type=\"widget\" data-widget_type=\"text-editor.default\">\n<div class=\"elementor-widget-container\">\n<p>El genuino origen argentino de La M\u00e1xima y su experiencia seleccionando el mejor ganado del campo est\u00e1n presentes en todos sus cortes de vacuno.<\/p>\n<p>Saborea el aut\u00e9ntico sabor y la ternura de la mejor carne argentina: Selecci\u00f3n de carne de vacuno alimentado con pasto, Est\u00e1ndares de calidad de la carne de vacuno y Buena relaci\u00f3n calidad\/precio.<\/p>\n<\/div>\n<\/div>\n<p>[\/vc_hoverbox][\/vc_column][\/vc_row][vc_row][vc_column]<div class=\"es-resp\">\t<div class=\"visible-xl\" style=\"height: 76px;\"><\/div>\t<div class=\"hidden-xl hidden-md hidden-sm hidden-ms hidden-xs\" style=\"height: 76px;\"><\/div>\t<div class=\"visible-md\" style=\"height: 76px;\"><\/div>\t<div class=\"visible-sm \" style=\"height: 76px;\"><\/div>\t<div class=\"visible-ms\" style=\"height: 76px;\"><\/div>\t<div class=\"visible-xs\" style=\"height: 76px;\"><\/div><\/div>[\/vc_column][\/vc_row][vc_row full_width=\u00bbstretch_row_content\u00bb gap=\u00bb2&#8243; disable_element=\u00bbyes\u00bb][vc_column width=\u00bb1\/4&#8243;][vc_hoverbox image=\u00bb15964&#8243; primary_title=\u00bb\u00bb hover_title=\u00bbRioplatense\u00bb hover_title_font_container=\u00bbfont_size:24px|color:%2369a816&#8243; hover_title_google_fonts=\u00bbfont_family:Montserrat%3Aregular%2C700|font_style:400%20regular%3A400%3Anormal\u00bb hover_btn_title=\u00bbSaber m\u00e1s\u00bb hover_btn_style=\u00bbcustom\u00bb hover_btn_custom_background=\u00bb#69a816&#8243; hover_btn_custom_text=\u00bb#ffffff\u00bb use_custom_fonts_hover_title=\u00bbtrue\u00bb hover_add_button=\u00bbtrue\u00bb hover_btn_link=\u00bburl:https%3A%2F%2Frellmanfoods.com%2Frioplatense%2F|title:Rioplatense|\u00bb]Desde 1974, Rioplatense es una de las principales empresas procesadoras de carne vacuna de Argentina.<\/p>\n<p>La calidad de sus productos est\u00e1 garantizada por la selecci\u00f3n de las mejores razas argentinas brit\u00e1nicas, Angus y Hereford, y su ubicaci\u00f3n.[\/vc_hoverbox][\/vc_column][vc_column width=\u00bb1\/4&#8243;][vc_hoverbox image=\u00bb15969&#8243; primary_title=\u00bb\u00bb hover_title=\u00bbUrien Loza\u00bb hover_title_font_container=\u00bbfont_size:24px|color:%2369a816&#8243; hover_title_google_fonts=\u00bbfont_family:Montserrat%3Aregular%2C700|font_style:400%20regular%3A400%3Anormal\u00bb hover_btn_title=\u00bbSaber m\u00e1s\u00bb hover_btn_style=\u00bbcustom\u00bb hover_btn_custom_background=\u00bb#69a816&#8243; hover_btn_custom_text=\u00bb#ffffff\u00bb use_custom_fonts_hover_title=\u00bbtrue\u00bb hover_add_button=\u00bbtrue\u00bb hover_btn_link=\u00bburl:https%3A%2F%2Frellmanfoods.com%2Furien-loza%2F|title:Urien%20Loza|\u00bb]Con m\u00e1s de 25 a\u00f1os de historia, su compromiso es criar y vender el mejor bife.<\/p>\n<p>El principal valor de Urien Loza es su club de productores. Seleccionando la mejor carne de las regiones argentinas y razas carniceras para ofrecer la garant\u00eda de un novillo \u00f3ptimo.[\/vc_hoverbox][\/vc_column][vc_column width=\u00bb1\/4&#8243;][vc_hoverbox image=\u00bb17390&#8243; primary_title=\u00bb\u00bb primary_title_font_container=\u00bbcolor:%23ffffff\u00bb primary_title_google_fonts=\u00bbfont_family:Montserrat%3Aregular%2C700|font_style:400%20regular%3A400%3Anormal\u00bb hover_title=\u00bbLas Moras\u00bb hover_title_font_container=\u00bbfont_size:24px|color:%2369a816&#8243; hover_title_google_fonts=\u00bbfont_family:Montserrat%3Aregular%2C700|font_style:400%20regular%3A400%3Anormal\u00bb hover_btn_title=\u00bbSaber m\u00e1s\u00bb hover_btn_style=\u00bbcustom\u00bb hover_btn_custom_background=\u00bb#69a816&#8243; hover_btn_custom_text=\u00bb#ffffff\u00bb use_custom_fonts_primary_title=\u00bbtrue\u00bb use_custom_fonts_hover_title=\u00bbtrue\u00bb hover_add_button=\u00bbtrue\u00bb hover_btn_link=\u00bburl:https%3A%2F%2Frellmanfoods.com%2Flas-moras%2F|title:Las%20Moras|\u00bb]Su filosof\u00eda est\u00e1 basada en la herencia y la pasi\u00f3n, con el objetivo de proporcionar productos c\u00e1rnicos de la mejor calidad en todo el mundo.<\/p>\n<p>Son un actor clave en la industria c\u00e1rnica de Uruguay, una familia, abrazando el prop\u00f3sito de crear un futuro mejor para todos.[\/vc_hoverbox][\/vc_column][vc_column width=\u00bb1\/4&#8243;][vc_hoverbox image=\u00bb15979&#8243; primary_title=\u00bb\u00bb hover_title=\u00bbOjo de Agua\u00bb hover_title_font_container=\u00bbfont_size:24px|color:%2369a816&#8243; hover_title_google_fonts=\u00bbfont_family:Montserrat%3Aregular%2C700|font_style:400%20regular%3A400%3Anormal\u00bb hover_btn_title=\u00bbSaber m\u00e1s\u00bb hover_btn_style=\u00bbcustom\u00bb hover_btn_custom_background=\u00bb#69a816&#8243; hover_btn_custom_text=\u00bb#ffffff\u00bb use_custom_fonts_hover_title=\u00bbtrue\u00bb hover_add_button=\u00bbtrue\u00bb hover_btn_link=\u00bburl:https%3A%2F%2Frellmanfoods.com%2Fojo-de-agua%2F|title:Ojo%20de%20Agua|\u00bb]Los gauchos cuidan 70.000 hect\u00e1reas de tierra de agricultura sostenible donde pastan libremente m\u00e1s de 10.000 reses de Angus y Hereford.<\/p>\n<p>Producen carne con alma, fruto de su gesti\u00f3n gen\u00e9tica, terminaci\u00f3n y buenas pr\u00e1cticas en manejo animal.[\/vc_hoverbox][\/vc_column][\/vc_row][vc_row][vc_column]<div class=\"es-resp\">\t<div class=\"visible-xl\" style=\"height: 76px;\"><\/div>\t<div class=\"hidden-xl hidden-md hidden-sm hidden-ms hidden-xs\" style=\"height: 76px;\"><\/div>\t<div class=\"visible-md\" style=\"height: 76px;\"><\/div>\t<div class=\"visible-sm \" style=\"height: 76px;\"><\/div>\t<div class=\"visible-ms\" style=\"height: 76px;\"><\/div>\t<div class=\"visible-xs\" style=\"height: 76px;\"><\/div><\/div>[\/vc_column][\/vc_row]<\/p>\n<\/div>","protected":false},"excerpt":{"rendered":"<p>[vc_row][vc_column][\/vc_column][\/vc_row][vc_row full_width=\u00bbstretch_row_content\u00bb gap=\u00bb5&#8243; equal_height=\u00bbyes\u00bb][vc_column width=\u00bb1\/4&#8243;][vc_hoverbox image=\u00bb17370&#8243; primary_title=\u00bb\u00bb hover_title=\u00bbCeibo Beef\u00bb hover_title_font_container=\u00bbfont_size:24px|color:%2369a816&#8243; hover_title_google_fonts=\u00bbfont_family:Montserrat%3Aregular%2C700|font_style:400%20regular%3A400%3Anormal\u00bb hover_btn_title=\u00bbSaber m\u00e1s\u00bb hover_btn_style=\u00bbcustom\u00bb hover_btn_custom_background=\u00bb#69a816&#8243; hover_btn_custom_text=\u00bb#ffffff\u00bb use_custom_fonts_hover_title=\u00bbtrue\u00bb hover_add_button=\u00bbtrue\u00bb hover_btn_link=\u00bburl:https%3A%2F%2Frellmanfoods.com%2Fceibo-beef%2F|title:Marcas|\u00bb]La filosof\u00eda de Ceibo Beef es satisfacer las necesidades de los consumidores. Por eso seleccionan la carne proveniente de ganaderos que han dedicado mucho tiempo y esfuerzo a mejorar las razas Angus y Hereford, mediante una excelente gen\u00e9tica y alimentaci\u00f3n. Sus caracter\u00edsticas principales son su palatabilidad, jugosidad y sabor.[\/vc_hoverbox][\/vc_column][vc_column width=\u00bb1\/4&#8243;][vc_hoverbox image=\u00bb15949&#8243; primary_title=\u00bb\u00bb hover_title=\u00bbRosedale Ruby\u00bb hover_title_font_container=\u00bbfont_size:24px|color:%2369a816&#8243; hover_title_google_fonts=\u00bbfont_family:Montserrat%3Aregular%2C700|font_style:400%20regular%3A400%3Anormal\u00bb hover_btn_title=\u00bbSaber m\u00e1s\u00bb hover_btn_style=\u00bbcustom\u00bb hover_btn_custom_background=\u00bb#69a816&#8243; hover_btn_custom_text=\u00bb#ffffff\u00bb use_custom_fonts_hover_title=\u00bbtrue\u00bb hover_add_button=\u00bbtrue\u00bb hover_btn_link=\u00bburl:https%3A%2F%2Frellmanfoods.com%2Fruby-rosedale%2F|title:Rosedale%20Ruby|\u00bb]Es uno de los primeros criadores de Charolais. Sus valores son la calidad en la cr\u00eda y las s\u00f3lidas relaciones con otros miembros de la industria ganadera. Su ganado ha evolucionado a tiempo y representa toros Charolais modernos que son adecuados para los mercados y las condiciones actuales.[\/vc_hoverbox][\/vc_column][vc_column width=\u00bb1\/4&#8243;][vc_hoverbox image=\u00bb17378&#8243; primary_title=\u00bb\u00bb hover_title=\u00bbSoriano\u00bb hover_title_font_container=\u00bbfont_size:24px|color:%2369a816&#8243; hover_title_google_fonts=\u00bbfont_family:Montserrat%3Aregular%2C700|font_style:400%20regular%3A400%3Anormal\u00bb hover_btn_title=\u00bbSaber m\u00e1s\u00bb hover_btn_style=\u00bbcustom\u00bb hover_btn_custom_background=\u00bb#69a816&#8243; hover_btn_custom_text=\u00bb#ffffff\u00bb [&hellip;]<\/p>\n","protected":false},"author":1,"featured_media":0,"parent":0,"menu_order":0,"comment_status":"closed","ping_status":"closed","template":"","meta":{"footnotes":""},"class_list":["post-14606","page","type-page","status-publish","hentry"],"yoast_head":"<!-- This site is optimized with the Yoast SEO plugin v26.9 - https:\/\/yoast.com\/product\/yoast-seo-wordpress\/ -->\n<title>Marcas de carne de vacuno - Rellman Foods<\/title>\n<meta name=\"description\" content=\"Marcas de carne de vacuno para Europa - Rellman Foods, reconocido importador de carne de vacuno, te trae las mejores marcas de todas las partes del mundo - Calidad garantizada\" \/>\n<meta name=\"robots\" content=\"index, follow, max-snippet:-1, max-image-preview:large, max-video-preview:-1\" \/>\n<link rel=\"canonical\" href=\"https:\/\/rellmanfoods.com\/es\/marcas-de-carne\/\" \/>\n<meta property=\"og:locale\" content=\"es_ES\" \/>\n<meta property=\"og:type\" content=\"article\" \/>\n<meta property=\"og:title\" content=\"Marcas de carne de vacuno - Rellman Foods\" \/>\n<meta property=\"og:description\" content=\"Marcas de carne de vacuno para Europa - Rellman Foods, reconocido importador de carne de vacuno, te trae las mejores marcas de todas las partes del mundo - Calidad garantizada\" \/>\n<meta property=\"og:url\" content=\"https:\/\/rellmanfoods.com\/es\/marcas-de-carne\/\" \/>\n<meta property=\"og:site_name\" content=\"Rellman Foods\" \/>\n<meta property=\"article:publisher\" content=\"https:\/\/www.facebook.com\/rellmanfoods\" \/>\n<meta property=\"article:modified_time\" content=\"2024-11-15T12:05:46+00:00\" \/>\n<meta property=\"og:image\" content=\"https:\/\/rellmanfoods.com\/wp-content\/uploads\/2022\/05\/rellman-foods-logo-full-color-vertical@2x.png\" \/>\n\t<meta property=\"og:image:width\" content=\"1024\" \/>\n\t<meta property=\"og:image:height\" content=\"452\" \/>\n\t<meta property=\"og:image:type\" content=\"image\/png\" \/>\n<meta name=\"twitter:card\" content=\"summary_large_image\" \/>\n<meta name=\"twitter:label1\" content=\"Tiempo de lectura\" \/>\n\t<meta name=\"twitter:data1\" content=\"6 minutos\" \/>\n<script type=\"application\/ld+json\" class=\"yoast-schema-graph\">{\"@context\":\"https:\/\/schema.org\",\"@graph\":[{\"@type\":\"WebPage\",\"@id\":\"https:\/\/rellmanfoods.com\/es\/marcas-de-carne\/\",\"url\":\"https:\/\/rellmanfoods.com\/es\/marcas-de-carne\/\",\"name\":\"Marcas de carne de vacuno - Rellman Foods\",\"isPartOf\":{\"@id\":\"https:\/\/rellmanfoods.com\/es\/#website\"},\"datePublished\":\"2022-11-16T14:34:24+00:00\",\"dateModified\":\"2024-11-15T12:05:46+00:00\",\"description\":\"Marcas de carne de vacuno para Europa - Rellman Foods, reconocido importador de carne de vacuno, te trae las mejores marcas de todas las partes del mundo - Calidad garantizada\",\"breadcrumb\":{\"@id\":\"https:\/\/rellmanfoods.com\/es\/marcas-de-carne\/#breadcrumb\"},\"inLanguage\":\"es\",\"potentialAction\":[{\"@type\":\"ReadAction\",\"target\":[\"https:\/\/rellmanfoods.com\/es\/marcas-de-carne\/\"]}]},{\"@type\":\"BreadcrumbList\",\"@id\":\"https:\/\/rellmanfoods.com\/es\/marcas-de-carne\/#breadcrumb\",\"itemListElement\":[{\"@type\":\"ListItem\",\"position\":1,\"name\":\"Portada\",\"item\":\"https:\/\/rellmanfoods.com\/es\/home\/\"},{\"@type\":\"ListItem\",\"position\":2,\"name\":\"Marcas\"}]},{\"@type\":\"WebSite\",\"@id\":\"https:\/\/rellmanfoods.com\/es\/#website\",\"url\":\"https:\/\/rellmanfoods.com\/es\/\",\"name\":\"Rellman Foods\",\"description\":\"We select the best beef for you.\",\"publisher\":{\"@id\":\"https:\/\/rellmanfoods.com\/es\/#organization\"},\"potentialAction\":[{\"@type\":\"SearchAction\",\"target\":{\"@type\":\"EntryPoint\",\"urlTemplate\":\"https:\/\/rellmanfoods.com\/es\/?s={search_term_string}\"},\"query-input\":{\"@type\":\"PropertyValueSpecification\",\"valueRequired\":true,\"valueName\":\"search_term_string\"}}],\"inLanguage\":\"es\"},{\"@type\":\"Organization\",\"@id\":\"https:\/\/rellmanfoods.com\/es\/#organization\",\"name\":\"Rellman Foods\",\"url\":\"https:\/\/rellmanfoods.com\/es\/\",\"logo\":{\"@type\":\"ImageObject\",\"inLanguage\":\"es\",\"@id\":\"https:\/\/rellmanfoods.com\/es\/#\/schema\/logo\/image\/\",\"url\":\"https:\/\/i0.wp.com\/rellmanfoods.com\/wp-content\/uploads\/2022\/05\/rellman-foods-logo-full-color-vertical@2x.png?fit=1024%2C452&ssl=1\",\"contentUrl\":\"https:\/\/i0.wp.com\/rellmanfoods.com\/wp-content\/uploads\/2022\/05\/rellman-foods-logo-full-color-vertical@2x.png?fit=1024%2C452&ssl=1\",\"width\":1024,\"height\":452,\"caption\":\"Rellman Foods\"},\"image\":{\"@id\":\"https:\/\/rellmanfoods.com\/es\/#\/schema\/logo\/image\/\"},\"sameAs\":[\"https:\/\/www.facebook.com\/rellmanfoods\",\"https:\/\/www.instagram.com\/rellmanfoods\",\"https:\/\/www.linkedin.com\/company\/rellman-foods-sa\"]}]}<\/script>\n<!-- \/ Yoast SEO plugin. -->","yoast_head_json":{"title":"Marcas de carne de vacuno - Rellman Foods","description":"Marcas de carne de vacuno para Europa - Rellman Foods, reconocido importador de carne de vacuno, te trae las mejores marcas de todas las partes del mundo - Calidad garantizada","robots":{"index":"index","follow":"follow","max-snippet":"max-snippet:-1","max-image-preview":"max-image-preview:large","max-video-preview":"max-video-preview:-1"},"canonical":"https:\/\/rellmanfoods.com\/es\/marcas-de-carne\/","og_locale":"es_ES","og_type":"article","og_title":"Marcas de carne de vacuno - Rellman Foods","og_description":"Marcas de carne de vacuno para Europa - Rellman Foods, reconocido importador de carne de vacuno, te trae las mejores marcas de todas las partes del mundo - Calidad garantizada","og_url":"https:\/\/rellmanfoods.com\/es\/marcas-de-carne\/","og_site_name":"Rellman Foods","article_publisher":"https:\/\/www.facebook.com\/rellmanfoods","article_modified_time":"2024-11-15T12:05:46+00:00","og_image":[{"width":1024,"height":452,"url":"https:\/\/rellmanfoods.com\/wp-content\/uploads\/2022\/05\/rellman-foods-logo-full-color-vertical@2x.png","type":"image\/png"}],"twitter_card":"summary_large_image","twitter_misc":{"Tiempo de lectura":"6 minutos"},"schema":{"@context":"https:\/\/schema.org","@graph":[{"@type":"WebPage","@id":"https:\/\/rellmanfoods.com\/es\/marcas-de-carne\/","url":"https:\/\/rellmanfoods.com\/es\/marcas-de-carne\/","name":"Marcas de carne de vacuno - Rellman Foods","isPartOf":{"@id":"https:\/\/rellmanfoods.com\/es\/#website"},"datePublished":"2022-11-16T14:34:24+00:00","dateModified":"2024-11-15T12:05:46+00:00","description":"Marcas de carne de vacuno para Europa - Rellman Foods, reconocido importador de carne de vacuno, te trae las mejores marcas de todas las partes del mundo - Calidad garantizada","breadcrumb":{"@id":"https:\/\/rellmanfoods.com\/es\/marcas-de-carne\/#breadcrumb"},"inLanguage":"es","potentialAction":[{"@type":"ReadAction","target":["https:\/\/rellmanfoods.com\/es\/marcas-de-carne\/"]}]},{"@type":"BreadcrumbList","@id":"https:\/\/rellmanfoods.com\/es\/marcas-de-carne\/#breadcrumb","itemListElement":[{"@type":"ListItem","position":1,"name":"Portada","item":"https:\/\/rellmanfoods.com\/es\/home\/"},{"@type":"ListItem","position":2,"name":"Marcas"}]},{"@type":"WebSite","@id":"https:\/\/rellmanfoods.com\/es\/#website","url":"https:\/\/rellmanfoods.com\/es\/","name":"Rellman Foods","description":"We select the best beef for you.","publisher":{"@id":"https:\/\/rellmanfoods.com\/es\/#organization"},"potentialAction":[{"@type":"SearchAction","target":{"@type":"EntryPoint","urlTemplate":"https:\/\/rellmanfoods.com\/es\/?s={search_term_string}"},"query-input":{"@type":"PropertyValueSpecification","valueRequired":true,"valueName":"search_term_string"}}],"inLanguage":"es"},{"@type":"Organization","@id":"https:\/\/rellmanfoods.com\/es\/#organization","name":"Rellman Foods","url":"https:\/\/rellmanfoods.com\/es\/","logo":{"@type":"ImageObject","inLanguage":"es","@id":"https:\/\/rellmanfoods.com\/es\/#\/schema\/logo\/image\/","url":"https:\/\/i0.wp.com\/rellmanfoods.com\/wp-content\/uploads\/2022\/05\/rellman-foods-logo-full-color-vertical@2x.png?fit=1024%2C452&ssl=1","contentUrl":"https:\/\/i0.wp.com\/rellmanfoods.com\/wp-content\/uploads\/2022\/05\/rellman-foods-logo-full-color-vertical@2x.png?fit=1024%2C452&ssl=1","width":1024,"height":452,"caption":"Rellman Foods"},"image":{"@id":"https:\/\/rellmanfoods.com\/es\/#\/schema\/logo\/image\/"},"sameAs":["https:\/\/www.facebook.com\/rellmanfoods","https:\/\/www.instagram.com\/rellmanfoods","https:\/\/www.linkedin.com\/company\/rellman-foods-sa"]}]}},"_links":{"self":[{"href":"https:\/\/rellmanfoods.com\/es\/wp-json\/wp\/v2\/pages\/14606","targetHints":{"allow":["GET"]}}],"collection":[{"href":"https:\/\/rellmanfoods.com\/es\/wp-json\/wp\/v2\/pages"}],"about":[{"href":"https:\/\/rellmanfoods.com\/es\/wp-json\/wp\/v2\/types\/page"}],"author":[{"embeddable":true,"href":"https:\/\/rellmanfoods.com\/es\/wp-json\/wp\/v2\/users\/1"}],"replies":[{"embeddable":true,"href":"https:\/\/rellmanfoods.com\/es\/wp-json\/wp\/v2\/comments?post=14606"}],"version-history":[{"count":27,"href":"https:\/\/rellmanfoods.com\/es\/wp-json\/wp\/v2\/pages\/14606\/revisions"}],"predecessor-version":[{"id":17443,"href":"https:\/\/rellmanfoods.com\/es\/wp-json\/wp\/v2\/pages\/14606\/revisions\/17443"}],"wp:attachment":[{"href":"https:\/\/rellmanfoods.com\/es\/wp-json\/wp\/v2\/media?parent=14606"}],"curies":[{"name":"wp","href":"https:\/\/api.w.org\/{rel}","templated":true}]}}