{"id":14992,"date":"2021-08-03T14:40:16","date_gmt":"2021-08-03T12:40:16","guid":{"rendered":"https:\/\/rellmanfoods.com\/product\/burgermeisterstuck\/"},"modified":"2023-06-13T13:12:39","modified_gmt":"2023-06-13T11:12:39","slug":"burgermeisterstuck","status":"publish","type":"product","link":"https:\/\/rellmanfoods.com\/de\/produkt\/burgermeisterstuck\/","title":{"rendered":"B\u00fcrgermeisterstuck"},"content":{"rendered":"<div class=\"wpb-content-wrapper\"><p>[vc_row][vc_column][vc_tta_tabs section_title_tag=&#8220;p&#8220; style=&#8220;modern&#8220; active_section=&#8220;1&#8243;][vc_tta_section title=&#8220;Produktinformationen&#8220; tab_id=&#8220;1659535319850-36285157-5961&#8243;]\u00a0<ul class=\"ltx-block-icon  has-descr  icons-count-8 align-center ltx-icon-color-main ltx-icon-size-default ltx-header-color-default ltx-icon-type-transparent ltx-bg-color-transparent layout-cols4 ltx-icon-top  row centered\"  id=\"like_sc_block_icon_1787688304\"><li class=\" col-lg-3 col-md-4 col-sm-6 col-ms-6 col-xs-6\" ><div   class=\"in\"><span class=\"ltx-icon fas fa-globe-americas bg-transparent\"><\/span> <h6 class=\"header\"> Herkunft <\/h6> <div class=\"descr\">Argentinien, Uruguay, Australien, Irland und Polen<\/div><\/div><\/li><li class=\" col-lg-3 col-md-4 col-sm-6 col-ms-6 col-xs-6\" ><div   class=\"in\"><span class=\"ltx-icon icon-temperature bg-transparent\"><\/span> <h6 class=\"header\"> Lagertemperatur <\/h6> <div class=\"descr\">Gek\u00fchlt bei -1\u00ba\/+2\u00ba tiefgek\u00fchlt bei -18\u00ba<\/div><\/div><\/li><li class=\" col-lg-3 col-md-4 col-sm-6 col-ms-6 col-xs-6\" ><div   class=\"in\"><span class=\"ltx-icon icon-cow bg-transparent\"><\/span> <h6 class=\"header\"> Sorten <\/h6> <div class=\"descr\">Rind<\/div><\/div><\/li><li class=\" col-lg-3 col-md-4 col-sm-6 col-ms-6 col-xs-6\" ><div   class=\"in\"><span class=\"ltx-icon fas fa-certificate bg-transparent\"><\/span> <h6 class=\"header\"> Qualit\u00e4t <\/h6> <div class=\"descr\">High Quality Beef<\/div><\/div><\/li><li class=\" col-lg-3 col-md-4 col-sm-6 col-ms-6 col-xs-6\" ><div   class=\"in\"><span class=\"ltx-icon fas fa-redo bg-transparent\"><\/span> <h6 class=\"header\"> Haltbarkeit <\/h6> <div class=\"descr\">Refrigerated 120 Tage haltbar \/ Tiefgek\u00fchlt 18 Monate haltba<\/div><\/div><\/li><li class=\" col-lg-3 col-md-4 col-sm-6 col-ms-6 col-xs-6\" ><div   class=\"in\"><span class=\"ltx-icon icon-certification bg-transparent\"><\/span> <h6 class=\"header\"> Rasse <\/h6> <div class=\"descr\">Angus \/ Hereford<\/div><\/div><\/li><li class=\" col-lg-3 col-md-4 col-sm-6 col-ms-6 col-xs-6\" ><div   class=\"in\"><span class=\"ltx-icon fas fa-balance-scale bg-transparent\"><\/span> <h6 class=\"header\"> Gewicht pro St\u00fcck <\/h6> <div class=\"descr\">1,10 bis 1,5 kg<\/div><\/div><\/li><li class=\" col-lg-3 col-md-4 col-sm-6 col-ms-6 col-xs-6\" ><div   class=\"in\"><span class=\"ltx-icon fas fa-arrows-alt-h bg-transparent\"><\/span> <h6 class=\"header\"> Kaliber <\/h6> <div class=\"descr\">No calibre<\/div><\/div><\/li><\/ul>[\/vc_tta_section][vc_tta_section title=&#8220;Teilst\u00fccke&#8220; tab_id=&#8220;1659535293905-a8a3f4eb-9e43&#8243;][vc_column_text]<strong>Hinterviertel.<\/strong><br \/>\nDieses dreieckige Teilst\u00fcck befindet sich hinter und \u00fcber der H\u00fcfte und ist im vorderen Bereich mit dem R\u00fccken verbunden.[\/vc_column_text][vc_empty_space][vc_single_image image=&#8220;14189&#8243; img_size=&#8220;medium&#8220; alignment=&#8220;center&#8220; inline=&#8220;inline&#8220;][\/vc_tta_section][\/vc_tta_tabs][\/vc_column][\/vc_row]<\/p>\n<\/div>","protected":false},"excerpt":{"rendered":"<h4 style=\"text-align: left; padding-left: 80px;\">B\u00fcrgermeisterstuck<\/h4>\n<p style=\"text-align: left; padding-left: 80px;\"><strong><span class=\"text-md\"><span class=\"color-main\">Colita de Cuadril<br \/>\nTri Tip<br \/>\nRabillo de Cadera<br \/>\nAiguillettebaronne<br \/>\nSpinacino<br \/>\n<\/span><\/span><\/strong><\/p>\n","protected":false},"featured_media":16050,"template":"","meta":[],"product_brand":[],"product_cat":[486],"product_tag":[],"class_list":{"0":"post-14992","1":"product","2":"type-product","3":"status-publish","4":"has-post-thumbnail","6":"product_cat-hinterviertel","9":"first","10":"instock","11":"shipping-taxable","12":"product-type-simple"},"yoast_head":"<!-- This site is optimized with the Yoast SEO plugin v26.9 - https:\/\/yoast.com\/product\/yoast-seo-wordpress\/ -->\n<title>B\u00fcrgermeisterstuck - Rellman Foods<\/title>\n<meta name=\"robots\" content=\"index, follow, max-snippet:-1, max-image-preview:large, max-video-preview:-1\" \/>\n<link rel=\"canonical\" href=\"https:\/\/rellmanfoods.com\/de\/produkt\/burgermeisterstuck\/\" \/>\n<meta property=\"og:locale\" content=\"de_DE\" \/>\n<meta property=\"og:type\" content=\"article\" \/>\n<meta property=\"og:title\" content=\"B\u00fcrgermeisterstuck - Rellman Foods\" \/>\n<meta property=\"og:description\" content=\"B\u00fcrgermeisterstuck Colita de Cuadril Tri Tip Rabillo de Cadera Aiguillettebaronne Spinacino\" \/>\n<meta property=\"og:url\" content=\"https:\/\/rellmanfoods.com\/de\/produkt\/burgermeisterstuck\/\" \/>\n<meta property=\"og:site_name\" content=\"Rellman Foods\" \/>\n<meta property=\"article:publisher\" content=\"https:\/\/www.facebook.com\/rellmanfoods\" \/>\n<meta property=\"article:modified_time\" content=\"2023-06-13T11:12:39+00:00\" \/>\n<meta property=\"og:image\" content=\"https:\/\/rellmanfoods.com\/wp-content\/uploads\/2023\/04\/Tri_Tip_Front_web_Fblanco-e1681387739411.jpg\" \/>\n\t<meta property=\"og:image:width\" content=\"1344\" \/>\n\t<meta property=\"og:image:height\" content=\"896\" \/>\n\t<meta property=\"og:image:type\" content=\"image\/jpeg\" \/>\n<meta name=\"twitter:card\" content=\"summary_large_image\" \/>\n<meta name=\"twitter:label1\" content=\"Gesch\u00e4tzte Lesezeit\" \/>\n\t<meta name=\"twitter:data1\" content=\"1\u00a0Minute\" \/>\n<script type=\"application\/ld+json\" class=\"yoast-schema-graph\">{\"@context\":\"https:\/\/schema.org\",\"@graph\":[{\"@type\":\"WebPage\",\"@id\":\"https:\/\/rellmanfoods.com\/de\/produkt\/burgermeisterstuck\/\",\"url\":\"https:\/\/rellmanfoods.com\/de\/produkt\/burgermeisterstuck\/\",\"name\":\"B\u00fcrgermeisterstuck - Rellman Foods\",\"isPartOf\":{\"@id\":\"https:\/\/rellmanfoods.com\/de\/#website\"},\"primaryImageOfPage\":{\"@id\":\"https:\/\/rellmanfoods.com\/de\/produkt\/burgermeisterstuck\/#primaryimage\"},\"image\":{\"@id\":\"https:\/\/rellmanfoods.com\/de\/produkt\/burgermeisterstuck\/#primaryimage\"},\"thumbnailUrl\":\"https:\/\/rellmanfoods.com\/wp-content\/uploads\/2023\/04\/Tri_Tip_Front_web_Fblanco-e1681387739411.jpg\",\"datePublished\":\"2021-08-03T12:40:16+00:00\",\"dateModified\":\"2023-06-13T11:12:39+00:00\",\"breadcrumb\":{\"@id\":\"https:\/\/rellmanfoods.com\/de\/produkt\/burgermeisterstuck\/#breadcrumb\"},\"inLanguage\":\"de\",\"potentialAction\":[{\"@type\":\"ReadAction\",\"target\":[\"https:\/\/rellmanfoods.com\/de\/produkt\/burgermeisterstuck\/\"]}]},{\"@type\":\"ImageObject\",\"inLanguage\":\"de\",\"@id\":\"https:\/\/rellmanfoods.com\/de\/produkt\/burgermeisterstuck\/#primaryimage\",\"url\":\"https:\/\/rellmanfoods.com\/wp-content\/uploads\/2023\/04\/Tri_Tip_Front_web_Fblanco-e1681387739411.jpg\",\"contentUrl\":\"https:\/\/rellmanfoods.com\/wp-content\/uploads\/2023\/04\/Tri_Tip_Front_web_Fblanco-e1681387739411.jpg\",\"width\":1344,\"height\":896},{\"@type\":\"BreadcrumbList\",\"@id\":\"https:\/\/rellmanfoods.com\/de\/produkt\/burgermeisterstuck\/#breadcrumb\",\"itemListElement\":[{\"@type\":\"ListItem\",\"position\":1,\"name\":\"Portada\",\"item\":\"https:\/\/rellmanfoods.com\/de\/home\/\"},{\"@type\":\"ListItem\",\"position\":2,\"name\":\"Produkte\",\"item\":\"https:\/\/rellmanfoods.com\/de\/shop\/\"},{\"@type\":\"ListItem\",\"position\":3,\"name\":\"B\u00fcrgermeisterstuck\"}]},{\"@type\":\"WebSite\",\"@id\":\"https:\/\/rellmanfoods.com\/de\/#website\",\"url\":\"https:\/\/rellmanfoods.com\/de\/\",\"name\":\"Rellman Foods\",\"description\":\"We select the best beef for you.\",\"publisher\":{\"@id\":\"https:\/\/rellmanfoods.com\/de\/#organization\"},\"potentialAction\":[{\"@type\":\"SearchAction\",\"target\":{\"@type\":\"EntryPoint\",\"urlTemplate\":\"https:\/\/rellmanfoods.com\/de\/?s={search_term_string}\"},\"query-input\":{\"@type\":\"PropertyValueSpecification\",\"valueRequired\":true,\"valueName\":\"search_term_string\"}}],\"inLanguage\":\"de\"},{\"@type\":\"Organization\",\"@id\":\"https:\/\/rellmanfoods.com\/de\/#organization\",\"name\":\"Rellman Foods\",\"url\":\"https:\/\/rellmanfoods.com\/de\/\",\"logo\":{\"@type\":\"ImageObject\",\"inLanguage\":\"de\",\"@id\":\"https:\/\/rellmanfoods.com\/de\/#\/schema\/logo\/image\/\",\"url\":\"https:\/\/i0.wp.com\/rellmanfoods.com\/wp-content\/uploads\/2022\/05\/rellman-foods-logo-full-color-vertical@2x.png?fit=1024%2C452&ssl=1\",\"contentUrl\":\"https:\/\/i0.wp.com\/rellmanfoods.com\/wp-content\/uploads\/2022\/05\/rellman-foods-logo-full-color-vertical@2x.png?fit=1024%2C452&ssl=1\",\"width\":1024,\"height\":452,\"caption\":\"Rellman Foods\"},\"image\":{\"@id\":\"https:\/\/rellmanfoods.com\/de\/#\/schema\/logo\/image\/\"},\"sameAs\":[\"https:\/\/www.facebook.com\/rellmanfoods\",\"https:\/\/www.instagram.com\/rellmanfoods\",\"https:\/\/www.linkedin.com\/company\/rellman-foods-sa\"]}]}<\/script>\n<!-- \/ Yoast SEO plugin. -->","yoast_head_json":{"title":"B\u00fcrgermeisterstuck - Rellman Foods","robots":{"index":"index","follow":"follow","max-snippet":"max-snippet:-1","max-image-preview":"max-image-preview:large","max-video-preview":"max-video-preview:-1"},"canonical":"https:\/\/rellmanfoods.com\/de\/produkt\/burgermeisterstuck\/","og_locale":"de_DE","og_type":"article","og_title":"B\u00fcrgermeisterstuck - Rellman Foods","og_description":"B\u00fcrgermeisterstuck Colita de Cuadril Tri Tip Rabillo de Cadera Aiguillettebaronne Spinacino","og_url":"https:\/\/rellmanfoods.com\/de\/produkt\/burgermeisterstuck\/","og_site_name":"Rellman Foods","article_publisher":"https:\/\/www.facebook.com\/rellmanfoods","article_modified_time":"2023-06-13T11:12:39+00:00","og_image":[{"width":1344,"height":896,"url":"https:\/\/rellmanfoods.com\/wp-content\/uploads\/2023\/04\/Tri_Tip_Front_web_Fblanco-e1681387739411.jpg","type":"image\/jpeg"}],"twitter_card":"summary_large_image","twitter_misc":{"Gesch\u00e4tzte Lesezeit":"1\u00a0Minute"},"schema":{"@context":"https:\/\/schema.org","@graph":[{"@type":"WebPage","@id":"https:\/\/rellmanfoods.com\/de\/produkt\/burgermeisterstuck\/","url":"https:\/\/rellmanfoods.com\/de\/produkt\/burgermeisterstuck\/","name":"B\u00fcrgermeisterstuck - Rellman Foods","isPartOf":{"@id":"https:\/\/rellmanfoods.com\/de\/#website"},"primaryImageOfPage":{"@id":"https:\/\/rellmanfoods.com\/de\/produkt\/burgermeisterstuck\/#primaryimage"},"image":{"@id":"https:\/\/rellmanfoods.com\/de\/produkt\/burgermeisterstuck\/#primaryimage"},"thumbnailUrl":"https:\/\/rellmanfoods.com\/wp-content\/uploads\/2023\/04\/Tri_Tip_Front_web_Fblanco-e1681387739411.jpg","datePublished":"2021-08-03T12:40:16+00:00","dateModified":"2023-06-13T11:12:39+00:00","breadcrumb":{"@id":"https:\/\/rellmanfoods.com\/de\/produkt\/burgermeisterstuck\/#breadcrumb"},"inLanguage":"de","potentialAction":[{"@type":"ReadAction","target":["https:\/\/rellmanfoods.com\/de\/produkt\/burgermeisterstuck\/"]}]},{"@type":"ImageObject","inLanguage":"de","@id":"https:\/\/rellmanfoods.com\/de\/produkt\/burgermeisterstuck\/#primaryimage","url":"https:\/\/rellmanfoods.com\/wp-content\/uploads\/2023\/04\/Tri_Tip_Front_web_Fblanco-e1681387739411.jpg","contentUrl":"https:\/\/rellmanfoods.com\/wp-content\/uploads\/2023\/04\/Tri_Tip_Front_web_Fblanco-e1681387739411.jpg","width":1344,"height":896},{"@type":"BreadcrumbList","@id":"https:\/\/rellmanfoods.com\/de\/produkt\/burgermeisterstuck\/#breadcrumb","itemListElement":[{"@type":"ListItem","position":1,"name":"Portada","item":"https:\/\/rellmanfoods.com\/de\/home\/"},{"@type":"ListItem","position":2,"name":"Produkte","item":"https:\/\/rellmanfoods.com\/de\/shop\/"},{"@type":"ListItem","position":3,"name":"B\u00fcrgermeisterstuck"}]},{"@type":"WebSite","@id":"https:\/\/rellmanfoods.com\/de\/#website","url":"https:\/\/rellmanfoods.com\/de\/","name":"Rellman Foods","description":"We select the best beef for you.","publisher":{"@id":"https:\/\/rellmanfoods.com\/de\/#organization"},"potentialAction":[{"@type":"SearchAction","target":{"@type":"EntryPoint","urlTemplate":"https:\/\/rellmanfoods.com\/de\/?s={search_term_string}"},"query-input":{"@type":"PropertyValueSpecification","valueRequired":true,"valueName":"search_term_string"}}],"inLanguage":"de"},{"@type":"Organization","@id":"https:\/\/rellmanfoods.com\/de\/#organization","name":"Rellman Foods","url":"https:\/\/rellmanfoods.com\/de\/","logo":{"@type":"ImageObject","inLanguage":"de","@id":"https:\/\/rellmanfoods.com\/de\/#\/schema\/logo\/image\/","url":"https:\/\/i0.wp.com\/rellmanfoods.com\/wp-content\/uploads\/2022\/05\/rellman-foods-logo-full-color-vertical@2x.png?fit=1024%2C452&ssl=1","contentUrl":"https:\/\/i0.wp.com\/rellmanfoods.com\/wp-content\/uploads\/2022\/05\/rellman-foods-logo-full-color-vertical@2x.png?fit=1024%2C452&ssl=1","width":1024,"height":452,"caption":"Rellman Foods"},"image":{"@id":"https:\/\/rellmanfoods.com\/de\/#\/schema\/logo\/image\/"},"sameAs":["https:\/\/www.facebook.com\/rellmanfoods","https:\/\/www.instagram.com\/rellmanfoods","https:\/\/www.linkedin.com\/company\/rellman-foods-sa"]}]}},"_links":{"self":[{"href":"https:\/\/rellmanfoods.com\/de\/wp-json\/wp\/v2\/product\/14992","targetHints":{"allow":["GET"]}}],"collection":[{"href":"https:\/\/rellmanfoods.com\/de\/wp-json\/wp\/v2\/product"}],"about":[{"href":"https:\/\/rellmanfoods.com\/de\/wp-json\/wp\/v2\/types\/product"}],"wp:featuredmedia":[{"embeddable":true,"href":"https:\/\/rellmanfoods.com\/de\/wp-json\/wp\/v2\/media\/16050"}],"wp:attachment":[{"href":"https:\/\/rellmanfoods.com\/de\/wp-json\/wp\/v2\/media?parent=14992"}],"wp:term":[{"taxonomy":"product_brand","embeddable":true,"href":"https:\/\/rellmanfoods.com\/de\/wp-json\/wp\/v2\/product_brand?post=14992"},{"taxonomy":"product_cat","embeddable":true,"href":"https:\/\/rellmanfoods.com\/de\/wp-json\/wp\/v2\/product_cat?post=14992"},{"taxonomy":"product_tag","embeddable":true,"href":"https:\/\/rellmanfoods.com\/de\/wp-json\/wp\/v2\/product_tag?post=14992"}],"curies":[{"name":"wp","href":"https:\/\/api.w.org\/{rel}","templated":true}]}}