{"id":17461,"date":"2024-11-15T11:13:35","date_gmt":"2024-11-15T10:13:35","guid":{"rendered":"https:\/\/rellmanfoods.com\/soriano-angus\/"},"modified":"2024-11-15T13:34:26","modified_gmt":"2024-11-15T12:34:26","slug":"soriano-angus","status":"publish","type":"page","link":"https:\/\/rellmanfoods.com\/de\/soriano-angus\/","title":{"rendered":"Soriano"},"content":{"rendered":"<div class=\"wpb-content-wrapper\"><p>[vc_row full_width=&#8220;stretch_row_content&#8220; bg_overlay=&#8220;black&#8220; bg_parallax=&#8220;parallax&#8220; text_align=&#8220;center&#8220; css=&#8220;.vc_custom_1731661405905{background-color: #002719 !important;background-position: center !important;background-repeat: no-repeat !important;background-size: contain !important;}&#8220;][vc_column]<div class=\"es-resp\">\t<div class=\"visible-xl\" style=\"height: 100px;\"><\/div>\t<div class=\"hidden-xl hidden-md hidden-sm hidden-ms hidden-xs\" style=\"height: 100px;\"><\/div>\t<div class=\"visible-md\" style=\"height: 100px;\"><\/div>\t<div class=\"visible-sm \" style=\"height: 100px;\"><\/div>\t<div class=\"visible-ms\" style=\"height: 100px;\"><\/div>\t<div class=\"visible-xs\" style=\"height: 100px;\"><\/div><\/div>[vc_single_image image=&#8220;17396&#8243; img_size=&#8220;large&#8220; alignment=&#8220;center&#8220; css=&#8220;&#8220;]<div class=\"es-resp\">\t<div class=\"visible-xl\" style=\"height: 100px;\"><\/div>\t<div class=\"hidden-xl hidden-md hidden-sm hidden-ms hidden-xs\" style=\"height: 100px;\"><\/div>\t<div class=\"visible-md\" style=\"height: 100px;\"><\/div>\t<div class=\"visible-sm \" style=\"height: 100px;\"><\/div>\t<div class=\"visible-ms\" style=\"height: 100px;\"><\/div>\t<div class=\"visible-xs\" style=\"height: 100px;\"><\/div><\/div>[vc_row_inner css=&#8220;.vc_custom_1731664289629{background-color: #A98723 !important;background-position: center !important;background-repeat: no-repeat !important;background-size: cover !important;}&#8220;][vc_column_inner width=&#8220;1\/2&#8243; text_align=&#8220;center&#8220;]<div class=\"es-resp\">\t<div class=\"visible-xl\" style=\"height: 100px;\"><\/div>\t<div class=\"hidden-xl hidden-md hidden-sm hidden-ms hidden-xs\" style=\"height: 100px;\"><\/div>\t<div class=\"visible-md\" style=\"height: 100px;\"><\/div>\t<div class=\"visible-sm \" style=\"height: 100px;\"><\/div>\t<div class=\"visible-ms\" style=\"height: 100px;\"><\/div>\t<div class=\"visible-xs\" style=\"height: 100px;\"><\/div><\/div>[vc_column_text css=&#8220;.vc_custom_1731664699615{padding-right: 50px !important;padding-left: 50px !important;}&#8220; el_class=&#8220;.text-md&#8220;]<\/p>\n<h2 style=\"text-align: left;\"><span style=\"color: #ffffff;\">Soriano Philosophie<\/span><\/h2>\n<p style=\"text-align: left;\"><span class=\"text-md\">ist es, die Bed\u00fcrfnisse der Kunden zu befriedigen. Aus diesem Grund w\u00e4hlen sie Rindfleisch von Rinderz\u00fcchtern aus, die viel Zeit und M\u00fche darauf verwenden, die Angus-Rasse durch hervorragende Genetik und F\u00fctterung zu verbessern. <\/span><\/p>\n<p style=\"text-align: left;\"><span class=\"text-md\">Sie respektieren die traditionellen Methoden der Haltung von freilaufenden Rindern und deren F\u00fctterung. Auf diese Weise k\u00f6nnen sie den charakteristischen Geschmack der Angus-Rasse auf ihre Produkte \u00fcbertragen und so zur l\u00e4ndlichen Entwicklung unserer Umgebung und zum Schutz der Umwelt beitragen. <\/span><\/p>\n<p>[\/vc_column_text][\/vc_column_inner][vc_column_inner width=&#8220;1\/2&#8243;][vc_single_image image=&#8220;17403&#8243; img_size=&#8220;Full&#8220; alignment=&#8220;right&#8220; css=&#8220;&#8220;][\/vc_column_inner][\/vc_row_inner][vc_row_inner css=&#8220;.vc_custom_1731665332098{background-position: center !important;background-repeat: no-repeat !important;background-size: cover !important;}&#8220;][vc_column_inner width=&#8220;1\/2&#8243; css=&#8220;.vc_custom_1731665499394{background-position: center !important;background-repeat: no-repeat !important;background-size: cover !important;}&#8220;][vc_single_image image=&#8220;17422&#8243; img_size=&#8220;full&#8220; css=&#8220;.vc_custom_1731665590875{margin-bottom: 0px !important;}&#8220;][\/vc_column_inner][vc_column_inner width=&#8220;1\/2&#8243; text_align=&#8220;center&#8220;]<div class=\"es-resp\">\t<div class=\"visible-xl\" style=\"height: 100px;\"><\/div>\t<div class=\"hidden-xl hidden-md hidden-sm hidden-ms hidden-xs\" style=\"height: 100px;\"><\/div>\t<div class=\"visible-md\" style=\"height: 100px;\"><\/div>\t<div class=\"visible-sm \" style=\"height: 100px;\"><\/div>\t<div class=\"visible-ms\" style=\"height: 100px;\"><\/div>\t<div class=\"visible-xs\" style=\"height: 100px;\"><\/div><\/div>[vc_column_text css=&#8220;.vc_custom_1731665188297{padding-right: 50px !important;padding-left: 50px !important;}&#8220; el_class=&#8220;.text-md&#8220;]<\/p>\n<h2 style=\"text-align: left;\"><span style=\"color: #b48b0d;\">Premium Grain Fed Beef<\/span><\/h2>\n<p style=\"text-align: left;\"><span class=\"text-md\" style=\"color: #ffffff;\">Erleben Sie hochwertiges Rindfleisch von Soriano&#8217;s getreidegef\u00fctterten Rindern, die f\u00fcr ihre au\u00dfergew\u00f6hnliche Zartheit, ihre reiche Marmorierung und ihren hervorragenden Geschmack bekannt sind. Soriano Angus wird mit einer sorgf\u00e4ltig ausgewogenen Ern\u00e4hrung aufgezogen und liefert eine gleichbleibende Qualit\u00e4t, die perfekt f\u00fcr die anspruchsvollsten Kunden ist. Getreidegef\u00fcttertes Rindfleisch ist ideal f\u00fcr alle, die Wert auf Geschmack und Textur in jedem Bissen legen, und ist die erste Wahl f\u00fcr kulinarische Liebhaber.<br \/>  <\/span><\/p>\n<p>[\/vc_column_text]<div class=\"es-resp\">\t<div class=\"visible-xl\" style=\"height: 100px;\"><\/div>\t<div class=\"hidden-xl hidden-md hidden-sm hidden-ms hidden-xs\" style=\"height: 100px;\"><\/div>\t<div class=\"visible-md\" style=\"height: 100px;\"><\/div>\t<div class=\"visible-sm \" style=\"height: 100px;\"><\/div>\t<div class=\"visible-ms\" style=\"height: 100px;\"><\/div>\t<div class=\"visible-xs\" style=\"height: 100px;\"><\/div><\/div>[\/vc_column_inner][\/vc_row_inner][\/vc_column][\/vc_row][vc_row][vc_column]<div class=\"heading header-subheader align-center subcolor-main transform-default theme-icon-second icon-type-hidden heading-tag-h2\" id=\"like_sc_header_1376639001\"><h2 data-text=\"&lt;span&gt;Kontaktieren Sie uns f\u00fcr weitere Informationen&lt;\/span&gt;\" class=\"header ltx-sr-id-like_sc_header_13766390011930560655 ltx-sr ltx-sr-effect-fade_in ltx-sr-el-block ltx-sr-delay-0 ltx-sr-duration-1000 ltx-sr-sequences-0\"><span>Kontaktieren Sie uns f\u00fcr weitere Informationen<\/span><\/h2><\/div>\n<div class=\"wpcf7 no-js\" id=\"wpcf7-f14963-o1\" lang=\"de-DE\" dir=\"ltr\" data-wpcf7-id=\"14963\">\n<div class=\"screen-reader-response\"><p role=\"status\" aria-live=\"polite\" aria-atomic=\"true\"><\/p> <ul><\/ul><\/div>\n<form action=\"\/de\/wp-json\/wp\/v2\/pages\/17461#wpcf7-f14963-o1\" method=\"post\" class=\"wpcf7-form init\" aria-label=\"Kontaktformular\" novalidate=\"novalidate\" data-status=\"init\">\n<fieldset class=\"hidden-fields-container\"><input type=\"hidden\" name=\"_wpcf7\" value=\"14963\" \/><input type=\"hidden\" name=\"_wpcf7_version\" value=\"6.1.5\" \/><input type=\"hidden\" name=\"_wpcf7_locale\" value=\"de_DE\" \/><input type=\"hidden\" name=\"_wpcf7_unit_tag\" value=\"wpcf7-f14963-o1\" \/><input type=\"hidden\" name=\"_wpcf7_container_post\" value=\"0\" \/><input type=\"hidden\" name=\"_wpcf7_posted_data_hash\" value=\"\" \/><input type=\"hidden\" name=\"_wpcf7cf_hidden_group_fields\" value=\"[]\" \/><input type=\"hidden\" name=\"_wpcf7cf_hidden_groups\" value=\"[]\" \/><input type=\"hidden\" name=\"_wpcf7cf_visible_groups\" value=\"[]\" \/><input type=\"hidden\" name=\"_wpcf7cf_repeaters\" value=\"[]\" \/><input type=\"hidden\" name=\"_wpcf7cf_steps\" value=\"{}\" \/><input type=\"hidden\" name=\"_wpcf7cf_options\" value=\"{&quot;form_id&quot;:14963,&quot;conditions&quot;:[],&quot;settings&quot;:{&quot;animation&quot;:&quot;yes&quot;,&quot;animation_intime&quot;:200,&quot;animation_outtime&quot;:200,&quot;conditions_ui&quot;:&quot;normal&quot;,&quot;notice_dismissed&quot;:false}}\" \/><input type=\"hidden\" name=\"_wpcf7_recaptcha_response\" value=\"\" \/>\n<\/fieldset>\n<div class=\"row\">\n\t<div class=\"col-lg-12\">\n\t\t<p><span class=\"wpcf7-form-control-wrap\" data-name=\"Name\"><input size=\"40\" maxlength=\"400\" class=\"wpcf7-form-control wpcf7-text wpcf7-validates-as-required\" aria-required=\"true\" aria-invalid=\"false\" placeholder=\"Name*\" value=\"\" type=\"text\" name=\"Name\" \/><\/span>\n\t\t<\/p>\n\t<\/div>\n\t<div class=\"col-lg-12\">\n\t\t<p><span class=\"wpcf7-form-control-wrap\" data-name=\"email\"><input size=\"40\" maxlength=\"400\" class=\"wpcf7-form-control wpcf7-email wpcf7-validates-as-required wpcf7-text wpcf7-validates-as-email\" aria-required=\"true\" aria-invalid=\"false\" placeholder=\"Email*\" value=\"\" type=\"email\" name=\"email\" \/><\/span>\n\t\t<\/p>\n\t<\/div>\n\t<div class=\"col-lg-12\">\n\t\t<p><span class=\"wpcf7-form-control-wrap\" data-name=\"Telephone\"><input size=\"40\" maxlength=\"400\" class=\"wpcf7-form-control wpcf7-tel wpcf7-validates-as-required wpcf7-text wpcf7-validates-as-tel\" aria-required=\"true\" aria-invalid=\"false\" placeholder=\"Telefon*\" value=\"\" type=\"tel\" name=\"Telephone\" \/><\/span>\n\t\t<\/p>\n\t<\/div>\n\t<div class=\"col-lg-12\">\n\t\t<p><span class=\"wpcf7-form-control-wrap\" data-name=\"Country\"><select class=\"wpcf7-form-control wpcf7-select wpcf7-validates-as-required\" aria-required=\"true\" aria-invalid=\"false\" name=\"Country\"><option value=\"\">Land*<\/option><option value=\"Belgien\">Belgien<\/option><option value=\"Frankreich\">Frankreich<\/option><option value=\"Spanien\">Spanien<\/option><option value=\"Vereinigtes K\u00f6nigreich\">Vereinigtes K\u00f6nigreich<\/option><option value=\"Deutschland\">Deutschland<\/option><option value=\"Italien\">Italien<\/option><option value=\"Andere (bitte in der Nachricht angeben)\">Andere (bitte in der Nachricht angeben)<\/option><\/select><\/span>\n\t\t<\/p>\n\t<\/div>\n\t<div class=\"col-lg-12\">\n\t\t<p><span class=\"wpcf7-form-control-wrap\" data-name=\"Nachricht\"><textarea cols=\"40\" rows=\"10\" maxlength=\"2000\" class=\"wpcf7-form-control wpcf7-textarea\" aria-invalid=\"false\" name=\"Nachricht\">Nachricht<\/textarea><\/span>\n\t\t<\/p>\n\t\t<div class =\"submit-button\">\n\t\t<\/div>\n\t\t<div <span class=\"wpcf7-form-control-wrap\" data-name=\"acceptance-858\"><span class=\"wpcf7-form-control wpcf7-acceptance\"><span class=\"wpcf7-list-item\"><label><input type=\"checkbox\" name=\"acceptance-858\" value=\"1\" aria-invalid=\"false\" \/><span class=\"wpcf7-list-item-label\">Ich habe die <a href=\"\/de\/datenschutzbestimmungen\/\">Datenschutzbestimmungen<\/a> gelesen und akzeptiere diese.<\/span><\/label><\/span><\/span><\/span>\n\t\t<\/div>\n\t\t<p><input class=\"wpcf7-form-control wpcf7-submit has-spinner\" type=\"submit\" value=\"Senden\" \/>\n\t\t<\/p>\n\t<\/div>\n<\/div><div class=\"wpcf7-response-output\" aria-hidden=\"true\"><\/div>\n<\/form>\n<\/div>\n[\/vc_column][\/vc_row]<\/p>\n<\/div>","protected":false},"excerpt":{"rendered":"<p>[vc_row full_width=&#8220;stretch_row_content&#8220; bg_overlay=&#8220;black&#8220; bg_parallax=&#8220;parallax&#8220; text_align=&#8220;center&#8220; css=&#8220;.vc_custom_1731661405905{background-color: #002719 !important;background-position: center !important;background-repeat: no-repeat !important;background-size: contain !important;}&#8220;][vc_column][vc_single_image image=&#8220;17396&#8243; img_size=&#8220;large&#8220; alignment=&#8220;center&#8220; css=&#8220;&#8220;][vc_row_inner css=&#8220;.vc_custom_1731664289629{background-color: #A98723 !important;background-position: center !important;background-repeat: no-repeat !important;background-size: cover !important;}&#8220;][vc_column_inner width=&#8220;1\/2&#8243; text_align=&#8220;center&#8220;][vc_column_text css=&#8220;.vc_custom_1731664699615{padding-right: 50px !important;padding-left: 50px !important;}&#8220; el_class=&#8220;.text-md&#8220;] Soriano Philosophie ist es, die Bed\u00fcrfnisse der Kunden zu befriedigen. Aus diesem Grund w\u00e4hlen sie Rindfleisch von Rinderz\u00fcchtern aus, die viel Zeit und M\u00fche darauf verwenden, die Angus-Rasse durch hervorragende Genetik und F\u00fctterung zu verbessern. Sie respektieren die traditionellen Methoden der Haltung von freilaufenden Rindern und deren F\u00fctterung. Auf diese Weise k\u00f6nnen sie den charakteristischen Geschmack der Angus-Rasse auf ihre Produkte \u00fcbertragen und so zur l\u00e4ndlichen Entwicklung unserer Umgebung und zum Schutz der Umwelt beitragen. [\/vc_column_text][\/vc_column_inner][vc_column_inner width=&#8220;1\/2&#8243;][vc_single_image image=&#8220;17403&#8243; img_size=&#8220;Full&#8220; alignment=&#8220;right&#8220; css=&#8220;&#8220;][\/vc_column_inner][\/vc_row_inner][vc_row_inner css=&#8220;.vc_custom_1731665332098{background-position: center !important;background-repeat: no-repeat !important;background-size: cover !important;}&#8220;][vc_column_inner width=&#8220;1\/2&#8243; css=&#8220;.vc_custom_1731665499394{background-position: center !important;background-repeat: no-repeat !important;background-size: cover !important;}&#8220;][vc_single_image image=&#8220;17422&#8243; img_size=&#8220;full&#8220; css=&#8220;.vc_custom_1731665590875{margin-bottom: 0px !important;}&#8220;][\/vc_column_inner][vc_column_inner width=&#8220;1\/2&#8243; text_align=&#8220;center&#8220;][vc_column_text css=&#8220;.vc_custom_1731665188297{padding-right: 50px [&hellip;]<\/p>\n","protected":false},"author":1,"featured_media":0,"parent":0,"menu_order":0,"comment_status":"closed","ping_status":"closed","template":"page-templates\/full-width.php","meta":{"footnotes":""},"class_list":["post-17461","page","type-page","status-publish","hentry"],"yoast_head":"<!-- This site is optimized with the Yoast SEO plugin v26.9 - https:\/\/yoast.com\/product\/yoast-seo-wordpress\/ -->\n<title>Soriano - Prime Grain Fed Angus Rindfleisch<\/title>\n<meta name=\"description\" content=\"Soriano Angus - Uruguayisches Grain Fed Beef von Angus-Rindern aus traditioneller Haltung. Einzigartiges Aroma, Geschmack und Marmorierung.\" \/>\n<meta name=\"robots\" content=\"index, follow, max-snippet:-1, max-image-preview:large, max-video-preview:-1\" \/>\n<link rel=\"canonical\" href=\"https:\/\/rellmanfoods.com\/de\/soriano-angus\/\" \/>\n<meta property=\"og:locale\" content=\"de_DE\" \/>\n<meta property=\"og:type\" content=\"article\" \/>\n<meta property=\"og:title\" content=\"Soriano - Prime Grain Fed Angus Rindfleisch\" \/>\n<meta property=\"og:description\" content=\"Soriano Angus - Uruguayisches Grain Fed Beef von Angus-Rindern aus traditioneller Haltung. Einzigartiges Aroma, Geschmack und Marmorierung.\" \/>\n<meta property=\"og:url\" content=\"https:\/\/rellmanfoods.com\/de\/soriano-angus\/\" \/>\n<meta property=\"og:site_name\" content=\"Rellman Foods\" \/>\n<meta property=\"article:publisher\" content=\"https:\/\/www.facebook.com\/rellmanfoods\" \/>\n<meta property=\"article:modified_time\" content=\"2024-11-15T12:34:26+00:00\" \/>\n<meta property=\"og:image\" content=\"https:\/\/rellmanfoods.com\/wp-content\/uploads\/2022\/05\/rellman-foods-logo-full-color-vertical@2x.png\" \/>\n\t<meta property=\"og:image:width\" content=\"1024\" \/>\n\t<meta property=\"og:image:height\" content=\"452\" \/>\n\t<meta property=\"og:image:type\" content=\"image\/png\" \/>\n<meta name=\"twitter:card\" content=\"summary_large_image\" \/>\n<meta name=\"twitter:label1\" content=\"Gesch\u00e4tzte Lesezeit\" \/>\n\t<meta name=\"twitter:data1\" content=\"2\u00a0Minuten\" \/>\n<script type=\"application\/ld+json\" class=\"yoast-schema-graph\">{\"@context\":\"https:\/\/schema.org\",\"@graph\":[{\"@type\":\"WebPage\",\"@id\":\"https:\/\/rellmanfoods.com\/de\/soriano-angus\/\",\"url\":\"https:\/\/rellmanfoods.com\/de\/soriano-angus\/\",\"name\":\"Soriano - Prime Grain Fed Angus Rindfleisch\",\"isPartOf\":{\"@id\":\"https:\/\/rellmanfoods.com\/de\/#website\"},\"datePublished\":\"2024-11-15T10:13:35+00:00\",\"dateModified\":\"2024-11-15T12:34:26+00:00\",\"description\":\"Soriano Angus - Uruguayisches Grain Fed Beef von Angus-Rindern aus traditioneller Haltung. Einzigartiges Aroma, Geschmack und Marmorierung.\",\"breadcrumb\":{\"@id\":\"https:\/\/rellmanfoods.com\/de\/soriano-angus\/#breadcrumb\"},\"inLanguage\":\"de\",\"potentialAction\":[{\"@type\":\"ReadAction\",\"target\":[\"https:\/\/rellmanfoods.com\/de\/soriano-angus\/\"]}]},{\"@type\":\"BreadcrumbList\",\"@id\":\"https:\/\/rellmanfoods.com\/de\/soriano-angus\/#breadcrumb\",\"itemListElement\":[{\"@type\":\"ListItem\",\"position\":1,\"name\":\"Portada\",\"item\":\"https:\/\/rellmanfoods.com\/de\/home\/\"},{\"@type\":\"ListItem\",\"position\":2,\"name\":\"Soriano\"}]},{\"@type\":\"WebSite\",\"@id\":\"https:\/\/rellmanfoods.com\/de\/#website\",\"url\":\"https:\/\/rellmanfoods.com\/de\/\",\"name\":\"Rellman Foods\",\"description\":\"We select the best beef for you.\",\"publisher\":{\"@id\":\"https:\/\/rellmanfoods.com\/de\/#organization\"},\"potentialAction\":[{\"@type\":\"SearchAction\",\"target\":{\"@type\":\"EntryPoint\",\"urlTemplate\":\"https:\/\/rellmanfoods.com\/de\/?s={search_term_string}\"},\"query-input\":{\"@type\":\"PropertyValueSpecification\",\"valueRequired\":true,\"valueName\":\"search_term_string\"}}],\"inLanguage\":\"de\"},{\"@type\":\"Organization\",\"@id\":\"https:\/\/rellmanfoods.com\/de\/#organization\",\"name\":\"Rellman Foods\",\"url\":\"https:\/\/rellmanfoods.com\/de\/\",\"logo\":{\"@type\":\"ImageObject\",\"inLanguage\":\"de\",\"@id\":\"https:\/\/rellmanfoods.com\/de\/#\/schema\/logo\/image\/\",\"url\":\"https:\/\/i0.wp.com\/rellmanfoods.com\/wp-content\/uploads\/2022\/05\/rellman-foods-logo-full-color-vertical@2x.png?fit=1024%2C452&ssl=1\",\"contentUrl\":\"https:\/\/i0.wp.com\/rellmanfoods.com\/wp-content\/uploads\/2022\/05\/rellman-foods-logo-full-color-vertical@2x.png?fit=1024%2C452&ssl=1\",\"width\":1024,\"height\":452,\"caption\":\"Rellman Foods\"},\"image\":{\"@id\":\"https:\/\/rellmanfoods.com\/de\/#\/schema\/logo\/image\/\"},\"sameAs\":[\"https:\/\/www.facebook.com\/rellmanfoods\",\"https:\/\/www.instagram.com\/rellmanfoods\",\"https:\/\/www.linkedin.com\/company\/rellman-foods-sa\"]}]}<\/script>\n<!-- \/ Yoast SEO plugin. -->","yoast_head_json":{"title":"Soriano - Prime Grain Fed Angus Rindfleisch","description":"Soriano Angus - Uruguayisches Grain Fed Beef von Angus-Rindern aus traditioneller Haltung. Einzigartiges Aroma, Geschmack und Marmorierung.","robots":{"index":"index","follow":"follow","max-snippet":"max-snippet:-1","max-image-preview":"max-image-preview:large","max-video-preview":"max-video-preview:-1"},"canonical":"https:\/\/rellmanfoods.com\/de\/soriano-angus\/","og_locale":"de_DE","og_type":"article","og_title":"Soriano - Prime Grain Fed Angus Rindfleisch","og_description":"Soriano Angus - Uruguayisches Grain Fed Beef von Angus-Rindern aus traditioneller Haltung. Einzigartiges Aroma, Geschmack und Marmorierung.","og_url":"https:\/\/rellmanfoods.com\/de\/soriano-angus\/","og_site_name":"Rellman Foods","article_publisher":"https:\/\/www.facebook.com\/rellmanfoods","article_modified_time":"2024-11-15T12:34:26+00:00","og_image":[{"width":1024,"height":452,"url":"https:\/\/rellmanfoods.com\/wp-content\/uploads\/2022\/05\/rellman-foods-logo-full-color-vertical@2x.png","type":"image\/png"}],"twitter_card":"summary_large_image","twitter_misc":{"Gesch\u00e4tzte Lesezeit":"2\u00a0Minuten"},"schema":{"@context":"https:\/\/schema.org","@graph":[{"@type":"WebPage","@id":"https:\/\/rellmanfoods.com\/de\/soriano-angus\/","url":"https:\/\/rellmanfoods.com\/de\/soriano-angus\/","name":"Soriano - Prime Grain Fed Angus Rindfleisch","isPartOf":{"@id":"https:\/\/rellmanfoods.com\/de\/#website"},"datePublished":"2024-11-15T10:13:35+00:00","dateModified":"2024-11-15T12:34:26+00:00","description":"Soriano Angus - Uruguayisches Grain Fed Beef von Angus-Rindern aus traditioneller Haltung. Einzigartiges Aroma, Geschmack und Marmorierung.","breadcrumb":{"@id":"https:\/\/rellmanfoods.com\/de\/soriano-angus\/#breadcrumb"},"inLanguage":"de","potentialAction":[{"@type":"ReadAction","target":["https:\/\/rellmanfoods.com\/de\/soriano-angus\/"]}]},{"@type":"BreadcrumbList","@id":"https:\/\/rellmanfoods.com\/de\/soriano-angus\/#breadcrumb","itemListElement":[{"@type":"ListItem","position":1,"name":"Portada","item":"https:\/\/rellmanfoods.com\/de\/home\/"},{"@type":"ListItem","position":2,"name":"Soriano"}]},{"@type":"WebSite","@id":"https:\/\/rellmanfoods.com\/de\/#website","url":"https:\/\/rellmanfoods.com\/de\/","name":"Rellman Foods","description":"We select the best beef for you.","publisher":{"@id":"https:\/\/rellmanfoods.com\/de\/#organization"},"potentialAction":[{"@type":"SearchAction","target":{"@type":"EntryPoint","urlTemplate":"https:\/\/rellmanfoods.com\/de\/?s={search_term_string}"},"query-input":{"@type":"PropertyValueSpecification","valueRequired":true,"valueName":"search_term_string"}}],"inLanguage":"de"},{"@type":"Organization","@id":"https:\/\/rellmanfoods.com\/de\/#organization","name":"Rellman Foods","url":"https:\/\/rellmanfoods.com\/de\/","logo":{"@type":"ImageObject","inLanguage":"de","@id":"https:\/\/rellmanfoods.com\/de\/#\/schema\/logo\/image\/","url":"https:\/\/i0.wp.com\/rellmanfoods.com\/wp-content\/uploads\/2022\/05\/rellman-foods-logo-full-color-vertical@2x.png?fit=1024%2C452&ssl=1","contentUrl":"https:\/\/i0.wp.com\/rellmanfoods.com\/wp-content\/uploads\/2022\/05\/rellman-foods-logo-full-color-vertical@2x.png?fit=1024%2C452&ssl=1","width":1024,"height":452,"caption":"Rellman Foods"},"image":{"@id":"https:\/\/rellmanfoods.com\/de\/#\/schema\/logo\/image\/"},"sameAs":["https:\/\/www.facebook.com\/rellmanfoods","https:\/\/www.instagram.com\/rellmanfoods","https:\/\/www.linkedin.com\/company\/rellman-foods-sa"]}]}},"_links":{"self":[{"href":"https:\/\/rellmanfoods.com\/de\/wp-json\/wp\/v2\/pages\/17461","targetHints":{"allow":["GET"]}}],"collection":[{"href":"https:\/\/rellmanfoods.com\/de\/wp-json\/wp\/v2\/pages"}],"about":[{"href":"https:\/\/rellmanfoods.com\/de\/wp-json\/wp\/v2\/types\/page"}],"author":[{"embeddable":true,"href":"https:\/\/rellmanfoods.com\/de\/wp-json\/wp\/v2\/users\/1"}],"replies":[{"embeddable":true,"href":"https:\/\/rellmanfoods.com\/de\/wp-json\/wp\/v2\/comments?post=17461"}],"version-history":[{"count":3,"href":"https:\/\/rellmanfoods.com\/de\/wp-json\/wp\/v2\/pages\/17461\/revisions"}],"predecessor-version":[{"id":17464,"href":"https:\/\/rellmanfoods.com\/de\/wp-json\/wp\/v2\/pages\/17461\/revisions\/17464"}],"wp:attachment":[{"href":"https:\/\/rellmanfoods.com\/de\/wp-json\/wp\/v2\/media?parent=17461"}],"curies":[{"name":"wp","href":"https:\/\/api.w.org\/{rel}","templated":true}]}}