{"id":15050,"date":"2022-10-15T18:55:49","date_gmt":"2022-10-15T16:55:49","guid":{"rendered":"https:\/\/rellmanfoods.com\/datenschutzbestimmungen\/"},"modified":"2023-01-15T21:29:41","modified_gmt":"2023-01-15T20:29:41","slug":"datenschutzbestimmungen","status":"publish","type":"page","link":"https:\/\/rellmanfoods.com\/de\/datenschutzbestimmungen\/","title":{"rendered":"Datenschutzbestimmungen"},"content":{"rendered":"\n<p>Die \u00fcber diese Website zur Verf\u00fcgung gestellten personenbezogenen Daten werden von RELLMAN FOODS S.A. (im Folgenden RELLMAN FOODS), dem Inhaber dieser Website, verarbeitet, dessen Kontaktdaten wie folgt lauten:<\/p>\n\n<p>&#8211; Anschrift: Avenue Prince Charles 4, 1410, Waterloo (Belgien)<\/p>\n\n<p>&#8211; Telefon: +32 2 503 58 98<\/p>\n\n<p>&#8211; E-Mail: info@rellmanfoods.com<\/p>\n\n<p>Je nach dem verwendeten Formular oder dem Zweck, zu dem Sie uns Ihre Daten \u00fcbermitteln, k\u00f6nnen wir sie f\u00fcr folgende Zwecke verwenden:<\/p>\n\n<p>1. Versand von kommerziellen Mitteilungen (Newsletter) von RELLMAN FOODS, auch auf elektronischem Wege. Durch diese Mitteilungen werden die Nutzer \u00fcber die verschiedenen Produkte, Angebote, Verlosungen, Promotionen, Wettbewerbe und Veranstaltungen von RELLMAN FOODS informiert.<\/p>\n\n<p>2. Registrieren Sie Ihre Anmeldung \u00fcber das Internet.<\/p>\n\n<p>3. Beantwortung von Anfragen, Bitten oder jeder Art von Ersuchen, die vom Nutzer \u00fcber eines der Kontaktformulare, die dem Nutzer auf der Website von RELLMAN FOODS zur Verf\u00fcgung gestellt werden, gestellt werden.<\/p>\n\n<p>In den genannten F\u00e4llen werden die Daten auf der Rechtsgrundlage der Zustimmung der Person, die sie zur Verf\u00fcgung stellt, verarbeitet. Diese Zustimmung kann jederzeit widerrufen werden, ohne dass dadurch die Rechtm\u00e4\u00dfigkeit der zuvor durchgef\u00fchrten Behandlungen ber\u00fchrt wird. Die Angabe der Daten ist freiwillig, wenngleich sie bei Nichtangabe nicht f\u00fcr die angegebenen Zwecke verarbeitet werden k\u00f6nnen. Die Daten werden so lange aufbewahrt, wie es notwendig ist, um auf Ihre Anfrage, Ihren Antrag, Ihre Anfrage, Ihre Registrierung zu antworten und sie als endg\u00fcltig abgeschlossen zu betrachten. Anschlie\u00dfend werden sie als Kommunikationshistorie aufbewahrt, es sei denn, der Nutzer beantragt ihre L\u00f6schung an die oben angegebene E-Mail-Adresse. Werden die Daten f\u00fcr die Zusendung kommerzieller Mitteilungen verarbeitet, k\u00f6nnen diese auf unbestimmte Zeit gespeichert werden, sofern der Nutzer nicht widerspricht.<\/p>\n\n<p>Der Benutzer akzeptiert ausdr\u00fccklich die Behandlung und Einbeziehung der Daten, die w\u00e4hrend des Besuchs des Portals gesammelt oder durch das Ausf\u00fcllen von Formularen zur Verf\u00fcgung gestellt werden, sowie die Daten, die sich aus der Gesch\u00e4ftsbeziehung ergeben, wie oben angegeben. W\u00e4hrend des Prozesses der Datenerfassung und an jeder Stelle des Portals, an der diese Daten abgefragt werden, wird der Nutzer entweder durch einen Hyperlink oder durch die Aufnahme eines entsprechenden Hinweises in das Formular selbst dar\u00fcber informiert, dass die Datenerfassung obligatorisch ist oder nicht.<\/p>\n\n<p>Falls uns Daten von Dritten zur Verf\u00fcgung gestellt werden, ist derjenige, der dies tut, daf\u00fcr verantwortlich, sie \u00fcber alles in dieser Klausel Festgelegte zu informieren und ihre vorherige Zustimmung dazu einzuholen.<\/p>\n\n<p>Wenn Sie ein Freund oder Follower von uns in sozialen Netzwerken werden, verarbeiten wir Ihre Daten, um Sie \u00fcber diese Kan\u00e4le \u00fcber unsere Aktivit\u00e4ten und Werbeaktionen zu informieren. Diese Daten werden auf der Rechtsgrundlage Ihrer Einwilligung verarbeitet und so lange aufbewahrt, wie Sie ein Freund oder Follower von uns sind. Sie k\u00f6nnen Ihre Einwilligung jederzeit widerrufen, ohne dass dadurch die Rechtm\u00e4\u00dfigkeit der zuvor erfolgten Verarbeitung ber\u00fchrt wird. Die Angabe der Daten zu diesem Zweck ist freiwillig, aber wenn Sie dies nicht tun, k\u00f6nnen Sie kein Freund oder Follower in den sozialen Netzwerken sein, die wir haben.<\/p>\n\n<p>RELLMAN FOODS garantiert den Nutzern jederzeit die Aus\u00fcbung ihrer Rechte auf Zugang, Berichtigung, L\u00f6schung, Widerspruch, Einschr\u00e4nkung und \u00dcbertragbarkeit der zur Verf\u00fcgung gestellten personenbezogenen Daten gem\u00e4\u00df den Bestimmungen der RGPD und der LOPDGDD. Die Internetnutzer k\u00f6nnen diese Rechte aus\u00fcben, indem sie einen ausdr\u00fccklichen Antrag mit einer Kopie ihres Personalausweises an eine der folgenden Adressen senden:<\/p>\n\n<p>&#8211; E-Mail: info@rellmanfoods.com<\/p>\n\n<p>&#8211; Post Post: RELLMAN FOODS S.A. &#8211; Avenue Prince Charles 4, 1410, Waterloo (Belgien)<\/p>\n\n<p>Im Falle einer Verletzung Ihrer Rechte, insbesondere wenn Sie bei deren Aus\u00fcbung keine Genugtuung erhalten haben, k\u00f6nnen Sie bei der spanischen Datenschutzbeh\u00f6rde (Kontaktdaten unter www.agpd.es) oder einer anderen zust\u00e4ndigen Kontrollbeh\u00f6rde Beschwerde einlegen. . Weitere Informationen \u00fcber Ihre Rechte k\u00f6nnen Sie auch bei diesen Organisationen erhalten.<\/p>\n\n<p>RELLMAN FOODS verpflichtet sich, die zur Verf\u00fcgung gestellten pers\u00f6nlichen Daten in \u00dcbereinstimmung mit den in dieser Datenschutzpolitik angegebenen Zwecken zu verwenden, ihre Vertraulichkeit zu respektieren sowie ihrer Verpflichtung zur Aufbewahrung nachzukommen und alle Ma\u00dfnahmen zu ergreifen, um \u00c4nderungen, Verlust, unbefugte Behandlung oder Zugriff zu vermeiden.<\/p>\n\n<p>Die Verantwortung f\u00fcr die Richtigkeit der eingegebenen Daten liegt ausschlie\u00dflich beim Benutzer, daher beh\u00e4lt sich RELLMAN FOODS das Recht vor, im Falle der Angabe falscher oder ungenauer Daten den Zugang zum Portal zu sperren, unbeschadet der rechtlichen Schritte, die sie zur Verteidigung ihrer Interessen f\u00fcr angemessen h\u00e4lt. RELLMAN FOODS ist auch nicht verpflichtet, die Identit\u00e4t der Nutzer zu \u00fcberpr\u00fcfen und \u00fcberpr\u00fcft auch nicht die Richtigkeit, G\u00fcltigkeit, Vollst\u00e4ndigkeit und\/oder Authentizit\u00e4t der Daten, die sie \u00fcber sich selbst oder \u00fcber andere Nutzer angeben. Es obliegt daher dem Nutzer, RELLMAN FOODS \u00fcber jede \u00c4nderung der zuvor \u00fcbermittelten Daten zu informieren, und er tr\u00e4gt die alleinige Verantwortung f\u00fcr deren Wahrheitsgehalt.<\/p>\n","protected":false},"excerpt":{"rendered":"<p>Die \u00fcber diese Website zur Verf\u00fcgung gestellten personenbezogenen Daten werden von RELLMAN FOODS S.A. (im Folgenden RELLMAN FOODS), dem Inhaber dieser Website, verarbeitet, dessen Kontaktdaten wie folgt lauten: &#8211; Anschrift: Avenue Prince Charles 4, 1410, Waterloo (Belgien) &#8211; Telefon: +32 2 503 58 98 &#8211; E-Mail: info@rellmanfoods.com Je nach dem verwendeten Formular oder dem Zweck, zu dem Sie uns Ihre Daten \u00fcbermitteln, k\u00f6nnen wir sie f\u00fcr folgende Zwecke verwenden: 1. Versand von kommerziellen Mitteilungen (Newsletter) von RELLMAN FOODS, auch auf elektronischem Wege. Durch diese Mitteilungen werden die Nutzer \u00fcber die verschiedenen Produkte, Angebote, Verlosungen, Promotionen, Wettbewerbe und Veranstaltungen von RELLMAN FOODS informiert. 2. Registrieren Sie Ihre Anmeldung \u00fcber das Internet. 3. Beantwortung von Anfragen, Bitten oder jeder Art von Ersuchen, die vom Nutzer \u00fcber eines der Kontaktformulare, die dem Nutzer auf der Website von RELLMAN FOODS zur Verf\u00fcgung gestellt werden, [&hellip;]<\/p>\n","protected":false},"author":1,"featured_media":0,"parent":0,"menu_order":0,"comment_status":"closed","ping_status":"closed","template":"","meta":{"footnotes":""},"class_list":["post-15050","page","type-page","status-publish","hentry"],"yoast_head":"<!-- This site is optimized with the Yoast SEO plugin v26.9 - https:\/\/yoast.com\/product\/yoast-seo-wordpress\/ -->\n<title>Datenschutzbestimmungen - Rellman Foods<\/title>\n<meta name=\"robots\" content=\"noindex, nofollow\" \/>\n<meta property=\"og:locale\" content=\"de_DE\" \/>\n<meta property=\"og:type\" content=\"article\" \/>\n<meta property=\"og:title\" content=\"Datenschutzbestimmungen - Rellman Foods\" \/>\n<meta property=\"og:description\" content=\"Die \u00fcber diese Website zur Verf\u00fcgung gestellten personenbezogenen Daten werden von RELLMAN FOODS S.A. (im Folgenden RELLMAN FOODS), dem Inhaber dieser Website, verarbeitet, dessen Kontaktdaten wie folgt lauten: &#8211; Anschrift: Avenue Prince Charles 4, 1410, Waterloo (Belgien) &#8211; Telefon: +32 2 503 58 98 &#8211; E-Mail: info@rellmanfoods.com Je nach dem verwendeten Formular oder dem Zweck, zu dem Sie uns Ihre Daten \u00fcbermitteln, k\u00f6nnen wir sie f\u00fcr folgende Zwecke verwenden: 1. Versand von kommerziellen Mitteilungen (Newsletter) von RELLMAN FOODS, auch auf elektronischem Wege. Durch diese Mitteilungen werden die Nutzer \u00fcber die verschiedenen Produkte, Angebote, Verlosungen, Promotionen, Wettbewerbe und Veranstaltungen von RELLMAN FOODS informiert. 2. Registrieren Sie Ihre Anmeldung \u00fcber das Internet. 3. Beantwortung von Anfragen, Bitten oder jeder Art von Ersuchen, die vom Nutzer \u00fcber eines der Kontaktformulare, die dem Nutzer auf der Website von RELLMAN FOODS zur Verf\u00fcgung gestellt werden, [&hellip;]\" \/>\n<meta property=\"og:url\" content=\"https:\/\/rellmanfoods.com\/de\/datenschutzbestimmungen\/\" \/>\n<meta property=\"og:site_name\" content=\"Rellman Foods\" \/>\n<meta property=\"article:publisher\" content=\"https:\/\/www.facebook.com\/rellmanfoods\" \/>\n<meta property=\"article:modified_time\" content=\"2023-01-15T20:29:41+00:00\" \/>\n<meta property=\"og:image\" content=\"https:\/\/rellmanfoods.com\/wp-content\/uploads\/2022\/05\/rellman-foods-logo-full-color-vertical@2x.png\" \/>\n\t<meta property=\"og:image:width\" content=\"1024\" \/>\n\t<meta property=\"og:image:height\" content=\"452\" \/>\n\t<meta property=\"og:image:type\" content=\"image\/png\" \/>\n<meta name=\"twitter:card\" content=\"summary_large_image\" \/>\n<meta name=\"twitter:label1\" content=\"Gesch\u00e4tzte Lesezeit\" \/>\n\t<meta name=\"twitter:data1\" content=\"4\u00a0Minuten\" \/>\n<script type=\"application\/ld+json\" class=\"yoast-schema-graph\">{\"@context\":\"https:\/\/schema.org\",\"@graph\":[{\"@type\":\"WebPage\",\"@id\":\"https:\/\/rellmanfoods.com\/de\/datenschutzbestimmungen\/\",\"url\":\"https:\/\/rellmanfoods.com\/de\/datenschutzbestimmungen\/\",\"name\":\"Datenschutzbestimmungen - Rellman Foods\",\"isPartOf\":{\"@id\":\"https:\/\/rellmanfoods.com\/de\/#website\"},\"datePublished\":\"2022-10-15T16:55:49+00:00\",\"dateModified\":\"2023-01-15T20:29:41+00:00\",\"breadcrumb\":{\"@id\":\"https:\/\/rellmanfoods.com\/de\/datenschutzbestimmungen\/#breadcrumb\"},\"inLanguage\":\"de\",\"potentialAction\":[{\"@type\":\"ReadAction\",\"target\":[\"https:\/\/rellmanfoods.com\/de\/datenschutzbestimmungen\/\"]}]},{\"@type\":\"BreadcrumbList\",\"@id\":\"https:\/\/rellmanfoods.com\/de\/datenschutzbestimmungen\/#breadcrumb\",\"itemListElement\":[{\"@type\":\"ListItem\",\"position\":1,\"name\":\"Portada\",\"item\":\"https:\/\/rellmanfoods.com\/de\/home\/\"},{\"@type\":\"ListItem\",\"position\":2,\"name\":\"Datenschutzbestimmungen\"}]},{\"@type\":\"WebSite\",\"@id\":\"https:\/\/rellmanfoods.com\/de\/#website\",\"url\":\"https:\/\/rellmanfoods.com\/de\/\",\"name\":\"Rellman Foods\",\"description\":\"We select the best beef for you.\",\"publisher\":{\"@id\":\"https:\/\/rellmanfoods.com\/de\/#organization\"},\"potentialAction\":[{\"@type\":\"SearchAction\",\"target\":{\"@type\":\"EntryPoint\",\"urlTemplate\":\"https:\/\/rellmanfoods.com\/de\/?s={search_term_string}\"},\"query-input\":{\"@type\":\"PropertyValueSpecification\",\"valueRequired\":true,\"valueName\":\"search_term_string\"}}],\"inLanguage\":\"de\"},{\"@type\":\"Organization\",\"@id\":\"https:\/\/rellmanfoods.com\/de\/#organization\",\"name\":\"Rellman Foods\",\"url\":\"https:\/\/rellmanfoods.com\/de\/\",\"logo\":{\"@type\":\"ImageObject\",\"inLanguage\":\"de\",\"@id\":\"https:\/\/rellmanfoods.com\/de\/#\/schema\/logo\/image\/\",\"url\":\"https:\/\/i0.wp.com\/rellmanfoods.com\/wp-content\/uploads\/2022\/05\/rellman-foods-logo-full-color-vertical@2x.png?fit=1024%2C452&ssl=1\",\"contentUrl\":\"https:\/\/i0.wp.com\/rellmanfoods.com\/wp-content\/uploads\/2022\/05\/rellman-foods-logo-full-color-vertical@2x.png?fit=1024%2C452&ssl=1\",\"width\":1024,\"height\":452,\"caption\":\"Rellman Foods\"},\"image\":{\"@id\":\"https:\/\/rellmanfoods.com\/de\/#\/schema\/logo\/image\/\"},\"sameAs\":[\"https:\/\/www.facebook.com\/rellmanfoods\",\"https:\/\/www.instagram.com\/rellmanfoods\",\"https:\/\/www.linkedin.com\/company\/rellman-foods-sa\"]}]}<\/script>\n<!-- \/ Yoast SEO plugin. -->","yoast_head_json":{"title":"Datenschutzbestimmungen - Rellman Foods","robots":{"index":"noindex","follow":"nofollow"},"og_locale":"de_DE","og_type":"article","og_title":"Datenschutzbestimmungen - Rellman Foods","og_description":"Die \u00fcber diese Website zur Verf\u00fcgung gestellten personenbezogenen Daten werden von RELLMAN FOODS S.A. (im Folgenden RELLMAN FOODS), dem Inhaber dieser Website, verarbeitet, dessen Kontaktdaten wie folgt lauten: &#8211; Anschrift: Avenue Prince Charles 4, 1410, Waterloo (Belgien) &#8211; Telefon: +32 2 503 58 98 &#8211; E-Mail: info@rellmanfoods.com Je nach dem verwendeten Formular oder dem Zweck, zu dem Sie uns Ihre Daten \u00fcbermitteln, k\u00f6nnen wir sie f\u00fcr folgende Zwecke verwenden: 1. Versand von kommerziellen Mitteilungen (Newsletter) von RELLMAN FOODS, auch auf elektronischem Wege. Durch diese Mitteilungen werden die Nutzer \u00fcber die verschiedenen Produkte, Angebote, Verlosungen, Promotionen, Wettbewerbe und Veranstaltungen von RELLMAN FOODS informiert. 2. Registrieren Sie Ihre Anmeldung \u00fcber das Internet. 3. Beantwortung von Anfragen, Bitten oder jeder Art von Ersuchen, die vom Nutzer \u00fcber eines der Kontaktformulare, die dem Nutzer auf der Website von RELLMAN FOODS zur Verf\u00fcgung gestellt werden, [&hellip;]","og_url":"https:\/\/rellmanfoods.com\/de\/datenschutzbestimmungen\/","og_site_name":"Rellman Foods","article_publisher":"https:\/\/www.facebook.com\/rellmanfoods","article_modified_time":"2023-01-15T20:29:41+00:00","og_image":[{"width":1024,"height":452,"url":"https:\/\/rellmanfoods.com\/wp-content\/uploads\/2022\/05\/rellman-foods-logo-full-color-vertical@2x.png","type":"image\/png"}],"twitter_card":"summary_large_image","twitter_misc":{"Gesch\u00e4tzte Lesezeit":"4\u00a0Minuten"},"schema":{"@context":"https:\/\/schema.org","@graph":[{"@type":"WebPage","@id":"https:\/\/rellmanfoods.com\/de\/datenschutzbestimmungen\/","url":"https:\/\/rellmanfoods.com\/de\/datenschutzbestimmungen\/","name":"Datenschutzbestimmungen - Rellman Foods","isPartOf":{"@id":"https:\/\/rellmanfoods.com\/de\/#website"},"datePublished":"2022-10-15T16:55:49+00:00","dateModified":"2023-01-15T20:29:41+00:00","breadcrumb":{"@id":"https:\/\/rellmanfoods.com\/de\/datenschutzbestimmungen\/#breadcrumb"},"inLanguage":"de","potentialAction":[{"@type":"ReadAction","target":["https:\/\/rellmanfoods.com\/de\/datenschutzbestimmungen\/"]}]},{"@type":"BreadcrumbList","@id":"https:\/\/rellmanfoods.com\/de\/datenschutzbestimmungen\/#breadcrumb","itemListElement":[{"@type":"ListItem","position":1,"name":"Portada","item":"https:\/\/rellmanfoods.com\/de\/home\/"},{"@type":"ListItem","position":2,"name":"Datenschutzbestimmungen"}]},{"@type":"WebSite","@id":"https:\/\/rellmanfoods.com\/de\/#website","url":"https:\/\/rellmanfoods.com\/de\/","name":"Rellman Foods","description":"We select the best beef for you.","publisher":{"@id":"https:\/\/rellmanfoods.com\/de\/#organization"},"potentialAction":[{"@type":"SearchAction","target":{"@type":"EntryPoint","urlTemplate":"https:\/\/rellmanfoods.com\/de\/?s={search_term_string}"},"query-input":{"@type":"PropertyValueSpecification","valueRequired":true,"valueName":"search_term_string"}}],"inLanguage":"de"},{"@type":"Organization","@id":"https:\/\/rellmanfoods.com\/de\/#organization","name":"Rellman Foods","url":"https:\/\/rellmanfoods.com\/de\/","logo":{"@type":"ImageObject","inLanguage":"de","@id":"https:\/\/rellmanfoods.com\/de\/#\/schema\/logo\/image\/","url":"https:\/\/i0.wp.com\/rellmanfoods.com\/wp-content\/uploads\/2022\/05\/rellman-foods-logo-full-color-vertical@2x.png?fit=1024%2C452&ssl=1","contentUrl":"https:\/\/i0.wp.com\/rellmanfoods.com\/wp-content\/uploads\/2022\/05\/rellman-foods-logo-full-color-vertical@2x.png?fit=1024%2C452&ssl=1","width":1024,"height":452,"caption":"Rellman Foods"},"image":{"@id":"https:\/\/rellmanfoods.com\/de\/#\/schema\/logo\/image\/"},"sameAs":["https:\/\/www.facebook.com\/rellmanfoods","https:\/\/www.instagram.com\/rellmanfoods","https:\/\/www.linkedin.com\/company\/rellman-foods-sa"]}]}},"_links":{"self":[{"href":"https:\/\/rellmanfoods.com\/de\/wp-json\/wp\/v2\/pages\/15050","targetHints":{"allow":["GET"]}}],"collection":[{"href":"https:\/\/rellmanfoods.com\/de\/wp-json\/wp\/v2\/pages"}],"about":[{"href":"https:\/\/rellmanfoods.com\/de\/wp-json\/wp\/v2\/types\/page"}],"author":[{"embeddable":true,"href":"https:\/\/rellmanfoods.com\/de\/wp-json\/wp\/v2\/users\/1"}],"replies":[{"embeddable":true,"href":"https:\/\/rellmanfoods.com\/de\/wp-json\/wp\/v2\/comments?post=15050"}],"version-history":[{"count":1,"href":"https:\/\/rellmanfoods.com\/de\/wp-json\/wp\/v2\/pages\/15050\/revisions"}],"predecessor-version":[{"id":15051,"href":"https:\/\/rellmanfoods.com\/de\/wp-json\/wp\/v2\/pages\/15050\/revisions\/15051"}],"wp:attachment":[{"href":"https:\/\/rellmanfoods.com\/de\/wp-json\/wp\/v2\/media?parent=15050"}],"curies":[{"name":"wp","href":"https:\/\/api.w.org\/{rel}","templated":true}]}}