{"id":15044,"date":"2022-11-16T15:34:25","date_gmt":"2022-11-16T14:34:25","guid":{"rendered":"https:\/\/rellmanfoods.com\/rechtlicher-hinweis\/"},"modified":"2023-01-15T21:27:31","modified_gmt":"2023-01-15T20:27:31","slug":"rechtlicher-hinweis","status":"publish","type":"page","link":"https:\/\/rellmanfoods.com\/de\/rechtlicher-hinweis\/","title":{"rendered":"Rechtlicher Hinweis"},"content":{"rendered":"\n<p>1.- Diese Website ist Eigentum von RELLMAN FOODS S.A. (im Folgenden RELLMAN FOODS).<\/p>\n\n<p>&#8211; MwSt.-Nummer: BE 0446.737.260<\/p>\n\n<p>&#8211; Eingetragener Sitz: Avenue Prince Charles 4, 1410, Waterloo (Belgien)<\/p>\n\n<p>&#8211; Kontakt:<\/p>\n\n<ul class=\"wp-block-list\">\n<li>E-Mail-Adresse: info@rellmanfoods.com<\/li>\n\n\n\n<li>Telefon: +32 2 503 58 98<\/li>\n<\/ul>\n\n<p>2.- Die Nutzung dieser Webseite schreibt demjenigen, der sie nutzt, die Bedingung des Nutzers zu und impliziert die Annahme aller in diesem rechtlichen Hinweis enthaltenen Bedingungen. Der Nutzer muss diese Bedingungen jedes Mal lesen, wenn er auf diese Website zugreift, da sie in Zukunft ge\u00e4ndert werden k\u00f6nnen. Einige Aspekte dieser Website k\u00f6nnen aufgrund ihrer Besonderheit besonderen Bedingungen oder Regeln unterliegen, die den vorliegenden rechtlichen Hinweis ersetzen, erg\u00e4nzen oder ab\u00e4ndern k\u00f6nnen, so dass sie auch vom Benutzer, der sie nutzt oder darauf zugreift, akzeptiert werden m\u00fcssen.<\/p>\n\n<p>3.- Alle Inhalte dieser Website (Texte, Fotografien, Grafiken, Bilder, Technologien, Software, Links, audiovisuelle oder akustische Inhalte, grafisches Design, Quellcode usw.) sowie die Marken und andere Erkennungszeichen sind Eigentum von RELLMAN FOODS oder von Dritten, wobei der Nutzer durch die blo\u00dfe Nutzung dieser Website keinerlei Rechte an ihnen erwirbt.<\/p>\n\n<p>Der Nutzer hat Folgendes zu unterlassen: a) den Inhalt dieser Website zu vervielf\u00e4ltigen, zu kopieren, zu verbreiten, Dritten zur Verf\u00fcgung zu stellen, \u00f6ffentlich zu kommunizieren, umzuwandeln oder zu ver\u00e4ndern, au\u00dfer in den gesetzlich vorgesehenen F\u00e4llen oder mit ausdr\u00fccklicher Genehmigung von RELLMAN FOODS oder des Inhabers der genannten Rechte; b) die auf dieser Website vorhandene Software, Bilder, Videos oder Datenbanken f\u00fcr den privaten Gebrauch zu vervielf\u00e4ltigen oder zu kopieren, sowie sie \u00f6ffentlich mitzuteilen oder Dritten zur Verf\u00fcgung zu stellen, wenn dies ihre Vervielf\u00e4ltigung zur Folge hat; c) den Inhalt dieser Website zu extrahieren oder wiederzuverwenden.<\/p>\n\n<p>4.- Der Nutzer, der von seinen eigenen Webseiten aus Links zu dieser Website einrichten m\u00f6chte, ist verpflichtet, die folgenden Bedingungen einzuhalten: a) Der Link verweist nur auf die Startseite und kann diese in keiner Weise reproduzieren; b) Es d\u00fcrfen keine Frames oder Rahmen jeglicher Art eingerichtet werden, die das Web umgeben oder es erm\u00f6glichen, es \u00fcber verschiedene Internetadressen oder zusammen mit Inhalten au\u00dferhalb dieses Webs zu betrachten, und zwar in einer Weise, die bei den Nutzern einen Irrtum oder eine Verwirrung \u00fcber die Herkunft des Dienstes oder seines Inhalts hervorruft oder hervorrufen kann, einen unlauteren Vergleich oder eine unlautere Nachahmung impliziert, dazu dient, den Ruf, die Marke und das Prestige von RELLMAN FOODS auszunutzen oder in einer anderen gesetzlich verbotenen Weise erfolgt; c) von der Seite, die den Link herstellt, darf keine falsche oder ungenaue Aussage \u00fcber RELLMAN FOODS oder \u00fcber die Qualit\u00e4t seiner Produkte und Dienstleistungen gemacht werden; d) Der Absender darf die Marke oder ein anderes Kennzeichen von RELLMAN FOODS auf seiner Website nicht verwenden, es sei denn, dies ist gesetzlich vorgeschrieben oder von RELLMAN FOODS ausdr\u00fccklich erlaubt; e) Die Seite, die den Link herstellt, muss die geltende Gesetzgebung einhalten und darf keine illegalen, sch\u00e4dlichen, gegen die Moral und die guten Sitten versto\u00dfenden Inhalte haben oder auf diese verlinken, die den falschen Eindruck erwecken oder erwecken k\u00f6nnen, dass RELLMAN FOODS die Ideen, Aussagen oder Handlungen des Absenders guthei\u00dft oder unterst\u00fctzt, oder die in Bezug auf die von RELLMAN FOODS ausge\u00fcbte T\u00e4tigkeit unangemessen sind, unter Ber\u00fccksichtigung des Inhalts und des allgemeinen Themas der Webseite, auf der der Link hergestellt wird.<\/p>\n\n<p>5.- RELLMAN FOODS ist nicht verantwortlich f\u00fcr die \u00dcberpr\u00fcfung, dass es keine b\u00f6sartigen Programme oder andere sch\u00e4dliche Computerelemente auf dieser Website gibt. Es ist in jedem Fall Sache des Benutzers, \u00fcber geeignete Instrumente zur Erkennung und Desinfektion dieser Elemente zu verf\u00fcgen. RELLMAN FOODS haftet daher nicht f\u00fcr Sch\u00e4den, die w\u00e4hrend des Zugriffs auf diese Website an der Computerausr\u00fcstung entstehen. RELLMAN FOODS haftet auch nicht f\u00fcr Sch\u00e4den, die den Nutzern entstehen, wenn diese Sch\u00e4den auf St\u00f6rungen oder Unterbrechungen in den Telekommunikationsnetzen zur\u00fcckzuf\u00fchren sind, die den Dienst dieser Website unterbrechen.<\/p>\n\n<p>6.- Diese Website kann Links enthalten, \u00fcber die der Nutzer auf andere Internetseiten zugreifen kann. In diesen F\u00e4llen haftet RELLMAN FOODS nur f\u00fcr die Inhalte und Dienstleistungen, die \u00fcber die Links angeboten werden, sobald sie von deren Rechtswidrigkeit Kenntnis erlangt und diese nicht sorgf\u00e4ltig deaktiviert hat. Wenn ein Nutzer der Meinung ist, dass ein Link mit rechtswidrigem oder unangemessenem Inhalt vorhanden ist, kann er RELLMAN FOODS darauf hinweisen, ohne dass dies bedeutet, dass RELLMAN FOODS verpflichtet ist, den entsprechenden Link zu entfernen. RELLMAN FOODS kennt nicht immer den Inhalt und die Dienstleistungen der Links und ist daher nicht verantwortlich f\u00fcr Sch\u00e4den, die aus deren mangelnder Qualit\u00e4t, Veralterung, Nichtverf\u00fcgbarkeit, Fehler, Nutzlosigkeit oder Illegalit\u00e4t entstehen, und ist nicht verantwortlich f\u00fcr die gemachten Aussagen oder den Inhalt oder die Dienstleistungen, die durch sie zur Verf\u00fcgung gestellt werden, es sei denn, Sie sind direkt verantwortlich f\u00fcr die Bereitstellung der genannten Dienstleistungen.<\/p>\n\n<p>7.- Der Benutzer verpflichtet sich, diese Website in \u00dcbereinstimmung mit dem Gesetz, den vorliegenden rechtlichen Hinweisen und den anderen Bedingungen, Vorschriften und Anweisungen, die gegebenenfalls anwendbar sind, zu nutzen. Der Benutzer haftet gegen\u00fcber RELLMAN FOODS und gegen\u00fcber Dritten f\u00fcr alle Sch\u00e4den, die durch die Verletzung dieser Verpflichtungen verursacht werden k\u00f6nnen.<\/p>\n\n<p>8.- Dieser rechtliche Hinweis unterliegt vollst\u00e4ndig dem belgischen Recht. F\u00fcr die Beilegung von Konflikten im Zusammenhang mit der Auslegung oder Anwendung des vorliegenden rechtlichen Hinweises unterwirft sich der Nutzer ausdr\u00fccklich der Zust\u00e4ndigkeit der Gerichte in Br\u00fcssel (Belgien).<\/p>\n","protected":false},"excerpt":{"rendered":"<p>1.- Diese Website ist Eigentum von RELLMAN FOODS S.A. (im Folgenden RELLMAN FOODS). &#8211; MwSt.-Nummer: BE 0446.737.260 &#8211; Eingetragener Sitz: Avenue Prince Charles 4, 1410, Waterloo (Belgien) &#8211; Kontakt: 2.- Die Nutzung dieser Webseite schreibt demjenigen, der sie nutzt, die Bedingung des Nutzers zu und impliziert die Annahme aller in diesem rechtlichen Hinweis enthaltenen Bedingungen. Der Nutzer muss diese Bedingungen jedes Mal lesen, wenn er auf diese Website zugreift, da sie in Zukunft ge\u00e4ndert werden k\u00f6nnen. Einige Aspekte dieser Website k\u00f6nnen aufgrund ihrer Besonderheit besonderen Bedingungen oder Regeln unterliegen, die den vorliegenden rechtlichen Hinweis ersetzen, erg\u00e4nzen oder ab\u00e4ndern k\u00f6nnen, so dass sie auch vom Benutzer, der sie nutzt oder darauf zugreift, akzeptiert werden m\u00fcssen. 3.- Alle Inhalte dieser Website (Texte, Fotografien, Grafiken, Bilder, Technologien, Software, Links, audiovisuelle oder akustische Inhalte, grafisches Design, Quellcode usw.) sowie die Marken und andere Erkennungszeichen [&hellip;]<\/p>\n","protected":false},"author":1,"featured_media":0,"parent":0,"menu_order":0,"comment_status":"closed","ping_status":"closed","template":"","meta":{"footnotes":""},"class_list":["post-15044","page","type-page","status-publish","hentry"],"yoast_head":"<!-- This site is optimized with the Yoast SEO plugin v26.9 - https:\/\/yoast.com\/product\/yoast-seo-wordpress\/ -->\n<title>Rechtlicher Hinweis - Rellman Foods<\/title>\n<meta name=\"robots\" content=\"noindex, nofollow\" \/>\n<meta property=\"og:locale\" content=\"de_DE\" \/>\n<meta property=\"og:type\" content=\"article\" \/>\n<meta property=\"og:title\" content=\"Rechtlicher Hinweis - Rellman Foods\" \/>\n<meta property=\"og:description\" content=\"1.- Diese Website ist Eigentum von RELLMAN FOODS S.A. (im Folgenden RELLMAN FOODS). &#8211; MwSt.-Nummer: BE 0446.737.260 &#8211; Eingetragener Sitz: Avenue Prince Charles 4, 1410, Waterloo (Belgien) &#8211; Kontakt: 2.- Die Nutzung dieser Webseite schreibt demjenigen, der sie nutzt, die Bedingung des Nutzers zu und impliziert die Annahme aller in diesem rechtlichen Hinweis enthaltenen Bedingungen. Der Nutzer muss diese Bedingungen jedes Mal lesen, wenn er auf diese Website zugreift, da sie in Zukunft ge\u00e4ndert werden k\u00f6nnen. Einige Aspekte dieser Website k\u00f6nnen aufgrund ihrer Besonderheit besonderen Bedingungen oder Regeln unterliegen, die den vorliegenden rechtlichen Hinweis ersetzen, erg\u00e4nzen oder ab\u00e4ndern k\u00f6nnen, so dass sie auch vom Benutzer, der sie nutzt oder darauf zugreift, akzeptiert werden m\u00fcssen. 3.- Alle Inhalte dieser Website (Texte, Fotografien, Grafiken, Bilder, Technologien, Software, Links, audiovisuelle oder akustische Inhalte, grafisches Design, Quellcode usw.) sowie die Marken und andere Erkennungszeichen [&hellip;]\" \/>\n<meta property=\"og:url\" content=\"https:\/\/rellmanfoods.com\/de\/rechtlicher-hinweis\/\" \/>\n<meta property=\"og:site_name\" content=\"Rellman Foods\" \/>\n<meta property=\"article:publisher\" content=\"https:\/\/www.facebook.com\/rellmanfoods\" \/>\n<meta property=\"article:modified_time\" content=\"2023-01-15T20:27:31+00:00\" \/>\n<meta property=\"og:image\" content=\"https:\/\/rellmanfoods.com\/wp-content\/uploads\/2022\/05\/rellman-foods-logo-full-color-vertical@2x.png\" \/>\n\t<meta property=\"og:image:width\" content=\"1024\" \/>\n\t<meta property=\"og:image:height\" content=\"452\" \/>\n\t<meta property=\"og:image:type\" content=\"image\/png\" \/>\n<meta name=\"twitter:card\" content=\"summary_large_image\" \/>\n<meta name=\"twitter:label1\" content=\"Gesch\u00e4tzte Lesezeit\" \/>\n\t<meta name=\"twitter:data1\" content=\"5\u00a0Minuten\" \/>\n<script type=\"application\/ld+json\" class=\"yoast-schema-graph\">{\"@context\":\"https:\/\/schema.org\",\"@graph\":[{\"@type\":\"WebPage\",\"@id\":\"https:\/\/rellmanfoods.com\/de\/rechtlicher-hinweis\/\",\"url\":\"https:\/\/rellmanfoods.com\/de\/rechtlicher-hinweis\/\",\"name\":\"Rechtlicher Hinweis - Rellman Foods\",\"isPartOf\":{\"@id\":\"https:\/\/rellmanfoods.com\/de\/#website\"},\"datePublished\":\"2022-11-16T14:34:25+00:00\",\"dateModified\":\"2023-01-15T20:27:31+00:00\",\"breadcrumb\":{\"@id\":\"https:\/\/rellmanfoods.com\/de\/rechtlicher-hinweis\/#breadcrumb\"},\"inLanguage\":\"de\",\"potentialAction\":[{\"@type\":\"ReadAction\",\"target\":[\"https:\/\/rellmanfoods.com\/de\/rechtlicher-hinweis\/\"]}]},{\"@type\":\"BreadcrumbList\",\"@id\":\"https:\/\/rellmanfoods.com\/de\/rechtlicher-hinweis\/#breadcrumb\",\"itemListElement\":[{\"@type\":\"ListItem\",\"position\":1,\"name\":\"Portada\",\"item\":\"https:\/\/rellmanfoods.com\/de\/home\/\"},{\"@type\":\"ListItem\",\"position\":2,\"name\":\"Rechtlicher Hinweis\"}]},{\"@type\":\"WebSite\",\"@id\":\"https:\/\/rellmanfoods.com\/de\/#website\",\"url\":\"https:\/\/rellmanfoods.com\/de\/\",\"name\":\"Rellman Foods\",\"description\":\"We select the best beef for you.\",\"publisher\":{\"@id\":\"https:\/\/rellmanfoods.com\/de\/#organization\"},\"potentialAction\":[{\"@type\":\"SearchAction\",\"target\":{\"@type\":\"EntryPoint\",\"urlTemplate\":\"https:\/\/rellmanfoods.com\/de\/?s={search_term_string}\"},\"query-input\":{\"@type\":\"PropertyValueSpecification\",\"valueRequired\":true,\"valueName\":\"search_term_string\"}}],\"inLanguage\":\"de\"},{\"@type\":\"Organization\",\"@id\":\"https:\/\/rellmanfoods.com\/de\/#organization\",\"name\":\"Rellman Foods\",\"url\":\"https:\/\/rellmanfoods.com\/de\/\",\"logo\":{\"@type\":\"ImageObject\",\"inLanguage\":\"de\",\"@id\":\"https:\/\/rellmanfoods.com\/de\/#\/schema\/logo\/image\/\",\"url\":\"https:\/\/i0.wp.com\/rellmanfoods.com\/wp-content\/uploads\/2022\/05\/rellman-foods-logo-full-color-vertical@2x.png?fit=1024%2C452&ssl=1\",\"contentUrl\":\"https:\/\/i0.wp.com\/rellmanfoods.com\/wp-content\/uploads\/2022\/05\/rellman-foods-logo-full-color-vertical@2x.png?fit=1024%2C452&ssl=1\",\"width\":1024,\"height\":452,\"caption\":\"Rellman Foods\"},\"image\":{\"@id\":\"https:\/\/rellmanfoods.com\/de\/#\/schema\/logo\/image\/\"},\"sameAs\":[\"https:\/\/www.facebook.com\/rellmanfoods\",\"https:\/\/www.instagram.com\/rellmanfoods\",\"https:\/\/www.linkedin.com\/company\/rellman-foods-sa\"]}]}<\/script>\n<!-- \/ Yoast SEO plugin. -->","yoast_head_json":{"title":"Rechtlicher Hinweis - Rellman Foods","robots":{"index":"noindex","follow":"nofollow"},"og_locale":"de_DE","og_type":"article","og_title":"Rechtlicher Hinweis - Rellman Foods","og_description":"1.- Diese Website ist Eigentum von RELLMAN FOODS S.A. (im Folgenden RELLMAN FOODS). &#8211; MwSt.-Nummer: BE 0446.737.260 &#8211; Eingetragener Sitz: Avenue Prince Charles 4, 1410, Waterloo (Belgien) &#8211; Kontakt: 2.- Die Nutzung dieser Webseite schreibt demjenigen, der sie nutzt, die Bedingung des Nutzers zu und impliziert die Annahme aller in diesem rechtlichen Hinweis enthaltenen Bedingungen. Der Nutzer muss diese Bedingungen jedes Mal lesen, wenn er auf diese Website zugreift, da sie in Zukunft ge\u00e4ndert werden k\u00f6nnen. Einige Aspekte dieser Website k\u00f6nnen aufgrund ihrer Besonderheit besonderen Bedingungen oder Regeln unterliegen, die den vorliegenden rechtlichen Hinweis ersetzen, erg\u00e4nzen oder ab\u00e4ndern k\u00f6nnen, so dass sie auch vom Benutzer, der sie nutzt oder darauf zugreift, akzeptiert werden m\u00fcssen. 3.- Alle Inhalte dieser Website (Texte, Fotografien, Grafiken, Bilder, Technologien, Software, Links, audiovisuelle oder akustische Inhalte, grafisches Design, Quellcode usw.) sowie die Marken und andere Erkennungszeichen [&hellip;]","og_url":"https:\/\/rellmanfoods.com\/de\/rechtlicher-hinweis\/","og_site_name":"Rellman Foods","article_publisher":"https:\/\/www.facebook.com\/rellmanfoods","article_modified_time":"2023-01-15T20:27:31+00:00","og_image":[{"width":1024,"height":452,"url":"https:\/\/rellmanfoods.com\/wp-content\/uploads\/2022\/05\/rellman-foods-logo-full-color-vertical@2x.png","type":"image\/png"}],"twitter_card":"summary_large_image","twitter_misc":{"Gesch\u00e4tzte Lesezeit":"5\u00a0Minuten"},"schema":{"@context":"https:\/\/schema.org","@graph":[{"@type":"WebPage","@id":"https:\/\/rellmanfoods.com\/de\/rechtlicher-hinweis\/","url":"https:\/\/rellmanfoods.com\/de\/rechtlicher-hinweis\/","name":"Rechtlicher Hinweis - Rellman Foods","isPartOf":{"@id":"https:\/\/rellmanfoods.com\/de\/#website"},"datePublished":"2022-11-16T14:34:25+00:00","dateModified":"2023-01-15T20:27:31+00:00","breadcrumb":{"@id":"https:\/\/rellmanfoods.com\/de\/rechtlicher-hinweis\/#breadcrumb"},"inLanguage":"de","potentialAction":[{"@type":"ReadAction","target":["https:\/\/rellmanfoods.com\/de\/rechtlicher-hinweis\/"]}]},{"@type":"BreadcrumbList","@id":"https:\/\/rellmanfoods.com\/de\/rechtlicher-hinweis\/#breadcrumb","itemListElement":[{"@type":"ListItem","position":1,"name":"Portada","item":"https:\/\/rellmanfoods.com\/de\/home\/"},{"@type":"ListItem","position":2,"name":"Rechtlicher Hinweis"}]},{"@type":"WebSite","@id":"https:\/\/rellmanfoods.com\/de\/#website","url":"https:\/\/rellmanfoods.com\/de\/","name":"Rellman Foods","description":"We select the best beef for you.","publisher":{"@id":"https:\/\/rellmanfoods.com\/de\/#organization"},"potentialAction":[{"@type":"SearchAction","target":{"@type":"EntryPoint","urlTemplate":"https:\/\/rellmanfoods.com\/de\/?s={search_term_string}"},"query-input":{"@type":"PropertyValueSpecification","valueRequired":true,"valueName":"search_term_string"}}],"inLanguage":"de"},{"@type":"Organization","@id":"https:\/\/rellmanfoods.com\/de\/#organization","name":"Rellman Foods","url":"https:\/\/rellmanfoods.com\/de\/","logo":{"@type":"ImageObject","inLanguage":"de","@id":"https:\/\/rellmanfoods.com\/de\/#\/schema\/logo\/image\/","url":"https:\/\/i0.wp.com\/rellmanfoods.com\/wp-content\/uploads\/2022\/05\/rellman-foods-logo-full-color-vertical@2x.png?fit=1024%2C452&ssl=1","contentUrl":"https:\/\/i0.wp.com\/rellmanfoods.com\/wp-content\/uploads\/2022\/05\/rellman-foods-logo-full-color-vertical@2x.png?fit=1024%2C452&ssl=1","width":1024,"height":452,"caption":"Rellman Foods"},"image":{"@id":"https:\/\/rellmanfoods.com\/de\/#\/schema\/logo\/image\/"},"sameAs":["https:\/\/www.facebook.com\/rellmanfoods","https:\/\/www.instagram.com\/rellmanfoods","https:\/\/www.linkedin.com\/company\/rellman-foods-sa"]}]}},"_links":{"self":[{"href":"https:\/\/rellmanfoods.com\/de\/wp-json\/wp\/v2\/pages\/15044","targetHints":{"allow":["GET"]}}],"collection":[{"href":"https:\/\/rellmanfoods.com\/de\/wp-json\/wp\/v2\/pages"}],"about":[{"href":"https:\/\/rellmanfoods.com\/de\/wp-json\/wp\/v2\/types\/page"}],"author":[{"embeddable":true,"href":"https:\/\/rellmanfoods.com\/de\/wp-json\/wp\/v2\/users\/1"}],"replies":[{"embeddable":true,"href":"https:\/\/rellmanfoods.com\/de\/wp-json\/wp\/v2\/comments?post=15044"}],"version-history":[{"count":1,"href":"https:\/\/rellmanfoods.com\/de\/wp-json\/wp\/v2\/pages\/15044\/revisions"}],"predecessor-version":[{"id":15045,"href":"https:\/\/rellmanfoods.com\/de\/wp-json\/wp\/v2\/pages\/15044\/revisions\/15045"}],"wp:attachment":[{"href":"https:\/\/rellmanfoods.com\/de\/wp-json\/wp\/v2\/media?parent=15044"}],"curies":[{"name":"wp","href":"https:\/\/api.w.org\/{rel}","templated":true}]}}