{"id":15038,"date":"2022-11-16T15:34:25","date_gmt":"2022-11-16T14:34:25","guid":{"rendered":"https:\/\/rellmanfoods.com\/cookies-politik\/"},"modified":"2023-01-15T21:25:42","modified_gmt":"2023-01-15T20:25:42","slug":"cookies-politik","status":"publish","type":"page","link":"https:\/\/rellmanfoods.com\/de\/cookies-politik\/","title":{"rendered":"Cookies-Politik"},"content":{"rendered":"\n<p><strong>Was ist ein Keks?<\/strong><\/p>\n\n<p>Ein Cookie ist eine Datei, die auf Ihren Computer heruntergeladen wird, wenn Sie bestimmte Webseiten aufrufen. Cookies erm\u00f6glichen es einer Webseite unter anderem, Informationen \u00fcber die Surfgewohnheiten eines Nutzers oder seines Ger\u00e4ts zu speichern und abzurufen, und je nach den darin enthaltenen Informationen und der Art der Nutzung seines Ger\u00e4ts k\u00f6nnen sie zu dessen Wiedererkennung verwendet werden.<\/p>\n\n<p>Diese Medien erhalten jedoch nur Informationen \u00fcber die Anzahl der besuchten Seiten, die Stadt, der die IP-Adresse, von der aus der Zugriff erfolgt, zugeordnet ist, die Anzahl der neuen Nutzer, die H\u00e4ufigkeit und Wiederholung der Besuche, die Uhrzeit des Besuchs, den Browser oder den Betreiber oder den Typ des Endger\u00e4ts, von dem aus der Besuch erfolgt. In keinem Fall werden Daten \u00fcber den Namen, die Vornamen, die Postanschrift oder andere \u00e4hnliche Daten des Nutzers, der sich angemeldet hat, erhoben.<\/p>\n\n<p><strong>Welche Arten von Cookies gibt es?<\/strong><\/p>\n\n<p>Cookies k\u00f6nnen eigene oder fremde sein. Die eigenen sind diejenigen, die an das Endger\u00e4t des Nutzers von einem Computer oder einer Dom\u00e4ne gesendet werden, die vom Webeditor selbst verwaltet wird und von der aus der vom Nutzer angeforderte Dienst bereitgestellt wird. Cookies von Drittanbietern sind solche, die von einem Computer oder einer Dom\u00e4ne an das Endger\u00e4t des Nutzers gesendet werden, der\/die nicht vom Herausgeber, sondern von einer anderen Einheit verwaltet wird, die die durch Cookies erhaltenen Daten verarbeitet.<\/p>\n\n<p>Dar\u00fcber hinaus k\u00f6nnen Cookies sitzungsbezogen oder dauerhaft sein. Erstere sind eine Art von Cookies, die dazu dienen, Daten zu sammeln und zu speichern, w\u00e4hrend der Nutzer eine Webseite aufruft. Persistente Cookies sind eine Art von Cookies, bei denen die Daten auf dem Endger\u00e4t gespeichert bleiben und f\u00fcr einen von der f\u00fcr das Cookie verantwortlichen Person festgelegten Zeitraum, der von einigen Minuten bis zu mehreren Jahren reichen kann, abgerufen und verarbeitet werden k\u00f6nnen.<\/p>\n\n<p><strong>Wer ist f\u00fcr die Verwendung von Cookies auf dieser Website verantwortlich?<\/strong><\/p>\n\n<p>Der Eigent\u00fcmer der Website und Verantwortliche f\u00fcr die Behandlung der hier verwendeten Cookies sowie seine Kontaktdaten sind im rechtlichen Hinweis auf dieser Seite zu finden. Ebenso kann es Cookies von Dritten geben, die nicht der Eigent\u00fcmer dieser Website sind, wie unten erl\u00e4utert.<\/p>\n\n<p>Welche Cookies werden auf dieser Website verwendet und wof\u00fcr werden sie eingesetzt?<\/p>\n\n<p>Diese Website verwendet eigene Cookies, die dazu dienen, die Pr\u00e4ferenzen der Nutzer zu speichern.<\/p>\n\n<p>Diese Website verwendet die folgenden Cookies von Dritten:<\/p>\n\n<ul class=\"wp-block-list\">\n<li>Analyse-Cookies: Es handelt sich um Cookies, die von uns oder von Dritten behandelt werden und die es uns erm\u00f6glichen, die Anzahl der Nutzer zu quantifizieren und ihr Surfverhalten zu untersuchen, so dass wir die Nutzung durch die Nutzer messen und statistisch analysieren k\u00f6nnen. Zu diesem Zweck wird Ihr Surfverhalten auf unserer Website analysiert, um deren Inhalt zu verbessern und einen besseren Service zu bieten.<\/li>\n\n\n\n<li>Werbe-Cookies: Diese erm\u00f6glichen eine m\u00f6glichst effiziente Verwaltung der Werbefl\u00e4chen, die der Herausgeber gegebenenfalls in eine Webseite, Anwendung oder Plattform, von der aus der angeforderte Dienst erbracht wird, eingef\u00fcgt hat, und zwar auf der Grundlage von Kriterien wie dem bearbeiteten Inhalt oder der H\u00e4ufigkeit, mit der die Werbung angezeigt wird.<\/li>\n<\/ul>\n\n<p>Die von diesen Dritten verwendeten Anwendungen sind die folgenden:<\/p>\n\n<p>&#8211; F\u00fcr die Analyse Cookies, Google Analytics, geh\u00f6rt zu Google (https:\/\/developers.google.com\/analytics\/devguides\/collection\/analyticsjs\/cookie-usage).<\/p>\n\n<p>&#8211; F\u00fcr die Werbung Cookies, Double Click, die zu Google geh\u00f6ren (https:\/\/support.google.com\/adsense\/answer\/2839090?hl=es).<\/p>\n\n<p>Dar\u00fcber hinaus k\u00f6nnen diese Unternehmen die gesammelten Daten verwenden, um ihre eigenen Dienste zu verbessern und anderen Unternehmen Dienste anzubieten. Sie k\u00f6nnen auf den jeweils angegebenen Link klicken, um weitere Informationen \u00fcber diese Anwendungen zu erhalten.<\/p>\n\n<p><strong>Wie lange werden Cookies aufbewahrt?<\/strong><\/p>\n\n<p>Analyse-Cookies werden f\u00fcr einen Zeitraum von maximal 2 Jahren gespeichert. Werbe-Cookies hingegen verfallen, wenn Sie den Browser schlie\u00dfen.<\/p>\n\n<p>Wie wird die Verwendung von Cookies legitimiert?<\/p>\n\n<p>Im Falle der technischen Cookies, d.h. derjenigen, die f\u00fcr das Surfen auf dieser Website und die Inanspruchnahme der angebotenen Dienste unerl\u00e4sslich sind, ist die Rechtsgrundlage f\u00fcr ihre Verwendung die Vereinbarung, mit der Sie sich f\u00fcr die Nutzung dieser Website und die Inanspruchnahme ihrer Dienste entscheiden.<\/p>\n\n<p>Die Rechtsgrundlage f\u00fcr die Verwendung der \u00fcbrigen Cookies ist die Zustimmung des Nutzers, die beim Zugriff auf diese Website eingeholt wird und jederzeit widerrufen werden kann. Der Widerruf dieser Zustimmung hat keinen Einfluss auf die M\u00f6glichkeit, diese Website zu durchsuchen und ihre Dienste zu nutzen, aber die zuvor durchgef\u00fchrte Datenverarbeitung verliert nicht ihre Rechtm\u00e4\u00dfigkeit aufgrund der Tatsache, dass die Zustimmung widerrufen wurde.<\/p>\n\n<p>Welchen Empf\u00e4ngern werden die Cookies mitgeteilt bzw. k\u00f6nnen sie auf sie zugreifen?<\/p>\n\n<p>Wenn es Cookies von Dritten gibt, wie oben angegeben, k\u00f6nnen diese Dritten auf die Cookies zugreifen und sie auf die oben beschriebene Weise verwenden.<\/p>\n\n<p><strong>Welche Rechte haben Sie in Bezug auf die Verwendung von Cookies durch diese Website?<\/strong><\/p>\n\n<p>Nach den geltenden Vorschriften hat jede Person das Recht, eine Best\u00e4tigung dar\u00fcber zu erhalten, ob sie betreffende personenbezogene Daten verarbeitet werden oder nicht. Ebenso haben interessierte Personen unter den gesetzlich festgelegten Bedingungen das Recht, auf ihre Daten zuzugreifen sowie die Berichtigung unrichtiger Daten oder gegebenenfalls deren L\u00f6schung zu verlangen, wenn die Daten unter anderem nicht mehr erforderlich sind. f\u00fcr die Zwecke, f\u00fcr die sie erhoben wurden. Im Falle von Cookies k\u00f6nnen diese Rechte vorbehaltlich der Beschr\u00e4nkungen, die sich aus der Art dieser Dateien ergeben, ausge\u00fcbt werden.<\/p>\n\n<p>Unter den in der Allgemeinen Datenschutzverordnung vorgesehenen Bedingungen k\u00f6nnen die Betroffenen die Einschr\u00e4nkung der Verarbeitung ihrer Daten oder deren \u00dcbertragbarkeit beantragen; in diesem Fall werden wir sie nur zur Geltendmachung oder Verteidigung von Anspr\u00fcchen aufbewahren.<\/p>\n\n<p>Unter bestimmten Umst\u00e4nden und aus Gr\u00fcnden, die mit ihrer besonderen Situation zusammenh\u00e4ngen, k\u00f6nnen die betroffenen Personen der Verarbeitung ihrer Daten widersprechen. Wenn Sie eine Einwilligung f\u00fcr einen bestimmten Zweck gegeben haben, haben Sie das Recht, diese jederzeit zu widerrufen, ohne dass die Rechtm\u00e4\u00dfigkeit der Behandlung, die auf der Einwilligung vor deren Widerruf beruht, ber\u00fchrt wird. In diesen F\u00e4llen stellen wir die Verarbeitung der Daten ein, oder wir stellen sie gegebenenfalls f\u00fcr den betreffenden Zweck ein, es sei denn, es liegen zwingende berechtigte Gr\u00fcnde vor oder es geht um die Geltendmachung oder Abwehr von Anspr\u00fcchen.<\/p>\n\n<p>Im Falle einer Verletzung Ihrer Rechte, insbesondere wenn Sie bei deren Aus\u00fcbung keine Genugtuung erhalten haben, k\u00f6nnen Sie bei der spanischen Datenschutzbeh\u00f6rde (Kontaktdaten unter www.aepd.es) oder einer anderen zust\u00e4ndigen Kontrollbeh\u00f6rde Beschwerde einlegen. . Weitere Informationen \u00fcber Ihre Rechte k\u00f6nnen Sie auch bei diesen Organisationen erhalten.<\/p>\n\n<p>Wie kann ich Cookies verwalten?<\/p>\n\n<p>Sie k\u00f6nnen die auf Ihrem Computer installierten Cookies \u00fcber die Schaltfl\u00e4che &#8222;COOKIE-OPTIONEN&#8220;, die beim Zugriff auf diese Website angezeigt wird, zulassen, blockieren oder l\u00f6schen und auch die Optionen Ihres Browsers konfigurieren. Unter den folgenden Links finden Sie Informationen zu den g\u00e4ngigsten Browsern, wie Sie dies tun k\u00f6nnen:<\/p>\n\n<ul class=\"wp-block-list\">\n<li>Forscher: <a href=\"https:\/\/support.microsoft.com\/es-es\/help\/17442\/windows-internet-explorer-delete-manage-cookies\">https:\/\/support.microsoft.com\/es-es\/help\/17442\/windows-internet-explorer-delete-manage-cookies<\/a><\/li>\n\n\n\n<li>Firefox: <a href=\"https:\/\/support.mozilla.org\/es\/kb\/habilitar-y-deshabilitar-cookies-sitios-web-rastrear-preferencias\">https:\/\/support.mozilla.org\/es\/kb\/habilitar-y-deshabilitar-cookies-sitios-web-rastrear-preferencias<\/a><\/li>\n\n\n\n<li>Chrom: <a href=\"http:\/\/support.google.com\/chrome\/bin\/answer.py?hl=es&amp;answer=95647\">http:\/\/support.google.com\/chrome\/bin\/answer.py?hl=es&amp;answer=95647<\/a><\/li>\n\n\n\n<li>Safari: <a href=\"https:\/\/support.apple.com\/es-es\/guide\/safari\/sfri11471\/mac\">https:\/\/support.apple.com\/es-es\/guide\/safari\/sfri11471\/mac<\/a><\/li>\n<\/ul>\n","protected":false},"excerpt":{"rendered":"<p>Was ist ein Keks? Ein Cookie ist eine Datei, die auf Ihren Computer heruntergeladen wird, wenn Sie bestimmte Webseiten aufrufen. Cookies erm\u00f6glichen es einer Webseite unter anderem, Informationen \u00fcber die Surfgewohnheiten eines Nutzers oder seines Ger\u00e4ts zu speichern und abzurufen, und je nach den darin enthaltenen Informationen und der Art der Nutzung seines Ger\u00e4ts k\u00f6nnen sie zu dessen Wiedererkennung verwendet werden. Diese Medien erhalten jedoch nur Informationen \u00fcber die Anzahl der besuchten Seiten, die Stadt, der die IP-Adresse, von der aus der Zugriff erfolgt, zugeordnet ist, die Anzahl der neuen Nutzer, die H\u00e4ufigkeit und Wiederholung der Besuche, die Uhrzeit des Besuchs, den Browser oder den Betreiber oder den Typ des Endger\u00e4ts, von dem aus der Besuch erfolgt. In keinem Fall werden Daten \u00fcber den Namen, die Vornamen, die Postanschrift oder andere \u00e4hnliche Daten des Nutzers, der sich angemeldet hat, erhoben. [&hellip;]<\/p>\n","protected":false},"author":1,"featured_media":0,"parent":0,"menu_order":0,"comment_status":"closed","ping_status":"closed","template":"","meta":{"footnotes":""},"class_list":["post-15038","page","type-page","status-publish","hentry"],"yoast_head":"<!-- This site is optimized with the Yoast SEO plugin v26.9 - https:\/\/yoast.com\/product\/yoast-seo-wordpress\/ -->\n<title>Cookies-Politik - Rellman Foods<\/title>\n<meta name=\"robots\" content=\"noindex, nofollow\" \/>\n<meta property=\"og:locale\" content=\"de_DE\" \/>\n<meta property=\"og:type\" content=\"article\" \/>\n<meta property=\"og:title\" content=\"Cookies-Politik - Rellman Foods\" \/>\n<meta property=\"og:description\" content=\"Was ist ein Keks? Ein Cookie ist eine Datei, die auf Ihren Computer heruntergeladen wird, wenn Sie bestimmte Webseiten aufrufen. Cookies erm\u00f6glichen es einer Webseite unter anderem, Informationen \u00fcber die Surfgewohnheiten eines Nutzers oder seines Ger\u00e4ts zu speichern und abzurufen, und je nach den darin enthaltenen Informationen und der Art der Nutzung seines Ger\u00e4ts k\u00f6nnen sie zu dessen Wiedererkennung verwendet werden. Diese Medien erhalten jedoch nur Informationen \u00fcber die Anzahl der besuchten Seiten, die Stadt, der die IP-Adresse, von der aus der Zugriff erfolgt, zugeordnet ist, die Anzahl der neuen Nutzer, die H\u00e4ufigkeit und Wiederholung der Besuche, die Uhrzeit des Besuchs, den Browser oder den Betreiber oder den Typ des Endger\u00e4ts, von dem aus der Besuch erfolgt. In keinem Fall werden Daten \u00fcber den Namen, die Vornamen, die Postanschrift oder andere \u00e4hnliche Daten des Nutzers, der sich angemeldet hat, erhoben. [&hellip;]\" \/>\n<meta property=\"og:url\" content=\"https:\/\/rellmanfoods.com\/de\/cookies-politik\/\" \/>\n<meta property=\"og:site_name\" content=\"Rellman Foods\" \/>\n<meta property=\"article:publisher\" content=\"https:\/\/www.facebook.com\/rellmanfoods\" \/>\n<meta property=\"article:modified_time\" content=\"2023-01-15T20:25:42+00:00\" \/>\n<meta property=\"og:image\" content=\"https:\/\/rellmanfoods.com\/wp-content\/uploads\/2022\/05\/rellman-foods-logo-full-color-vertical@2x.png\" \/>\n\t<meta property=\"og:image:width\" content=\"1024\" \/>\n\t<meta property=\"og:image:height\" content=\"452\" \/>\n\t<meta property=\"og:image:type\" content=\"image\/png\" \/>\n<meta name=\"twitter:card\" content=\"summary_large_image\" \/>\n<meta name=\"twitter:label1\" content=\"Gesch\u00e4tzte Lesezeit\" \/>\n\t<meta name=\"twitter:data1\" content=\"6\u00a0Minuten\" \/>\n<script type=\"application\/ld+json\" class=\"yoast-schema-graph\">{\"@context\":\"https:\/\/schema.org\",\"@graph\":[{\"@type\":\"WebPage\",\"@id\":\"https:\/\/rellmanfoods.com\/de\/cookies-politik\/\",\"url\":\"https:\/\/rellmanfoods.com\/de\/cookies-politik\/\",\"name\":\"Cookies-Politik - Rellman Foods\",\"isPartOf\":{\"@id\":\"https:\/\/rellmanfoods.com\/de\/#website\"},\"datePublished\":\"2022-11-16T14:34:25+00:00\",\"dateModified\":\"2023-01-15T20:25:42+00:00\",\"breadcrumb\":{\"@id\":\"https:\/\/rellmanfoods.com\/de\/cookies-politik\/#breadcrumb\"},\"inLanguage\":\"de\",\"potentialAction\":[{\"@type\":\"ReadAction\",\"target\":[\"https:\/\/rellmanfoods.com\/de\/cookies-politik\/\"]}]},{\"@type\":\"BreadcrumbList\",\"@id\":\"https:\/\/rellmanfoods.com\/de\/cookies-politik\/#breadcrumb\",\"itemListElement\":[{\"@type\":\"ListItem\",\"position\":1,\"name\":\"Portada\",\"item\":\"https:\/\/rellmanfoods.com\/de\/home\/\"},{\"@type\":\"ListItem\",\"position\":2,\"name\":\"Cookies-Politik\"}]},{\"@type\":\"WebSite\",\"@id\":\"https:\/\/rellmanfoods.com\/de\/#website\",\"url\":\"https:\/\/rellmanfoods.com\/de\/\",\"name\":\"Rellman Foods\",\"description\":\"We select the best beef for you.\",\"publisher\":{\"@id\":\"https:\/\/rellmanfoods.com\/de\/#organization\"},\"potentialAction\":[{\"@type\":\"SearchAction\",\"target\":{\"@type\":\"EntryPoint\",\"urlTemplate\":\"https:\/\/rellmanfoods.com\/de\/?s={search_term_string}\"},\"query-input\":{\"@type\":\"PropertyValueSpecification\",\"valueRequired\":true,\"valueName\":\"search_term_string\"}}],\"inLanguage\":\"de\"},{\"@type\":\"Organization\",\"@id\":\"https:\/\/rellmanfoods.com\/de\/#organization\",\"name\":\"Rellman Foods\",\"url\":\"https:\/\/rellmanfoods.com\/de\/\",\"logo\":{\"@type\":\"ImageObject\",\"inLanguage\":\"de\",\"@id\":\"https:\/\/rellmanfoods.com\/de\/#\/schema\/logo\/image\/\",\"url\":\"https:\/\/i0.wp.com\/rellmanfoods.com\/wp-content\/uploads\/2022\/05\/rellman-foods-logo-full-color-vertical@2x.png?fit=1024%2C452&ssl=1\",\"contentUrl\":\"https:\/\/i0.wp.com\/rellmanfoods.com\/wp-content\/uploads\/2022\/05\/rellman-foods-logo-full-color-vertical@2x.png?fit=1024%2C452&ssl=1\",\"width\":1024,\"height\":452,\"caption\":\"Rellman Foods\"},\"image\":{\"@id\":\"https:\/\/rellmanfoods.com\/de\/#\/schema\/logo\/image\/\"},\"sameAs\":[\"https:\/\/www.facebook.com\/rellmanfoods\",\"https:\/\/www.instagram.com\/rellmanfoods\",\"https:\/\/www.linkedin.com\/company\/rellman-foods-sa\"]}]}<\/script>\n<!-- \/ Yoast SEO plugin. -->","yoast_head_json":{"title":"Cookies-Politik - Rellman Foods","robots":{"index":"noindex","follow":"nofollow"},"og_locale":"de_DE","og_type":"article","og_title":"Cookies-Politik - Rellman Foods","og_description":"Was ist ein Keks? Ein Cookie ist eine Datei, die auf Ihren Computer heruntergeladen wird, wenn Sie bestimmte Webseiten aufrufen. Cookies erm\u00f6glichen es einer Webseite unter anderem, Informationen \u00fcber die Surfgewohnheiten eines Nutzers oder seines Ger\u00e4ts zu speichern und abzurufen, und je nach den darin enthaltenen Informationen und der Art der Nutzung seines Ger\u00e4ts k\u00f6nnen sie zu dessen Wiedererkennung verwendet werden. Diese Medien erhalten jedoch nur Informationen \u00fcber die Anzahl der besuchten Seiten, die Stadt, der die IP-Adresse, von der aus der Zugriff erfolgt, zugeordnet ist, die Anzahl der neuen Nutzer, die H\u00e4ufigkeit und Wiederholung der Besuche, die Uhrzeit des Besuchs, den Browser oder den Betreiber oder den Typ des Endger\u00e4ts, von dem aus der Besuch erfolgt. In keinem Fall werden Daten \u00fcber den Namen, die Vornamen, die Postanschrift oder andere \u00e4hnliche Daten des Nutzers, der sich angemeldet hat, erhoben. [&hellip;]","og_url":"https:\/\/rellmanfoods.com\/de\/cookies-politik\/","og_site_name":"Rellman Foods","article_publisher":"https:\/\/www.facebook.com\/rellmanfoods","article_modified_time":"2023-01-15T20:25:42+00:00","og_image":[{"width":1024,"height":452,"url":"https:\/\/rellmanfoods.com\/wp-content\/uploads\/2022\/05\/rellman-foods-logo-full-color-vertical@2x.png","type":"image\/png"}],"twitter_card":"summary_large_image","twitter_misc":{"Gesch\u00e4tzte Lesezeit":"6\u00a0Minuten"},"schema":{"@context":"https:\/\/schema.org","@graph":[{"@type":"WebPage","@id":"https:\/\/rellmanfoods.com\/de\/cookies-politik\/","url":"https:\/\/rellmanfoods.com\/de\/cookies-politik\/","name":"Cookies-Politik - Rellman Foods","isPartOf":{"@id":"https:\/\/rellmanfoods.com\/de\/#website"},"datePublished":"2022-11-16T14:34:25+00:00","dateModified":"2023-01-15T20:25:42+00:00","breadcrumb":{"@id":"https:\/\/rellmanfoods.com\/de\/cookies-politik\/#breadcrumb"},"inLanguage":"de","potentialAction":[{"@type":"ReadAction","target":["https:\/\/rellmanfoods.com\/de\/cookies-politik\/"]}]},{"@type":"BreadcrumbList","@id":"https:\/\/rellmanfoods.com\/de\/cookies-politik\/#breadcrumb","itemListElement":[{"@type":"ListItem","position":1,"name":"Portada","item":"https:\/\/rellmanfoods.com\/de\/home\/"},{"@type":"ListItem","position":2,"name":"Cookies-Politik"}]},{"@type":"WebSite","@id":"https:\/\/rellmanfoods.com\/de\/#website","url":"https:\/\/rellmanfoods.com\/de\/","name":"Rellman Foods","description":"We select the best beef for you.","publisher":{"@id":"https:\/\/rellmanfoods.com\/de\/#organization"},"potentialAction":[{"@type":"SearchAction","target":{"@type":"EntryPoint","urlTemplate":"https:\/\/rellmanfoods.com\/de\/?s={search_term_string}"},"query-input":{"@type":"PropertyValueSpecification","valueRequired":true,"valueName":"search_term_string"}}],"inLanguage":"de"},{"@type":"Organization","@id":"https:\/\/rellmanfoods.com\/de\/#organization","name":"Rellman Foods","url":"https:\/\/rellmanfoods.com\/de\/","logo":{"@type":"ImageObject","inLanguage":"de","@id":"https:\/\/rellmanfoods.com\/de\/#\/schema\/logo\/image\/","url":"https:\/\/i0.wp.com\/rellmanfoods.com\/wp-content\/uploads\/2022\/05\/rellman-foods-logo-full-color-vertical@2x.png?fit=1024%2C452&ssl=1","contentUrl":"https:\/\/i0.wp.com\/rellmanfoods.com\/wp-content\/uploads\/2022\/05\/rellman-foods-logo-full-color-vertical@2x.png?fit=1024%2C452&ssl=1","width":1024,"height":452,"caption":"Rellman Foods"},"image":{"@id":"https:\/\/rellmanfoods.com\/de\/#\/schema\/logo\/image\/"},"sameAs":["https:\/\/www.facebook.com\/rellmanfoods","https:\/\/www.instagram.com\/rellmanfoods","https:\/\/www.linkedin.com\/company\/rellman-foods-sa"]}]}},"_links":{"self":[{"href":"https:\/\/rellmanfoods.com\/de\/wp-json\/wp\/v2\/pages\/15038","targetHints":{"allow":["GET"]}}],"collection":[{"href":"https:\/\/rellmanfoods.com\/de\/wp-json\/wp\/v2\/pages"}],"about":[{"href":"https:\/\/rellmanfoods.com\/de\/wp-json\/wp\/v2\/types\/page"}],"author":[{"embeddable":true,"href":"https:\/\/rellmanfoods.com\/de\/wp-json\/wp\/v2\/users\/1"}],"replies":[{"embeddable":true,"href":"https:\/\/rellmanfoods.com\/de\/wp-json\/wp\/v2\/comments?post=15038"}],"version-history":[{"count":1,"href":"https:\/\/rellmanfoods.com\/de\/wp-json\/wp\/v2\/pages\/15038\/revisions"}],"predecessor-version":[{"id":15039,"href":"https:\/\/rellmanfoods.com\/de\/wp-json\/wp\/v2\/pages\/15038\/revisions\/15039"}],"wp:attachment":[{"href":"https:\/\/rellmanfoods.com\/de\/wp-json\/wp\/v2\/media?parent=15038"}],"curies":[{"name":"wp","href":"https:\/\/api.w.org\/{rel}","templated":true}]}}