{"id":14871,"date":"2022-11-16T15:34:24","date_gmt":"2022-11-16T14:34:24","guid":{"rendered":"https:\/\/rellmanfoods.com\/marken\/"},"modified":"2024-11-15T13:08:49","modified_gmt":"2024-11-15T12:08:49","slug":"beef-brands","status":"publish","type":"page","link":"https:\/\/rellmanfoods.com\/de\/beef-brands\/","title":{"rendered":"Marken"},"content":{"rendered":"<div class=\"wpb-content-wrapper\"><p>[vc_row][vc_column]<div class=\"es-resp\">\t<div class=\"visible-xl\" style=\"height: 76px;\"><\/div>\t<div class=\"hidden-xl hidden-md hidden-sm hidden-ms hidden-xs\" style=\"height: 76px;\"><\/div>\t<div class=\"visible-md\" style=\"height: 76px;\"><\/div>\t<div class=\"visible-sm \" style=\"height: 76px;\"><\/div>\t<div class=\"visible-ms\" style=\"height: 76px;\"><\/div>\t<div class=\"visible-xs\" style=\"height: 76px;\"><\/div><\/div>[\/vc_column][\/vc_row][vc_row full_width=&#8220;stretch_row_content&#8220; gap=&#8220;5&#8243; equal_height=&#8220;yes&#8220;][vc_column width=&#8220;1\/4&#8243;][vc_hoverbox image=&#8220;17368&#8243; primary_title=&#8220;&#8220; hover_title=&#8220;Ceibo Beef&#8220; hover_title_font_container=&#8220;font_size:24px|color:%2369a816&#8243; hover_title_google_fonts=&#8220;font_family:Montserrat%3Aregular%2C700|font_style:400%20regular%3A400%3Anormal&#8220; hover_btn_title=&#8220;Mehr wissen&#8220; hover_btn_style=&#8220;custom&#8220; hover_btn_custom_background=&#8220;#69a816&#8243; hover_btn_custom_text=&#8220;#ffffff&#8220; use_custom_fonts_hover_title=&#8220;true&#8220; hover_add_button=&#8220;true&#8220; hover_btn_link=&#8220;url:https%3A%2F%2Frellmanfoods.com%2Fceibo-beef%2F|title:Marken|&#8220;]Die Philosophie von Ceibo ist, die Anspr\u00fcche der Kunden zu befriedigen. Und das ist der Grund, warum man bei Ceibo bei ausgesuchten Z\u00fcchtern einkauft, die sich die Zeit nehmen, die Angus- und Hereford-Rassen durch ausgezeichnete Genetik und F\u00fctterung zu verbessern.<\/p>\n<p>Die Haupteigenschaften seiner Produkte sind Schmackhaftigkeit, Saftigkeit und Geschmack.[\/vc_hoverbox][\/vc_column][vc_column width=&#8220;1\/4&#8243;][vc_hoverbox image=&#8220;15947&#8243; primary_title=&#8220;&#8220; hover_title=&#8220;Rosedale Ruby (Australien)&#8220; hover_title_font_container=&#8220;font_size:24px|color:%2369a816&#8243; hover_title_google_fonts=&#8220;font_family:Montserrat%3Aregular%2C700|font_style:400%20regular%3A400%3Anormal&#8220; hover_btn_title=&#8220;Mehr wissen&#8220; hover_btn_style=&#8220;custom&#8220; hover_btn_custom_background=&#8220;#69a816&#8243; hover_btn_custom_text=&#8220;#ffffff&#8220; use_custom_fonts_hover_title=&#8220;true&#8220; hover_add_button=&#8220;true&#8220; hover_btn_link=&#8220;url:https%3A%2F%2Frellmanfoods.com%2Fruby-rosedale%2F|title:Rosedale%20Ruby%20%28Australien%29|&#8220;]Rosedale ist einer der ersten Z\u00fcchter der Charolais-Rasse.<\/p>\n<p>Sie haben eine sehr starke Verbindung zu anderen namhaften Mitgliedern der Industrie. Deren Rinder sich im Laufe der Zeit zum jetzigen modernen Charolais-Bullen entwickelt haben, die f\u00fcr den heutigen Standard und Markt bestens geeignet sind.[\/vc_hoverbox][\/vc_column][vc_column width=&#8220;1\/4&#8243;][vc_hoverbox image=&#8220;17376&#8243; primary_title=&#8220;&#8220; hover_title=&#8220;Soriano&#8220; hover_title_font_container=&#8220;font_size:24px|color:%2369a816&#8243; hover_title_google_fonts=&#8220;font_family:Montserrat%3Aregular%2C700|font_style:400%20regular%3A400%3Anormal&#8220; hover_btn_title=&#8220;Mehr wissen&#8220; hover_btn_style=&#8220;custom&#8220; hover_btn_custom_background=&#8220;#69a816&#8243; hover_btn_custom_text=&#8220;#ffffff&#8220; use_custom_fonts_hover_title=&#8220;true&#8220; hover_add_button=&#8220;true&#8220; hover_btn_link=&#8220;url:https%3A%2F%2Frellmanfoods.com%2Fsoriano-angus%2F|title:Soriano|&#8220;]Die Soriano Verpackungsanlage stellt die Verarbeitung, Qualit\u00e4tssicherung und den Tierschutz in den Vordergrund, um die besten Premium-Steaks zu produzieren.<\/p>\n<p>Soriano garantiert zartes, saftiges und geschmackvolles Steakfleisch, was unsere Kunden sehr sch\u00e4tzen.[\/vc_hoverbox][\/vc_column][vc_column width=&#8220;1\/4&#8243;][vc_hoverbox image=&#8220;17382&#8243; primary_title=&#8220;&#8220; hover_title=&#8220;La M\u00e1xima&#8220; hover_title_font_container=&#8220;font_size:24px|color:%2369a816&#8243; hover_title_google_fonts=&#8220;font_family:Montserrat%3Aregular%2C700|font_style:400%20regular%3A400%3Anormal&#8220; hover_btn_title=&#8220;Mehr wissen&#8220; hover_btn_style=&#8220;custom&#8220; hover_btn_custom_background=&#8220;#69a816&#8243; hover_btn_custom_text=&#8220;#ffffff&#8220; use_custom_fonts_hover_title=&#8220;true&#8220; hover_add_button=&#8220;true&#8220; hover_btn_link=&#8220;url:https%3A%2F%2Frellmanfoods.com%2Fla-maxima%2F|title:La%20M%C3%A1xima|&#8220;]<\/p>\n<div class=\"elementor-element elementor-element-5f24a0c elementor-widget elementor-widget-text-editor\" data-id=\"5f24a0c\" data-element_type=\"widget\" data-widget_type=\"text-editor.default\">\n<div class=\"elementor-widget-container\">\n<p>Die echte argentinische Herkunft von La M\u00e1xima und die Erfahrung bei der Auswahl der besten Rinder auf dem Lande sind in allen Teilst\u00fccken des Rindfleischs enthalten.<\/p>\n<p>Probieren Sie den authentischen Geschmack und die Zartheit des besten argentinischen Rindfleischs: Auswahl von grasgef\u00fcttertem Rindfleisch, Qualit\u00e4tsstandards f\u00fcr Rindfleisch und ein gutes Preis-Leistungs-Verh\u00e4ltnis.<\/p>\n<\/div>\n<\/div>\n<p>[\/vc_hoverbox][\/vc_column][\/vc_row][vc_row][vc_column]<div class=\"es-resp\">\t<div class=\"visible-xl\" style=\"height: 76px;\"><\/div>\t<div class=\"hidden-xl hidden-md hidden-sm hidden-ms hidden-xs\" style=\"height: 76px;\"><\/div>\t<div class=\"visible-md\" style=\"height: 76px;\"><\/div>\t<div class=\"visible-sm \" style=\"height: 76px;\"><\/div>\t<div class=\"visible-ms\" style=\"height: 76px;\"><\/div>\t<div class=\"visible-xs\" style=\"height: 76px;\"><\/div><\/div>[\/vc_column][\/vc_row][vc_row full_width=&#8220;stretch_row_content&#8220; gap=&#8220;2&#8243; disable_element=&#8220;yes&#8220;][vc_column width=&#8220;1\/4&#8243;][vc_hoverbox image=&#8220;15962&#8243; primary_title=&#8220;&#8220; hover_title=&#8220;Rioplatense&#8220; hover_title_font_container=&#8220;font_size:24px|color:%2369a816&#8243; hover_title_google_fonts=&#8220;font_family:Montserrat%3Aregular%2C700|font_style:400%20regular%3A400%3Anormal&#8220; hover_btn_title=&#8220;Mehr wissen&#8220; hover_btn_style=&#8220;custom&#8220; hover_btn_custom_background=&#8220;#69a816&#8243; hover_btn_custom_text=&#8220;#ffffff&#8220; use_custom_fonts_hover_title=&#8220;true&#8220; hover_add_button=&#8220;true&#8220; hover_btn_link=&#8220;url:https%3A%2F%2Frellmanfoods.com%2Frioplatense%2F|title:Rioplatense|&#8220;]Seit 1974 ist Rio Platense eine der gr\u00f6\u00dften Verarbeitungsbetriebe Argentiniens.<\/p>\n<p>Die Qualit\u00e4t der Produkte wird durch eine gewissenhafte Auswahl der besten heimischen Rassen wie Angus und Hereford sichergestellt, und durch die optimale Lage.[\/vc_hoverbox][\/vc_column][vc_column width=&#8220;1\/4&#8243;][vc_hoverbox image=&#8220;15967&#8243; primary_title=&#8220;&#8220; hover_title=&#8220;Urien Loza&#8220; hover_title_font_container=&#8220;font_size:24px|color:%2369a816&#8243; hover_title_google_fonts=&#8220;font_family:Montserrat%3Aregular%2C700|font_style:400%20regular%3A400%3Anormal&#8220; hover_btn_title=&#8220;Mehr wissen&#8220; hover_btn_style=&#8220;custom&#8220; hover_btn_custom_background=&#8220;#69a816&#8243; hover_btn_custom_text=&#8220;#ffffff&#8220; use_custom_fonts_hover_title=&#8220;true&#8220; hover_add_button=&#8220;true&#8220; hover_btn_link=&#8220;url:https%3A%2F%2Frellmanfoods.com%2Furien-loza%2F|title:Urien%20Loza|&#8220;]Mit seiner 25-j\u00e4hrigen Geschichte ist es der Anspruch von Urien Loza, die besten Steaks zu produzieren.<\/p>\n<p>Der wichtigste Wert von Urien Loza ist sein Erzeugerclub. wodurch man den Zugang zu den besten Rinderrassen Argentiniens hat und den optimalen Stier.[\/vc_hoverbox][\/vc_column][vc_column width=&#8220;1\/4&#8243;][vc_hoverbox image=&#8220;17388&#8243; primary_title=&#8220;&#8220; primary_title_font_container=&#8220;color:%23ffffff&#8220; primary_title_google_fonts=&#8220;font_family:Montserrat%3Aregular%2C700|font_style:400%20regular%3A400%3Anormal&#8220; hover_title=&#8220;Las Moras&#8220; hover_title_font_container=&#8220;font_size:24px|color:%2369a816&#8243; hover_title_google_fonts=&#8220;font_family:Montserrat%3Aregular%2C700|font_style:400%20regular%3A400%3Anormal&#8220; hover_btn_title=&#8220;Mehr wissen&#8220; hover_btn_style=&#8220;custom&#8220; hover_btn_custom_background=&#8220;#69a816&#8243; hover_btn_custom_text=&#8220;#ffffff&#8220; use_custom_fonts_primary_title=&#8220;true&#8220; use_custom_fonts_hover_title=&#8220;true&#8220; hover_add_button=&#8220;true&#8220; hover_btn_link=&#8220;url:https%3A%2F%2Frellmanfoods.com%2Flas-moras%2F|title:Las%20Moras|&#8220;]Die Philosophie von Las Moras entstammt aus einer Leidenschaft f\u00fcr Tradition und dem Bestreben, das weltweit beste Fleisch zu produzieren.<\/p>\n<p>Als einer der wichtigsten Hersteller in Uruguay, lebt dieser Familienbetrieb von der Idee, eine bessere Welt f\u00fcr alle zu schaffen.[\/vc_hoverbox][\/vc_column][vc_column width=&#8220;1\/4&#8243;][vc_hoverbox image=&#8220;15977&#8243; primary_title=&#8220;&#8220; hover_title=&#8220;Ojo de Agua&#8220; hover_title_font_container=&#8220;font_size:24px|color:%2369a816&#8243; hover_title_google_fonts=&#8220;font_family:Montserrat%3Aregular%2C700|font_style:400%20regular%3A400%3Anormal&#8220; hover_btn_title=&#8220;Mehr wissen&#8220; hover_btn_style=&#8220;custom&#8220; hover_btn_custom_background=&#8220;#69a816&#8243; hover_btn_custom_text=&#8220;#ffffff&#8220; use_custom_fonts_hover_title=&#8220;true&#8220; hover_add_button=&#8220;true&#8220; hover_btn_link=&#8220;url:https%3A%2F%2Frellmanfoods.com%2Fojo-de-agua%2F|title:Ojo%20de%20Agua|&#8220;]Die Gauchos \u00fcberwachen 70.000 ha nachhaltiges landwirtschaftliches Weideland, auf dem 10.000 Angus- und Hereford-Rinder frei grasen.<\/p>\n<p>Die sorgf\u00e4ltige Produktion wird durch ein gutes genetisches Management und eine sachgem\u00e4\u00dfe Tierhaltung erreicht.[\/vc_hoverbox][\/vc_column][\/vc_row][vc_row][vc_column]<div class=\"es-resp\">\t<div class=\"visible-xl\" style=\"height: 76px;\"><\/div>\t<div class=\"hidden-xl hidden-md hidden-sm hidden-ms hidden-xs\" style=\"height: 76px;\"><\/div>\t<div class=\"visible-md\" style=\"height: 76px;\"><\/div>\t<div class=\"visible-sm \" style=\"height: 76px;\"><\/div>\t<div class=\"visible-ms\" style=\"height: 76px;\"><\/div>\t<div class=\"visible-xs\" style=\"height: 76px;\"><\/div><\/div>[\/vc_column][\/vc_row]<\/p>\n<\/div>","protected":false},"excerpt":{"rendered":"<p>[vc_row][vc_column][\/vc_column][\/vc_row][vc_row full_width=&#8220;stretch_row_content&#8220; gap=&#8220;5&#8243; equal_height=&#8220;yes&#8220;][vc_column width=&#8220;1\/4&#8243;][vc_hoverbox image=&#8220;17368&#8243; primary_title=&#8220;&#8220; hover_title=&#8220;Ceibo Beef&#8220; hover_title_font_container=&#8220;font_size:24px|color:%2369a816&#8243; hover_title_google_fonts=&#8220;font_family:Montserrat%3Aregular%2C700|font_style:400%20regular%3A400%3Anormal&#8220; hover_btn_title=&#8220;Mehr wissen&#8220; hover_btn_style=&#8220;custom&#8220; hover_btn_custom_background=&#8220;#69a816&#8243; hover_btn_custom_text=&#8220;#ffffff&#8220; use_custom_fonts_hover_title=&#8220;true&#8220; hover_add_button=&#8220;true&#8220; hover_btn_link=&#8220;url:https%3A%2F%2Frellmanfoods.com%2Fceibo-beef%2F|title:Marken|&#8220;]Die Philosophie von Ceibo ist, die Anspr\u00fcche der Kunden zu befriedigen. Und das ist der Grund, warum man bei Ceibo bei ausgesuchten Z\u00fcchtern einkauft, die sich die Zeit nehmen, die Angus- und Hereford-Rassen durch ausgezeichnete Genetik und F\u00fctterung zu verbessern. Die Haupteigenschaften seiner Produkte sind Schmackhaftigkeit, Saftigkeit und Geschmack.[\/vc_hoverbox][\/vc_column][vc_column width=&#8220;1\/4&#8243;][vc_hoverbox image=&#8220;15947&#8243; primary_title=&#8220;&#8220; hover_title=&#8220;Rosedale Ruby (Australien)&#8220; hover_title_font_container=&#8220;font_size:24px|color:%2369a816&#8243; hover_title_google_fonts=&#8220;font_family:Montserrat%3Aregular%2C700|font_style:400%20regular%3A400%3Anormal&#8220; hover_btn_title=&#8220;Mehr wissen&#8220; hover_btn_style=&#8220;custom&#8220; hover_btn_custom_background=&#8220;#69a816&#8243; hover_btn_custom_text=&#8220;#ffffff&#8220; use_custom_fonts_hover_title=&#8220;true&#8220; hover_add_button=&#8220;true&#8220; hover_btn_link=&#8220;url:https%3A%2F%2Frellmanfoods.com%2Fruby-rosedale%2F|title:Rosedale%20Ruby%20%28Australien%29|&#8220;]Rosedale ist einer der ersten Z\u00fcchter der Charolais-Rasse. Sie haben eine sehr starke Verbindung zu anderen namhaften Mitgliedern der Industrie. Deren Rinder sich im Laufe der Zeit zum jetzigen modernen Charolais-Bullen entwickelt haben, die f\u00fcr den heutigen Standard und Markt bestens geeignet sind.[\/vc_hoverbox][\/vc_column][vc_column width=&#8220;1\/4&#8243;][vc_hoverbox image=&#8220;17376&#8243; primary_title=&#8220;&#8220; hover_title=&#8220;Soriano&#8220; hover_title_font_container=&#8220;font_size:24px|color:%2369a816&#8243; hover_title_google_fonts=&#8220;font_family:Montserrat%3Aregular%2C700|font_style:400%20regular%3A400%3Anormal&#8220; hover_btn_title=&#8220;Mehr wissen&#8220; hover_btn_style=&#8220;custom&#8220; hover_btn_custom_background=&#8220;#69a816&#8243; hover_btn_custom_text=&#8220;#ffffff&#8220; use_custom_fonts_hover_title=&#8220;true&#8220; hover_add_button=&#8220;true&#8220; hover_btn_link=&#8220;url:https%3A%2F%2Frellmanfoods.com%2Fsoriano-angus%2F|title:Soriano|&#8220;]Die Soriano [&hellip;]<\/p>\n","protected":false},"author":1,"featured_media":0,"parent":0,"menu_order":0,"comment_status":"closed","ping_status":"closed","template":"","meta":{"footnotes":""},"class_list":["post-14871","page","type-page","status-publish","hentry"],"yoast_head":"<!-- This site is optimized with the Yoast SEO plugin v26.9 - https:\/\/yoast.com\/product\/yoast-seo-wordpress\/ -->\n<title>Rindfleisch  -<\/title>\n<meta name=\"description\" content=\"Rindfleischmarken f\u00fcr Europa - Rellman Foods, anerkannter Rindfleischimporteur, bringt Ihnen die besten Marken aus der ganzen Welt - Garantierte Qualit\u00e4t\" \/>\n<meta name=\"robots\" content=\"index, follow, max-snippet:-1, max-image-preview:large, max-video-preview:-1\" \/>\n<link rel=\"canonical\" href=\"https:\/\/rellmanfoods.com\/de\/beef-brands\/\" \/>\n<meta property=\"og:locale\" content=\"de_DE\" \/>\n<meta property=\"og:type\" content=\"article\" \/>\n<meta property=\"og:title\" content=\"Rindfleisch  -\" \/>\n<meta property=\"og:description\" content=\"Rindfleischmarken f\u00fcr Europa - Rellman Foods, anerkannter Rindfleischimporteur, bringt Ihnen die besten Marken aus der ganzen Welt - Garantierte Qualit\u00e4t\" \/>\n<meta property=\"og:url\" content=\"https:\/\/rellmanfoods.com\/de\/beef-brands\/\" \/>\n<meta property=\"og:site_name\" content=\"Rellman Foods\" \/>\n<meta property=\"article:publisher\" content=\"https:\/\/www.facebook.com\/rellmanfoods\" \/>\n<meta property=\"article:modified_time\" content=\"2024-11-15T12:08:49+00:00\" \/>\n<meta property=\"og:image\" content=\"https:\/\/rellmanfoods.com\/wp-content\/uploads\/2022\/05\/rellman-foods-logo-full-color-vertical@2x.png\" \/>\n\t<meta property=\"og:image:width\" content=\"1024\" \/>\n\t<meta property=\"og:image:height\" content=\"452\" \/>\n\t<meta property=\"og:image:type\" content=\"image\/png\" \/>\n<meta name=\"twitter:card\" content=\"summary_large_image\" \/>\n<meta name=\"twitter:label1\" content=\"Gesch\u00e4tzte Lesezeit\" \/>\n\t<meta name=\"twitter:data1\" content=\"5\u00a0Minuten\" \/>\n<script type=\"application\/ld+json\" class=\"yoast-schema-graph\">{\"@context\":\"https:\/\/schema.org\",\"@graph\":[{\"@type\":\"WebPage\",\"@id\":\"https:\/\/rellmanfoods.com\/de\/beef-brands\/\",\"url\":\"https:\/\/rellmanfoods.com\/de\/beef-brands\/\",\"name\":\"Rindfleisch -\",\"isPartOf\":{\"@id\":\"https:\/\/rellmanfoods.com\/de\/#website\"},\"datePublished\":\"2022-11-16T14:34:24+00:00\",\"dateModified\":\"2024-11-15T12:08:49+00:00\",\"description\":\"Rindfleischmarken f\u00fcr Europa - Rellman Foods, anerkannter Rindfleischimporteur, bringt Ihnen die besten Marken aus der ganzen Welt - Garantierte Qualit\u00e4t\",\"breadcrumb\":{\"@id\":\"https:\/\/rellmanfoods.com\/de\/beef-brands\/#breadcrumb\"},\"inLanguage\":\"de\",\"potentialAction\":[{\"@type\":\"ReadAction\",\"target\":[\"https:\/\/rellmanfoods.com\/de\/beef-brands\/\"]}]},{\"@type\":\"BreadcrumbList\",\"@id\":\"https:\/\/rellmanfoods.com\/de\/beef-brands\/#breadcrumb\",\"itemListElement\":[{\"@type\":\"ListItem\",\"position\":1,\"name\":\"Portada\",\"item\":\"https:\/\/rellmanfoods.com\/de\/home\/\"},{\"@type\":\"ListItem\",\"position\":2,\"name\":\"Marken\"}]},{\"@type\":\"WebSite\",\"@id\":\"https:\/\/rellmanfoods.com\/de\/#website\",\"url\":\"https:\/\/rellmanfoods.com\/de\/\",\"name\":\"Rellman Foods\",\"description\":\"We select the best beef for you.\",\"publisher\":{\"@id\":\"https:\/\/rellmanfoods.com\/de\/#organization\"},\"potentialAction\":[{\"@type\":\"SearchAction\",\"target\":{\"@type\":\"EntryPoint\",\"urlTemplate\":\"https:\/\/rellmanfoods.com\/de\/?s={search_term_string}\"},\"query-input\":{\"@type\":\"PropertyValueSpecification\",\"valueRequired\":true,\"valueName\":\"search_term_string\"}}],\"inLanguage\":\"de\"},{\"@type\":\"Organization\",\"@id\":\"https:\/\/rellmanfoods.com\/de\/#organization\",\"name\":\"Rellman Foods\",\"url\":\"https:\/\/rellmanfoods.com\/de\/\",\"logo\":{\"@type\":\"ImageObject\",\"inLanguage\":\"de\",\"@id\":\"https:\/\/rellmanfoods.com\/de\/#\/schema\/logo\/image\/\",\"url\":\"https:\/\/i0.wp.com\/rellmanfoods.com\/wp-content\/uploads\/2022\/05\/rellman-foods-logo-full-color-vertical@2x.png?fit=1024%2C452&ssl=1\",\"contentUrl\":\"https:\/\/i0.wp.com\/rellmanfoods.com\/wp-content\/uploads\/2022\/05\/rellman-foods-logo-full-color-vertical@2x.png?fit=1024%2C452&ssl=1\",\"width\":1024,\"height\":452,\"caption\":\"Rellman Foods\"},\"image\":{\"@id\":\"https:\/\/rellmanfoods.com\/de\/#\/schema\/logo\/image\/\"},\"sameAs\":[\"https:\/\/www.facebook.com\/rellmanfoods\",\"https:\/\/www.instagram.com\/rellmanfoods\",\"https:\/\/www.linkedin.com\/company\/rellman-foods-sa\"]}]}<\/script>\n<!-- \/ Yoast SEO plugin. -->","yoast_head_json":{"title":"Rindfleisch  -","description":"Rindfleischmarken f\u00fcr Europa - Rellman Foods, anerkannter Rindfleischimporteur, bringt Ihnen die besten Marken aus der ganzen Welt - Garantierte Qualit\u00e4t","robots":{"index":"index","follow":"follow","max-snippet":"max-snippet:-1","max-image-preview":"max-image-preview:large","max-video-preview":"max-video-preview:-1"},"canonical":"https:\/\/rellmanfoods.com\/de\/beef-brands\/","og_locale":"de_DE","og_type":"article","og_title":"Rindfleisch  -","og_description":"Rindfleischmarken f\u00fcr Europa - Rellman Foods, anerkannter Rindfleischimporteur, bringt Ihnen die besten Marken aus der ganzen Welt - Garantierte Qualit\u00e4t","og_url":"https:\/\/rellmanfoods.com\/de\/beef-brands\/","og_site_name":"Rellman Foods","article_publisher":"https:\/\/www.facebook.com\/rellmanfoods","article_modified_time":"2024-11-15T12:08:49+00:00","og_image":[{"width":1024,"height":452,"url":"https:\/\/rellmanfoods.com\/wp-content\/uploads\/2022\/05\/rellman-foods-logo-full-color-vertical@2x.png","type":"image\/png"}],"twitter_card":"summary_large_image","twitter_misc":{"Gesch\u00e4tzte Lesezeit":"5\u00a0Minuten"},"schema":{"@context":"https:\/\/schema.org","@graph":[{"@type":"WebPage","@id":"https:\/\/rellmanfoods.com\/de\/beef-brands\/","url":"https:\/\/rellmanfoods.com\/de\/beef-brands\/","name":"Rindfleisch -","isPartOf":{"@id":"https:\/\/rellmanfoods.com\/de\/#website"},"datePublished":"2022-11-16T14:34:24+00:00","dateModified":"2024-11-15T12:08:49+00:00","description":"Rindfleischmarken f\u00fcr Europa - Rellman Foods, anerkannter Rindfleischimporteur, bringt Ihnen die besten Marken aus der ganzen Welt - Garantierte Qualit\u00e4t","breadcrumb":{"@id":"https:\/\/rellmanfoods.com\/de\/beef-brands\/#breadcrumb"},"inLanguage":"de","potentialAction":[{"@type":"ReadAction","target":["https:\/\/rellmanfoods.com\/de\/beef-brands\/"]}]},{"@type":"BreadcrumbList","@id":"https:\/\/rellmanfoods.com\/de\/beef-brands\/#breadcrumb","itemListElement":[{"@type":"ListItem","position":1,"name":"Portada","item":"https:\/\/rellmanfoods.com\/de\/home\/"},{"@type":"ListItem","position":2,"name":"Marken"}]},{"@type":"WebSite","@id":"https:\/\/rellmanfoods.com\/de\/#website","url":"https:\/\/rellmanfoods.com\/de\/","name":"Rellman Foods","description":"We select the best beef for you.","publisher":{"@id":"https:\/\/rellmanfoods.com\/de\/#organization"},"potentialAction":[{"@type":"SearchAction","target":{"@type":"EntryPoint","urlTemplate":"https:\/\/rellmanfoods.com\/de\/?s={search_term_string}"},"query-input":{"@type":"PropertyValueSpecification","valueRequired":true,"valueName":"search_term_string"}}],"inLanguage":"de"},{"@type":"Organization","@id":"https:\/\/rellmanfoods.com\/de\/#organization","name":"Rellman Foods","url":"https:\/\/rellmanfoods.com\/de\/","logo":{"@type":"ImageObject","inLanguage":"de","@id":"https:\/\/rellmanfoods.com\/de\/#\/schema\/logo\/image\/","url":"https:\/\/i0.wp.com\/rellmanfoods.com\/wp-content\/uploads\/2022\/05\/rellman-foods-logo-full-color-vertical@2x.png?fit=1024%2C452&ssl=1","contentUrl":"https:\/\/i0.wp.com\/rellmanfoods.com\/wp-content\/uploads\/2022\/05\/rellman-foods-logo-full-color-vertical@2x.png?fit=1024%2C452&ssl=1","width":1024,"height":452,"caption":"Rellman Foods"},"image":{"@id":"https:\/\/rellmanfoods.com\/de\/#\/schema\/logo\/image\/"},"sameAs":["https:\/\/www.facebook.com\/rellmanfoods","https:\/\/www.instagram.com\/rellmanfoods","https:\/\/www.linkedin.com\/company\/rellman-foods-sa"]}]}},"_links":{"self":[{"href":"https:\/\/rellmanfoods.com\/de\/wp-json\/wp\/v2\/pages\/14871","targetHints":{"allow":["GET"]}}],"collection":[{"href":"https:\/\/rellmanfoods.com\/de\/wp-json\/wp\/v2\/pages"}],"about":[{"href":"https:\/\/rellmanfoods.com\/de\/wp-json\/wp\/v2\/types\/page"}],"author":[{"embeddable":true,"href":"https:\/\/rellmanfoods.com\/de\/wp-json\/wp\/v2\/users\/1"}],"replies":[{"embeddable":true,"href":"https:\/\/rellmanfoods.com\/de\/wp-json\/wp\/v2\/comments?post=14871"}],"version-history":[{"count":24,"href":"https:\/\/rellmanfoods.com\/de\/wp-json\/wp\/v2\/pages\/14871\/revisions"}],"predecessor-version":[{"id":17449,"href":"https:\/\/rellmanfoods.com\/de\/wp-json\/wp\/v2\/pages\/14871\/revisions\/17449"}],"wp:attachment":[{"href":"https:\/\/rellmanfoods.com\/de\/wp-json\/wp\/v2\/media?parent=14871"}],"curies":[{"name":"wp","href":"https:\/\/api.w.org\/{rel}","templated":true}]}}